{"id":71761,"date":"2025-11-07T10:22:56","date_gmt":"2025-11-07T14:22:56","guid":{"rendered":"https:\/\/www.ine.gob.bo\/?page_id=71761"},"modified":"2025-11-07T10:35:40","modified_gmt":"2025-11-07T14:35:40","slug":"degurba","status":"publish","type":"page","link":"https:\/\/www.ine.gob.bo\/index.php\/degurba\/","title":{"rendered":"DEGURBA &#8211; Grado de Urbanizaci\u00f3n"},"content":{"rendered":"<p>[vc_row][vc_column][vc_column_text]<\/p>\n<p class=\"justify-text\"><strong>Descripci\u00f3n del documento:<\/strong>\u00a0La metodolog\u00eda DEGURBA (Degree of Urbanisation \/ Grado de Urbanizaci\u00f3n) es un est\u00e1ndar internacional que clasifica todo el territorio en categor\u00edas de urbanizaci\u00f3n utilizando la densidad de poblaci\u00f3n como criterio principal, aplicado sobre una grilla geo-estad\u00edstica uniforme (celdas de 1 km2). El Nivel L1 es la clasificaci\u00f3n fundamental de DEGURBA, dividiendo las \u00e1reas en tres categor\u00edas principales seg\u00fan el cumplimiento umbrales: Periurbano, Urbano y Rural. Bolivia fue elegida como pa\u00eds piloto para validar esta metodolog\u00eda. El Instituto Nacional de Estad\u00edstica (INE) lider\u00f3 esta iniciativa, organizando un taller de capacitaci\u00f3n del 17 al\u00a0<span id=\"OBJ_PREFIX_DWT45_com_zimbra_date\" class=\"Object\" role=\"link\">21 de marzo<\/span>\u00a0de 2025. Aclarar que los resultados presentados, si bien provienen de la aplicaci\u00f3n de la metodolog\u00eda DEGURBA sobre los datos del Censo Nacional de Poblaci\u00f3n y Vivienda 2012 (CNPV 2012) y Censo de Poblaci\u00f3n y Vivienda (CPV-2024), no constituyen ni tienen validez oficial y su finalidad es exclusivamente estad\u00edstica y anal\u00edtica.<\/p>\n<p>[\/vc_column_text][vc_btn title=&#8221;<b>METODOLOG\u00cdA<\/b>&#8221; style=&#8221;flat&#8221; color=&#8221;danger&#8221; i_icon_fontawesome=&#8221;fa fa-cloud-download&#8221; add_icon=&#8221;true&#8221; link=&#8221;url:https%3A%2F%2Fnube.ine.gob.bo%2Findex.php%2Fs%2FgvNRrH4uoMtetgZ%2Fdownload||target:%20_blank|&#8221;][vc_column_text]<\/p>\n<p class=\"justify-text\"><strong>Descripci\u00f3n de la presentaci\u00f3n:<\/strong>\u00a0Este documento del Instituto Nacional de Estad\u00edstica (INE) de Bolivia es la presentaci\u00f3n de la aplicaci\u00f3n de la Metodolog\u00eda DEGURBA (Grado de Urbanizaci\u00f3n), un est\u00e1ndar internacional impulsado por Eurostat y Naciones Unidas, para clasificar el territorio boliviano en un continuo urbano-rural.\u00a0\u00a0Aclarar que los resultados presentados, si bien provienen de la aplicaci\u00f3n de la metodolog\u00eda DEGURBA sobre los datos del Censo Nacional de Poblaci\u00f3n y Vivienda 2012 (CNPV 2012) y Censo de Poblaci\u00f3n y Vivienda (CPV-2024), no constituyen ni tienen validez oficial y su finalidad es exclusivamente estad\u00edstica y anal\u00edtica.<\/p>\n<p>[\/vc_column_text][vc_btn title=&#8221;<b>PRESENTACI\u00d3N<\/b>&#8221; style=&#8221;flat&#8221; color=&#8221;danger&#8221; i_icon_fontawesome=&#8221;fa fa-cloud-download&#8221; add_icon=&#8221;true&#8221; link=&#8221;url:https%3A%2F%2Fnube.ine.gob.bo%2Findex.php%2Fs%2F4kn7gp820EJsjEe%2Fdownload||target:%20_blank|&#8221;][\/vc_column][\/vc_row]<\/p>\n","protected":false},"excerpt":{"rendered":"<p>[vc_row][vc_column][vc_column_text] Descripci\u00f3n del documento:\u00a0La metodolog\u00eda DEGURBA (Degree of Urbanisation \/ Grado de Urbanizaci\u00f3n) es un est\u00e1ndar internacional que clasifica todo el territorio en categor\u00edas de urbanizaci\u00f3n utilizando la densidad de poblaci\u00f3n como criterio principal, aplicado sobre una grilla geo-estad\u00edstica uniforme (celdas de 1 km2). El Nivel L1 es la clasificaci\u00f3n fundamental de DEGURBA, dividiendo las&hellip;<\/p>\n","protected":false},"author":3,"featured_media":0,"parent":0,"menu_order":0,"comment_status":"closed","ping_status":"closed","template":"","meta":[],"class_list":["post-71761","page","type-page","status-publish","hentry","description-off"],"yoast_head":"<!-- This site is optimized with the Yoast SEO plugin v23.2 - https:\/\/yoast.com\/wordpress\/plugins\/seo\/ -->\n<title>DEGURBA - Grado de Urbanizaci\u00f3n - INE<\/title>\n<meta name=\"description\" content=\"P\u00e1gina oficial del Instituto Nacional de Estadisticas INE, informaci\u00f3n estad\u00edstica, geogr\u00e1fica y econ\u00f3mica a nivel nacional.\" \/>\n<meta name=\"robots\" content=\"index, follow, max-snippet:-1, max-image-preview:large, max-video-preview:-1\" \/>\n<link rel=\"canonical\" href=\"https:\/\/www.ine.gob.bo\/index.php\/degurba\/\" \/>\n<meta property=\"og:locale\" content=\"es_ES\" \/>\n<meta property=\"og:type\" content=\"article\" \/>\n<meta property=\"og:title\" content=\"DEGURBA - Grado de Urbanizaci\u00f3n - INE\" \/>\n<meta property=\"og:description\" content=\"P\u00e1gina oficial del Instituto Nacional de Estadisticas INE, informaci\u00f3n estad\u00edstica, geogr\u00e1fica y econ\u00f3mica a nivel nacional.\" \/>\n<meta property=\"og:url\" content=\"https:\/\/www.ine.gob.bo\/index.php\/degurba\/\" \/>\n<meta property=\"og:site_name\" content=\"INE\" \/>\n<meta property=\"article:publisher\" content=\"https:\/\/www.facebook.com\/ineboliviaoficial\" \/>\n<meta property=\"article:modified_time\" content=\"2025-11-07T14:35:40+00:00\" \/>\n<meta name=\"twitter:card\" content=\"summary_large_image\" \/>\n<meta name=\"twitter:site\" content=\"@INE_Bolivia\" \/>\n<meta name=\"twitter:label1\" content=\"Tiempo de lectura\" \/>\n\t<meta name=\"twitter:data1\" content=\"2 minutos\" \/>\n<script type=\"application\/ld+json\" class=\"yoast-schema-graph\">{\"@context\":\"https:\/\/schema.org\",\"@graph\":[{\"@type\":\"WebPage\",\"@id\":\"https:\/\/www.ine.gob.bo\/index.php\/degurba\/\",\"url\":\"https:\/\/www.ine.gob.bo\/index.php\/degurba\/\",\"name\":\"DEGURBA - Grado de Urbanizaci\u00f3n - INE\",\"isPartOf\":{\"@id\":\"https:\/\/www.ine.gob.bo\/#website\"},\"datePublished\":\"2025-11-07T14:22:56+00:00\",\"dateModified\":\"2025-11-07T14:35:40+00:00\",\"description\":\"P\u00e1gina oficial del Instituto Nacional de Estadisticas INE, informaci\u00f3n estad\u00edstica, geogr\u00e1fica y econ\u00f3mica a nivel nacional.\",\"breadcrumb\":{\"@id\":\"https:\/\/www.ine.gob.bo\/index.php\/degurba\/#breadcrumb\"},\"inLanguage\":\"es\",\"potentialAction\":[{\"@type\":\"ReadAction\",\"target\":[\"https:\/\/www.ine.gob.bo\/index.php\/degurba\/\"]}]},{\"@type\":\"BreadcrumbList\",\"@id\":\"https:\/\/www.ine.gob.bo\/index.php\/degurba\/#breadcrumb\",\"itemListElement\":[{\"@type\":\"ListItem\",\"position\":1,\"name\":\"Portada\",\"item\":\"https:\/\/www.ine.gob.bo\/\"},{\"@type\":\"ListItem\",\"position\":2,\"name\":\"DEGURBA &#8211; Grado de Urbanizaci\u00f3n\"}]},{\"@type\":\"WebSite\",\"@id\":\"https:\/\/www.ine.gob.bo\/#website\",\"url\":\"https:\/\/www.ine.gob.bo\/\",\"name\":\"INE\",\"description\":\"Instituto Nacional de Estad\u00edstica\",\"publisher\":{\"@id\":\"https:\/\/www.ine.gob.bo\/#organization\"},\"potentialAction\":[{\"@type\":\"SearchAction\",\"target\":{\"@type\":\"EntryPoint\",\"urlTemplate\":\"https:\/\/www.ine.gob.bo\/?s={search_term_string}\"},\"query-input\":\"required name=search_term_string\"}],\"inLanguage\":\"es\"},{\"@type\":\"Organization\",\"@id\":\"https:\/\/www.ine.gob.bo\/#organization\",\"name\":\"Instituto Nacional de Estad\u00edstica\",\"url\":\"https:\/\/www.ine.gob.bo\/\",\"logo\":{\"@type\":\"ImageObject\",\"inLanguage\":\"es\",\"@id\":\"https:\/\/www.ine.gob.bo\/#\/schema\/logo\/image\/\",\"url\":\"https:\/\/www.ine.gob.bo\/wp-content\/uploads\/2026\/02\/logo-ine.jpg\",\"contentUrl\":\"https:\/\/www.ine.gob.bo\/wp-content\/uploads\/2026\/02\/logo-ine.jpg\",\"width\":799,\"height\":453,\"caption\":\"Instituto Nacional de Estad\u00edstica\"},\"image\":{\"@id\":\"https:\/\/www.ine.gob.bo\/#\/schema\/logo\/image\/\"},\"sameAs\":[\"https:\/\/www.facebook.com\/ineboliviaoficial\",\"https:\/\/x.com\/INE_Bolivia\",\"https:\/\/www.instagram.com\/ineboliviaoficial\/\",\"https:\/\/www.youtube.com\/channel\/UCbIQXKLw414g5kWo1tAwqCg\"]}]}<\/script>\n<!-- \/ Yoast SEO plugin. -->","yoast_head_json":{"title":"DEGURBA - Grado de Urbanizaci\u00f3n - INE","description":"P\u00e1gina oficial del Instituto Nacional de Estadisticas INE, informaci\u00f3n estad\u00edstica, geogr\u00e1fica y econ\u00f3mica a nivel nacional.","robots":{"index":"index","follow":"follow","max-snippet":"max-snippet:-1","max-image-preview":"max-image-preview:large","max-video-preview":"max-video-preview:-1"},"canonical":"https:\/\/www.ine.gob.bo\/index.php\/degurba\/","og_locale":"es_ES","og_type":"article","og_title":"DEGURBA - Grado de Urbanizaci\u00f3n - INE","og_description":"P\u00e1gina oficial del Instituto Nacional de Estadisticas INE, informaci\u00f3n estad\u00edstica, geogr\u00e1fica y econ\u00f3mica a nivel nacional.","og_url":"https:\/\/www.ine.gob.bo\/index.php\/degurba\/","og_site_name":"INE","article_publisher":"https:\/\/www.facebook.com\/ineboliviaoficial","article_modified_time":"2025-11-07T14:35:40+00:00","twitter_card":"summary_large_image","twitter_site":"@INE_Bolivia","twitter_misc":{"Tiempo de lectura":"2 minutos"},"schema":{"@context":"https:\/\/schema.org","@graph":[{"@type":"WebPage","@id":"https:\/\/www.ine.gob.bo\/index.php\/degurba\/","url":"https:\/\/www.ine.gob.bo\/index.php\/degurba\/","name":"DEGURBA - Grado de Urbanizaci\u00f3n - INE","isPartOf":{"@id":"https:\/\/www.ine.gob.bo\/#website"},"datePublished":"2025-11-07T14:22:56+00:00","dateModified":"2025-11-07T14:35:40+00:00","description":"P\u00e1gina oficial del Instituto Nacional de Estadisticas INE, informaci\u00f3n estad\u00edstica, geogr\u00e1fica y econ\u00f3mica a nivel nacional.","breadcrumb":{"@id":"https:\/\/www.ine.gob.bo\/index.php\/degurba\/#breadcrumb"},"inLanguage":"es","potentialAction":[{"@type":"ReadAction","target":["https:\/\/www.ine.gob.bo\/index.php\/degurba\/"]}]},{"@type":"BreadcrumbList","@id":"https:\/\/www.ine.gob.bo\/index.php\/degurba\/#breadcrumb","itemListElement":[{"@type":"ListItem","position":1,"name":"Portada","item":"https:\/\/www.ine.gob.bo\/"},{"@type":"ListItem","position":2,"name":"DEGURBA &#8211; Grado de Urbanizaci\u00f3n"}]},{"@type":"WebSite","@id":"https:\/\/www.ine.gob.bo\/#website","url":"https:\/\/www.ine.gob.bo\/","name":"INE","description":"Instituto Nacional de Estad\u00edstica","publisher":{"@id":"https:\/\/www.ine.gob.bo\/#organization"},"potentialAction":[{"@type":"SearchAction","target":{"@type":"EntryPoint","urlTemplate":"https:\/\/www.ine.gob.bo\/?s={search_term_string}"},"query-input":"required name=search_term_string"}],"inLanguage":"es"},{"@type":"Organization","@id":"https:\/\/www.ine.gob.bo\/#organization","name":"Instituto Nacional de Estad\u00edstica","url":"https:\/\/www.ine.gob.bo\/","logo":{"@type":"ImageObject","inLanguage":"es","@id":"https:\/\/www.ine.gob.bo\/#\/schema\/logo\/image\/","url":"https:\/\/www.ine.gob.bo\/wp-content\/uploads\/2026\/02\/logo-ine.jpg","contentUrl":"https:\/\/www.ine.gob.bo\/wp-content\/uploads\/2026\/02\/logo-ine.jpg","width":799,"height":453,"caption":"Instituto Nacional de Estad\u00edstica"},"image":{"@id":"https:\/\/www.ine.gob.bo\/#\/schema\/logo\/image\/"},"sameAs":["https:\/\/www.facebook.com\/ineboliviaoficial","https:\/\/x.com\/INE_Bolivia","https:\/\/www.instagram.com\/ineboliviaoficial\/","https:\/\/www.youtube.com\/channel\/UCbIQXKLw414g5kWo1tAwqCg"]}]}},"rttpg_featured_image_url":null,"rttpg_author":{"display_name":"Roberto Pablo Intimayta Llanque","author_link":"https:\/\/www.ine.gob.bo\/index.php\/author\/rintimayta\/"},"rttpg_comment":0,"rttpg_category":null,"rttpg_excerpt":"[vc_row][vc_column][vc_column_text] Descripci\u00f3n del documento:\u00a0La metodolog\u00eda DEGURBA (Degree of Urbanisation \/ Grado de Urbanizaci\u00f3n) es un est\u00e1ndar internacional que clasifica todo el territorio en categor\u00edas de urbanizaci\u00f3n utilizando la densidad de poblaci\u00f3n como criterio principal, aplicado sobre una grilla geo-estad\u00edstica uniforme (celdas de 1 km2). El Nivel L1 es la clasificaci\u00f3n fundamental de DEGURBA, dividiendo las&hellip;","_links":{"self":[{"href":"https:\/\/www.ine.gob.bo\/index.php\/wp-json\/wp\/v2\/pages\/71761","targetHints":{"allow":["GET"]}}],"collection":[{"href":"https:\/\/www.ine.gob.bo\/index.php\/wp-json\/wp\/v2\/pages"}],"about":[{"href":"https:\/\/www.ine.gob.bo\/index.php\/wp-json\/wp\/v2\/types\/page"}],"author":[{"embeddable":true,"href":"https:\/\/www.ine.gob.bo\/index.php\/wp-json\/wp\/v2\/users\/3"}],"replies":[{"embeddable":true,"href":"https:\/\/www.ine.gob.bo\/index.php\/wp-json\/wp\/v2\/comments?post=71761"}],"version-history":[{"count":0,"href":"https:\/\/www.ine.gob.bo\/index.php\/wp-json\/wp\/v2\/pages\/71761\/revisions"}],"wp:attachment":[{"href":"https:\/\/www.ine.gob.bo\/index.php\/wp-json\/wp\/v2\/media?parent=71761"}],"curies":[{"name":"wp","href":"https:\/\/api.w.org\/{rel}","templated":true}]}}