{"id":71328,"date":"2025-10-14T08:11:33","date_gmt":"2025-10-14T12:11:33","guid":{"rendered":"https:\/\/www.ine.gob.bo\/?page_id=71328"},"modified":"2025-10-14T10:26:36","modified_gmt":"2025-10-14T14:26:36","slug":"hidrocarburos-cabie","status":"publish","type":"page","link":"https:\/\/www.ine.gob.bo\/index.php\/estadisticas-economicas\/hidrocarburos-mineria\/hidrocarburos-cabie\/","title":{"rendered":"Hidrocarburos"},"content":{"rendered":"<p>[vc_row][vc_column][vc_empty_space height=&#8221;12px&#8221;][vc_column_text]<\/p>\n<h4 style=\"text-align: center;\"><strong>CAMBIO DE A\u00d1O BASE DE INDICADORES EC\u00d3NOMICOS<\/strong><\/h4>\n<p>[\/vc_column_text][vc_column_text]<script src=\"https:\/\/cdnjs.cloudflare.com\/ajax\/libs\/xlsx\/0.18.5\/xlsx.full.min.js\"><\/script>\r\n<meta http-equiv=\"content-type\" content=\"text\/html; charset=utf-8\">\r\n<style>\r\n  @import url(\"https:\/\/fonts.googleapis.com\/css2?family=Roboto+Condensed:wght@300&display=swap\");\r\n\r\nbody {\r\n  font-family: 'Roboto Condensed', sans-serif;\r\n}\r\n#amchart1 {\r\n  width: 100%;\r\n  height: 520px;\r\n}\r\nselect {\r\n  font-size: 10px;\r\n}\r\n<\/style>\r\n\r\n  <h3 style=\"font-size: 17px; margin: 0;text-align: center;\">\r\n      HIDROCARBUROS\r\n    <\/h3>\r\n\r\n\r\n<div id=\"opciones\" style=\"text-align: center;\">\r\n  <label><input type=\"radio\" name=\"tipo\" value=\"Indice\" checked> \u00cdndice<\/label>\r\n  <label><input type=\"radio\" name=\"tipo\" value=\"Variacion12\"> Variaci\u00f3n a 12 meses<\/label>\r\n  <label><input type=\"radio\" name=\"tipo\" value=\"VariacionMensual\"> Variaci\u00f3n mensual<\/label>\r\n<\/div>\r\n\r\n\r\n\r\n<div id=\"amchart1\"><\/div>[\/vc_column_text][vc_column_text]Las estad\u00edsticas e indicadores del sector de hidrocarburos miden la evoluci\u00f3n mensual del volumen de producci\u00f3n de hidrocarburos, producci\u00f3n de refinados y otros combustibles y la comercializaci\u00f3n de derivados, que refleja el comportamiento del sector a corto plazo.<\/p>\n<p><b>Cambio de A\u00f1o Base<\/b><\/p>\n<p>El cambio de a\u00f1o base es un proceso estad\u00edstico que consiste en actualizar el per\u00edodo de referencia utilizado para el c\u00e1lculo de indicadores y estad\u00edsticas, con el fin de reflejar de manera m\u00e1s precisa la estructura y din\u00e1mica actual de la econom\u00eda y la sociedad. La adopci\u00f3n de una base m\u00f3vil permite mantener esta actualizaci\u00f3n de forma continua, incorporando informaci\u00f3n reciente y metodolog\u00edas armonizadas con est\u00e1ndares internacionales.<\/p>\n<p><b>Beneficios de la base m\u00f3vil<\/b><\/p>\n<ul>\n<li>\u00a0Permite ajustar la estructura de referencia de los indicadores con base en la informaci\u00f3n m\u00e1s reciente disponible.<\/li>\n<li>\u00a0Refleja con mayor fidelidad la din\u00e1mica actual del sector y de la econom\u00eda en general.<\/li>\n<\/ul>\n<p><b>Mejoras m\u00e1s relevantes en el c\u00e1lculo del \u00edndice del sector de hidrocarburos<\/b><\/p>\n<ul>\n<li>\u00a0<b>Inclusi\u00f3n de fuente de datos y productos : <\/b>Para el caso de producci\u00f3n del GLP, incluye los vol\u00famenes provenientes de las plantas refinadoras, plantas de separaci\u00f3n de l\u00edquidos y las plantas de tratamiento\/extracci\u00f3n de gas. Asimismo, dentro de la producci\u00f3n de gasolina automotriz, se incorpor\u00f3 la gasolina blanca, que contribuyen al \u00edndice de volumen de producci\u00f3n de refinados de petr\u00f3leo y otros combustibles.<\/li>\n<\/ul>\n<p>En la comercializaci\u00f3n de derivados al mercado interno, incluyen los vol\u00famenes de importaci\u00f3n de combustibles por parte de empresas privadas; adem\u00e1s dentro del di\u00e9sel o\u00edl incluye el volumen de gasoil, los cuales aportan al \u00edndice de volumen comercializado de derivados al mercado interno.<\/p>\n<ul>\n<li>\u00a0<b>Ampliaci\u00f3n de cobertura: <\/b>Se ampli\u00f3 la cobertura en la producci\u00f3n de hidrocarburos, considerando los vol\u00famenes de producci\u00f3n bruta de gas natural y l\u00edquidos, por otro lado, se ampli\u00f3 la cobertura de otros productos dentro de la producci\u00f3n de refinados de petr\u00f3leo y otros combustibles.<\/li>\n<\/ul>\n<p>[\/vc_column_text][\/vc_column][\/vc_row]<\/p>\n","protected":false},"excerpt":{"rendered":"<p>[vc_row][vc_column][vc_empty_space height=&#8221;12px&#8221;][vc_column_text] CAMBIO DE A\u00d1O BASE DE INDICADORES EC\u00d3NOMICOS [\/vc_column_text][vc_column_text][\/vc_column_text][vc_column_text]Las estad\u00edsticas e indicadores del sector de hidrocarburos miden la evoluci\u00f3n mensual del volumen de producci\u00f3n de hidrocarburos, producci\u00f3n de refinados y otros combustibles y la comercializaci\u00f3n de derivados, que refleja el comportamiento del sector a corto plazo. Cambio de A\u00f1o Base El cambio de a\u00f1o&hellip;<\/p>\n","protected":false},"author":3,"featured_media":0,"parent":37295,"menu_order":0,"comment_status":"closed","ping_status":"closed","template":"","meta":[],"class_list":["post-71328","page","type-page","status-publish","hentry","description-off"],"yoast_head":"<!-- This site is optimized with the Yoast SEO plugin v23.2 - https:\/\/yoast.com\/wordpress\/plugins\/seo\/ -->\n<title>Hidrocarburos - INE<\/title>\n<meta name=\"description\" content=\"P\u00e1gina oficial del Instituto Nacional de Estadisticas INE, informaci\u00f3n estad\u00edstica, geogr\u00e1fica y econ\u00f3mica a nivel nacional.\" \/>\n<meta name=\"robots\" content=\"index, follow, max-snippet:-1, max-image-preview:large, max-video-preview:-1\" \/>\n<link rel=\"canonical\" href=\"https:\/\/www.ine.gob.bo\/index.php\/estadisticas-economicas\/hidrocarburos-mineria\/hidrocarburos-cabie\/\" \/>\n<meta property=\"og:locale\" content=\"es_ES\" \/>\n<meta property=\"og:type\" content=\"article\" \/>\n<meta property=\"og:title\" content=\"Hidrocarburos - INE\" \/>\n<meta property=\"og:description\" content=\"P\u00e1gina oficial del Instituto Nacional de Estadisticas INE, informaci\u00f3n estad\u00edstica, geogr\u00e1fica y econ\u00f3mica a nivel nacional.\" \/>\n<meta property=\"og:url\" content=\"https:\/\/www.ine.gob.bo\/index.php\/estadisticas-economicas\/hidrocarburos-mineria\/hidrocarburos-cabie\/\" \/>\n<meta property=\"og:site_name\" content=\"INE\" \/>\n<meta property=\"article:publisher\" content=\"https:\/\/www.facebook.com\/ineboliviaoficial\" \/>\n<meta property=\"article:modified_time\" content=\"2025-10-14T14:26:36+00:00\" \/>\n<meta name=\"twitter:card\" content=\"summary_large_image\" \/>\n<meta name=\"twitter:site\" content=\"@INE_Bolivia\" \/>\n<meta name=\"twitter:label1\" content=\"Tiempo de lectura\" \/>\n\t<meta name=\"twitter:data1\" content=\"2 minutos\" \/>\n<script type=\"application\/ld+json\" class=\"yoast-schema-graph\">{\"@context\":\"https:\/\/schema.org\",\"@graph\":[{\"@type\":\"WebPage\",\"@id\":\"https:\/\/www.ine.gob.bo\/index.php\/estadisticas-economicas\/hidrocarburos-mineria\/hidrocarburos-cabie\/\",\"url\":\"https:\/\/www.ine.gob.bo\/index.php\/estadisticas-economicas\/hidrocarburos-mineria\/hidrocarburos-cabie\/\",\"name\":\"Hidrocarburos - INE\",\"isPartOf\":{\"@id\":\"https:\/\/www.ine.gob.bo\/#website\"},\"datePublished\":\"2025-10-14T12:11:33+00:00\",\"dateModified\":\"2025-10-14T14:26:36+00:00\",\"description\":\"P\u00e1gina oficial del Instituto Nacional de Estadisticas INE, informaci\u00f3n estad\u00edstica, geogr\u00e1fica y econ\u00f3mica a nivel nacional.\",\"breadcrumb\":{\"@id\":\"https:\/\/www.ine.gob.bo\/index.php\/estadisticas-economicas\/hidrocarburos-mineria\/hidrocarburos-cabie\/#breadcrumb\"},\"inLanguage\":\"es\",\"potentialAction\":[{\"@type\":\"ReadAction\",\"target\":[\"https:\/\/www.ine.gob.bo\/index.php\/estadisticas-economicas\/hidrocarburos-mineria\/hidrocarburos-cabie\/\"]}]},{\"@type\":\"BreadcrumbList\",\"@id\":\"https:\/\/www.ine.gob.bo\/index.php\/estadisticas-economicas\/hidrocarburos-mineria\/hidrocarburos-cabie\/#breadcrumb\",\"itemListElement\":[{\"@type\":\"ListItem\",\"position\":1,\"name\":\"Portada\",\"item\":\"https:\/\/www.ine.gob.bo\/\"},{\"@type\":\"ListItem\",\"position\":2,\"name\":\"Estad\u00edsticas econ\u00f3micas\",\"item\":\"https:\/\/www.ine.gob.bo\/index.php\/estadisticas-economicas\/\"},{\"@type\":\"ListItem\",\"position\":3,\"name\":\"Hidrocarburos \/ Miner\u00eda\",\"item\":\"https:\/\/www.ine.gob.bo\/index.php\/estadisticas-economicas\/hidrocarburos-mineria\/\"},{\"@type\":\"ListItem\",\"position\":4,\"name\":\"Hidrocarburos\"}]},{\"@type\":\"WebSite\",\"@id\":\"https:\/\/www.ine.gob.bo\/#website\",\"url\":\"https:\/\/www.ine.gob.bo\/\",\"name\":\"INE\",\"description\":\"Instituto Nacional de Estad\u00edstica\",\"publisher\":{\"@id\":\"https:\/\/www.ine.gob.bo\/#organization\"},\"potentialAction\":[{\"@type\":\"SearchAction\",\"target\":{\"@type\":\"EntryPoint\",\"urlTemplate\":\"https:\/\/www.ine.gob.bo\/?s={search_term_string}\"},\"query-input\":\"required name=search_term_string\"}],\"inLanguage\":\"es\"},{\"@type\":\"Organization\",\"@id\":\"https:\/\/www.ine.gob.bo\/#organization\",\"name\":\"Instituto Nacional de Estad\u00edstica\",\"url\":\"https:\/\/www.ine.gob.bo\/\",\"logo\":{\"@type\":\"ImageObject\",\"inLanguage\":\"es\",\"@id\":\"https:\/\/www.ine.gob.bo\/#\/schema\/logo\/image\/\",\"url\":\"https:\/\/www.ine.gob.bo\/wp-content\/uploads\/2026\/02\/logo-ine.jpg\",\"contentUrl\":\"https:\/\/www.ine.gob.bo\/wp-content\/uploads\/2026\/02\/logo-ine.jpg\",\"width\":799,\"height\":453,\"caption\":\"Instituto Nacional de Estad\u00edstica\"},\"image\":{\"@id\":\"https:\/\/www.ine.gob.bo\/#\/schema\/logo\/image\/\"},\"sameAs\":[\"https:\/\/www.facebook.com\/ineboliviaoficial\",\"https:\/\/x.com\/INE_Bolivia\",\"https:\/\/www.instagram.com\/ineboliviaoficial\/\",\"https:\/\/www.youtube.com\/channel\/UCbIQXKLw414g5kWo1tAwqCg\"]}]}<\/script>\n<!-- \/ Yoast SEO plugin. -->","yoast_head_json":{"title":"Hidrocarburos - INE","description":"P\u00e1gina oficial del Instituto Nacional de Estadisticas INE, informaci\u00f3n estad\u00edstica, geogr\u00e1fica y econ\u00f3mica a nivel nacional.","robots":{"index":"index","follow":"follow","max-snippet":"max-snippet:-1","max-image-preview":"max-image-preview:large","max-video-preview":"max-video-preview:-1"},"canonical":"https:\/\/www.ine.gob.bo\/index.php\/estadisticas-economicas\/hidrocarburos-mineria\/hidrocarburos-cabie\/","og_locale":"es_ES","og_type":"article","og_title":"Hidrocarburos - INE","og_description":"P\u00e1gina oficial del Instituto Nacional de Estadisticas INE, informaci\u00f3n estad\u00edstica, geogr\u00e1fica y econ\u00f3mica a nivel nacional.","og_url":"https:\/\/www.ine.gob.bo\/index.php\/estadisticas-economicas\/hidrocarburos-mineria\/hidrocarburos-cabie\/","og_site_name":"INE","article_publisher":"https:\/\/www.facebook.com\/ineboliviaoficial","article_modified_time":"2025-10-14T14:26:36+00:00","twitter_card":"summary_large_image","twitter_site":"@INE_Bolivia","twitter_misc":{"Tiempo de lectura":"2 minutos"},"schema":{"@context":"https:\/\/schema.org","@graph":[{"@type":"WebPage","@id":"https:\/\/www.ine.gob.bo\/index.php\/estadisticas-economicas\/hidrocarburos-mineria\/hidrocarburos-cabie\/","url":"https:\/\/www.ine.gob.bo\/index.php\/estadisticas-economicas\/hidrocarburos-mineria\/hidrocarburos-cabie\/","name":"Hidrocarburos - INE","isPartOf":{"@id":"https:\/\/www.ine.gob.bo\/#website"},"datePublished":"2025-10-14T12:11:33+00:00","dateModified":"2025-10-14T14:26:36+00:00","description":"P\u00e1gina oficial del Instituto Nacional de Estadisticas INE, informaci\u00f3n estad\u00edstica, geogr\u00e1fica y econ\u00f3mica a nivel nacional.","breadcrumb":{"@id":"https:\/\/www.ine.gob.bo\/index.php\/estadisticas-economicas\/hidrocarburos-mineria\/hidrocarburos-cabie\/#breadcrumb"},"inLanguage":"es","potentialAction":[{"@type":"ReadAction","target":["https:\/\/www.ine.gob.bo\/index.php\/estadisticas-economicas\/hidrocarburos-mineria\/hidrocarburos-cabie\/"]}]},{"@type":"BreadcrumbList","@id":"https:\/\/www.ine.gob.bo\/index.php\/estadisticas-economicas\/hidrocarburos-mineria\/hidrocarburos-cabie\/#breadcrumb","itemListElement":[{"@type":"ListItem","position":1,"name":"Portada","item":"https:\/\/www.ine.gob.bo\/"},{"@type":"ListItem","position":2,"name":"Estad\u00edsticas econ\u00f3micas","item":"https:\/\/www.ine.gob.bo\/index.php\/estadisticas-economicas\/"},{"@type":"ListItem","position":3,"name":"Hidrocarburos \/ Miner\u00eda","item":"https:\/\/www.ine.gob.bo\/index.php\/estadisticas-economicas\/hidrocarburos-mineria\/"},{"@type":"ListItem","position":4,"name":"Hidrocarburos"}]},{"@type":"WebSite","@id":"https:\/\/www.ine.gob.bo\/#website","url":"https:\/\/www.ine.gob.bo\/","name":"INE","description":"Instituto Nacional de Estad\u00edstica","publisher":{"@id":"https:\/\/www.ine.gob.bo\/#organization"},"potentialAction":[{"@type":"SearchAction","target":{"@type":"EntryPoint","urlTemplate":"https:\/\/www.ine.gob.bo\/?s={search_term_string}"},"query-input":"required name=search_term_string"}],"inLanguage":"es"},{"@type":"Organization","@id":"https:\/\/www.ine.gob.bo\/#organization","name":"Instituto Nacional de Estad\u00edstica","url":"https:\/\/www.ine.gob.bo\/","logo":{"@type":"ImageObject","inLanguage":"es","@id":"https:\/\/www.ine.gob.bo\/#\/schema\/logo\/image\/","url":"https:\/\/www.ine.gob.bo\/wp-content\/uploads\/2026\/02\/logo-ine.jpg","contentUrl":"https:\/\/www.ine.gob.bo\/wp-content\/uploads\/2026\/02\/logo-ine.jpg","width":799,"height":453,"caption":"Instituto Nacional de Estad\u00edstica"},"image":{"@id":"https:\/\/www.ine.gob.bo\/#\/schema\/logo\/image\/"},"sameAs":["https:\/\/www.facebook.com\/ineboliviaoficial","https:\/\/x.com\/INE_Bolivia","https:\/\/www.instagram.com\/ineboliviaoficial\/","https:\/\/www.youtube.com\/channel\/UCbIQXKLw414g5kWo1tAwqCg"]}]}},"rttpg_featured_image_url":null,"rttpg_author":{"display_name":"Roberto Pablo Intimayta Llanque","author_link":"https:\/\/www.ine.gob.bo\/index.php\/author\/rintimayta\/"},"rttpg_comment":0,"rttpg_category":null,"rttpg_excerpt":"[vc_row][vc_column][vc_empty_space height=&#8221;12px&#8221;][vc_column_text] CAMBIO DE A\u00d1O BASE DE INDICADORES EC\u00d3NOMICOS [\/vc_column_text][vc_column_text][\/vc_column_text][vc_column_text]Las estad\u00edsticas e indicadores del sector de hidrocarburos miden la evoluci\u00f3n mensual del volumen de producci\u00f3n de hidrocarburos, producci\u00f3n de refinados y otros combustibles y la comercializaci\u00f3n de derivados, que refleja el comportamiento del sector a corto plazo. Cambio de A\u00f1o Base El cambio de a\u00f1o&hellip;","_links":{"self":[{"href":"https:\/\/www.ine.gob.bo\/index.php\/wp-json\/wp\/v2\/pages\/71328","targetHints":{"allow":["GET"]}}],"collection":[{"href":"https:\/\/www.ine.gob.bo\/index.php\/wp-json\/wp\/v2\/pages"}],"about":[{"href":"https:\/\/www.ine.gob.bo\/index.php\/wp-json\/wp\/v2\/types\/page"}],"author":[{"embeddable":true,"href":"https:\/\/www.ine.gob.bo\/index.php\/wp-json\/wp\/v2\/users\/3"}],"replies":[{"embeddable":true,"href":"https:\/\/www.ine.gob.bo\/index.php\/wp-json\/wp\/v2\/comments?post=71328"}],"version-history":[{"count":0,"href":"https:\/\/www.ine.gob.bo\/index.php\/wp-json\/wp\/v2\/pages\/71328\/revisions"}],"up":[{"embeddable":true,"href":"https:\/\/www.ine.gob.bo\/index.php\/wp-json\/wp\/v2\/pages\/37295"}],"wp:attachment":[{"href":"https:\/\/www.ine.gob.bo\/index.php\/wp-json\/wp\/v2\/media?parent=71328"}],"curies":[{"name":"wp","href":"https:\/\/api.w.org\/{rel}","templated":true}]}}