{"id":65966,"date":"2024-11-12T08:39:35","date_gmt":"2024-11-12T12:39:35","guid":{"rendered":"https:\/\/www.ine.gob.bo\/?page_id=65966"},"modified":"2024-11-15T09:50:03","modified_gmt":"2024-11-15T13:50:03","slug":"promoviendo","status":"publish","type":"page","link":"https:\/\/www.ine.gob.bo\/index.php\/promoviendo\/","title":{"rendered":"Promoviendo la informacion estadistica"},"content":{"rendered":"<p>[vc_row][vc_column][vc_row_inner][vc_column_inner][vc_single_image image=&#8221;65978&#8243; img_size=&#8221;full&#8221;][\/vc_column_inner][\/vc_row_inner][vc_row_inner][vc_column_inner width=&#8221;2\/3&#8243;][vc_column_text]<\/p>\n<h3><span style=\"color: #ff9900;\">\u00bfQu\u00e9 es el INE?<\/span><\/h3>\n<p>[\/vc_column_text][vc_column_text]El Instituto Nacional de Estad\u00edstica (INE) es una instituci\u00f3n p\u00fablica descentralizada, t\u00e9cnica-especializada, con autonom\u00eda de gesti\u00f3n administrativa, financiera, legal y\u00a0 t\u00e9cnica. Es responsable de producir, normar y difundir estad\u00edsticas oficiales, a trav\u00e9s de registros administrativos, censos, encuestas, informaci\u00f3n geoestad\u00edstica,\u00a0 informaci\u00f3n no estructurada, entre otras.<\/p>\n<p>La entidad elabora y proporciona informaci\u00f3n \u00fatil, confiable y consistente de las principales estad\u00edsticas sociales y econ\u00f3micas del pa\u00eds, para orientar la toma de\u00a0 decisiones destinadas a mejorar la calidad de vida de la poblaci\u00f3n boliviana y satisfacer las necesidades de diversos usuarios de instituciones p\u00fablicas, privadas, internacionales, nacionales y regionales, as\u00ed como de investigadores, estudiantes y poblaci\u00f3n en general.[\/vc_column_text][\/vc_column_inner][vc_column_inner width=&#8221;1\/3&#8243;][vc_single_image image=&#8221;65968&#8243; img_size=&#8221;medium&#8221; alignment=&#8221;center&#8221;][\/vc_column_inner][\/vc_row_inner][\/vc_column][\/vc_row][vc_row][vc_column][vc_column_text]<\/p>\n<h3><span style=\"color: #ff9900;\">\u00bfPor qu\u00e9 son importantes las estad\u00edsticas?<\/span><\/h3>\n<p>[\/vc_column_text][vc_column_text]Las estad\u00edsticas e indicadores son instrumentos fundamentales para el desarrollo econ\u00f3mico y social de los pa\u00edses, porque permiten a los Estados establecer pol\u00edticas p\u00fablicas para mejorar las condiciones de vida de las personas en distintos \u00e1mbitos como la econom\u00eda, el empleo, la salud, la educaci\u00f3n y otros.[\/vc_column_text][\/vc_column][\/vc_row][vc_row][vc_column][vc_column_text]<\/p>\n<h3><span style=\"color: #ff9900;\">\u00bfCu\u00e1les son las fuentes de informaci\u00f3n del INE?<\/span><\/h3>\n<p>[\/vc_column_text][vc_single_image image=&#8221;65969&#8243; img_size=&#8221;full&#8221; alignment=&#8221;center&#8221;][\/vc_column][\/vc_row][vc_row][vc_column][vc_column_text]<\/p>\n<h3 style=\"text-align: center;\"><span style=\"color: #8d31de;\">Encuestas sociales que realiza el INE:<\/span><\/h3>\n<p>[\/vc_column_text][vc_row_inner][vc_column_inner width=&#8221;2\/3&#8243;][vc_column_text]<\/p>\n<h3><span style=\"color: #339966;\">Encuesta Continua de Empleo (ECE)<\/span><\/h3>\n<p>[\/vc_column_text][vc_column_text]La Encuesta Continua de Empleo (ECE) es una <strong>investigaci\u00f3n estad\u00edstica que realiza el INE durante todo el a\u00f1o, en los nueve departamentos de Bolivia.<\/strong><br \/>\nLas viviendas son seleccionadas aleatoriamente y son visitadas por nuestros encuestadores para recolectar datos sobre empleo y sus caracter\u00edsticas.[\/vc_column_text][\/vc_column_inner][vc_column_inner width=&#8221;1\/3&#8243;][vc_single_image image=&#8221;65971&#8243; img_size=&#8221;medium&#8221; alignment=&#8221;center&#8221;][\/vc_column_inner][\/vc_row_inner][\/vc_column][\/vc_row][vc_row][vc_column][vc_column_text]<\/p>\n<h3><span style=\"color: #339966;\">\u00bfQu\u00e9 nos permite conocer la ECE?<\/span><\/h3>\n<p>[\/vc_column_text][vc_column_text]Nos permite conocer la <strong>coyuntura del mercado laboral en Bolivia (empleo, desocupaci\u00f3n, oferta laboral y sus caracter\u00edsticas en el \u00e1mbito urbano y rural)<\/strong>. Esta informaci\u00f3n sirve para la toma de decisiones en beneficio de la poblaci\u00f3n boliviana.[\/vc_column_text][vc_row_inner][vc_column_inner width=&#8221;1\/3&#8243;][vc_single_image image=&#8221;65970&#8243; img_size=&#8221;medium&#8221; alignment=&#8221;center&#8221;][\/vc_column_inner][vc_column_inner width=&#8221;2\/3&#8243;][vc_column_text]<\/p>\n<h3><span style=\"color: #ff9900;\">Encuesta de Hogares (EH)<\/span><\/h3>\n<p>[\/vc_column_text][vc_column_text]La Encuesta de Hogares (EH) es una investigaci\u00f3n que realiza el INE el \u00faltimo trimestre de cada a\u00f1o para <strong>recopilar informaci\u00f3n socioecon\u00f3mica y demogr\u00e1fica de la poblaci\u00f3n, la cual permite conocer las condiciones de vida de los hogares bolivianos.<\/strong>[\/vc_column_text][\/vc_column_inner][\/vc_row_inner][vc_row_inner][vc_column_inner][vc_column_text]Tiene como finalidad establecer las caracter\u00edsticas generales de los hogares y a los miembros que forman parte de estos, en distintos \u00e1mbitos como:[\/vc_column_text][vc_single_image image=&#8221;65972&#8243; img_size=&#8221;full&#8221; alignment=&#8221;center&#8221;][\/vc_column_inner][\/vc_row_inner][vc_row_inner][vc_column_inner][vc_column_text]Tiene como finalidad establecer las caracter\u00edsticas generales de los hogares y a los miembros que forman parte de estos, en distintos \u00e1mbitos como:[\/vc_column_text][\/vc_column_inner][\/vc_row_inner][vc_row_inner][vc_column_inner width=&#8221;1\/3&#8243;][vc_single_image image=&#8221;65973&#8243; img_size=&#8221;medium&#8221; alignment=&#8221;center&#8221;][\/vc_column_inner][vc_column_inner width=&#8221;2\/3&#8243;][vc_column_text]<\/p>\n<h3><span style=\"color: #000080;\">La confidencialidad de tu informaci\u00f3n<\/span><\/h3>\n<p>[\/vc_column_text][vc_column_text]La Ley N\u00b01405 de Estad\u00edsticas Oficiales del Estado Plurinacional de Bolivia, garantiza que la<strong> informaci\u00f3n proporcionada por los informantes no pueda ser revelada en forma individual y s\u00f3lo pueda ser publicada de forma anonimizada<\/strong>. As\u00ed lo establece el Art.5 de la norma.[\/vc_column_text][\/vc_column_inner][\/vc_row_inner][vc_column_text]<\/p>\n<h3><span style=\"color: #ff9900;\">Identifica a nuestro personal<\/span><\/h3>\n<p>[\/vc_column_text][vc_single_image image=&#8221;65998&#8243; img_size=&#8221;full&#8221; alignment=&#8221;center&#8221;][\/vc_column][\/vc_row]<\/p>\n","protected":false},"excerpt":{"rendered":"<p>[vc_row][vc_column][vc_row_inner][vc_column_inner][vc_single_image image=&#8221;65978&#8243; img_size=&#8221;full&#8221;][\/vc_column_inner][\/vc_row_inner][vc_row_inner][vc_column_inner width=&#8221;2\/3&#8243;][vc_column_text] \u00bfQu\u00e9 es el INE? [\/vc_column_text][vc_column_text]El Instituto Nacional de Estad\u00edstica (INE) es una instituci\u00f3n p\u00fablica descentralizada, t\u00e9cnica-especializada, con autonom\u00eda de gesti\u00f3n administrativa, financiera, legal y\u00a0 t\u00e9cnica. Es responsable de producir, normar y difundir estad\u00edsticas oficiales, a trav\u00e9s de registros administrativos, censos, encuestas, informaci\u00f3n geoestad\u00edstica,\u00a0 informaci\u00f3n no estructurada, entre otras. La entidad elabora&hellip;<\/p>\n","protected":false},"author":3,"featured_media":0,"parent":0,"menu_order":0,"comment_status":"closed","ping_status":"closed","template":"","meta":[],"class_list":["post-65966","page","type-page","status-publish","hentry","description-off"],"yoast_head":"<!-- This site is optimized with the Yoast SEO plugin v23.2 - https:\/\/yoast.com\/wordpress\/plugins\/seo\/ -->\n<title>Promoviendo la informacion estadistica - INE<\/title>\n<meta name=\"description\" content=\"P\u00e1gina oficial del Instituto Nacional de Estadisticas INE, informaci\u00f3n estad\u00edstica, geogr\u00e1fica y econ\u00f3mica a nivel nacional.\" \/>\n<meta name=\"robots\" content=\"index, follow, max-snippet:-1, max-image-preview:large, max-video-preview:-1\" \/>\n<link rel=\"canonical\" href=\"https:\/\/www.ine.gob.bo\/index.php\/promoviendo\/\" \/>\n<meta property=\"og:locale\" content=\"es_ES\" \/>\n<meta property=\"og:type\" content=\"article\" \/>\n<meta property=\"og:title\" content=\"Promoviendo la informacion estadistica - INE\" \/>\n<meta property=\"og:description\" content=\"P\u00e1gina oficial del Instituto Nacional de Estadisticas INE, informaci\u00f3n estad\u00edstica, geogr\u00e1fica y econ\u00f3mica a nivel nacional.\" \/>\n<meta property=\"og:url\" content=\"https:\/\/www.ine.gob.bo\/index.php\/promoviendo\/\" \/>\n<meta property=\"og:site_name\" content=\"INE\" \/>\n<meta property=\"article:publisher\" content=\"https:\/\/www.facebook.com\/ineboliviaoficial\" \/>\n<meta property=\"article:modified_time\" content=\"2024-11-15T13:50:03+00:00\" \/>\n<meta name=\"twitter:card\" content=\"summary_large_image\" \/>\n<meta name=\"twitter:site\" content=\"@INE_Bolivia\" \/>\n<meta name=\"twitter:label1\" content=\"Tiempo de lectura\" \/>\n\t<meta name=\"twitter:data1\" content=\"3 minutos\" \/>\n<script type=\"application\/ld+json\" class=\"yoast-schema-graph\">{\"@context\":\"https:\/\/schema.org\",\"@graph\":[{\"@type\":\"WebPage\",\"@id\":\"https:\/\/www.ine.gob.bo\/index.php\/promoviendo\/\",\"url\":\"https:\/\/www.ine.gob.bo\/index.php\/promoviendo\/\",\"name\":\"Promoviendo la informacion estadistica - INE\",\"isPartOf\":{\"@id\":\"https:\/\/www.ine.gob.bo\/#website\"},\"datePublished\":\"2024-11-12T12:39:35+00:00\",\"dateModified\":\"2024-11-15T13:50:03+00:00\",\"description\":\"P\u00e1gina oficial del Instituto Nacional de Estadisticas INE, informaci\u00f3n estad\u00edstica, geogr\u00e1fica y econ\u00f3mica a nivel nacional.\",\"breadcrumb\":{\"@id\":\"https:\/\/www.ine.gob.bo\/index.php\/promoviendo\/#breadcrumb\"},\"inLanguage\":\"es\",\"potentialAction\":[{\"@type\":\"ReadAction\",\"target\":[\"https:\/\/www.ine.gob.bo\/index.php\/promoviendo\/\"]}]},{\"@type\":\"BreadcrumbList\",\"@id\":\"https:\/\/www.ine.gob.bo\/index.php\/promoviendo\/#breadcrumb\",\"itemListElement\":[{\"@type\":\"ListItem\",\"position\":1,\"name\":\"Portada\",\"item\":\"https:\/\/www.ine.gob.bo\/\"},{\"@type\":\"ListItem\",\"position\":2,\"name\":\"Promoviendo la informacion estadistica\"}]},{\"@type\":\"WebSite\",\"@id\":\"https:\/\/www.ine.gob.bo\/#website\",\"url\":\"https:\/\/www.ine.gob.bo\/\",\"name\":\"INE\",\"description\":\"Instituto Nacional de Estad\u00edstica\",\"publisher\":{\"@id\":\"https:\/\/www.ine.gob.bo\/#organization\"},\"potentialAction\":[{\"@type\":\"SearchAction\",\"target\":{\"@type\":\"EntryPoint\",\"urlTemplate\":\"https:\/\/www.ine.gob.bo\/?s={search_term_string}\"},\"query-input\":\"required name=search_term_string\"}],\"inLanguage\":\"es\"},{\"@type\":\"Organization\",\"@id\":\"https:\/\/www.ine.gob.bo\/#organization\",\"name\":\"Instituto Nacional de Estad\u00edstica\",\"url\":\"https:\/\/www.ine.gob.bo\/\",\"logo\":{\"@type\":\"ImageObject\",\"inLanguage\":\"es\",\"@id\":\"https:\/\/www.ine.gob.bo\/#\/schema\/logo\/image\/\",\"url\":\"https:\/\/www.ine.gob.bo\/wp-content\/uploads\/2026\/02\/logo-ine.jpg\",\"contentUrl\":\"https:\/\/www.ine.gob.bo\/wp-content\/uploads\/2026\/02\/logo-ine.jpg\",\"width\":799,\"height\":453,\"caption\":\"Instituto Nacional de Estad\u00edstica\"},\"image\":{\"@id\":\"https:\/\/www.ine.gob.bo\/#\/schema\/logo\/image\/\"},\"sameAs\":[\"https:\/\/www.facebook.com\/ineboliviaoficial\",\"https:\/\/x.com\/INE_Bolivia\",\"https:\/\/www.instagram.com\/ineboliviaoficial\/\",\"https:\/\/www.youtube.com\/channel\/UCbIQXKLw414g5kWo1tAwqCg\"]}]}<\/script>\n<!-- \/ Yoast SEO plugin. -->","yoast_head_json":{"title":"Promoviendo la informacion estadistica - INE","description":"P\u00e1gina oficial del Instituto Nacional de Estadisticas INE, informaci\u00f3n estad\u00edstica, geogr\u00e1fica y econ\u00f3mica a nivel nacional.","robots":{"index":"index","follow":"follow","max-snippet":"max-snippet:-1","max-image-preview":"max-image-preview:large","max-video-preview":"max-video-preview:-1"},"canonical":"https:\/\/www.ine.gob.bo\/index.php\/promoviendo\/","og_locale":"es_ES","og_type":"article","og_title":"Promoviendo la informacion estadistica - INE","og_description":"P\u00e1gina oficial del Instituto Nacional de Estadisticas INE, informaci\u00f3n estad\u00edstica, geogr\u00e1fica y econ\u00f3mica a nivel nacional.","og_url":"https:\/\/www.ine.gob.bo\/index.php\/promoviendo\/","og_site_name":"INE","article_publisher":"https:\/\/www.facebook.com\/ineboliviaoficial","article_modified_time":"2024-11-15T13:50:03+00:00","twitter_card":"summary_large_image","twitter_site":"@INE_Bolivia","twitter_misc":{"Tiempo de lectura":"3 minutos"},"schema":{"@context":"https:\/\/schema.org","@graph":[{"@type":"WebPage","@id":"https:\/\/www.ine.gob.bo\/index.php\/promoviendo\/","url":"https:\/\/www.ine.gob.bo\/index.php\/promoviendo\/","name":"Promoviendo la informacion estadistica - INE","isPartOf":{"@id":"https:\/\/www.ine.gob.bo\/#website"},"datePublished":"2024-11-12T12:39:35+00:00","dateModified":"2024-11-15T13:50:03+00:00","description":"P\u00e1gina oficial del Instituto Nacional de Estadisticas INE, informaci\u00f3n estad\u00edstica, geogr\u00e1fica y econ\u00f3mica a nivel nacional.","breadcrumb":{"@id":"https:\/\/www.ine.gob.bo\/index.php\/promoviendo\/#breadcrumb"},"inLanguage":"es","potentialAction":[{"@type":"ReadAction","target":["https:\/\/www.ine.gob.bo\/index.php\/promoviendo\/"]}]},{"@type":"BreadcrumbList","@id":"https:\/\/www.ine.gob.bo\/index.php\/promoviendo\/#breadcrumb","itemListElement":[{"@type":"ListItem","position":1,"name":"Portada","item":"https:\/\/www.ine.gob.bo\/"},{"@type":"ListItem","position":2,"name":"Promoviendo la informacion estadistica"}]},{"@type":"WebSite","@id":"https:\/\/www.ine.gob.bo\/#website","url":"https:\/\/www.ine.gob.bo\/","name":"INE","description":"Instituto Nacional de Estad\u00edstica","publisher":{"@id":"https:\/\/www.ine.gob.bo\/#organization"},"potentialAction":[{"@type":"SearchAction","target":{"@type":"EntryPoint","urlTemplate":"https:\/\/www.ine.gob.bo\/?s={search_term_string}"},"query-input":"required name=search_term_string"}],"inLanguage":"es"},{"@type":"Organization","@id":"https:\/\/www.ine.gob.bo\/#organization","name":"Instituto Nacional de Estad\u00edstica","url":"https:\/\/www.ine.gob.bo\/","logo":{"@type":"ImageObject","inLanguage":"es","@id":"https:\/\/www.ine.gob.bo\/#\/schema\/logo\/image\/","url":"https:\/\/www.ine.gob.bo\/wp-content\/uploads\/2026\/02\/logo-ine.jpg","contentUrl":"https:\/\/www.ine.gob.bo\/wp-content\/uploads\/2026\/02\/logo-ine.jpg","width":799,"height":453,"caption":"Instituto Nacional de Estad\u00edstica"},"image":{"@id":"https:\/\/www.ine.gob.bo\/#\/schema\/logo\/image\/"},"sameAs":["https:\/\/www.facebook.com\/ineboliviaoficial","https:\/\/x.com\/INE_Bolivia","https:\/\/www.instagram.com\/ineboliviaoficial\/","https:\/\/www.youtube.com\/channel\/UCbIQXKLw414g5kWo1tAwqCg"]}]}},"rttpg_featured_image_url":null,"rttpg_author":{"display_name":"Roberto Pablo Intimayta Llanque","author_link":"https:\/\/www.ine.gob.bo\/index.php\/author\/rintimayta\/"},"rttpg_comment":0,"rttpg_category":null,"rttpg_excerpt":"[vc_row][vc_column][vc_row_inner][vc_column_inner][vc_single_image image=&#8221;65978&#8243; img_size=&#8221;full&#8221;][\/vc_column_inner][\/vc_row_inner][vc_row_inner][vc_column_inner width=&#8221;2\/3&#8243;][vc_column_text] \u00bfQu\u00e9 es el INE? [\/vc_column_text][vc_column_text]El Instituto Nacional de Estad\u00edstica (INE) es una instituci\u00f3n p\u00fablica descentralizada, t\u00e9cnica-especializada, con autonom\u00eda de gesti\u00f3n administrativa, financiera, legal y\u00a0 t\u00e9cnica. Es responsable de producir, normar y difundir estad\u00edsticas oficiales, a trav\u00e9s de registros administrativos, censos, encuestas, informaci\u00f3n geoestad\u00edstica,\u00a0 informaci\u00f3n no estructurada, entre otras. La entidad elabora&hellip;","_links":{"self":[{"href":"https:\/\/www.ine.gob.bo\/index.php\/wp-json\/wp\/v2\/pages\/65966","targetHints":{"allow":["GET"]}}],"collection":[{"href":"https:\/\/www.ine.gob.bo\/index.php\/wp-json\/wp\/v2\/pages"}],"about":[{"href":"https:\/\/www.ine.gob.bo\/index.php\/wp-json\/wp\/v2\/types\/page"}],"author":[{"embeddable":true,"href":"https:\/\/www.ine.gob.bo\/index.php\/wp-json\/wp\/v2\/users\/3"}],"replies":[{"embeddable":true,"href":"https:\/\/www.ine.gob.bo\/index.php\/wp-json\/wp\/v2\/comments?post=65966"}],"version-history":[{"count":0,"href":"https:\/\/www.ine.gob.bo\/index.php\/wp-json\/wp\/v2\/pages\/65966\/revisions"}],"wp:attachment":[{"href":"https:\/\/www.ine.gob.bo\/index.php\/wp-json\/wp\/v2\/media?parent=65966"}],"curies":[{"name":"wp","href":"https:\/\/api.w.org\/{rel}","templated":true}]}}