{"id":55900,"date":"2022-04-06T14:55:20","date_gmt":"2022-04-06T18:55:20","guid":{"rendered":"https:\/\/www.ine.gob.bo\/?page_id=55900"},"modified":"2022-04-11T16:08:32","modified_gmt":"2022-04-11T20:08:32","slug":"indice-de-precios-al-por-mayor","status":"publish","type":"page","link":"https:\/\/www.ine.gob.bo\/index.php\/indice-de-precios-al-por-mayor\/","title":{"rendered":"\u00cdndice de Precios al por Mayor"},"content":{"rendered":"<p>[vc_row][vc_column][vc_column_text]<meta http-equiv=\"content-type\" content=\"text\/html; charset=utf-8\">\r\n<style>\r\n  @import url(\"https:\/\/fonts.googleapis.com\/css2?family=Roboto+Condensed:wght@300&display=swap\");\r\n\r\nbody {\r\n  font-family: 'Roboto Condensed', sans-serif;\r\n}\r\n#amchart1 {\r\n  width: 100%;\r\n  height: 520px;\r\n}\r\nselect {\r\n  font-size: 15px;\r\n  padding: 5px 10px;\r\n}\r\n<\/style>\r\n\r\n<div id=\"amchart1\"><\/div>\n<p>El \u00cdndice de Precios al por Mayor es un indicador que mide la variaci\u00f3n de precios promedio, de un conjunto de bienes que se comercializan al por mayor y que incluye el precio de productor m\u00e1s los costos por transporte, seguros de mercanc\u00edas, margen comercial del mayorista.<\/p>\n<p>N\u00famero \u00edndice: Un \u00edndice es una variable estad\u00edstica. El n\u00famero \u00edndice corresponde al valor que toma la variable en un momento dado del tiempo. A su vez, es la expresi\u00f3n num\u00e9rica que muestra los cambios de una magnitud en el tiempo. Para la construcci\u00f3n de un n\u00famero \u00edndice es necesario definir su cobertura, per\u00edodo de base y sistema de ponderaci\u00f3n, entre otros.<\/p>\n<p>Variaci\u00f3n porcentual mensual: La variaci\u00f3n mensual de un \u00edndice es la variaci\u00f3n promedio de los precios de un mes a otro; se calcula como el cociente entre el \u00edndice en el mes corriente t y el \u00edndice en el mes anterior t-1, seg\u00fan la siguiente f\u00f3rmula:<br \/>\nVariaci\u00f3n (%) Mensual t = [(IPMt \u2044 IPMt-1) -1]*100.<\/p>\n<p>Variaci\u00f3n porcentual acumulada: Es la variaci\u00f3n promedio de los precios en el a\u00f1o y se calcula como cociente entre el \u00edndice en el mes t y el \u00edndice de diciembre del a\u00f1o anterior, seg\u00fan la siguiente f\u00f3rmula:<br \/>\nVariaci\u00f3n (%) Acumulada t = [(IPMt \u2044 IPMdic a\u00f1o anterior)-1]*100.<\/p>\n<p>Variaci\u00f3n porcentual a 12 meses: Es la variaci\u00f3n promedio de los precios entre el mes de referencia y el mismo mes del a\u00f1o inmediatamente anterior, seg\u00fan la siguiente f\u00f3rmula:<br \/>\nVariaci\u00f3n (%) 12 meses t = [(IPMmes t \u2044 IPMmes t, a\u00f1o anterior) -1]*100.[\/vc_column_text][\/vc_column][\/vc_row]<\/p>\n","protected":false},"excerpt":{"rendered":"<p>[vc_row][vc_column][vc_column_text] El \u00cdndice de Precios al por Mayor es un indicador que mide la variaci\u00f3n de precios promedio, de un conjunto de bienes que se comercializan al por mayor y que incluye el precio de productor m\u00e1s los costos por transporte, seguros de mercanc\u00edas, margen comercial del mayorista. N\u00famero \u00edndice: Un \u00edndice es una variable&hellip;<\/p>\n","protected":false},"author":3,"featured_media":0,"parent":0,"menu_order":0,"comment_status":"closed","ping_status":"closed","template":"","meta":[],"class_list":["post-55900","page","type-page","status-publish","hentry","description-off"],"yoast_head":"<!-- This site is optimized with the Yoast SEO plugin v23.2 - https:\/\/yoast.com\/wordpress\/plugins\/seo\/ -->\n<title>\u00cdndice de Precios al por Mayor - INE<\/title>\n<meta name=\"description\" content=\"P\u00e1gina oficial del Instituto Nacional de Estadisticas INE, informaci\u00f3n estad\u00edstica, geogr\u00e1fica y econ\u00f3mica a nivel nacional.\" \/>\n<meta name=\"robots\" content=\"index, follow, max-snippet:-1, max-image-preview:large, max-video-preview:-1\" \/>\n<link rel=\"canonical\" href=\"https:\/\/www.ine.gob.bo\/index.php\/indice-de-precios-al-por-mayor\/\" \/>\n<meta property=\"og:locale\" content=\"es_ES\" \/>\n<meta property=\"og:type\" content=\"article\" \/>\n<meta property=\"og:title\" content=\"\u00cdndice de Precios al por Mayor - INE\" \/>\n<meta property=\"og:description\" content=\"P\u00e1gina oficial del Instituto Nacional de Estadisticas INE, informaci\u00f3n estad\u00edstica, geogr\u00e1fica y econ\u00f3mica a nivel nacional.\" \/>\n<meta property=\"og:url\" content=\"https:\/\/www.ine.gob.bo\/index.php\/indice-de-precios-al-por-mayor\/\" \/>\n<meta property=\"og:site_name\" content=\"INE\" \/>\n<meta property=\"article:publisher\" content=\"https:\/\/www.facebook.com\/ineboliviaoficial\" \/>\n<meta property=\"article:modified_time\" content=\"2022-04-11T20:08:32+00:00\" \/>\n<meta name=\"twitter:card\" content=\"summary_large_image\" \/>\n<meta name=\"twitter:site\" content=\"@INE_Bolivia\" \/>\n<meta name=\"twitter:label1\" content=\"Tiempo de lectura\" \/>\n\t<meta name=\"twitter:data1\" content=\"2 minutos\" \/>\n<script type=\"application\/ld+json\" class=\"yoast-schema-graph\">{\"@context\":\"https:\/\/schema.org\",\"@graph\":[{\"@type\":\"WebPage\",\"@id\":\"https:\/\/www.ine.gob.bo\/index.php\/indice-de-precios-al-por-mayor\/\",\"url\":\"https:\/\/www.ine.gob.bo\/index.php\/indice-de-precios-al-por-mayor\/\",\"name\":\"\u00cdndice de Precios al por Mayor - INE\",\"isPartOf\":{\"@id\":\"https:\/\/www.ine.gob.bo\/#website\"},\"datePublished\":\"2022-04-06T18:55:20+00:00\",\"dateModified\":\"2022-04-11T20:08:32+00:00\",\"description\":\"P\u00e1gina oficial del Instituto Nacional de Estadisticas INE, informaci\u00f3n estad\u00edstica, geogr\u00e1fica y econ\u00f3mica a nivel nacional.\",\"breadcrumb\":{\"@id\":\"https:\/\/www.ine.gob.bo\/index.php\/indice-de-precios-al-por-mayor\/#breadcrumb\"},\"inLanguage\":\"es\",\"potentialAction\":[{\"@type\":\"ReadAction\",\"target\":[\"https:\/\/www.ine.gob.bo\/index.php\/indice-de-precios-al-por-mayor\/\"]}]},{\"@type\":\"BreadcrumbList\",\"@id\":\"https:\/\/www.ine.gob.bo\/index.php\/indice-de-precios-al-por-mayor\/#breadcrumb\",\"itemListElement\":[{\"@type\":\"ListItem\",\"position\":1,\"name\":\"Portada\",\"item\":\"https:\/\/www.ine.gob.bo\/\"},{\"@type\":\"ListItem\",\"position\":2,\"name\":\"\u00cdndice de Precios al por Mayor\"}]},{\"@type\":\"WebSite\",\"@id\":\"https:\/\/www.ine.gob.bo\/#website\",\"url\":\"https:\/\/www.ine.gob.bo\/\",\"name\":\"INE\",\"description\":\"Instituto Nacional de Estad\u00edstica\",\"publisher\":{\"@id\":\"https:\/\/www.ine.gob.bo\/#organization\"},\"potentialAction\":[{\"@type\":\"SearchAction\",\"target\":{\"@type\":\"EntryPoint\",\"urlTemplate\":\"https:\/\/www.ine.gob.bo\/?s={search_term_string}\"},\"query-input\":\"required name=search_term_string\"}],\"inLanguage\":\"es\"},{\"@type\":\"Organization\",\"@id\":\"https:\/\/www.ine.gob.bo\/#organization\",\"name\":\"Instituto Nacional de Estad\u00edstica\",\"url\":\"https:\/\/www.ine.gob.bo\/\",\"logo\":{\"@type\":\"ImageObject\",\"inLanguage\":\"es\",\"@id\":\"https:\/\/www.ine.gob.bo\/#\/schema\/logo\/image\/\",\"url\":\"https:\/\/www.ine.gob.bo\/wp-content\/uploads\/2026\/02\/logo-ine.jpg\",\"contentUrl\":\"https:\/\/www.ine.gob.bo\/wp-content\/uploads\/2026\/02\/logo-ine.jpg\",\"width\":799,\"height\":453,\"caption\":\"Instituto Nacional de Estad\u00edstica\"},\"image\":{\"@id\":\"https:\/\/www.ine.gob.bo\/#\/schema\/logo\/image\/\"},\"sameAs\":[\"https:\/\/www.facebook.com\/ineboliviaoficial\",\"https:\/\/x.com\/INE_Bolivia\",\"https:\/\/www.instagram.com\/ineboliviaoficial\/\",\"https:\/\/www.youtube.com\/channel\/UCbIQXKLw414g5kWo1tAwqCg\"]}]}<\/script>\n<!-- \/ Yoast SEO plugin. -->","yoast_head_json":{"title":"\u00cdndice de Precios al por Mayor - INE","description":"P\u00e1gina oficial del Instituto Nacional de Estadisticas INE, informaci\u00f3n estad\u00edstica, geogr\u00e1fica y econ\u00f3mica a nivel nacional.","robots":{"index":"index","follow":"follow","max-snippet":"max-snippet:-1","max-image-preview":"max-image-preview:large","max-video-preview":"max-video-preview:-1"},"canonical":"https:\/\/www.ine.gob.bo\/index.php\/indice-de-precios-al-por-mayor\/","og_locale":"es_ES","og_type":"article","og_title":"\u00cdndice de Precios al por Mayor - INE","og_description":"P\u00e1gina oficial del Instituto Nacional de Estadisticas INE, informaci\u00f3n estad\u00edstica, geogr\u00e1fica y econ\u00f3mica a nivel nacional.","og_url":"https:\/\/www.ine.gob.bo\/index.php\/indice-de-precios-al-por-mayor\/","og_site_name":"INE","article_publisher":"https:\/\/www.facebook.com\/ineboliviaoficial","article_modified_time":"2022-04-11T20:08:32+00:00","twitter_card":"summary_large_image","twitter_site":"@INE_Bolivia","twitter_misc":{"Tiempo de lectura":"2 minutos"},"schema":{"@context":"https:\/\/schema.org","@graph":[{"@type":"WebPage","@id":"https:\/\/www.ine.gob.bo\/index.php\/indice-de-precios-al-por-mayor\/","url":"https:\/\/www.ine.gob.bo\/index.php\/indice-de-precios-al-por-mayor\/","name":"\u00cdndice de Precios al por Mayor - INE","isPartOf":{"@id":"https:\/\/www.ine.gob.bo\/#website"},"datePublished":"2022-04-06T18:55:20+00:00","dateModified":"2022-04-11T20:08:32+00:00","description":"P\u00e1gina oficial del Instituto Nacional de Estadisticas INE, informaci\u00f3n estad\u00edstica, geogr\u00e1fica y econ\u00f3mica a nivel nacional.","breadcrumb":{"@id":"https:\/\/www.ine.gob.bo\/index.php\/indice-de-precios-al-por-mayor\/#breadcrumb"},"inLanguage":"es","potentialAction":[{"@type":"ReadAction","target":["https:\/\/www.ine.gob.bo\/index.php\/indice-de-precios-al-por-mayor\/"]}]},{"@type":"BreadcrumbList","@id":"https:\/\/www.ine.gob.bo\/index.php\/indice-de-precios-al-por-mayor\/#breadcrumb","itemListElement":[{"@type":"ListItem","position":1,"name":"Portada","item":"https:\/\/www.ine.gob.bo\/"},{"@type":"ListItem","position":2,"name":"\u00cdndice de Precios al por Mayor"}]},{"@type":"WebSite","@id":"https:\/\/www.ine.gob.bo\/#website","url":"https:\/\/www.ine.gob.bo\/","name":"INE","description":"Instituto Nacional de Estad\u00edstica","publisher":{"@id":"https:\/\/www.ine.gob.bo\/#organization"},"potentialAction":[{"@type":"SearchAction","target":{"@type":"EntryPoint","urlTemplate":"https:\/\/www.ine.gob.bo\/?s={search_term_string}"},"query-input":"required name=search_term_string"}],"inLanguage":"es"},{"@type":"Organization","@id":"https:\/\/www.ine.gob.bo\/#organization","name":"Instituto Nacional de Estad\u00edstica","url":"https:\/\/www.ine.gob.bo\/","logo":{"@type":"ImageObject","inLanguage":"es","@id":"https:\/\/www.ine.gob.bo\/#\/schema\/logo\/image\/","url":"https:\/\/www.ine.gob.bo\/wp-content\/uploads\/2026\/02\/logo-ine.jpg","contentUrl":"https:\/\/www.ine.gob.bo\/wp-content\/uploads\/2026\/02\/logo-ine.jpg","width":799,"height":453,"caption":"Instituto Nacional de Estad\u00edstica"},"image":{"@id":"https:\/\/www.ine.gob.bo\/#\/schema\/logo\/image\/"},"sameAs":["https:\/\/www.facebook.com\/ineboliviaoficial","https:\/\/x.com\/INE_Bolivia","https:\/\/www.instagram.com\/ineboliviaoficial\/","https:\/\/www.youtube.com\/channel\/UCbIQXKLw414g5kWo1tAwqCg"]}]}},"rttpg_featured_image_url":null,"rttpg_author":{"display_name":"Roberto Pablo Intimayta Llanque","author_link":"https:\/\/www.ine.gob.bo\/index.php\/author\/rintimayta\/"},"rttpg_comment":0,"rttpg_category":null,"rttpg_excerpt":"[vc_row][vc_column][vc_column_text] El \u00cdndice de Precios al por Mayor es un indicador que mide la variaci\u00f3n de precios promedio, de un conjunto de bienes que se comercializan al por mayor y que incluye el precio de productor m\u00e1s los costos por transporte, seguros de mercanc\u00edas, margen comercial del mayorista. N\u00famero \u00edndice: Un \u00edndice es una variable&hellip;","_links":{"self":[{"href":"https:\/\/www.ine.gob.bo\/index.php\/wp-json\/wp\/v2\/pages\/55900","targetHints":{"allow":["GET"]}}],"collection":[{"href":"https:\/\/www.ine.gob.bo\/index.php\/wp-json\/wp\/v2\/pages"}],"about":[{"href":"https:\/\/www.ine.gob.bo\/index.php\/wp-json\/wp\/v2\/types\/page"}],"author":[{"embeddable":true,"href":"https:\/\/www.ine.gob.bo\/index.php\/wp-json\/wp\/v2\/users\/3"}],"replies":[{"embeddable":true,"href":"https:\/\/www.ine.gob.bo\/index.php\/wp-json\/wp\/v2\/comments?post=55900"}],"version-history":[{"count":0,"href":"https:\/\/www.ine.gob.bo\/index.php\/wp-json\/wp\/v2\/pages\/55900\/revisions"}],"wp:attachment":[{"href":"https:\/\/www.ine.gob.bo\/index.php\/wp-json\/wp\/v2\/media?parent=55900"}],"curies":[{"name":"wp","href":"https:\/\/api.w.org\/{rel}","templated":true}]}}