{"id":53550,"date":"2021-07-01T10:35:09","date_gmt":"2021-07-01T14:35:09","guid":{"rendered":"https:\/\/www.ine.gob.bo\/?page_id=53550"},"modified":"2026-02-04T17:04:24","modified_gmt":"2026-02-04T21:04:24","slug":"salarios-remuneraciones-y-empleo-sector-publico-publicaciones","status":"publish","type":"page","link":"https:\/\/www.ine.gob.bo\/index.php\/estadisticas-economicas\/salarios-remuneraciones-y-empleo-sector-publico-publicaciones\/","title":{"rendered":"Salarios, Remuneraciones y Empleo Sector P\u00fablico"},"content":{"rendered":"<p>[vc_row][vc_column][vc_empty_space][vc_column_text]<\/p>\n<h3>Publicaciones<\/h3>\n<p>[\/vc_column_text]<div class=\"standard-arrow list-divider bullet-top\"><h4>PUBLICACIONES TRIMESTRALES<\/h4>\n<ul>\n<li><a href=\"https:\/\/nube.ine.gob.bo\/index.php\/s\/l6I6583pNpUjrdn\/download\">SALARIOS Y REMUNERACIONES DEL SECTOR P\u00daBLICO DICIEMBRE DE 2023<\/a><\/li>\n<li><a href=\"https:\/\/nube.ine.gob.bo\/index.php\/s\/ntImLMAMu7dLZBG\/download\">SALARIOS Y REMUNERACIONES DEL SECTOR P\u00daBLICO SEPTIEMBRE DE 2023<\/a><\/li>\n<li><a href=\"https:\/\/nube.ine.gob.bo\/index.php\/s\/UJfKjP1u4115D3w\/download\">SALARIOS Y REMUNERACIONES DEL SECTOR P\u00daBLICO JUNIO DE 2023<\/a><\/li>\n<li><a href=\"https:\/\/nube.ine.gob.bo\/index.php\/s\/WBxZwqDvcdEfIJ3\/download\">SALARIOS Y REMUNERACIONES DEL SECTOR P\u00daBLICO MARZO DE 2023<\/a><\/li>\n<li><a href=\"https:\/\/nube.ine.gob.bo\/index.php\/s\/TRs6ezhZfkmZzI6\/download\">SALARIOS Y REMUNERACIONES DEL SECTOR P\u00daBLICO DICIEMBRE DE 2022<\/a><\/li>\n<li><a href=\"https:\/\/nube.ine.gob.bo\/index.php\/s\/17inDGNsNA0j03R\/download\">SALARIOS Y REMUNERACIONES DEL SECTOR P\u00daBLICO SEPTIEMBRE DE 2022<\/a><\/li>\n<li><a href=\"https:\/\/nube.ine.gob.bo\/index.php\/s\/oNVNMEXdOUsDGZe\/download\">SALARIOS Y REMUNERACIONES DEL SECTOR P\u00daBLICO JUNIO DE 2022<\/a><\/li>\n<li><a href=\"https:\/\/nube.ine.gob.bo\/index.php\/s\/ZQbiptUSRMQqi1h\/download\">SALARIOS Y REMUNERACIONES DEL SECTOR P\u00daBLICO MARZO DE 2022<\/a><\/li>\n<li><a href=\"https:\/\/nube.ine.gob.bo\/index.php\/s\/XZ01uiKn068Ffqw\/download\">SALARIOS Y REMUNERACIONES DEL SECTOR P\u00daBLICO DICIEMBRE DE 2021<\/a><\/li>\n<li><a href=\"#\">SALARIOS Y REMUNERACIONES DEL SECTOR P\u00daBLICO SEPTIEMBRE DE 2021<\/a><\/li>\n<li><a href=\"#\">SALARIOS Y REMUNERACIONES DEL SECTOR P\u00daBLICO JUNIO DE 2021<\/a><\/li>\n<li><a href=\"#\">SALARIOS Y REMUNERACIONES DEL SECTOR P\u00daBLICO MARZO DE 2021<\/a><\/li>\n<\/ul>\n<h4>PUBLICACIONES ANUALES<\/h4>\n<ul>\n<li><a href=\"https:\/\/nimbus.ine.gob.bo\/index.php\/s\/79Xj2PLppnkX5SX\/download\">SALARIOS, REMUNERACIONES Y EMPLEO DEL SECTOR P\u00daBLICO 2014 \u2013 2022<\/a><\/li>\n<li><a href=\"https:\/\/nimbus.ine.gob.bo\/index.php\/s\/NfXFwzJLoz9ko67\/download\">SALARIOS, REMUNERACIONES Y EMPLEO DEL SECTOR P\u00daBLICO 2014 \u2013 2021<\/a><\/li>\n<li><a href=\"#\">SALARIO, REMUNERACI\u00d3N Y EMPLEO DEL SECTOR P\u00daBLICO,\u00a0 \u00cdNDICES\u00a0 2014 \u2013 2020<\/a><\/li>\n<li><a href=\"#\">SALARIO, REMUNERACI\u00d3N, EMPLEO Y PROMEDIOS SALARIALES DEL SECTOR P\u00daBLICO 2004 \u2013 2019<\/a><\/li>\n<li><a href=\"#\">SALARIO, REMUNERACI\u00d3N Y EMPLEO DEL SECTOR P\u00daBLICO 2014 \u2013 2018<\/a><\/li>\n<li><a href=\"https:\/\/nimbus.ine.gob.bo\/index.php\/s\/XrkcoF9ypW2oT5H\/download\">SALARIO, REMUNERACI\u00d3N Y EMPLEO DEL SECTOR P\u00daBLICO 2010 \u2013 2017<\/a><\/li>\n<li><a href=\"https:\/\/nimbus.ine.gob.bo\/index.php\/s\/tanHF3xRRd3q5ML\/download\">SALARIO, REMUNERACI\u00d3N, EMPLEO Y PROMEDIOS SALARIALES SECTOR P\u00daBLICO 2007-2016<\/a><\/li>\n<li><a href=\"https:\/\/nimbus.ine.gob.bo\/index.php\/s\/8Cn2E4xAyn7JNpj\/download\">SALARIOS, REMUNERACIONES Y EMPLEO EN EL SECTOR P\u00daBLICO 2004-2015<\/a><\/li>\n<li><a href=\"https:\/\/nimbus.ine.gob.bo\/index.php\/s\/SPA2jJaqZCXZ68k\/download\">SALARIO, REMUNERACI\u00d3N, EMPLEO Y PROMEDIOS SALARIALES DEL SECTOR P\u00daBLICO 1996 -2008<\/a><\/li>\n<\/ul>\n<\/div>[vc_empty_space][\/vc_column][\/vc_row]<\/p>\n","protected":false},"excerpt":{"rendered":"<p>[vc_row][vc_column][vc_empty_space][vc_column_text] Publicaciones [\/vc_column_text][vc_empty_space][\/vc_column][\/vc_row]<\/p>\n","protected":false},"author":3,"featured_media":0,"parent":36802,"menu_order":0,"comment_status":"closed","ping_status":"closed","template":"","meta":[],"class_list":["post-53550","page","type-page","status-publish","hentry","description-off"],"yoast_head":"<!-- This site is optimized with the Yoast SEO plugin v23.2 - https:\/\/yoast.com\/wordpress\/plugins\/seo\/ -->\n<title>Salarios, Remuneraciones y Empleo Sector P\u00fablico - INE<\/title>\n<meta name=\"description\" content=\"P\u00e1gina oficial del Instituto Nacional de Estadisticas INE, informaci\u00f3n estad\u00edstica, geogr\u00e1fica y econ\u00f3mica a nivel nacional.\" \/>\n<meta name=\"robots\" content=\"index, follow, max-snippet:-1, max-image-preview:large, max-video-preview:-1\" \/>\n<link rel=\"canonical\" href=\"https:\/\/www.ine.gob.bo\/index.php\/estadisticas-economicas\/salarios-remuneraciones-y-empleo-sector-publico-publicaciones\/\" \/>\n<meta property=\"og:locale\" content=\"es_ES\" \/>\n<meta property=\"og:type\" content=\"article\" \/>\n<meta property=\"og:title\" content=\"Salarios, Remuneraciones y Empleo Sector P\u00fablico - INE\" \/>\n<meta property=\"og:description\" content=\"P\u00e1gina oficial del Instituto Nacional de Estadisticas INE, informaci\u00f3n estad\u00edstica, geogr\u00e1fica y econ\u00f3mica a nivel nacional.\" \/>\n<meta property=\"og:url\" content=\"https:\/\/www.ine.gob.bo\/index.php\/estadisticas-economicas\/salarios-remuneraciones-y-empleo-sector-publico-publicaciones\/\" \/>\n<meta property=\"og:site_name\" content=\"INE\" \/>\n<meta property=\"article:publisher\" content=\"https:\/\/www.facebook.com\/ineboliviaoficial\" \/>\n<meta property=\"article:modified_time\" content=\"2026-02-04T21:04:24+00:00\" \/>\n<meta name=\"twitter:card\" content=\"summary_large_image\" \/>\n<meta name=\"twitter:site\" content=\"@INE_Bolivia\" \/>\n<meta name=\"twitter:label1\" content=\"Tiempo de lectura\" \/>\n\t<meta name=\"twitter:data1\" content=\"1 minuto\" \/>\n<script type=\"application\/ld+json\" class=\"yoast-schema-graph\">{\"@context\":\"https:\/\/schema.org\",\"@graph\":[{\"@type\":\"WebPage\",\"@id\":\"https:\/\/www.ine.gob.bo\/index.php\/estadisticas-economicas\/salarios-remuneraciones-y-empleo-sector-publico-publicaciones\/\",\"url\":\"https:\/\/www.ine.gob.bo\/index.php\/estadisticas-economicas\/salarios-remuneraciones-y-empleo-sector-publico-publicaciones\/\",\"name\":\"Salarios, Remuneraciones y Empleo Sector P\u00fablico - INE\",\"isPartOf\":{\"@id\":\"https:\/\/www.ine.gob.bo\/#website\"},\"datePublished\":\"2021-07-01T14:35:09+00:00\",\"dateModified\":\"2026-02-04T21:04:24+00:00\",\"description\":\"P\u00e1gina oficial del Instituto Nacional de Estadisticas INE, informaci\u00f3n estad\u00edstica, geogr\u00e1fica y econ\u00f3mica a nivel nacional.\",\"breadcrumb\":{\"@id\":\"https:\/\/www.ine.gob.bo\/index.php\/estadisticas-economicas\/salarios-remuneraciones-y-empleo-sector-publico-publicaciones\/#breadcrumb\"},\"inLanguage\":\"es\",\"potentialAction\":[{\"@type\":\"ReadAction\",\"target\":[\"https:\/\/www.ine.gob.bo\/index.php\/estadisticas-economicas\/salarios-remuneraciones-y-empleo-sector-publico-publicaciones\/\"]}]},{\"@type\":\"BreadcrumbList\",\"@id\":\"https:\/\/www.ine.gob.bo\/index.php\/estadisticas-economicas\/salarios-remuneraciones-y-empleo-sector-publico-publicaciones\/#breadcrumb\",\"itemListElement\":[{\"@type\":\"ListItem\",\"position\":1,\"name\":\"Portada\",\"item\":\"https:\/\/www.ine.gob.bo\/\"},{\"@type\":\"ListItem\",\"position\":2,\"name\":\"Estad\u00edsticas econ\u00f3micas\",\"item\":\"https:\/\/www.ine.gob.bo\/index.php\/estadisticas-economicas\/\"},{\"@type\":\"ListItem\",\"position\":3,\"name\":\"Salarios, Remuneraciones y Empleo Sector P\u00fablico\"}]},{\"@type\":\"WebSite\",\"@id\":\"https:\/\/www.ine.gob.bo\/#website\",\"url\":\"https:\/\/www.ine.gob.bo\/\",\"name\":\"INE\",\"description\":\"Instituto Nacional de Estad\u00edstica\",\"publisher\":{\"@id\":\"https:\/\/www.ine.gob.bo\/#organization\"},\"potentialAction\":[{\"@type\":\"SearchAction\",\"target\":{\"@type\":\"EntryPoint\",\"urlTemplate\":\"https:\/\/www.ine.gob.bo\/?s={search_term_string}\"},\"query-input\":\"required name=search_term_string\"}],\"inLanguage\":\"es\"},{\"@type\":\"Organization\",\"@id\":\"https:\/\/www.ine.gob.bo\/#organization\",\"name\":\"Instituto Nacional de Estad\u00edstica\",\"url\":\"https:\/\/www.ine.gob.bo\/\",\"logo\":{\"@type\":\"ImageObject\",\"inLanguage\":\"es\",\"@id\":\"https:\/\/www.ine.gob.bo\/#\/schema\/logo\/image\/\",\"url\":\"https:\/\/www.ine.gob.bo\/wp-content\/uploads\/2026\/02\/logo-ine.jpg\",\"contentUrl\":\"https:\/\/www.ine.gob.bo\/wp-content\/uploads\/2026\/02\/logo-ine.jpg\",\"width\":799,\"height\":453,\"caption\":\"Instituto Nacional de Estad\u00edstica\"},\"image\":{\"@id\":\"https:\/\/www.ine.gob.bo\/#\/schema\/logo\/image\/\"},\"sameAs\":[\"https:\/\/www.facebook.com\/ineboliviaoficial\",\"https:\/\/x.com\/INE_Bolivia\",\"https:\/\/www.instagram.com\/ineboliviaoficial\/\",\"https:\/\/www.youtube.com\/channel\/UCbIQXKLw414g5kWo1tAwqCg\"]}]}<\/script>\n<!-- \/ Yoast SEO plugin. -->","yoast_head_json":{"title":"Salarios, Remuneraciones y Empleo Sector P\u00fablico - INE","description":"P\u00e1gina oficial del Instituto Nacional de Estadisticas INE, informaci\u00f3n estad\u00edstica, geogr\u00e1fica y econ\u00f3mica a nivel nacional.","robots":{"index":"index","follow":"follow","max-snippet":"max-snippet:-1","max-image-preview":"max-image-preview:large","max-video-preview":"max-video-preview:-1"},"canonical":"https:\/\/www.ine.gob.bo\/index.php\/estadisticas-economicas\/salarios-remuneraciones-y-empleo-sector-publico-publicaciones\/","og_locale":"es_ES","og_type":"article","og_title":"Salarios, Remuneraciones y Empleo Sector P\u00fablico - INE","og_description":"P\u00e1gina oficial del Instituto Nacional de Estadisticas INE, informaci\u00f3n estad\u00edstica, geogr\u00e1fica y econ\u00f3mica a nivel nacional.","og_url":"https:\/\/www.ine.gob.bo\/index.php\/estadisticas-economicas\/salarios-remuneraciones-y-empleo-sector-publico-publicaciones\/","og_site_name":"INE","article_publisher":"https:\/\/www.facebook.com\/ineboliviaoficial","article_modified_time":"2026-02-04T21:04:24+00:00","twitter_card":"summary_large_image","twitter_site":"@INE_Bolivia","twitter_misc":{"Tiempo de lectura":"1 minuto"},"schema":{"@context":"https:\/\/schema.org","@graph":[{"@type":"WebPage","@id":"https:\/\/www.ine.gob.bo\/index.php\/estadisticas-economicas\/salarios-remuneraciones-y-empleo-sector-publico-publicaciones\/","url":"https:\/\/www.ine.gob.bo\/index.php\/estadisticas-economicas\/salarios-remuneraciones-y-empleo-sector-publico-publicaciones\/","name":"Salarios, Remuneraciones y Empleo Sector P\u00fablico - INE","isPartOf":{"@id":"https:\/\/www.ine.gob.bo\/#website"},"datePublished":"2021-07-01T14:35:09+00:00","dateModified":"2026-02-04T21:04:24+00:00","description":"P\u00e1gina oficial del Instituto Nacional de Estadisticas INE, informaci\u00f3n estad\u00edstica, geogr\u00e1fica y econ\u00f3mica a nivel nacional.","breadcrumb":{"@id":"https:\/\/www.ine.gob.bo\/index.php\/estadisticas-economicas\/salarios-remuneraciones-y-empleo-sector-publico-publicaciones\/#breadcrumb"},"inLanguage":"es","potentialAction":[{"@type":"ReadAction","target":["https:\/\/www.ine.gob.bo\/index.php\/estadisticas-economicas\/salarios-remuneraciones-y-empleo-sector-publico-publicaciones\/"]}]},{"@type":"BreadcrumbList","@id":"https:\/\/www.ine.gob.bo\/index.php\/estadisticas-economicas\/salarios-remuneraciones-y-empleo-sector-publico-publicaciones\/#breadcrumb","itemListElement":[{"@type":"ListItem","position":1,"name":"Portada","item":"https:\/\/www.ine.gob.bo\/"},{"@type":"ListItem","position":2,"name":"Estad\u00edsticas econ\u00f3micas","item":"https:\/\/www.ine.gob.bo\/index.php\/estadisticas-economicas\/"},{"@type":"ListItem","position":3,"name":"Salarios, Remuneraciones y Empleo Sector P\u00fablico"}]},{"@type":"WebSite","@id":"https:\/\/www.ine.gob.bo\/#website","url":"https:\/\/www.ine.gob.bo\/","name":"INE","description":"Instituto Nacional de Estad\u00edstica","publisher":{"@id":"https:\/\/www.ine.gob.bo\/#organization"},"potentialAction":[{"@type":"SearchAction","target":{"@type":"EntryPoint","urlTemplate":"https:\/\/www.ine.gob.bo\/?s={search_term_string}"},"query-input":"required name=search_term_string"}],"inLanguage":"es"},{"@type":"Organization","@id":"https:\/\/www.ine.gob.bo\/#organization","name":"Instituto Nacional de Estad\u00edstica","url":"https:\/\/www.ine.gob.bo\/","logo":{"@type":"ImageObject","inLanguage":"es","@id":"https:\/\/www.ine.gob.bo\/#\/schema\/logo\/image\/","url":"https:\/\/www.ine.gob.bo\/wp-content\/uploads\/2026\/02\/logo-ine.jpg","contentUrl":"https:\/\/www.ine.gob.bo\/wp-content\/uploads\/2026\/02\/logo-ine.jpg","width":799,"height":453,"caption":"Instituto Nacional de Estad\u00edstica"},"image":{"@id":"https:\/\/www.ine.gob.bo\/#\/schema\/logo\/image\/"},"sameAs":["https:\/\/www.facebook.com\/ineboliviaoficial","https:\/\/x.com\/INE_Bolivia","https:\/\/www.instagram.com\/ineboliviaoficial\/","https:\/\/www.youtube.com\/channel\/UCbIQXKLw414g5kWo1tAwqCg"]}]}},"rttpg_featured_image_url":null,"rttpg_author":{"display_name":"Roberto Pablo Intimayta Llanque","author_link":"https:\/\/www.ine.gob.bo\/index.php\/author\/rintimayta\/"},"rttpg_comment":0,"rttpg_category":null,"rttpg_excerpt":"[vc_row][vc_column][vc_empty_space][vc_column_text] Publicaciones [\/vc_column_text][vc_empty_space][\/vc_column][\/vc_row]","_links":{"self":[{"href":"https:\/\/www.ine.gob.bo\/index.php\/wp-json\/wp\/v2\/pages\/53550","targetHints":{"allow":["GET"]}}],"collection":[{"href":"https:\/\/www.ine.gob.bo\/index.php\/wp-json\/wp\/v2\/pages"}],"about":[{"href":"https:\/\/www.ine.gob.bo\/index.php\/wp-json\/wp\/v2\/types\/page"}],"author":[{"embeddable":true,"href":"https:\/\/www.ine.gob.bo\/index.php\/wp-json\/wp\/v2\/users\/3"}],"replies":[{"embeddable":true,"href":"https:\/\/www.ine.gob.bo\/index.php\/wp-json\/wp\/v2\/comments?post=53550"}],"version-history":[{"count":0,"href":"https:\/\/www.ine.gob.bo\/index.php\/wp-json\/wp\/v2\/pages\/53550\/revisions"}],"up":[{"embeddable":true,"href":"https:\/\/www.ine.gob.bo\/index.php\/wp-json\/wp\/v2\/pages\/36802"}],"wp:attachment":[{"href":"https:\/\/www.ine.gob.bo\/index.php\/wp-json\/wp\/v2\/media?parent=53550"}],"curies":[{"name":"wp","href":"https:\/\/api.w.org\/{rel}","templated":true}]}}