{"id":48602,"date":"2020-09-04T09:29:01","date_gmt":"2020-09-04T13:29:01","guid":{"rendered":"https:\/\/www.ine.gob.bo\/?page_id=48602"},"modified":"2025-12-30T11:54:12","modified_gmt":"2025-12-30T15:54:12","slug":"ciudadania","status":"publish","type":"page","link":"https:\/\/www.ine.gob.bo\/index.php\/estadisticas-sociales\/ciudadania\/","title":{"rendered":"Ciudadan\u00eda"},"content":{"rendered":"<p>[vc_row][vc_column][vc_empty_space]<div class=\"standard-arrow list-divider bullet-top\"><h4>Censos de Poblaci\u00f3n y Vivienda<\/h4>\n<h4>Ciudadan\u00eda<\/h4>\n<ul>\n<li><a href=\"https:\/\/nimbus.ine.gob.bo\/index.php\/s\/W2bLcHnE5Lm9SjQ\" target=\"_blank\" rel=\"noopener\">BOLIVIA: NACIMIENTOS INSCRITOS EN EL REGISTRO CIVIL Y TENENCIA DE C\u00c9DULA DE IDENTIDAD POR SEXO, SEG\u00daN DEPARTAMENTO, PROVINCIA, MUNICIPIO O TERRITORIO IND\u00cdGENA ORIGINARIO CAMPESINO (TIOC) Y \u00c1REA, CENSO 2024<\/a><\/li>\n<li><a href=\"https:\/\/nimbus.ine.gob.bo\/index.php\/s\/SyNGxgHnWdxB8r3\" target=\"_blank\" rel=\"noopener\">BOLIVIA: NACIMIENTOS INSCRITOS EN EL REGISTRO CIVIL POR SEXO, SEG\u00daN DEPARTAMENTO, PROVINCIA, MUNICIPIO O TERRITORIO IND\u00cdGENA ORIGINARIO CAMPESINO (TIOC) Y \u00c1REA, CENSOS 2001, 2012 Y 2024<\/a><\/li>\n<li><a href=\"https:\/\/nimbus.ine.gob.bo\/index.php\/s\/cqAfqSnamw4WJze\" target=\"_blank\" rel=\"noopener\">BOLIVIA: NACIMIENTOS INSCRITOS EN EL REGISTRO CIVIL POR SEXO, SEG\u00daN DEPARTAMENTO, PROVINCIA, MUNICIPIO O TERRITORIO IND\u00cdGENA ORIGINARIO CAMPESINO (TIOC) Y \u00c1REA, CENSOS 2001, 2012 Y 2024<\/a><\/li>\n<li><a href=\"https:\/\/nimbus.ine.gob.bo\/index.php\/s\/zXtpoEX3MW6QJSq\" target=\"_blank\" rel=\"noopener\">BOLIVIA: POBLACI\u00d3N POR TENENCIA DE C\u00c9DULA DE IDENTIDAD POR SEXO, SEG\u00daN DEPARTAMENTO, PROVINCIA, MUNICIPIO O TERRITORIO IND\u00cdGENA ORIGINARIO CAMPESINO (TIOC) Y \u00c1REA, CENSOS 2012 Y 2024<\/a><\/li>\n<li><a href=\"https:\/\/nimbus.ine.gob.bo\/index.php\/s\/TDyiQGsbqLZNyoG\" target=\"_blank\" rel=\"noopener\">BOLIVIA: POBLACI\u00d3N POR TENENCIA DE C\u00c9DULA DE IDENTIDAD POR SEXO, SEG\u00daN DEPARTAMENTO, PROVINCIA, MUNICIPIO O TERRITORIO IND\u00cdGENA ORIGINARIO CAMPESINO (TIOC) Y \u00c1REA, CENSOS 2012 Y 2024<\/a><\/li>\n<li><a href=\"https:\/\/nimbus.ine.gob.bo\/index.php\/s\/jAWmpD39xWBXxZc\" target=\"_blank\" rel=\"noopener\">GLOSARIO Y FICHA T\u00c9CNICA<\/a><\/li>\n<\/ul>\n<\/div>[\/vc_column][\/vc_row]<\/p>\n","protected":false},"excerpt":{"rendered":"<p>[vc_row][vc_column][vc_empty_space][\/vc_column][\/vc_row]<\/p>\n","protected":false},"author":3,"featured_media":0,"parent":36792,"menu_order":0,"comment_status":"closed","ping_status":"closed","template":"","meta":[],"class_list":["post-48602","page","type-page","status-publish","hentry","description-off"],"yoast_head":"<!-- This site is optimized with the Yoast SEO plugin v23.2 - https:\/\/yoast.com\/wordpress\/plugins\/seo\/ -->\n<title>Ciudadan\u00eda - INE<\/title>\n<meta name=\"description\" content=\"P\u00e1gina oficial del Instituto Nacional de Estadisticas INE, informaci\u00f3n estad\u00edstica, geogr\u00e1fica y econ\u00f3mica a nivel nacional.\" \/>\n<meta name=\"robots\" content=\"index, follow, max-snippet:-1, max-image-preview:large, max-video-preview:-1\" \/>\n<link rel=\"canonical\" href=\"https:\/\/www.ine.gob.bo\/index.php\/estadisticas-sociales\/ciudadania\/\" \/>\n<meta property=\"og:locale\" content=\"es_ES\" \/>\n<meta property=\"og:type\" content=\"article\" \/>\n<meta property=\"og:title\" content=\"Ciudadan\u00eda - INE\" \/>\n<meta property=\"og:description\" content=\"P\u00e1gina oficial del Instituto Nacional de Estadisticas INE, informaci\u00f3n estad\u00edstica, geogr\u00e1fica y econ\u00f3mica a nivel nacional.\" \/>\n<meta property=\"og:url\" content=\"https:\/\/www.ine.gob.bo\/index.php\/estadisticas-sociales\/ciudadania\/\" \/>\n<meta property=\"og:site_name\" content=\"INE\" \/>\n<meta property=\"article:publisher\" content=\"https:\/\/www.facebook.com\/ineboliviaoficial\" \/>\n<meta property=\"article:modified_time\" content=\"2025-12-30T15:54:12+00:00\" \/>\n<meta name=\"twitter:card\" content=\"summary_large_image\" \/>\n<meta name=\"twitter:site\" content=\"@INE_Bolivia\" \/>\n<meta name=\"twitter:label1\" content=\"Tiempo de lectura\" \/>\n\t<meta name=\"twitter:data1\" content=\"1 minuto\" \/>\n<script type=\"application\/ld+json\" class=\"yoast-schema-graph\">{\"@context\":\"https:\/\/schema.org\",\"@graph\":[{\"@type\":\"WebPage\",\"@id\":\"https:\/\/www.ine.gob.bo\/index.php\/estadisticas-sociales\/ciudadania\/\",\"url\":\"https:\/\/www.ine.gob.bo\/index.php\/estadisticas-sociales\/ciudadania\/\",\"name\":\"Ciudadan\u00eda - INE\",\"isPartOf\":{\"@id\":\"https:\/\/www.ine.gob.bo\/#website\"},\"datePublished\":\"2020-09-04T13:29:01+00:00\",\"dateModified\":\"2025-12-30T15:54:12+00:00\",\"description\":\"P\u00e1gina oficial del Instituto Nacional de Estadisticas INE, informaci\u00f3n estad\u00edstica, geogr\u00e1fica y econ\u00f3mica a nivel nacional.\",\"breadcrumb\":{\"@id\":\"https:\/\/www.ine.gob.bo\/index.php\/estadisticas-sociales\/ciudadania\/#breadcrumb\"},\"inLanguage\":\"es\",\"potentialAction\":[{\"@type\":\"ReadAction\",\"target\":[\"https:\/\/www.ine.gob.bo\/index.php\/estadisticas-sociales\/ciudadania\/\"]}]},{\"@type\":\"BreadcrumbList\",\"@id\":\"https:\/\/www.ine.gob.bo\/index.php\/estadisticas-sociales\/ciudadania\/#breadcrumb\",\"itemListElement\":[{\"@type\":\"ListItem\",\"position\":1,\"name\":\"Portada\",\"item\":\"https:\/\/www.ine.gob.bo\/\"},{\"@type\":\"ListItem\",\"position\":2,\"name\":\"Estad\u00edsticas sociales\",\"item\":\"https:\/\/www.ine.gob.bo\/index.php\/estadisticas-sociales\/\"},{\"@type\":\"ListItem\",\"position\":3,\"name\":\"Ciudadan\u00eda\"}]},{\"@type\":\"WebSite\",\"@id\":\"https:\/\/www.ine.gob.bo\/#website\",\"url\":\"https:\/\/www.ine.gob.bo\/\",\"name\":\"INE\",\"description\":\"Instituto Nacional de Estad\u00edstica\",\"publisher\":{\"@id\":\"https:\/\/www.ine.gob.bo\/#organization\"},\"potentialAction\":[{\"@type\":\"SearchAction\",\"target\":{\"@type\":\"EntryPoint\",\"urlTemplate\":\"https:\/\/www.ine.gob.bo\/?s={search_term_string}\"},\"query-input\":\"required name=search_term_string\"}],\"inLanguage\":\"es\"},{\"@type\":\"Organization\",\"@id\":\"https:\/\/www.ine.gob.bo\/#organization\",\"name\":\"Instituto Nacional de Estad\u00edstica\",\"url\":\"https:\/\/www.ine.gob.bo\/\",\"logo\":{\"@type\":\"ImageObject\",\"inLanguage\":\"es\",\"@id\":\"https:\/\/www.ine.gob.bo\/#\/schema\/logo\/image\/\",\"url\":\"https:\/\/www.ine.gob.bo\/wp-content\/uploads\/2026\/02\/logo-ine.jpg\",\"contentUrl\":\"https:\/\/www.ine.gob.bo\/wp-content\/uploads\/2026\/02\/logo-ine.jpg\",\"width\":799,\"height\":453,\"caption\":\"Instituto Nacional de Estad\u00edstica\"},\"image\":{\"@id\":\"https:\/\/www.ine.gob.bo\/#\/schema\/logo\/image\/\"},\"sameAs\":[\"https:\/\/www.facebook.com\/ineboliviaoficial\",\"https:\/\/x.com\/INE_Bolivia\",\"https:\/\/www.instagram.com\/ineboliviaoficial\/\",\"https:\/\/www.youtube.com\/channel\/UCbIQXKLw414g5kWo1tAwqCg\"]}]}<\/script>\n<!-- \/ Yoast SEO plugin. -->","yoast_head_json":{"title":"Ciudadan\u00eda - INE","description":"P\u00e1gina oficial del Instituto Nacional de Estadisticas INE, informaci\u00f3n estad\u00edstica, geogr\u00e1fica y econ\u00f3mica a nivel nacional.","robots":{"index":"index","follow":"follow","max-snippet":"max-snippet:-1","max-image-preview":"max-image-preview:large","max-video-preview":"max-video-preview:-1"},"canonical":"https:\/\/www.ine.gob.bo\/index.php\/estadisticas-sociales\/ciudadania\/","og_locale":"es_ES","og_type":"article","og_title":"Ciudadan\u00eda - INE","og_description":"P\u00e1gina oficial del Instituto Nacional de Estadisticas INE, informaci\u00f3n estad\u00edstica, geogr\u00e1fica y econ\u00f3mica a nivel nacional.","og_url":"https:\/\/www.ine.gob.bo\/index.php\/estadisticas-sociales\/ciudadania\/","og_site_name":"INE","article_publisher":"https:\/\/www.facebook.com\/ineboliviaoficial","article_modified_time":"2025-12-30T15:54:12+00:00","twitter_card":"summary_large_image","twitter_site":"@INE_Bolivia","twitter_misc":{"Tiempo de lectura":"1 minuto"},"schema":{"@context":"https:\/\/schema.org","@graph":[{"@type":"WebPage","@id":"https:\/\/www.ine.gob.bo\/index.php\/estadisticas-sociales\/ciudadania\/","url":"https:\/\/www.ine.gob.bo\/index.php\/estadisticas-sociales\/ciudadania\/","name":"Ciudadan\u00eda - INE","isPartOf":{"@id":"https:\/\/www.ine.gob.bo\/#website"},"datePublished":"2020-09-04T13:29:01+00:00","dateModified":"2025-12-30T15:54:12+00:00","description":"P\u00e1gina oficial del Instituto Nacional de Estadisticas INE, informaci\u00f3n estad\u00edstica, geogr\u00e1fica y econ\u00f3mica a nivel nacional.","breadcrumb":{"@id":"https:\/\/www.ine.gob.bo\/index.php\/estadisticas-sociales\/ciudadania\/#breadcrumb"},"inLanguage":"es","potentialAction":[{"@type":"ReadAction","target":["https:\/\/www.ine.gob.bo\/index.php\/estadisticas-sociales\/ciudadania\/"]}]},{"@type":"BreadcrumbList","@id":"https:\/\/www.ine.gob.bo\/index.php\/estadisticas-sociales\/ciudadania\/#breadcrumb","itemListElement":[{"@type":"ListItem","position":1,"name":"Portada","item":"https:\/\/www.ine.gob.bo\/"},{"@type":"ListItem","position":2,"name":"Estad\u00edsticas sociales","item":"https:\/\/www.ine.gob.bo\/index.php\/estadisticas-sociales\/"},{"@type":"ListItem","position":3,"name":"Ciudadan\u00eda"}]},{"@type":"WebSite","@id":"https:\/\/www.ine.gob.bo\/#website","url":"https:\/\/www.ine.gob.bo\/","name":"INE","description":"Instituto Nacional de Estad\u00edstica","publisher":{"@id":"https:\/\/www.ine.gob.bo\/#organization"},"potentialAction":[{"@type":"SearchAction","target":{"@type":"EntryPoint","urlTemplate":"https:\/\/www.ine.gob.bo\/?s={search_term_string}"},"query-input":"required name=search_term_string"}],"inLanguage":"es"},{"@type":"Organization","@id":"https:\/\/www.ine.gob.bo\/#organization","name":"Instituto Nacional de Estad\u00edstica","url":"https:\/\/www.ine.gob.bo\/","logo":{"@type":"ImageObject","inLanguage":"es","@id":"https:\/\/www.ine.gob.bo\/#\/schema\/logo\/image\/","url":"https:\/\/www.ine.gob.bo\/wp-content\/uploads\/2026\/02\/logo-ine.jpg","contentUrl":"https:\/\/www.ine.gob.bo\/wp-content\/uploads\/2026\/02\/logo-ine.jpg","width":799,"height":453,"caption":"Instituto Nacional de Estad\u00edstica"},"image":{"@id":"https:\/\/www.ine.gob.bo\/#\/schema\/logo\/image\/"},"sameAs":["https:\/\/www.facebook.com\/ineboliviaoficial","https:\/\/x.com\/INE_Bolivia","https:\/\/www.instagram.com\/ineboliviaoficial\/","https:\/\/www.youtube.com\/channel\/UCbIQXKLw414g5kWo1tAwqCg"]}]}},"rttpg_featured_image_url":null,"rttpg_author":{"display_name":"Roberto Pablo Intimayta Llanque","author_link":"https:\/\/www.ine.gob.bo\/index.php\/author\/rintimayta\/"},"rttpg_comment":0,"rttpg_category":null,"rttpg_excerpt":"[vc_row][vc_column][vc_empty_space][\/vc_column][\/vc_row]","_links":{"self":[{"href":"https:\/\/www.ine.gob.bo\/index.php\/wp-json\/wp\/v2\/pages\/48602","targetHints":{"allow":["GET"]}}],"collection":[{"href":"https:\/\/www.ine.gob.bo\/index.php\/wp-json\/wp\/v2\/pages"}],"about":[{"href":"https:\/\/www.ine.gob.bo\/index.php\/wp-json\/wp\/v2\/types\/page"}],"author":[{"embeddable":true,"href":"https:\/\/www.ine.gob.bo\/index.php\/wp-json\/wp\/v2\/users\/3"}],"replies":[{"embeddable":true,"href":"https:\/\/www.ine.gob.bo\/index.php\/wp-json\/wp\/v2\/comments?post=48602"}],"version-history":[{"count":0,"href":"https:\/\/www.ine.gob.bo\/index.php\/wp-json\/wp\/v2\/pages\/48602\/revisions"}],"up":[{"embeddable":true,"href":"https:\/\/www.ine.gob.bo\/index.php\/wp-json\/wp\/v2\/pages\/36792"}],"wp:attachment":[{"href":"https:\/\/www.ine.gob.bo\/index.php\/wp-json\/wp\/v2\/media?parent=48602"}],"curies":[{"name":"wp","href":"https:\/\/api.w.org\/{rel}","templated":true}]}}