{"id":48148,"date":"2020-07-07T07:46:21","date_gmt":"2020-07-07T11:46:21","guid":{"rendered":"https:\/\/www.ine.gob.bo\/?page_id=48148"},"modified":"2020-07-07T07:46:54","modified_gmt":"2020-07-07T11:46:54","slug":"pobreza-y-desigualdad-actualizacion-lineas-de-pobreza","status":"publish","type":"page","link":"https:\/\/www.ine.gob.bo\/index.php\/estadisticas-economicas\/pobreza-y-desigualdad-actualizacion-lineas-de-pobreza\/","title":{"rendered":"Pobreza y Desigualdad"},"content":{"rendered":"<p>[vc_row][vc_column][vc_empty_space][vc_column_text]<\/p>\n<h3>Actualizaci\u00f3n L\u00edneas de Pobreza<\/h3>\n<p>[\/vc_column_text][vc_column_text]A continuaci\u00f3n, se presentan los documentos t\u00e9cnicos y archivos \u00a0relacionados con la actualizaci\u00f3n de l\u00edneas de pobreza con base a la Encuesta de Presupuestos Familiares 2015-2016.<\/p>\n<p>&nbsp;<\/p>\n<table>\n<tbody>\n<tr>\n<td><a href=\"https:\/\/inecloud.ine.gob.bo\/owncloud\/index.php\/s\/rGVVAaWAzD4tJsB\/download\"><em>Nota t\u00e9cnica P02\/2020, 10- 07-2020<\/em><\/a><\/td>\n<td>Nota t\u00e9cnica que presenta un resumen de la actualizaci\u00f3n del valor de\u00a0 las Canastas B\u00e1sicas de Alimentos con base a la Encuesta de Presupuestos Familiares 2015-2016.<\/td>\n<\/tr>\n<tr>\n<td><a href=\"https:\/\/inecloud.ine.gob.bo\/owncloud\/index.php\/s\/sUglNLRbvg2sZMt\/download\"><em>Base<\/em><em><u>s de datos ajustadas para el c\u00e1lculo de l\u00edneas de pobreza <\/u><\/em><\/a><\/td>\n<td>Archivos en formato SPSS que contienen las <strong>bases de datos ajustadas <\/strong>\u00a0de la Encuesta de Presupuestos Familiares 2015-2016.<\/p>\n<p>Para conocer otros aspectos referidos a metadatos visitar: ENCUESTA DE PRESUPUESTOS FAMILIARES 2015-2016<\/td>\n<\/tr>\n<tr>\n<td><a href=\"https:\/\/inecloud.ine.gob.bo\/owncloud\/index.php\/s\/sUglNLRbvg2sZMt\/download\"><em>Sintaxis para el c\u00e1lculo de l\u00edneas de pobreza <\/em><\/a><\/td>\n<td>Archivo en formato SPSS que contienen l\u00edneas de comando para <strong>calcular las l\u00edneas de pobreza<\/strong> con base a la Encuesta de Presupuestos Familiares 2015-2016.<\/td>\n<\/tr>\n<tr>\n<td><a href=\"#\"><em><u>Documento metodol\u00f3gico de c\u00e1lculo de l\u00edneas de pobreza<\/u><\/em><\/a><\/td>\n<td>Documento que presenta aspectos t\u00e9cnicos sobre la <strong>actualizaci\u00f3n del valor de\u00a0 las Canastas B\u00e1sicas de Alimentos<\/strong> con base a la Encuesta de Presupuestos Familiares 2015-2016 y sobre la actualizaci\u00f3n en el tiempo.<\/td>\n<\/tr>\n<\/tbody>\n<\/table>\n<p>[\/vc_column_text][vc_column_text]Para mayor detalle sobre los instrumentos de la operaci\u00f3n estad\u00edstica se recomienda revisar la documentaci\u00f3n correspondiente del Cat\u00e1logo de Metadatos y Microdatos del archivo central de datos ANDA.[\/vc_column_text][\/vc_column][\/vc_row]<\/p>\n","protected":false},"excerpt":{"rendered":"<p>[vc_row][vc_column][vc_empty_space][vc_column_text] Actualizaci\u00f3n L\u00edneas de Pobreza [\/vc_column_text][vc_column_text]A continuaci\u00f3n, se presentan los documentos t\u00e9cnicos y archivos \u00a0relacionados con la actualizaci\u00f3n de l\u00edneas de pobreza con base a la Encuesta de Presupuestos Familiares 2015-2016. &nbsp; Nota t\u00e9cnica P02\/2020, 10- 07-2020 Nota t\u00e9cnica que presenta un resumen de la actualizaci\u00f3n del valor de\u00a0 las Canastas B\u00e1sicas de Alimentos con&hellip;<\/p>\n","protected":false},"author":3,"featured_media":0,"parent":36802,"menu_order":0,"comment_status":"closed","ping_status":"closed","template":"","meta":[],"class_list":["post-48148","page","type-page","status-publish","hentry","description-off"],"yoast_head":"<!-- This site is optimized with the Yoast SEO plugin v23.2 - https:\/\/yoast.com\/wordpress\/plugins\/seo\/ -->\n<title>Pobreza y Desigualdad - INE<\/title>\n<meta name=\"description\" content=\"P\u00e1gina oficial del Instituto Nacional de Estadisticas INE, informaci\u00f3n estad\u00edstica, geogr\u00e1fica y econ\u00f3mica a nivel nacional.\" \/>\n<meta name=\"robots\" content=\"index, follow, max-snippet:-1, max-image-preview:large, max-video-preview:-1\" \/>\n<link rel=\"canonical\" href=\"https:\/\/www.ine.gob.bo\/index.php\/estadisticas-economicas\/pobreza-y-desigualdad-actualizacion-lineas-de-pobreza\/\" \/>\n<meta property=\"og:locale\" content=\"es_ES\" \/>\n<meta property=\"og:type\" content=\"article\" \/>\n<meta property=\"og:title\" content=\"Pobreza y Desigualdad - INE\" \/>\n<meta property=\"og:description\" content=\"P\u00e1gina oficial del Instituto Nacional de Estadisticas INE, informaci\u00f3n estad\u00edstica, geogr\u00e1fica y econ\u00f3mica a nivel nacional.\" \/>\n<meta property=\"og:url\" content=\"https:\/\/www.ine.gob.bo\/index.php\/estadisticas-economicas\/pobreza-y-desigualdad-actualizacion-lineas-de-pobreza\/\" \/>\n<meta property=\"og:site_name\" content=\"INE\" \/>\n<meta property=\"article:publisher\" content=\"https:\/\/www.facebook.com\/ineboliviaoficial\" \/>\n<meta property=\"article:modified_time\" content=\"2020-07-07T11:46:54+00:00\" \/>\n<meta name=\"twitter:card\" content=\"summary_large_image\" \/>\n<meta name=\"twitter:site\" content=\"@INE_Bolivia\" \/>\n<meta name=\"twitter:label1\" content=\"Tiempo de lectura\" \/>\n\t<meta name=\"twitter:data1\" content=\"1 minuto\" \/>\n<script type=\"application\/ld+json\" class=\"yoast-schema-graph\">{\"@context\":\"https:\/\/schema.org\",\"@graph\":[{\"@type\":\"WebPage\",\"@id\":\"https:\/\/www.ine.gob.bo\/index.php\/estadisticas-economicas\/pobreza-y-desigualdad-actualizacion-lineas-de-pobreza\/\",\"url\":\"https:\/\/www.ine.gob.bo\/index.php\/estadisticas-economicas\/pobreza-y-desigualdad-actualizacion-lineas-de-pobreza\/\",\"name\":\"Pobreza y Desigualdad - INE\",\"isPartOf\":{\"@id\":\"https:\/\/www.ine.gob.bo\/#website\"},\"datePublished\":\"2020-07-07T11:46:21+00:00\",\"dateModified\":\"2020-07-07T11:46:54+00:00\",\"description\":\"P\u00e1gina oficial del Instituto Nacional de Estadisticas INE, informaci\u00f3n estad\u00edstica, geogr\u00e1fica y econ\u00f3mica a nivel nacional.\",\"breadcrumb\":{\"@id\":\"https:\/\/www.ine.gob.bo\/index.php\/estadisticas-economicas\/pobreza-y-desigualdad-actualizacion-lineas-de-pobreza\/#breadcrumb\"},\"inLanguage\":\"es\",\"potentialAction\":[{\"@type\":\"ReadAction\",\"target\":[\"https:\/\/www.ine.gob.bo\/index.php\/estadisticas-economicas\/pobreza-y-desigualdad-actualizacion-lineas-de-pobreza\/\"]}]},{\"@type\":\"BreadcrumbList\",\"@id\":\"https:\/\/www.ine.gob.bo\/index.php\/estadisticas-economicas\/pobreza-y-desigualdad-actualizacion-lineas-de-pobreza\/#breadcrumb\",\"itemListElement\":[{\"@type\":\"ListItem\",\"position\":1,\"name\":\"Portada\",\"item\":\"https:\/\/www.ine.gob.bo\/\"},{\"@type\":\"ListItem\",\"position\":2,\"name\":\"Estad\u00edsticas econ\u00f3micas\",\"item\":\"https:\/\/www.ine.gob.bo\/index.php\/estadisticas-economicas\/\"},{\"@type\":\"ListItem\",\"position\":3,\"name\":\"Pobreza y Desigualdad\"}]},{\"@type\":\"WebSite\",\"@id\":\"https:\/\/www.ine.gob.bo\/#website\",\"url\":\"https:\/\/www.ine.gob.bo\/\",\"name\":\"INE\",\"description\":\"Instituto Nacional de Estad\u00edstica\",\"publisher\":{\"@id\":\"https:\/\/www.ine.gob.bo\/#organization\"},\"potentialAction\":[{\"@type\":\"SearchAction\",\"target\":{\"@type\":\"EntryPoint\",\"urlTemplate\":\"https:\/\/www.ine.gob.bo\/?s={search_term_string}\"},\"query-input\":\"required name=search_term_string\"}],\"inLanguage\":\"es\"},{\"@type\":\"Organization\",\"@id\":\"https:\/\/www.ine.gob.bo\/#organization\",\"name\":\"Instituto Nacional de Estad\u00edstica\",\"url\":\"https:\/\/www.ine.gob.bo\/\",\"logo\":{\"@type\":\"ImageObject\",\"inLanguage\":\"es\",\"@id\":\"https:\/\/www.ine.gob.bo\/#\/schema\/logo\/image\/\",\"url\":\"https:\/\/www.ine.gob.bo\/wp-content\/uploads\/2026\/02\/logo-ine.jpg\",\"contentUrl\":\"https:\/\/www.ine.gob.bo\/wp-content\/uploads\/2026\/02\/logo-ine.jpg\",\"width\":799,\"height\":453,\"caption\":\"Instituto Nacional de Estad\u00edstica\"},\"image\":{\"@id\":\"https:\/\/www.ine.gob.bo\/#\/schema\/logo\/image\/\"},\"sameAs\":[\"https:\/\/www.facebook.com\/ineboliviaoficial\",\"https:\/\/x.com\/INE_Bolivia\",\"https:\/\/www.instagram.com\/ineboliviaoficial\/\",\"https:\/\/www.youtube.com\/channel\/UCbIQXKLw414g5kWo1tAwqCg\"]}]}<\/script>\n<!-- \/ Yoast SEO plugin. -->","yoast_head_json":{"title":"Pobreza y Desigualdad - INE","description":"P\u00e1gina oficial del Instituto Nacional de Estadisticas INE, informaci\u00f3n estad\u00edstica, geogr\u00e1fica y econ\u00f3mica a nivel nacional.","robots":{"index":"index","follow":"follow","max-snippet":"max-snippet:-1","max-image-preview":"max-image-preview:large","max-video-preview":"max-video-preview:-1"},"canonical":"https:\/\/www.ine.gob.bo\/index.php\/estadisticas-economicas\/pobreza-y-desigualdad-actualizacion-lineas-de-pobreza\/","og_locale":"es_ES","og_type":"article","og_title":"Pobreza y Desigualdad - INE","og_description":"P\u00e1gina oficial del Instituto Nacional de Estadisticas INE, informaci\u00f3n estad\u00edstica, geogr\u00e1fica y econ\u00f3mica a nivel nacional.","og_url":"https:\/\/www.ine.gob.bo\/index.php\/estadisticas-economicas\/pobreza-y-desigualdad-actualizacion-lineas-de-pobreza\/","og_site_name":"INE","article_publisher":"https:\/\/www.facebook.com\/ineboliviaoficial","article_modified_time":"2020-07-07T11:46:54+00:00","twitter_card":"summary_large_image","twitter_site":"@INE_Bolivia","twitter_misc":{"Tiempo de lectura":"1 minuto"},"schema":{"@context":"https:\/\/schema.org","@graph":[{"@type":"WebPage","@id":"https:\/\/www.ine.gob.bo\/index.php\/estadisticas-economicas\/pobreza-y-desigualdad-actualizacion-lineas-de-pobreza\/","url":"https:\/\/www.ine.gob.bo\/index.php\/estadisticas-economicas\/pobreza-y-desigualdad-actualizacion-lineas-de-pobreza\/","name":"Pobreza y Desigualdad - INE","isPartOf":{"@id":"https:\/\/www.ine.gob.bo\/#website"},"datePublished":"2020-07-07T11:46:21+00:00","dateModified":"2020-07-07T11:46:54+00:00","description":"P\u00e1gina oficial del Instituto Nacional de Estadisticas INE, informaci\u00f3n estad\u00edstica, geogr\u00e1fica y econ\u00f3mica a nivel nacional.","breadcrumb":{"@id":"https:\/\/www.ine.gob.bo\/index.php\/estadisticas-economicas\/pobreza-y-desigualdad-actualizacion-lineas-de-pobreza\/#breadcrumb"},"inLanguage":"es","potentialAction":[{"@type":"ReadAction","target":["https:\/\/www.ine.gob.bo\/index.php\/estadisticas-economicas\/pobreza-y-desigualdad-actualizacion-lineas-de-pobreza\/"]}]},{"@type":"BreadcrumbList","@id":"https:\/\/www.ine.gob.bo\/index.php\/estadisticas-economicas\/pobreza-y-desigualdad-actualizacion-lineas-de-pobreza\/#breadcrumb","itemListElement":[{"@type":"ListItem","position":1,"name":"Portada","item":"https:\/\/www.ine.gob.bo\/"},{"@type":"ListItem","position":2,"name":"Estad\u00edsticas econ\u00f3micas","item":"https:\/\/www.ine.gob.bo\/index.php\/estadisticas-economicas\/"},{"@type":"ListItem","position":3,"name":"Pobreza y Desigualdad"}]},{"@type":"WebSite","@id":"https:\/\/www.ine.gob.bo\/#website","url":"https:\/\/www.ine.gob.bo\/","name":"INE","description":"Instituto Nacional de Estad\u00edstica","publisher":{"@id":"https:\/\/www.ine.gob.bo\/#organization"},"potentialAction":[{"@type":"SearchAction","target":{"@type":"EntryPoint","urlTemplate":"https:\/\/www.ine.gob.bo\/?s={search_term_string}"},"query-input":"required name=search_term_string"}],"inLanguage":"es"},{"@type":"Organization","@id":"https:\/\/www.ine.gob.bo\/#organization","name":"Instituto Nacional de Estad\u00edstica","url":"https:\/\/www.ine.gob.bo\/","logo":{"@type":"ImageObject","inLanguage":"es","@id":"https:\/\/www.ine.gob.bo\/#\/schema\/logo\/image\/","url":"https:\/\/www.ine.gob.bo\/wp-content\/uploads\/2026\/02\/logo-ine.jpg","contentUrl":"https:\/\/www.ine.gob.bo\/wp-content\/uploads\/2026\/02\/logo-ine.jpg","width":799,"height":453,"caption":"Instituto Nacional de Estad\u00edstica"},"image":{"@id":"https:\/\/www.ine.gob.bo\/#\/schema\/logo\/image\/"},"sameAs":["https:\/\/www.facebook.com\/ineboliviaoficial","https:\/\/x.com\/INE_Bolivia","https:\/\/www.instagram.com\/ineboliviaoficial\/","https:\/\/www.youtube.com\/channel\/UCbIQXKLw414g5kWo1tAwqCg"]}]}},"rttpg_featured_image_url":null,"rttpg_author":{"display_name":"Roberto Pablo Intimayta Llanque","author_link":"https:\/\/www.ine.gob.bo\/index.php\/author\/rintimayta\/"},"rttpg_comment":0,"rttpg_category":null,"rttpg_excerpt":"[vc_row][vc_column][vc_empty_space][vc_column_text] Actualizaci\u00f3n L\u00edneas de Pobreza [\/vc_column_text][vc_column_text]A continuaci\u00f3n, se presentan los documentos t\u00e9cnicos y archivos \u00a0relacionados con la actualizaci\u00f3n de l\u00edneas de pobreza con base a la Encuesta de Presupuestos Familiares 2015-2016. &nbsp; Nota t\u00e9cnica P02\/2020, 10- 07-2020 Nota t\u00e9cnica que presenta un resumen de la actualizaci\u00f3n del valor de\u00a0 las Canastas B\u00e1sicas de Alimentos con&hellip;","_links":{"self":[{"href":"https:\/\/www.ine.gob.bo\/index.php\/wp-json\/wp\/v2\/pages\/48148","targetHints":{"allow":["GET"]}}],"collection":[{"href":"https:\/\/www.ine.gob.bo\/index.php\/wp-json\/wp\/v2\/pages"}],"about":[{"href":"https:\/\/www.ine.gob.bo\/index.php\/wp-json\/wp\/v2\/types\/page"}],"author":[{"embeddable":true,"href":"https:\/\/www.ine.gob.bo\/index.php\/wp-json\/wp\/v2\/users\/3"}],"replies":[{"embeddable":true,"href":"https:\/\/www.ine.gob.bo\/index.php\/wp-json\/wp\/v2\/comments?post=48148"}],"version-history":[{"count":0,"href":"https:\/\/www.ine.gob.bo\/index.php\/wp-json\/wp\/v2\/pages\/48148\/revisions"}],"up":[{"embeddable":true,"href":"https:\/\/www.ine.gob.bo\/index.php\/wp-json\/wp\/v2\/pages\/36802"}],"wp:attachment":[{"href":"https:\/\/www.ine.gob.bo\/index.php\/wp-json\/wp\/v2\/media?parent=48148"}],"curies":[{"name":"wp","href":"https:\/\/api.w.org\/{rel}","templated":true}]}}