{"id":47861,"date":"2020-06-25T08:47:46","date_gmt":"2020-06-25T12:47:46","guid":{"rendered":"https:\/\/www.ine.gob.bo\/?page_id=47861"},"modified":"2026-03-23T15:03:55","modified_gmt":"2026-03-23T19:03:55","slug":"estadisticas-de-flujo-de-visitantes-cuadros-estadisticos","status":"publish","type":"page","link":"https:\/\/www.ine.gob.bo\/index.php\/estadisticas-economicas\/turismo\/estadisticas-de-flujo-de-visitantes-cuadros-estadisticos\/","title":{"rendered":"Estad\u00edsticas de Flujo de Visitantes"},"content":{"rendered":"<p>[vc_row][vc_column][vc_empty_space][vc_column_text]<\/p>\n<h3>Cuadros Estad\u00edsticos<\/h3>\n<p>[\/vc_column_text]<div class=\"standard-arrow list-divider bullet-top\"><h4>Cuadros Estad\u00edsticos Mensuales<\/h4>\n<ul>\n<li><a href=\"https:\/\/nube.ine.gob.bo\/index.php\/s\/gkCjJ0Qtk3pV6Ip\/download\">Bolivia-Llegada de Visitantes Internacionales, Por Modo de Transporte y Tipo de Visitante Seg\u00fan A\u00f1o y Mes 2008 &#8211; 2026<\/a><\/li>\n<li><a href=\"https:\/\/nube.ine.gob.bo\/index.php\/s\/jhxyjklvDl1gkEk\/download\">Bolivia-Llegada de Visitantes Internacionales, V\u00eda A\u00e9rea Por Aeropuerto y Tipo de Visitante, Seg\u00fan A\u00f1o y Mes 2008 &#8211; 2026<\/a><\/li>\n<li><a href=\"https:\/\/nube.ine.gob.bo\/index.php\/s\/prTn3iaHFUknQ1i\/download\">Bolivia-Llegada de Visitantes Internacionales, V\u00eda Carretera Por Puesto Fronterizo y Tipo de Visitante Seg\u00fan A\u00f1o y Mes 2008 &#8211; 2026<\/a><\/li>\n<li><a href=\"https:\/\/nube.ine.gob.bo\/index.php\/s\/1TYrTr0xywl3Oye\/download\">Bolivia-Llegada de Visitantes Internacionales, Seg\u00fan Nacionalidad, Por A\u00f1o y Mes 2008 &#8211; 2026<\/a><\/li>\n<li><a href=\"https:\/\/nube.ine.gob.bo\/index.php\/s\/SheQvKO5etDvUqI\/download\">Bolivia-Llegada de Visitantes Internacionales V\u00eda A\u00e9rea, Seg\u00fan Nacionalidad, Por A\u00f1o y Mes 2008 &#8211; 2026<\/a><\/li>\n<li><a href=\"https:\/\/nube.ine.gob.bo\/index.php\/s\/gFexp5ehR3S2ZyL\/download\">Bolivia-Llegada de Visitantes Internacionales V\u00eda Carretera, Seg\u00fan Nacionalidad, Por A\u00f1o y Mes 2008 &#8211; 2026<\/a><\/li>\n<li><a href=\"https:\/\/nube.ine.gob.bo\/index.php\/s\/1NvxmdGFbtEqY9V\/download\">Bolivia-Llegada de Visitantes Internacionales, Por Modo de Transporte, Sexo y Tipo de Viajero Seg\u00fan A\u00f1o y Mes 2019 -2026<\/a><\/li>\n<li><a href=\"https:\/\/nube.ine.gob.bo\/index.php\/s\/L8qI22SOzNy4kzl\/download\">Bolivia-Salida de Visitantes Internacionales, Por Modo de Transporte y Tipo de Visitante Seg\u00fan A\u00f1o y Mes 2008 &#8211; 2026<\/a><\/li>\n<li><a href=\"https:\/\/nube.ine.gob.bo\/index.php\/s\/nun70BcTN01Df8n\/download\">Bolivia-Salida de Visitantes Internacionales V\u00eda A\u00e9rea, Por Aeropuerto y Tipo de Visitante, Seg\u00fan A\u00f1o y Mes 2008 &#8211; 2026<\/a><\/li>\n<li><a href=\"https:\/\/nube.ine.gob.bo\/index.php\/s\/Rxchzdz4fY8kKNb\/download\">Bolivia-Salida de Visitantes Internacionales V\u00eda Carretera, Por Puesto Fronterizo y Tipo de Visitante, Seg\u00fan A\u00f1o y Mes, 2008 &#8211; 2026<\/a><\/li>\n<li><a href=\"https:\/\/nube.ine.gob.bo\/index.php\/s\/YX6SKYfGXayt8Cd\/download\">Bolivia-Salida de Visitantes Internacionales, Seg\u00fan Nacionalidad, Por A\u00f1o y Mes 2008 &#8211; 2026<\/a><\/li>\n<li><a href=\"https:\/\/nube.ine.gob.bo\/index.php\/s\/TjaSJLJ9KWkq1Jc\/download\">Bolivia-Salida de Visitantes Internacionales V\u00eda A\u00e9rea, Seg\u00fan Nacionalidad, Por A\u00f1o y Mes 2008 &#8211; 2026<\/a><\/li>\n<li><a href=\"https:\/\/nube.ine.gob.bo\/index.php\/s\/lanU5AHvyDgOWRO\/download\">Bolivia-Salida de Visitantes Internacionales V\u00eda Carretera, Seg\u00fan Nacionalidad, Por A\u00f1o y Mes 2008 &#8211; 2026<\/a><\/li>\n<li><a href=\"https:\/\/nube.ine.gob.bo\/index.php\/s\/JC61CgOPaZ66cPG\/download\">Bolivia-Salida de Visitantes Internacionales, Por Modo de Transporte, Sexo y Tipo de Viajero Seg\u00fan A\u00f1o y Mes 2019 -2026<\/a><\/li>\n<\/ul>\n<h4>Cuadros Estad\u00edsticos Anuales<\/h4>\n<ul>\n<li><a href=\"https:\/\/nube.ine.gob.bo\/index.php\/s\/mmYe1SEYPUQeDDr\/download\">Bolivia-Llegada de Visitantes Internacionales, Seg\u00fan Modo de Transporte y Tipo de Visitante Por A\u00f1o, 2008-2024<\/a><\/li>\n<li><a href=\"https:\/\/nube.ine.gob.bo\/index.php\/s\/GA6SWYOGGW7Yhs8\/download\">Bolivia-Llegada de Visitantes Internacionales V\u00eda A\u00e9rea, Seg\u00fan Aeropuerto y Tipo de Visitante Por A\u00f1o, 2008-2024<\/a><\/li>\n<li><a href=\"https:\/\/nube.ine.gob.bo\/index.php\/s\/ujdyzhaILkK9nT8\/download\">Bolivia-Llegada de Visitantes Internacionales V\u00eda Carretera, Seg\u00fan Puesto Fronterizo y Tipo de Visitante Por A\u00f1o, 2008-2024<\/a><\/li>\n<li><a href=\"https:\/\/nube.ine.gob.bo\/index.php\/s\/8L4mFob07dJzwne\/download\">Bolivia-Llegada de Visitantes Internacionales, Seg\u00fan Nacionalidad Por A\u00f1o, 2008 -2024<\/a><\/li>\n<li><a href=\"https:\/\/nube.ine.gob.bo\/index.php\/s\/EdWxnfE806zKn3K\/download\">Bolivia-Llegada de Visitantes Internacionales V\u00eda A\u00e9rea, Seg\u00fan Nacionalidad Por A\u00f1o, 2008 -2024<\/a><\/li>\n<li><a href=\"https:\/\/nube.ine.gob.bo\/index.php\/s\/SVnugGwmEgzICZU\/download\">Bolivia-Llegada de Visitantes Internacionales V\u00eda Carretera, Seg\u00fan Nacionalidad Por A\u00f1o, 2008 -2024<\/a><\/li>\n<li><a href=\"https:\/\/nube.ine.gob.bo\/index.php\/s\/5FAeBHK6krFiFzI\/download\">Bolivia-Salida de Visitantes Internacionales, Seg\u00fan Modo de Transporte y Tipo de Visitante Por A\u00f1o, 2008-2024<\/a><\/li>\n<li><a href=\"https:\/\/nube.ine.gob.bo\/index.php\/s\/6r4PSIAkIg62GIW\/download\">Bolivia-Salida de Visitantes Internacionales V\u00eda A\u00e9rea, Seg\u00fan Aeropuerto y Tipo de Visitante Por A\u00f1o, 2008-2024<\/a><\/li>\n<li><a href=\"https:\/\/nube.ine.gob.bo\/index.php\/s\/FRqNqbNtIQYfGTT\/download\">Bolivia-Salida de Visitantes Internacionales V\u00eda Carretera, Seg\u00fan Puesto Fronterizo y Tipo de Visitante Por A\u00f1o, 2008-2024<\/a><\/li>\n<li><a href=\"https:\/\/nube.ine.gob.bo\/index.php\/s\/eo4gkS4wxX9wCwQ\/download\">Bolivia-Salida de Visitantes Internacionales, Seg\u00fan Nacionalidad Por A\u00f1o, 2008-2024<\/a><\/li>\n<li><a href=\"https:\/\/nube.ine.gob.bo\/index.php\/s\/TOflisnMtDtxNxO\/download\">Bolivia-Salida de Visitantes Internacionales V\u00eda A\u00e9rea, Seg\u00fan Nacionalidad Por A\u00f1o, 2008-2024<\/a><\/li>\n<li><a href=\"https:\/\/nube.ine.gob.bo\/index.php\/s\/aEqn9BhujpALfVw\/download\">Bolivia-Salida de Visitantes Internacionales V\u00eda Carretera, Seg\u00fan Nacionalidad Por A\u00f1o, 2008-2024<\/a><\/li>\n<\/ul>\n<\/div>[vc_empty_space][\/vc_column][\/vc_row]<\/p>\n","protected":false},"excerpt":{"rendered":"<p>[vc_row][vc_column][vc_empty_space][vc_column_text] Cuadros Estad\u00edsticos [\/vc_column_text][vc_empty_space][\/vc_column][\/vc_row]<\/p>\n","protected":false},"author":3,"featured_media":0,"parent":37345,"menu_order":0,"comment_status":"closed","ping_status":"closed","template":"","meta":[],"class_list":["post-47861","page","type-page","status-publish","hentry","description-off"],"yoast_head":"<!-- This site is optimized with the Yoast SEO plugin v23.2 - https:\/\/yoast.com\/wordpress\/plugins\/seo\/ -->\n<title>Estad\u00edsticas de Flujo de Visitantes - INE<\/title>\n<meta name=\"description\" content=\"P\u00e1gina oficial del Instituto Nacional de Estadisticas INE, informaci\u00f3n estad\u00edstica, geogr\u00e1fica y econ\u00f3mica a nivel nacional.\" \/>\n<meta name=\"robots\" content=\"index, follow, max-snippet:-1, max-image-preview:large, max-video-preview:-1\" \/>\n<link rel=\"canonical\" href=\"https:\/\/www.ine.gob.bo\/index.php\/estadisticas-economicas\/turismo\/estadisticas-de-flujo-de-visitantes-cuadros-estadisticos\/\" \/>\n<meta property=\"og:locale\" content=\"es_ES\" \/>\n<meta property=\"og:type\" content=\"article\" \/>\n<meta property=\"og:title\" content=\"Estad\u00edsticas de Flujo de Visitantes - INE\" \/>\n<meta property=\"og:description\" content=\"P\u00e1gina oficial del Instituto Nacional de Estadisticas INE, informaci\u00f3n estad\u00edstica, geogr\u00e1fica y econ\u00f3mica a nivel nacional.\" \/>\n<meta property=\"og:url\" content=\"https:\/\/www.ine.gob.bo\/index.php\/estadisticas-economicas\/turismo\/estadisticas-de-flujo-de-visitantes-cuadros-estadisticos\/\" \/>\n<meta property=\"og:site_name\" content=\"INE\" \/>\n<meta property=\"article:publisher\" content=\"https:\/\/www.facebook.com\/ineboliviaoficial\" \/>\n<meta property=\"article:modified_time\" content=\"2026-03-23T19:03:55+00:00\" \/>\n<meta name=\"twitter:card\" content=\"summary_large_image\" \/>\n<meta name=\"twitter:site\" content=\"@INE_Bolivia\" \/>\n<meta name=\"twitter:label1\" content=\"Tiempo de lectura\" \/>\n\t<meta name=\"twitter:data1\" content=\"2 minutos\" \/>\n<script type=\"application\/ld+json\" class=\"yoast-schema-graph\">{\"@context\":\"https:\/\/schema.org\",\"@graph\":[{\"@type\":\"WebPage\",\"@id\":\"https:\/\/www.ine.gob.bo\/index.php\/estadisticas-economicas\/turismo\/estadisticas-de-flujo-de-visitantes-cuadros-estadisticos\/\",\"url\":\"https:\/\/www.ine.gob.bo\/index.php\/estadisticas-economicas\/turismo\/estadisticas-de-flujo-de-visitantes-cuadros-estadisticos\/\",\"name\":\"Estad\u00edsticas de Flujo de Visitantes - INE\",\"isPartOf\":{\"@id\":\"https:\/\/www.ine.gob.bo\/#website\"},\"datePublished\":\"2020-06-25T12:47:46+00:00\",\"dateModified\":\"2026-03-23T19:03:55+00:00\",\"description\":\"P\u00e1gina oficial del Instituto Nacional de Estadisticas INE, informaci\u00f3n estad\u00edstica, geogr\u00e1fica y econ\u00f3mica a nivel nacional.\",\"breadcrumb\":{\"@id\":\"https:\/\/www.ine.gob.bo\/index.php\/estadisticas-economicas\/turismo\/estadisticas-de-flujo-de-visitantes-cuadros-estadisticos\/#breadcrumb\"},\"inLanguage\":\"es\",\"potentialAction\":[{\"@type\":\"ReadAction\",\"target\":[\"https:\/\/www.ine.gob.bo\/index.php\/estadisticas-economicas\/turismo\/estadisticas-de-flujo-de-visitantes-cuadros-estadisticos\/\"]}]},{\"@type\":\"BreadcrumbList\",\"@id\":\"https:\/\/www.ine.gob.bo\/index.php\/estadisticas-economicas\/turismo\/estadisticas-de-flujo-de-visitantes-cuadros-estadisticos\/#breadcrumb\",\"itemListElement\":[{\"@type\":\"ListItem\",\"position\":1,\"name\":\"Portada\",\"item\":\"https:\/\/www.ine.gob.bo\/\"},{\"@type\":\"ListItem\",\"position\":2,\"name\":\"Estad\u00edsticas econ\u00f3micas\",\"item\":\"https:\/\/www.ine.gob.bo\/index.php\/estadisticas-economicas\/\"},{\"@type\":\"ListItem\",\"position\":3,\"name\":\"Turismo\",\"item\":\"https:\/\/www.ine.gob.bo\/index.php\/estadisticas-economicas\/turismo\/\"},{\"@type\":\"ListItem\",\"position\":4,\"name\":\"Estad\u00edsticas de Flujo de Visitantes\"}]},{\"@type\":\"WebSite\",\"@id\":\"https:\/\/www.ine.gob.bo\/#website\",\"url\":\"https:\/\/www.ine.gob.bo\/\",\"name\":\"INE\",\"description\":\"Instituto Nacional de Estad\u00edstica\",\"publisher\":{\"@id\":\"https:\/\/www.ine.gob.bo\/#organization\"},\"potentialAction\":[{\"@type\":\"SearchAction\",\"target\":{\"@type\":\"EntryPoint\",\"urlTemplate\":\"https:\/\/www.ine.gob.bo\/?s={search_term_string}\"},\"query-input\":\"required name=search_term_string\"}],\"inLanguage\":\"es\"},{\"@type\":\"Organization\",\"@id\":\"https:\/\/www.ine.gob.bo\/#organization\",\"name\":\"Instituto Nacional de Estad\u00edstica\",\"url\":\"https:\/\/www.ine.gob.bo\/\",\"logo\":{\"@type\":\"ImageObject\",\"inLanguage\":\"es\",\"@id\":\"https:\/\/www.ine.gob.bo\/#\/schema\/logo\/image\/\",\"url\":\"https:\/\/www.ine.gob.bo\/wp-content\/uploads\/2026\/02\/logo-ine.jpg\",\"contentUrl\":\"https:\/\/www.ine.gob.bo\/wp-content\/uploads\/2026\/02\/logo-ine.jpg\",\"width\":799,\"height\":453,\"caption\":\"Instituto Nacional de Estad\u00edstica\"},\"image\":{\"@id\":\"https:\/\/www.ine.gob.bo\/#\/schema\/logo\/image\/\"},\"sameAs\":[\"https:\/\/www.facebook.com\/ineboliviaoficial\",\"https:\/\/x.com\/INE_Bolivia\",\"https:\/\/www.instagram.com\/ineboliviaoficial\/\",\"https:\/\/www.youtube.com\/channel\/UCbIQXKLw414g5kWo1tAwqCg\"]}]}<\/script>\n<!-- \/ Yoast SEO plugin. -->","yoast_head_json":{"title":"Estad\u00edsticas de Flujo de Visitantes - INE","description":"P\u00e1gina oficial del Instituto Nacional de Estadisticas INE, informaci\u00f3n estad\u00edstica, geogr\u00e1fica y econ\u00f3mica a nivel nacional.","robots":{"index":"index","follow":"follow","max-snippet":"max-snippet:-1","max-image-preview":"max-image-preview:large","max-video-preview":"max-video-preview:-1"},"canonical":"https:\/\/www.ine.gob.bo\/index.php\/estadisticas-economicas\/turismo\/estadisticas-de-flujo-de-visitantes-cuadros-estadisticos\/","og_locale":"es_ES","og_type":"article","og_title":"Estad\u00edsticas de Flujo de Visitantes - INE","og_description":"P\u00e1gina oficial del Instituto Nacional de Estadisticas INE, informaci\u00f3n estad\u00edstica, geogr\u00e1fica y econ\u00f3mica a nivel nacional.","og_url":"https:\/\/www.ine.gob.bo\/index.php\/estadisticas-economicas\/turismo\/estadisticas-de-flujo-de-visitantes-cuadros-estadisticos\/","og_site_name":"INE","article_publisher":"https:\/\/www.facebook.com\/ineboliviaoficial","article_modified_time":"2026-03-23T19:03:55+00:00","twitter_card":"summary_large_image","twitter_site":"@INE_Bolivia","twitter_misc":{"Tiempo de lectura":"2 minutos"},"schema":{"@context":"https:\/\/schema.org","@graph":[{"@type":"WebPage","@id":"https:\/\/www.ine.gob.bo\/index.php\/estadisticas-economicas\/turismo\/estadisticas-de-flujo-de-visitantes-cuadros-estadisticos\/","url":"https:\/\/www.ine.gob.bo\/index.php\/estadisticas-economicas\/turismo\/estadisticas-de-flujo-de-visitantes-cuadros-estadisticos\/","name":"Estad\u00edsticas de Flujo de Visitantes - INE","isPartOf":{"@id":"https:\/\/www.ine.gob.bo\/#website"},"datePublished":"2020-06-25T12:47:46+00:00","dateModified":"2026-03-23T19:03:55+00:00","description":"P\u00e1gina oficial del Instituto Nacional de Estadisticas INE, informaci\u00f3n estad\u00edstica, geogr\u00e1fica y econ\u00f3mica a nivel nacional.","breadcrumb":{"@id":"https:\/\/www.ine.gob.bo\/index.php\/estadisticas-economicas\/turismo\/estadisticas-de-flujo-de-visitantes-cuadros-estadisticos\/#breadcrumb"},"inLanguage":"es","potentialAction":[{"@type":"ReadAction","target":["https:\/\/www.ine.gob.bo\/index.php\/estadisticas-economicas\/turismo\/estadisticas-de-flujo-de-visitantes-cuadros-estadisticos\/"]}]},{"@type":"BreadcrumbList","@id":"https:\/\/www.ine.gob.bo\/index.php\/estadisticas-economicas\/turismo\/estadisticas-de-flujo-de-visitantes-cuadros-estadisticos\/#breadcrumb","itemListElement":[{"@type":"ListItem","position":1,"name":"Portada","item":"https:\/\/www.ine.gob.bo\/"},{"@type":"ListItem","position":2,"name":"Estad\u00edsticas econ\u00f3micas","item":"https:\/\/www.ine.gob.bo\/index.php\/estadisticas-economicas\/"},{"@type":"ListItem","position":3,"name":"Turismo","item":"https:\/\/www.ine.gob.bo\/index.php\/estadisticas-economicas\/turismo\/"},{"@type":"ListItem","position":4,"name":"Estad\u00edsticas de Flujo de Visitantes"}]},{"@type":"WebSite","@id":"https:\/\/www.ine.gob.bo\/#website","url":"https:\/\/www.ine.gob.bo\/","name":"INE","description":"Instituto Nacional de Estad\u00edstica","publisher":{"@id":"https:\/\/www.ine.gob.bo\/#organization"},"potentialAction":[{"@type":"SearchAction","target":{"@type":"EntryPoint","urlTemplate":"https:\/\/www.ine.gob.bo\/?s={search_term_string}"},"query-input":"required name=search_term_string"}],"inLanguage":"es"},{"@type":"Organization","@id":"https:\/\/www.ine.gob.bo\/#organization","name":"Instituto Nacional de Estad\u00edstica","url":"https:\/\/www.ine.gob.bo\/","logo":{"@type":"ImageObject","inLanguage":"es","@id":"https:\/\/www.ine.gob.bo\/#\/schema\/logo\/image\/","url":"https:\/\/www.ine.gob.bo\/wp-content\/uploads\/2026\/02\/logo-ine.jpg","contentUrl":"https:\/\/www.ine.gob.bo\/wp-content\/uploads\/2026\/02\/logo-ine.jpg","width":799,"height":453,"caption":"Instituto Nacional de Estad\u00edstica"},"image":{"@id":"https:\/\/www.ine.gob.bo\/#\/schema\/logo\/image\/"},"sameAs":["https:\/\/www.facebook.com\/ineboliviaoficial","https:\/\/x.com\/INE_Bolivia","https:\/\/www.instagram.com\/ineboliviaoficial\/","https:\/\/www.youtube.com\/channel\/UCbIQXKLw414g5kWo1tAwqCg"]}]}},"rttpg_featured_image_url":null,"rttpg_author":{"display_name":"Roberto Pablo Intimayta Llanque","author_link":"https:\/\/www.ine.gob.bo\/index.php\/author\/rintimayta\/"},"rttpg_comment":0,"rttpg_category":null,"rttpg_excerpt":"[vc_row][vc_column][vc_empty_space][vc_column_text] Cuadros Estad\u00edsticos [\/vc_column_text][vc_empty_space][\/vc_column][\/vc_row]","_links":{"self":[{"href":"https:\/\/www.ine.gob.bo\/index.php\/wp-json\/wp\/v2\/pages\/47861","targetHints":{"allow":["GET"]}}],"collection":[{"href":"https:\/\/www.ine.gob.bo\/index.php\/wp-json\/wp\/v2\/pages"}],"about":[{"href":"https:\/\/www.ine.gob.bo\/index.php\/wp-json\/wp\/v2\/types\/page"}],"author":[{"embeddable":true,"href":"https:\/\/www.ine.gob.bo\/index.php\/wp-json\/wp\/v2\/users\/3"}],"replies":[{"embeddable":true,"href":"https:\/\/www.ine.gob.bo\/index.php\/wp-json\/wp\/v2\/comments?post=47861"}],"version-history":[{"count":1,"href":"https:\/\/www.ine.gob.bo\/index.php\/wp-json\/wp\/v2\/pages\/47861\/revisions"}],"predecessor-version":[{"id":73452,"href":"https:\/\/www.ine.gob.bo\/index.php\/wp-json\/wp\/v2\/pages\/47861\/revisions\/73452"}],"up":[{"embeddable":true,"href":"https:\/\/www.ine.gob.bo\/index.php\/wp-json\/wp\/v2\/pages\/37345"}],"wp:attachment":[{"href":"https:\/\/www.ine.gob.bo\/index.php\/wp-json\/wp\/v2\/media?parent=47861"}],"curies":[{"name":"wp","href":"https:\/\/api.w.org\/{rel}","templated":true}]}}