{"id":47846,"date":"2020-06-25T07:52:13","date_gmt":"2020-06-25T11:52:13","guid":{"rendered":"https:\/\/www.ine.gob.bo\/?page_id=47846"},"modified":"2020-10-27T18:29:09","modified_gmt":"2020-10-27T22:29:09","slug":"estadisticas-de-flujo-de-viajeros-metadatos","status":"publish","type":"page","link":"https:\/\/www.ine.gob.bo\/index.php\/estadisticas-economicas\/turismo\/estadisticas-de-flujo-de-viajeros-metadatos\/","title":{"rendered":"ESTAD\u00cdSTICAS DE VIAJEROS INTERNACIONALES"},"content":{"rendered":"<p>[vc_row][vc_column][vc_empty_space][vc_column_text]<\/p>\n<h3>Ficha T\u00e9cnica<\/h3>\n<p>[\/vc_column_text]<div class=\"standard-arrow list-divider bullet-top\"><ul>\n<li><a class=\"wpfd_downloadlink\" title=\"Ficha T\u00e9cnica - Viajeros\" href=\"https:\/\/www.ine.gob.bo\/index.php\/descarga\/577\/ficha-tecnica\/47692\/ficha-tecnica-viajeros.pdf\">Ficha T\u00e9cnica &#8211; Viajeros<\/a><\/li>\n<\/ul>\n<\/div><div class=\"standard-arrow list-divider bullet-top\"><h3>Metadatos<\/h3>\n<h4>Encuestas<\/h4>\n<ul>\n<li><a href=\"http:\/\/anda4.ine.gob.bo\/ANDA4_2\/index.php\/catalog\/198\" target=\"_blank\" rel=\"noopener noreferrer\">Encuesta Gasto del Turismo Receptor y Emisor 2010\u00a0<i class=\"fa fa-external-link\" aria-hidden=\"true\"><\/i><\/a><\/li>\n<li><a href=\"http:\/\/anda4.ine.gob.bo\/ANDA4_2\/index.php\/catalog\/201\" target=\"_blank\" rel=\"noopener noreferrer\">Estad\u00edsticas de Gasto Tur\u00edstico, 1999 \u2013 2013\u00a0<i class=\"fa fa-external-link\" aria-hidden=\"true\"><\/i><\/a><\/li>\n<li><a href=\"http:\/\/anda4.ine.gob.bo\/ANDA4_2\/index.php\/catalog\/200\" target=\"_blank\" rel=\"noopener noreferrer\">Encuesta a Agencia de Viajes y Operadores de Turismo, Gesti\u00f3n 2009\u00a0<i class=\"fa fa-external-link\" aria-hidden=\"true\"><\/i><\/a><\/li>\n<li><a href=\"http:\/\/anda4.ine.gob.bo\/ANDA4_2\/index.php\/catalog\/198\" target=\"_blank\" rel=\"noopener noreferrer\">Encuesta Gasto del Turismo Receptor y Emisor, Temporada Alta y Baja \u2013 2010\u00a0<i class=\"fa fa-external-link\" aria-hidden=\"true\"><\/i><\/a><\/li>\n<li><a href=\"http:\/\/anda4.ine.gob.bo\/ANDA4_2\/index.php\/catalog\/261\" target=\"_blank\" rel=\"noopener noreferrer\">Encuesta Gasto del Turismo Receptor y Emisor, 2007, Temporada Alta y Baja\u00a0<i class=\"fa fa-external-link\" aria-hidden=\"true\"><\/i><\/a><\/li>\n<li><a href=\"http:\/\/anda4.ine.gob.bo\/ANDA4_2\/index.php\/catalog\/278\" target=\"_blank\" rel=\"noopener noreferrer\">Encuesta a Establecimientos de Hospedaje, Gesti\u00f3n 2009<i class=\"fa fa-external-link\" aria-hidden=\"true\"><\/i><\/a><\/li>\n<\/ul>\n<h4>Registros<\/h4>\n<ul>\n<li><a href=\"http:\/\/anda4.ine.gob.bo\/ANDA4_2\/index.php\/catalog\/193\" target=\"_blank\" rel=\"noopener noreferrer\">Registro Administrativo de Viajeros Internacionales Provenientes de la Tarjeta de Migraci\u00f3n de Bolivia.2009\u00a0<i class=\"fa fa-external-link\" aria-hidden=\"true\"><\/i><\/a><\/li>\n<li><a href=\"http:\/\/anda4.ine.gob.bo\/ANDA4_2\/index.php\/catalog\/218\" target=\"_blank\" rel=\"noopener noreferrer\">Registro de Flujo de Viajeros Internacionales por Modo de Transporte Ferroviario, Serie 2009-2013\u00a0<i class=\"fa fa-external-link\" aria-hidden=\"true\"><\/i><\/a><\/li>\n<li><a href=\"http:\/\/anda4.ine.gob.bo\/ANDA4_2\/index.php\/catalog\/219\" target=\"_blank\" rel=\"noopener noreferrer\">Registro de Flujo de Viajeros Internacionales por Modo de Transporte Fluvial-Lacustre, Serie 2009-2013\u00a0<i class=\"fa fa-external-link\" aria-hidden=\"true\"><\/i><\/a><\/li>\n<li><a href=\"http:\/\/anda4.ine.gob.bo\/ANDA4_2\/index.php\/catalog\/217\" target=\"_blank\" rel=\"noopener noreferrer\">Registro Estad\u00edstico de Flujo de Viajeros Internacionales por Modo de Transporte Carretero, 2008 \u2013 2013\u00a0<i class=\"fa fa-external-link\" aria-hidden=\"true\"><\/i><\/a><\/li>\n<li><a href=\"http:\/\/anda4.ine.gob.bo\/ANDA4_2\/index.php\/catalog\/216\" target=\"_blank\" rel=\"noopener noreferrer\">Registro de Flujo de Viajeros Internacionales por Modo de Transporte A\u00e9reo, Serie 2009-2013\u00a0<i class=\"fa fa-external-link\" aria-hidden=\"true\"><\/i><\/a><\/li>\n<li><a href=\"http:\/\/anda4.ine.gob.bo\/ANDA4_2\/index.php\/catalog\/220\" target=\"_blank\" rel=\"noopener noreferrer\">Registro de Viajeros en Establecimientos de Hospedaje, Serie 2009 \u2013 2013\u00a0<i class=\"fa fa-external-link\" aria-hidden=\"true\"><\/i><\/a><\/li>\n<li><a href=\"http:\/\/anda4.ine.gob.bo\/ANDA4_2\/index.php\/catalog\/221\" target=\"_blank\" rel=\"noopener noreferrer\">\u00cdndice de Precios del Turismo, Serie 2001 \u2013 2013\u00a0<i class=\"fa fa-external-link\" aria-hidden=\"true\"><\/i><\/a><\/li>\n<\/ul>\n<\/div>[vc_empty_space][\/vc_column][\/vc_row]<\/p>\n","protected":false},"excerpt":{"rendered":"<p>[vc_row][vc_column][vc_empty_space][vc_column_text] Ficha T\u00e9cnica [\/vc_column_text][vc_empty_space][\/vc_column][\/vc_row]<\/p>\n","protected":false},"author":3,"featured_media":0,"parent":37345,"menu_order":0,"comment_status":"closed","ping_status":"closed","template":"","meta":[],"class_list":["post-47846","page","type-page","status-publish","hentry","description-off"],"yoast_head":"<!-- This site is optimized with the Yoast SEO plugin v23.2 - https:\/\/yoast.com\/wordpress\/plugins\/seo\/ -->\n<title>ESTAD\u00cdSTICAS DE VIAJEROS INTERNACIONALES - INE<\/title>\n<meta name=\"description\" content=\"P\u00e1gina oficial del Instituto Nacional de Estadisticas INE, informaci\u00f3n estad\u00edstica, geogr\u00e1fica y econ\u00f3mica a nivel nacional.\" \/>\n<meta name=\"robots\" content=\"index, follow, max-snippet:-1, max-image-preview:large, max-video-preview:-1\" \/>\n<link rel=\"canonical\" href=\"https:\/\/www.ine.gob.bo\/index.php\/estadisticas-economicas\/turismo\/estadisticas-de-flujo-de-viajeros-metadatos\/\" \/>\n<meta property=\"og:locale\" content=\"es_ES\" \/>\n<meta property=\"og:type\" content=\"article\" \/>\n<meta property=\"og:title\" content=\"ESTAD\u00cdSTICAS DE VIAJEROS INTERNACIONALES - INE\" \/>\n<meta property=\"og:description\" content=\"P\u00e1gina oficial del Instituto Nacional de Estadisticas INE, informaci\u00f3n estad\u00edstica, geogr\u00e1fica y econ\u00f3mica a nivel nacional.\" \/>\n<meta property=\"og:url\" content=\"https:\/\/www.ine.gob.bo\/index.php\/estadisticas-economicas\/turismo\/estadisticas-de-flujo-de-viajeros-metadatos\/\" \/>\n<meta property=\"og:site_name\" content=\"INE\" \/>\n<meta property=\"article:publisher\" content=\"https:\/\/www.facebook.com\/ineboliviaoficial\" \/>\n<meta property=\"article:modified_time\" content=\"2020-10-27T22:29:09+00:00\" \/>\n<meta name=\"twitter:card\" content=\"summary_large_image\" \/>\n<meta name=\"twitter:site\" content=\"@INE_Bolivia\" \/>\n<meta name=\"twitter:label1\" content=\"Tiempo de lectura\" \/>\n\t<meta name=\"twitter:data1\" content=\"1 minuto\" \/>\n<script type=\"application\/ld+json\" class=\"yoast-schema-graph\">{\"@context\":\"https:\/\/schema.org\",\"@graph\":[{\"@type\":\"WebPage\",\"@id\":\"https:\/\/www.ine.gob.bo\/index.php\/estadisticas-economicas\/turismo\/estadisticas-de-flujo-de-viajeros-metadatos\/\",\"url\":\"https:\/\/www.ine.gob.bo\/index.php\/estadisticas-economicas\/turismo\/estadisticas-de-flujo-de-viajeros-metadatos\/\",\"name\":\"ESTAD\u00cdSTICAS DE VIAJEROS INTERNACIONALES - INE\",\"isPartOf\":{\"@id\":\"https:\/\/www.ine.gob.bo\/#website\"},\"datePublished\":\"2020-06-25T11:52:13+00:00\",\"dateModified\":\"2020-10-27T22:29:09+00:00\",\"description\":\"P\u00e1gina oficial del Instituto Nacional de Estadisticas INE, informaci\u00f3n estad\u00edstica, geogr\u00e1fica y econ\u00f3mica a nivel nacional.\",\"breadcrumb\":{\"@id\":\"https:\/\/www.ine.gob.bo\/index.php\/estadisticas-economicas\/turismo\/estadisticas-de-flujo-de-viajeros-metadatos\/#breadcrumb\"},\"inLanguage\":\"es\",\"potentialAction\":[{\"@type\":\"ReadAction\",\"target\":[\"https:\/\/www.ine.gob.bo\/index.php\/estadisticas-economicas\/turismo\/estadisticas-de-flujo-de-viajeros-metadatos\/\"]}]},{\"@type\":\"BreadcrumbList\",\"@id\":\"https:\/\/www.ine.gob.bo\/index.php\/estadisticas-economicas\/turismo\/estadisticas-de-flujo-de-viajeros-metadatos\/#breadcrumb\",\"itemListElement\":[{\"@type\":\"ListItem\",\"position\":1,\"name\":\"Portada\",\"item\":\"https:\/\/www.ine.gob.bo\/\"},{\"@type\":\"ListItem\",\"position\":2,\"name\":\"Estad\u00edsticas econ\u00f3micas\",\"item\":\"https:\/\/www.ine.gob.bo\/index.php\/estadisticas-economicas\/\"},{\"@type\":\"ListItem\",\"position\":3,\"name\":\"Turismo\",\"item\":\"https:\/\/www.ine.gob.bo\/index.php\/estadisticas-economicas\/turismo\/\"},{\"@type\":\"ListItem\",\"position\":4,\"name\":\"ESTAD\u00cdSTICAS DE VIAJEROS INTERNACIONALES\"}]},{\"@type\":\"WebSite\",\"@id\":\"https:\/\/www.ine.gob.bo\/#website\",\"url\":\"https:\/\/www.ine.gob.bo\/\",\"name\":\"INE\",\"description\":\"Instituto Nacional de Estad\u00edstica\",\"publisher\":{\"@id\":\"https:\/\/www.ine.gob.bo\/#organization\"},\"potentialAction\":[{\"@type\":\"SearchAction\",\"target\":{\"@type\":\"EntryPoint\",\"urlTemplate\":\"https:\/\/www.ine.gob.bo\/?s={search_term_string}\"},\"query-input\":\"required name=search_term_string\"}],\"inLanguage\":\"es\"},{\"@type\":\"Organization\",\"@id\":\"https:\/\/www.ine.gob.bo\/#organization\",\"name\":\"Instituto Nacional de Estad\u00edstica\",\"url\":\"https:\/\/www.ine.gob.bo\/\",\"logo\":{\"@type\":\"ImageObject\",\"inLanguage\":\"es\",\"@id\":\"https:\/\/www.ine.gob.bo\/#\/schema\/logo\/image\/\",\"url\":\"https:\/\/www.ine.gob.bo\/wp-content\/uploads\/2026\/02\/logo-ine.jpg\",\"contentUrl\":\"https:\/\/www.ine.gob.bo\/wp-content\/uploads\/2026\/02\/logo-ine.jpg\",\"width\":799,\"height\":453,\"caption\":\"Instituto Nacional de Estad\u00edstica\"},\"image\":{\"@id\":\"https:\/\/www.ine.gob.bo\/#\/schema\/logo\/image\/\"},\"sameAs\":[\"https:\/\/www.facebook.com\/ineboliviaoficial\",\"https:\/\/x.com\/INE_Bolivia\",\"https:\/\/www.instagram.com\/ineboliviaoficial\/\",\"https:\/\/www.youtube.com\/channel\/UCbIQXKLw414g5kWo1tAwqCg\"]}]}<\/script>\n<!-- \/ Yoast SEO plugin. -->","yoast_head_json":{"title":"ESTAD\u00cdSTICAS DE VIAJEROS INTERNACIONALES - INE","description":"P\u00e1gina oficial del Instituto Nacional de Estadisticas INE, informaci\u00f3n estad\u00edstica, geogr\u00e1fica y econ\u00f3mica a nivel nacional.","robots":{"index":"index","follow":"follow","max-snippet":"max-snippet:-1","max-image-preview":"max-image-preview:large","max-video-preview":"max-video-preview:-1"},"canonical":"https:\/\/www.ine.gob.bo\/index.php\/estadisticas-economicas\/turismo\/estadisticas-de-flujo-de-viajeros-metadatos\/","og_locale":"es_ES","og_type":"article","og_title":"ESTAD\u00cdSTICAS DE VIAJEROS INTERNACIONALES - INE","og_description":"P\u00e1gina oficial del Instituto Nacional de Estadisticas INE, informaci\u00f3n estad\u00edstica, geogr\u00e1fica y econ\u00f3mica a nivel nacional.","og_url":"https:\/\/www.ine.gob.bo\/index.php\/estadisticas-economicas\/turismo\/estadisticas-de-flujo-de-viajeros-metadatos\/","og_site_name":"INE","article_publisher":"https:\/\/www.facebook.com\/ineboliviaoficial","article_modified_time":"2020-10-27T22:29:09+00:00","twitter_card":"summary_large_image","twitter_site":"@INE_Bolivia","twitter_misc":{"Tiempo de lectura":"1 minuto"},"schema":{"@context":"https:\/\/schema.org","@graph":[{"@type":"WebPage","@id":"https:\/\/www.ine.gob.bo\/index.php\/estadisticas-economicas\/turismo\/estadisticas-de-flujo-de-viajeros-metadatos\/","url":"https:\/\/www.ine.gob.bo\/index.php\/estadisticas-economicas\/turismo\/estadisticas-de-flujo-de-viajeros-metadatos\/","name":"ESTAD\u00cdSTICAS DE VIAJEROS INTERNACIONALES - INE","isPartOf":{"@id":"https:\/\/www.ine.gob.bo\/#website"},"datePublished":"2020-06-25T11:52:13+00:00","dateModified":"2020-10-27T22:29:09+00:00","description":"P\u00e1gina oficial del Instituto Nacional de Estadisticas INE, informaci\u00f3n estad\u00edstica, geogr\u00e1fica y econ\u00f3mica a nivel nacional.","breadcrumb":{"@id":"https:\/\/www.ine.gob.bo\/index.php\/estadisticas-economicas\/turismo\/estadisticas-de-flujo-de-viajeros-metadatos\/#breadcrumb"},"inLanguage":"es","potentialAction":[{"@type":"ReadAction","target":["https:\/\/www.ine.gob.bo\/index.php\/estadisticas-economicas\/turismo\/estadisticas-de-flujo-de-viajeros-metadatos\/"]}]},{"@type":"BreadcrumbList","@id":"https:\/\/www.ine.gob.bo\/index.php\/estadisticas-economicas\/turismo\/estadisticas-de-flujo-de-viajeros-metadatos\/#breadcrumb","itemListElement":[{"@type":"ListItem","position":1,"name":"Portada","item":"https:\/\/www.ine.gob.bo\/"},{"@type":"ListItem","position":2,"name":"Estad\u00edsticas econ\u00f3micas","item":"https:\/\/www.ine.gob.bo\/index.php\/estadisticas-economicas\/"},{"@type":"ListItem","position":3,"name":"Turismo","item":"https:\/\/www.ine.gob.bo\/index.php\/estadisticas-economicas\/turismo\/"},{"@type":"ListItem","position":4,"name":"ESTAD\u00cdSTICAS DE VIAJEROS INTERNACIONALES"}]},{"@type":"WebSite","@id":"https:\/\/www.ine.gob.bo\/#website","url":"https:\/\/www.ine.gob.bo\/","name":"INE","description":"Instituto Nacional de Estad\u00edstica","publisher":{"@id":"https:\/\/www.ine.gob.bo\/#organization"},"potentialAction":[{"@type":"SearchAction","target":{"@type":"EntryPoint","urlTemplate":"https:\/\/www.ine.gob.bo\/?s={search_term_string}"},"query-input":"required name=search_term_string"}],"inLanguage":"es"},{"@type":"Organization","@id":"https:\/\/www.ine.gob.bo\/#organization","name":"Instituto Nacional de Estad\u00edstica","url":"https:\/\/www.ine.gob.bo\/","logo":{"@type":"ImageObject","inLanguage":"es","@id":"https:\/\/www.ine.gob.bo\/#\/schema\/logo\/image\/","url":"https:\/\/www.ine.gob.bo\/wp-content\/uploads\/2026\/02\/logo-ine.jpg","contentUrl":"https:\/\/www.ine.gob.bo\/wp-content\/uploads\/2026\/02\/logo-ine.jpg","width":799,"height":453,"caption":"Instituto Nacional de Estad\u00edstica"},"image":{"@id":"https:\/\/www.ine.gob.bo\/#\/schema\/logo\/image\/"},"sameAs":["https:\/\/www.facebook.com\/ineboliviaoficial","https:\/\/x.com\/INE_Bolivia","https:\/\/www.instagram.com\/ineboliviaoficial\/","https:\/\/www.youtube.com\/channel\/UCbIQXKLw414g5kWo1tAwqCg"]}]}},"rttpg_featured_image_url":null,"rttpg_author":{"display_name":"Roberto Pablo Intimayta Llanque","author_link":"https:\/\/www.ine.gob.bo\/index.php\/author\/rintimayta\/"},"rttpg_comment":0,"rttpg_category":null,"rttpg_excerpt":"[vc_row][vc_column][vc_empty_space][vc_column_text] Ficha T\u00e9cnica [\/vc_column_text][vc_empty_space][\/vc_column][\/vc_row]","_links":{"self":[{"href":"https:\/\/www.ine.gob.bo\/index.php\/wp-json\/wp\/v2\/pages\/47846","targetHints":{"allow":["GET"]}}],"collection":[{"href":"https:\/\/www.ine.gob.bo\/index.php\/wp-json\/wp\/v2\/pages"}],"about":[{"href":"https:\/\/www.ine.gob.bo\/index.php\/wp-json\/wp\/v2\/types\/page"}],"author":[{"embeddable":true,"href":"https:\/\/www.ine.gob.bo\/index.php\/wp-json\/wp\/v2\/users\/3"}],"replies":[{"embeddable":true,"href":"https:\/\/www.ine.gob.bo\/index.php\/wp-json\/wp\/v2\/comments?post=47846"}],"version-history":[{"count":0,"href":"https:\/\/www.ine.gob.bo\/index.php\/wp-json\/wp\/v2\/pages\/47846\/revisions"}],"up":[{"embeddable":true,"href":"https:\/\/www.ine.gob.bo\/index.php\/wp-json\/wp\/v2\/pages\/37345"}],"wp:attachment":[{"href":"https:\/\/www.ine.gob.bo\/index.php\/wp-json\/wp\/v2\/media?parent=47846"}],"curies":[{"name":"wp","href":"https:\/\/api.w.org\/{rel}","templated":true}]}}