{"id":47800,"date":"2020-06-24T11:51:40","date_gmt":"2020-06-24T15:51:40","guid":{"rendered":"https:\/\/www.ine.gob.bo\/?page_id=47800"},"modified":"2026-02-07T16:07:42","modified_gmt":"2026-02-07T20:07:42","slug":"parque-automotor-introduccion","status":"publish","type":"page","link":"https:\/\/www.ine.gob.bo\/index.php\/estadisticas-economicas\/transportes\/parque-automotor-introduccion\/","title":{"rendered":"Parque Automotor"},"content":{"rendered":"<p>[vc_row][vc_column][vc_single_image image=&#8221;72850&#8243; img_size=&#8221;large&#8221; alignment=&#8221;center&#8221; style=&#8221;vc_box_border&#8221; onclick=&#8221;link_image&#8221;][vc_single_image image=&#8221;72852&#8243; img_size=&#8221;large&#8221; alignment=&#8221;center&#8221; style=&#8221;vc_box_border&#8221; onclick=&#8221;link_image&#8221;][vc_single_image image=&#8221;72853&#8243; img_size=&#8221;large&#8221; alignment=&#8221;center&#8221; style=&#8221;vc_box_border&#8221; onclick=&#8221;link_image&#8221;][vc_column_text]La producci\u00f3n de las estad\u00edsticas b\u00e1sicas del Parque Automotor, se basa principalmente en los registros administrativos del RUAT (Registro \u00danico para la Administraci\u00f3n Tributaria). Por lo que dicha informaci\u00f3n se refiere al n\u00famero de unidades vehiculares registradas en las administraciones municipales seg\u00fan Departamento, Municipio, Tipo, Servicio, Modelo y Cilindrada.<\/p>\n<p>El Instituto Nacional de Estad\u00edstica (INE) pone a disposici\u00f3n de los usuarios estas estad\u00edsticas, de manera permanente y con actualizaciones anuales, bajo distintos niveles de agregaci\u00f3n.[\/vc_column_text][vc_empty_space][\/vc_column][\/vc_row]<\/p>\n","protected":false},"excerpt":{"rendered":"<p>[vc_row][vc_column][vc_single_image image=&#8221;72850&#8243; img_size=&#8221;large&#8221; alignment=&#8221;center&#8221; style=&#8221;vc_box_border&#8221; onclick=&#8221;link_image&#8221;][vc_single_image image=&#8221;72852&#8243; img_size=&#8221;large&#8221; alignment=&#8221;center&#8221; style=&#8221;vc_box_border&#8221; onclick=&#8221;link_image&#8221;][vc_single_image image=&#8221;72853&#8243; img_size=&#8221;large&#8221; alignment=&#8221;center&#8221; style=&#8221;vc_box_border&#8221; onclick=&#8221;link_image&#8221;][vc_column_text]La producci\u00f3n de las estad\u00edsticas b\u00e1sicas del Parque Automotor, se basa principalmente en los registros administrativos del RUAT (Registro \u00danico para la Administraci\u00f3n Tributaria). Por lo que dicha informaci\u00f3n se refiere al n\u00famero de unidades vehiculares registradas en las administraciones&hellip;<\/p>\n","protected":false},"author":3,"featured_media":0,"parent":44282,"menu_order":0,"comment_status":"closed","ping_status":"closed","template":"","meta":[],"class_list":["post-47800","page","type-page","status-publish","hentry","description-off"],"yoast_head":"<!-- This site is optimized with the Yoast SEO plugin v23.2 - https:\/\/yoast.com\/wordpress\/plugins\/seo\/ -->\n<title>Parque Automotor - INE<\/title>\n<meta name=\"description\" content=\"P\u00e1gina oficial del Instituto Nacional de Estadisticas INE, informaci\u00f3n estad\u00edstica, geogr\u00e1fica y econ\u00f3mica a nivel nacional.\" \/>\n<meta name=\"robots\" content=\"index, follow, max-snippet:-1, max-image-preview:large, max-video-preview:-1\" \/>\n<link rel=\"canonical\" href=\"https:\/\/www.ine.gob.bo\/index.php\/estadisticas-economicas\/transportes\/parque-automotor-introduccion\/\" \/>\n<meta property=\"og:locale\" content=\"es_ES\" \/>\n<meta property=\"og:type\" content=\"article\" \/>\n<meta property=\"og:title\" content=\"Parque Automotor - INE\" \/>\n<meta property=\"og:description\" content=\"P\u00e1gina oficial del Instituto Nacional de Estadisticas INE, informaci\u00f3n estad\u00edstica, geogr\u00e1fica y econ\u00f3mica a nivel nacional.\" \/>\n<meta property=\"og:url\" content=\"https:\/\/www.ine.gob.bo\/index.php\/estadisticas-economicas\/transportes\/parque-automotor-introduccion\/\" \/>\n<meta property=\"og:site_name\" content=\"INE\" \/>\n<meta property=\"article:publisher\" content=\"https:\/\/www.facebook.com\/ineboliviaoficial\" \/>\n<meta property=\"article:modified_time\" content=\"2026-02-07T20:07:42+00:00\" \/>\n<meta name=\"twitter:card\" content=\"summary_large_image\" \/>\n<meta name=\"twitter:site\" content=\"@INE_Bolivia\" \/>\n<meta name=\"twitter:label1\" content=\"Tiempo de lectura\" \/>\n\t<meta name=\"twitter:data1\" content=\"1 minuto\" \/>\n<script type=\"application\/ld+json\" class=\"yoast-schema-graph\">{\"@context\":\"https:\/\/schema.org\",\"@graph\":[{\"@type\":\"WebPage\",\"@id\":\"https:\/\/www.ine.gob.bo\/index.php\/estadisticas-economicas\/transportes\/parque-automotor-introduccion\/\",\"url\":\"https:\/\/www.ine.gob.bo\/index.php\/estadisticas-economicas\/transportes\/parque-automotor-introduccion\/\",\"name\":\"Parque Automotor - INE\",\"isPartOf\":{\"@id\":\"https:\/\/www.ine.gob.bo\/#website\"},\"datePublished\":\"2020-06-24T15:51:40+00:00\",\"dateModified\":\"2026-02-07T20:07:42+00:00\",\"description\":\"P\u00e1gina oficial del Instituto Nacional de Estadisticas INE, informaci\u00f3n estad\u00edstica, geogr\u00e1fica y econ\u00f3mica a nivel nacional.\",\"breadcrumb\":{\"@id\":\"https:\/\/www.ine.gob.bo\/index.php\/estadisticas-economicas\/transportes\/parque-automotor-introduccion\/#breadcrumb\"},\"inLanguage\":\"es\",\"potentialAction\":[{\"@type\":\"ReadAction\",\"target\":[\"https:\/\/www.ine.gob.bo\/index.php\/estadisticas-economicas\/transportes\/parque-automotor-introduccion\/\"]}]},{\"@type\":\"BreadcrumbList\",\"@id\":\"https:\/\/www.ine.gob.bo\/index.php\/estadisticas-economicas\/transportes\/parque-automotor-introduccion\/#breadcrumb\",\"itemListElement\":[{\"@type\":\"ListItem\",\"position\":1,\"name\":\"Portada\",\"item\":\"https:\/\/www.ine.gob.bo\/\"},{\"@type\":\"ListItem\",\"position\":2,\"name\":\"Estad\u00edsticas econ\u00f3micas\",\"item\":\"https:\/\/www.ine.gob.bo\/index.php\/estadisticas-economicas\/\"},{\"@type\":\"ListItem\",\"position\":3,\"name\":\"Transporte\",\"item\":\"https:\/\/www.ine.gob.bo\/index.php\/estadisticas-economicas\/transportes\/\"},{\"@type\":\"ListItem\",\"position\":4,\"name\":\"Parque Automotor\"}]},{\"@type\":\"WebSite\",\"@id\":\"https:\/\/www.ine.gob.bo\/#website\",\"url\":\"https:\/\/www.ine.gob.bo\/\",\"name\":\"INE\",\"description\":\"Instituto Nacional de Estad\u00edstica\",\"publisher\":{\"@id\":\"https:\/\/www.ine.gob.bo\/#organization\"},\"potentialAction\":[{\"@type\":\"SearchAction\",\"target\":{\"@type\":\"EntryPoint\",\"urlTemplate\":\"https:\/\/www.ine.gob.bo\/?s={search_term_string}\"},\"query-input\":\"required name=search_term_string\"}],\"inLanguage\":\"es\"},{\"@type\":\"Organization\",\"@id\":\"https:\/\/www.ine.gob.bo\/#organization\",\"name\":\"Instituto Nacional de Estad\u00edstica\",\"url\":\"https:\/\/www.ine.gob.bo\/\",\"logo\":{\"@type\":\"ImageObject\",\"inLanguage\":\"es\",\"@id\":\"https:\/\/www.ine.gob.bo\/#\/schema\/logo\/image\/\",\"url\":\"https:\/\/www.ine.gob.bo\/wp-content\/uploads\/2026\/02\/logo-ine.jpg\",\"contentUrl\":\"https:\/\/www.ine.gob.bo\/wp-content\/uploads\/2026\/02\/logo-ine.jpg\",\"width\":799,\"height\":453,\"caption\":\"Instituto Nacional de Estad\u00edstica\"},\"image\":{\"@id\":\"https:\/\/www.ine.gob.bo\/#\/schema\/logo\/image\/\"},\"sameAs\":[\"https:\/\/www.facebook.com\/ineboliviaoficial\",\"https:\/\/x.com\/INE_Bolivia\",\"https:\/\/www.instagram.com\/ineboliviaoficial\/\",\"https:\/\/www.youtube.com\/channel\/UCbIQXKLw414g5kWo1tAwqCg\"]}]}<\/script>\n<!-- \/ Yoast SEO plugin. -->","yoast_head_json":{"title":"Parque Automotor - INE","description":"P\u00e1gina oficial del Instituto Nacional de Estadisticas INE, informaci\u00f3n estad\u00edstica, geogr\u00e1fica y econ\u00f3mica a nivel nacional.","robots":{"index":"index","follow":"follow","max-snippet":"max-snippet:-1","max-image-preview":"max-image-preview:large","max-video-preview":"max-video-preview:-1"},"canonical":"https:\/\/www.ine.gob.bo\/index.php\/estadisticas-economicas\/transportes\/parque-automotor-introduccion\/","og_locale":"es_ES","og_type":"article","og_title":"Parque Automotor - INE","og_description":"P\u00e1gina oficial del Instituto Nacional de Estadisticas INE, informaci\u00f3n estad\u00edstica, geogr\u00e1fica y econ\u00f3mica a nivel nacional.","og_url":"https:\/\/www.ine.gob.bo\/index.php\/estadisticas-economicas\/transportes\/parque-automotor-introduccion\/","og_site_name":"INE","article_publisher":"https:\/\/www.facebook.com\/ineboliviaoficial","article_modified_time":"2026-02-07T20:07:42+00:00","twitter_card":"summary_large_image","twitter_site":"@INE_Bolivia","twitter_misc":{"Tiempo de lectura":"1 minuto"},"schema":{"@context":"https:\/\/schema.org","@graph":[{"@type":"WebPage","@id":"https:\/\/www.ine.gob.bo\/index.php\/estadisticas-economicas\/transportes\/parque-automotor-introduccion\/","url":"https:\/\/www.ine.gob.bo\/index.php\/estadisticas-economicas\/transportes\/parque-automotor-introduccion\/","name":"Parque Automotor - INE","isPartOf":{"@id":"https:\/\/www.ine.gob.bo\/#website"},"datePublished":"2020-06-24T15:51:40+00:00","dateModified":"2026-02-07T20:07:42+00:00","description":"P\u00e1gina oficial del Instituto Nacional de Estadisticas INE, informaci\u00f3n estad\u00edstica, geogr\u00e1fica y econ\u00f3mica a nivel nacional.","breadcrumb":{"@id":"https:\/\/www.ine.gob.bo\/index.php\/estadisticas-economicas\/transportes\/parque-automotor-introduccion\/#breadcrumb"},"inLanguage":"es","potentialAction":[{"@type":"ReadAction","target":["https:\/\/www.ine.gob.bo\/index.php\/estadisticas-economicas\/transportes\/parque-automotor-introduccion\/"]}]},{"@type":"BreadcrumbList","@id":"https:\/\/www.ine.gob.bo\/index.php\/estadisticas-economicas\/transportes\/parque-automotor-introduccion\/#breadcrumb","itemListElement":[{"@type":"ListItem","position":1,"name":"Portada","item":"https:\/\/www.ine.gob.bo\/"},{"@type":"ListItem","position":2,"name":"Estad\u00edsticas econ\u00f3micas","item":"https:\/\/www.ine.gob.bo\/index.php\/estadisticas-economicas\/"},{"@type":"ListItem","position":3,"name":"Transporte","item":"https:\/\/www.ine.gob.bo\/index.php\/estadisticas-economicas\/transportes\/"},{"@type":"ListItem","position":4,"name":"Parque Automotor"}]},{"@type":"WebSite","@id":"https:\/\/www.ine.gob.bo\/#website","url":"https:\/\/www.ine.gob.bo\/","name":"INE","description":"Instituto Nacional de Estad\u00edstica","publisher":{"@id":"https:\/\/www.ine.gob.bo\/#organization"},"potentialAction":[{"@type":"SearchAction","target":{"@type":"EntryPoint","urlTemplate":"https:\/\/www.ine.gob.bo\/?s={search_term_string}"},"query-input":"required name=search_term_string"}],"inLanguage":"es"},{"@type":"Organization","@id":"https:\/\/www.ine.gob.bo\/#organization","name":"Instituto Nacional de Estad\u00edstica","url":"https:\/\/www.ine.gob.bo\/","logo":{"@type":"ImageObject","inLanguage":"es","@id":"https:\/\/www.ine.gob.bo\/#\/schema\/logo\/image\/","url":"https:\/\/www.ine.gob.bo\/wp-content\/uploads\/2026\/02\/logo-ine.jpg","contentUrl":"https:\/\/www.ine.gob.bo\/wp-content\/uploads\/2026\/02\/logo-ine.jpg","width":799,"height":453,"caption":"Instituto Nacional de Estad\u00edstica"},"image":{"@id":"https:\/\/www.ine.gob.bo\/#\/schema\/logo\/image\/"},"sameAs":["https:\/\/www.facebook.com\/ineboliviaoficial","https:\/\/x.com\/INE_Bolivia","https:\/\/www.instagram.com\/ineboliviaoficial\/","https:\/\/www.youtube.com\/channel\/UCbIQXKLw414g5kWo1tAwqCg"]}]}},"rttpg_featured_image_url":null,"rttpg_author":{"display_name":"Roberto Pablo Intimayta Llanque","author_link":"https:\/\/www.ine.gob.bo\/index.php\/author\/rintimayta\/"},"rttpg_comment":0,"rttpg_category":null,"rttpg_excerpt":"[vc_row][vc_column][vc_single_image image=&#8221;72850&#8243; img_size=&#8221;large&#8221; alignment=&#8221;center&#8221; style=&#8221;vc_box_border&#8221; onclick=&#8221;link_image&#8221;][vc_single_image image=&#8221;72852&#8243; img_size=&#8221;large&#8221; alignment=&#8221;center&#8221; style=&#8221;vc_box_border&#8221; onclick=&#8221;link_image&#8221;][vc_single_image image=&#8221;72853&#8243; img_size=&#8221;large&#8221; alignment=&#8221;center&#8221; style=&#8221;vc_box_border&#8221; onclick=&#8221;link_image&#8221;][vc_column_text]La producci\u00f3n de las estad\u00edsticas b\u00e1sicas del Parque Automotor, se basa principalmente en los registros administrativos del RUAT (Registro \u00danico para la Administraci\u00f3n Tributaria). Por lo que dicha informaci\u00f3n se refiere al n\u00famero de unidades vehiculares registradas en las administraciones&hellip;","_links":{"self":[{"href":"https:\/\/www.ine.gob.bo\/index.php\/wp-json\/wp\/v2\/pages\/47800","targetHints":{"allow":["GET"]}}],"collection":[{"href":"https:\/\/www.ine.gob.bo\/index.php\/wp-json\/wp\/v2\/pages"}],"about":[{"href":"https:\/\/www.ine.gob.bo\/index.php\/wp-json\/wp\/v2\/types\/page"}],"author":[{"embeddable":true,"href":"https:\/\/www.ine.gob.bo\/index.php\/wp-json\/wp\/v2\/users\/3"}],"replies":[{"embeddable":true,"href":"https:\/\/www.ine.gob.bo\/index.php\/wp-json\/wp\/v2\/comments?post=47800"}],"version-history":[{"count":0,"href":"https:\/\/www.ine.gob.bo\/index.php\/wp-json\/wp\/v2\/pages\/47800\/revisions"}],"up":[{"embeddable":true,"href":"https:\/\/www.ine.gob.bo\/index.php\/wp-json\/wp\/v2\/pages\/44282"}],"wp:attachment":[{"href":"https:\/\/www.ine.gob.bo\/index.php\/wp-json\/wp\/v2\/media?parent=47800"}],"curies":[{"name":"wp","href":"https:\/\/api.w.org\/{rel}","templated":true}]}}