{"id":47274,"date":"2020-06-11T21:09:56","date_gmt":"2020-06-12T01:09:56","guid":{"rendered":"https:\/\/www.ine.gob.bo\/?page_id=47274"},"modified":"2026-04-15T17:31:14","modified_gmt":"2026-04-15T21:31:14","slug":"precios-internacionales-boletines-estadisticos","status":"publish","type":"page","link":"https:\/\/www.ine.gob.bo\/index.php\/estadisticas-economicas\/comercio-exterior\/precios-internacionales-boletines-estadisticos\/","title":{"rendered":"Precios Internacionales"},"content":{"rendered":"<p>[vc_row][vc_column][vc_empty_space][vc_column_text]<\/p>\n<h3>Boletines Estad\u00edsticos<\/h3>\n<p>[\/vc_column_text]<div class=\"standard-arrow list-divider bullet-top\"><ul>\n<li><a href=\"https:\/\/nimbus.ine.gob.bo\/index.php\/s\/2oTbTPnTyGYXrdJ\/download\">BOLET\u00cdN ESTAD\u00cdSTICO PRECIOS INTERNACIONALES MARZO DE 2026<\/a><\/li>\n<li><a href=\"https:\/\/nimbus.ine.gob.bo\/index.php\/s\/9KsXE5Yd4CseQbZ\/download\">BOLET\u00cdN ESTAD\u00cdSTICO PRECIOS INTERNACIONALES FEBRERO DE 2026<\/a><\/li>\n<li><a href=\"https:\/\/nimbus.ine.gob.bo\/index.php\/s\/743ZqGozqbQxfxG\/download\">BOLET\u00cdN ESTAD\u00cdSTICO PRECIOS INTERNACIONALES ENERO DE 2026<\/a><\/li>\n<li><a href=\"https:\/\/nimbus.ine.gob.bo\/index.php\/s\/2M4SfRCMBWKZQTZ\/download\">BOLET\u00cdN ESTAD\u00cdSTICO PRECIOS INTERNACIONALES DICIEMBRE DE 2025<\/a><\/li>\n<li><a href=\"https:\/\/nimbus.ine.gob.bo\/index.php\/s\/8ykMQ8DJnLE3oLD\/download\">BOLET\u00cdN ESTAD\u00cdSTICO PRECIOS INTERNACIONALES NOVIEMBRE DE 2025<\/a><\/li>\n<li><a href=\"https:\/\/nimbus.ine.gob.bo\/index.php\/s\/JTKWcLFZBwnY4Kj\/download\">BOLET\u00cdN ESTAD\u00cdSTICO PRECIOS INTERNACIONALES OCTUBRE DE 2025<\/a><\/li>\n<li><a href=\"https:\/\/nimbus.ine.gob.bo\/index.php\/s\/apCYwW3qQmqycnR\/download\">BOLET\u00cdN ESTAD\u00cdSTICO PRECIOS INTERNACIONALES SEPTIEMBRE DE 2025<\/a><\/li>\n<li><a href=\"https:\/\/nimbus.ine.gob.bo\/index.php\/s\/DWp7k89mRtkD5Pf\/download\">BOLET\u00cdN ESTAD\u00cdSTICO PRECIOS INTERNACIONALES AGOSTO DE 2025<\/a><\/li>\n<li><a href=\"https:\/\/nimbus.ine.gob.bo\/index.php\/s\/RggFYN6NyiLDPdJ\/download\">BOLET\u00cdN ESTAD\u00cdSTICO PRECIOS INTERNACIONALES JULIO DE 2025<\/a><\/li>\n<li><a href=\"https:\/\/nimbus.ine.gob.bo\/index.php\/s\/CLdaGfgicSoyPxe\/download\">BOLET\u00cdN ESTAD\u00cdSTICO PRECIOS INTERNACIONALES JUNIO DE 2025<\/a><\/li>\n<li><a href=\"https:\/\/nimbus.ine.gob.bo\/index.php\/s\/T5bbPiNcKDCMF2G\/download\">BOLET\u00cdN ESTAD\u00cdSTICO PRECIOS INTERNACIONALES MAYO DE 2025<\/a><\/li>\n<li><a href=\"https:\/\/nimbus.ine.gob.bo\/index.php\/s\/w9d7b7xDPgDTiAr\/download\">BOLET\u00cdN ESTAD\u00cdSTICO PRECIOS INTERNACIONALES ABRIL DE 2025<\/a><\/li>\n<li><a href=\"https:\/\/nube.ine.gob.bo\/index.php\/s\/TnN6WiDSDr1QSC1\/download\">BOLET\u00cdN ESTAD\u00cdSTICO PRECIOS INTERNACIONALES MARZO DE 2025<\/a><\/li>\n<li><a href=\"https:\/\/nube.ine.gob.bo\/index.php\/s\/U9upzr3xwY30Hml\/download\">BOLET\u00cdN ESTAD\u00cdSTICO PRECIOS INTERNACIONALES FEBRERO DE 2025<\/a><\/li>\n<li><a href=\"https:\/\/nube.ine.gob.bo\/index.php\/s\/2S1fL0ePDvIExrT\/download\">BOLET\u00cdN ESTAD\u00cdSTICO PRECIOS INTERNACIONALES ENERO DE 2025<\/a><\/li>\n<li><a href=\"https:\/\/nube.ine.gob.bo\/index.php\/s\/ffkjPfPE5LdCxfL\/download\">BOLET\u00cdN ESTAD\u00cdSTICO PRECIOS INTERNACIONALES DICIEMBRE DE 2024<\/a><\/li>\n<li><a href=\"https:\/\/nube.ine.gob.bo\/index.php\/s\/sQSX8YuDNhNcpq7\/download\">BOLET\u00cdN ESTAD\u00cdSTICO PRECIOS INTERNACIONALES NOVIEMBRE DE 2024<\/a><\/li>\n<li><a href=\"https:\/\/nube.ine.gob.bo\/index.php\/s\/ArDUX2RT0vAQnUB\/download\">BOLET\u00cdN ESTAD\u00cdSTICO PRECIOS INTERNACIONALES OCTUBRE DE 2024<\/a><\/li>\n<li><a href=\"https:\/\/nimbus.ine.gob.bo\/index.php\/s\/HAjGiN4F8JZcXjn\/download\">BOLET\u00cdN ESTAD\u00cdSTICO PRECIOS INTERNACIONALES SEPTIEMBRE DE 2024<\/a><\/li>\n<li><a href=\"https:\/\/www.ine.gob.bo\/index.php\/publicaciones\/boletin-estadistico-precios-internacionales-agosto-de-2024\/\">BOLET\u00cdN ESTAD\u00cdSTICO PRECIOS INTERNACIONALES AGOSTO DE 2024<\/a><\/li>\n<li><a href=\"https:\/\/nube.ine.gob.bo\/index.php\/s\/bI8rsblZXO7HXDV\/download\">BOLET\u00cdN ESTAD\u00cdSTICO PRECIOS INTERNACIONALES JULIO DE 2024<\/a><\/li>\n<li><a href=\"https:\/\/nube.ine.gob.bo\/index.php\/s\/cKyoWvLrlWBkHOM\/download\">BOLET\u00cdN ESTAD\u00cdSTICO PRECIOS INTERNACIONALES JUNIO DE 2024<\/a><\/li>\n<li><a href=\"https:\/\/nube.ine.gob.bo\/index.php\/s\/Di2TjjLZ3dDsWOi\/download\">BOLET\u00cdN ESTAD\u00cdSTICO PRECIOS INTERNACIONALES MAYO DE 2024<\/a><\/li>\n<li><a href=\"https:\/\/nube.ine.gob.bo\/index.php\/s\/0Upsouwbajbkh6s\/download\">BOLET\u00cdN ESTAD\u00cdSTICO PRECIOS INTERNACIONALES ABRIL DE 2024<\/a><\/li>\n<li><a href=\"https:\/\/nube.ine.gob.bo\/index.php\/s\/547zu2zD0EHt51O\/download\">BOLET\u00cdN ESTAD\u00cdSTICO PRECIOS INTERNACIONALES MARZO DE 2024<\/a><\/li>\n<li><a href=\"https:\/\/nube.ine.gob.bo\/index.php\/s\/Qkh31iBdUWdE3n1\/download\">BOLET\u00cdN ESTAD\u00cdSTICO PRECIOS INTERNACIONALES FEBRERO DE 2024<\/a><\/li>\n<li><a href=\"https:\/\/nube.ine.gob.bo\/index.php\/s\/s79rwQQYUhNpmgv\/download\">BOLET\u00cdN ESTAD\u00cdSTICO PRECIOS INTERNACIONALES ENERO DE 2024<\/a><\/li>\n<li><a href=\"https:\/\/nube.ine.gob.bo\/index.php\/s\/2kKiYJbWMNppPYX\/download\">BOLET\u00cdN ESTAD\u00cdSTICO PRECIOS INTERNACIONALES DICIEMBRE DE 2023<\/a><\/li>\n<li><a href=\"https:\/\/nube.ine.gob.bo\/index.php\/s\/1MmBdOyzdrHpcMw\/download\">BOLET\u00cdN ESTAD\u00cdSTICO PRECIOS INTERNACIONALES NOVIEMBRE DE 2023<\/a><\/li>\n<li><a href=\"https:\/\/nube.ine.gob.bo\/index.php\/s\/o6Jl1lazgu5akO4\/download\">BOLET\u00cdN ESTAD\u00cdSTICO PRECIOS INTERNACIONALES OCTUBRE DE 2023<\/a><\/li>\n<li><a href=\"https:\/\/nube.ine.gob.bo\/index.php\/s\/pmiEKCYIhLkY2PX\/download\">BOLET\u00cdN ESTAD\u00cdSTICO PRECIOS INTERNACIONALES SEPTIEMBRE DE 2023<\/a><\/li>\n<li><a href=\"https:\/\/nube.ine.gob.bo\/index.php\/s\/G1Ft0QnaYar5fEJ\/download\">BOLET\u00cdN ESTAD\u00cdSTICO PRECIOS INTERNACIONALES AGOSTO DE 2023<\/a><\/li>\n<li><a href=\"https:\/\/nube.ine.gob.bo\/index.php\/s\/260X164o1KZJblE\/download\">BOLET\u00cdN ESTAD\u00cdSTICO PRECIOS INTERNACIONALES JULIO DE 2023<\/a><\/li>\n<li><a href=\"https:\/\/nube.ine.gob.bo\/index.php\/s\/liNi4Nlm29xbV9O\/download\">BOLET\u00cdN ESTAD\u00cdSTICO PRECIOS INTERNACIONALES JUNIO DE 2023<\/a><\/li>\n<li><a href=\"https:\/\/nube.ine.gob.bo\/index.php\/s\/SnTmNDSkqvibf8c\/download\">BOLET\u00cdN ESTAD\u00cdSTICO PRECIOS INTERNACIONALES MAYO DE 2023<\/a><\/li>\n<li><a href=\"https:\/\/nube.ine.gob.bo\/index.php\/s\/UAX6yWPII7PEI8W\/download\">BOLET\u00cdN ESTAD\u00cdSTICO PRECIOS INTERNACIONALES ABRIL DE 2023<\/a><\/li>\n<li><a href=\"https:\/\/nube.ine.gob.bo\/index.php\/s\/lFZ2oZ4ESBj7wnt\/download\">BOLET\u00cdN ESTAD\u00cdSTICO PRECIOS INTERNACIONALES MARZO DE 2023<\/a><\/li>\n<li><a href=\"https:\/\/nube.ine.gob.bo\/index.php\/s\/UOLdURVofTwXXzB\/download\">BOLET\u00cdN ESTAD\u00cdSTICO PRECIOS INTERNACIONALES FEBRERO DE 2023<\/a><\/li>\n<li><a href=\"https:\/\/nube.ine.gob.bo\/index.php\/s\/pmgPpazAlVeEZTm\/download\">BOLET\u00cdN ESTAD\u00cdSTICO PRECIOS INTERNACIONALES ENERO DE 2023<\/a><\/li>\n<li><a href=\"https:\/\/nube.ine.gob.bo\/index.php\/s\/3fCTQak5tNMqocy\/download\">BOLET\u00cdN ESTAD\u00cdSTICO PRECIOS INTERNACIONALES DICIEMBRE DE 2022<\/a><\/li>\n<li><a href=\"https:\/\/nube.ine.gob.bo\/index.php\/s\/R5Lh0FOUKNzFKBi\/download\">BOLET\u00cdN ESTAD\u00cdSTICO PRECIOS INTERNACIONALES NOVIEMBRE DE 2022<\/a><\/li>\n<li><a href=\"https:\/\/nube.ine.gob.bo\/index.php\/s\/KSWwCH9QPZrUi2w\/download\">BOLET\u00cdN ESTAD\u00cdSTICO PRECIOS INTERNACIONALES OCTUBRE DE 2022<\/a><\/li>\n<li><a href=\"https:\/\/nube.ine.gob.bo\/index.php\/s\/kPHKIa6C8a9pByD\/download\">BOLET\u00cdN ESTAD\u00cdSTICO PRECIOS INTERNACIONALES SEPTIEMBRE DE 2022<\/a><\/li>\n<li><a href=\"https:\/\/nube.ine.gob.bo\/index.php\/s\/3wembTeVDR1OR7X\/download\">BOLET\u00cdN ESTAD\u00cdSTICO PRECIOS INTERNACIONALES AGOSTO DE 2022<\/a><\/li>\n<li><a href=\"https:\/\/nube.ine.gob.bo\/index.php\/s\/2UkqpgP81twSK8Y\/download\">BOLET\u00cdN ESTAD\u00cdSTICO PRECIOS INTERNACIONALES JULIO DE 2022<\/a><\/li>\n<li><a href=\"https:\/\/nube.ine.gob.bo\/index.php\/s\/CobPN7QmudEJhzs\/download\">BOLET\u00cdN ESTAD\u00cdSTICO PRECIOS INTERNACIONALES JUNIO DE 2022<\/a><\/li>\n<li><a href=\"https:\/\/nube.ine.gob.bo\/index.php\/s\/mjRJuGYj7g3TJax\/download\">BOLET\u00cdN ESTAD\u00cdSTICO PRECIOS INTERNACIONALES MAYO DE 2022<\/a><\/li>\n<li><a href=\"https:\/\/nube.ine.gob.bo\/index.php\/s\/8AJsbafx3AVj6xP\/download\">BOLET\u00cdN ESTAD\u00cdSTICO PRECIOS INTERNACIONALES ABRIL DE 2022<\/a><\/li>\n<li><a href=\"https:\/\/nube.ine.gob.bo\/index.php\/s\/jFSP3VY4ARO1OVc\/download\">BOLET\u00cdN ESTAD\u00cdSTICO PRECIOS INTERNACIONALES MARZO DE 2022<\/a><\/li>\n<li><a href=\"https:\/\/nube.ine.gob.bo\/index.php\/s\/NgiXdu6Sl6Tg9RG\/download\">BOLET\u00cdN ESTAD\u00cdSTICO PRECIOS INTERNACIONALES FEBRERO DE 2022<\/a><\/li>\n<li><a href=\"https:\/\/nube.ine.gob.bo\/index.php\/s\/oePGJmvXZR0lTok\/download\">BOLET\u00cdN ESTAD\u00cdSTICO PRECIOS INTERNACIONALES ENERO 2022<\/a><\/li>\n<li><a href=\"https:\/\/nube.ine.gob.bo\/index.php\/s\/y7xMxS7iMCBSuJV\/download\">BOLET\u00cdN ESTAD\u00cdSTICO PRECIOS INTERNACIONALES DICIEMBRE DE 2021<\/a><\/li>\n<li><a href=\"https:\/\/nimbus.ine.gob.bo\/index.php\/s\/N74ZmwjDWp6esWc\/download\">BOLET\u00cdN ESTAD\u00cdSTICO PRECIOS INTERNACIONALES NOVIEMBRE 2021<\/a><\/li>\n<li><a href=\"https:\/\/nube.ine.gob.bo\/index.php\/s\/btEHH7qYAVcXKXc\/download\">BOLET\u00cdN ESTAD\u00cdSTICO PRECIOS INTERNACIONALES OCTUBRE 2021<\/a><\/li>\n<li><a href=\"https:\/\/nube.ine.gob.bo\/index.php\/s\/hTwtnRg9Tpzl8zs\/download\">BOLET\u00cdN ESTAD\u00cdSTICO PRECIOS INTERNACIONALES SEPTIEMBRE 2021<\/a><\/li>\n<li><a href=\"https:\/\/nube.ine.gob.bo\/index.php\/s\/Ej4oEklHokG3B7g\/download\">BOLET\u00cdN ESTAD\u00cdSTICO PRECIOS INTERNACIONALES AGOSTO 2021<\/a><\/li>\n<li><a href=\"https:\/\/nube.ine.gob.bo\/index.php\/s\/2GwuYZhyvxBhQ2x\/download\">BOLET\u00cdN ESTAD\u00cdSTICO PRECIOS INTERNACIONALES JULIO 2021<\/a><\/li>\n<li><a href=\"https:\/\/nube.ine.gob.bo\/index.php\/s\/aiopWy5WM809hPS\/download\">BOLET\u00cdN ESTAD\u00cdSTICO PRECIOS INTERNACIONALES JUNIO 2021<\/a><\/li>\n<li><a href=\"https:\/\/nube.ine.gob.bo\/index.php\/s\/cneYxEfNB4SDiA0\/download\">BOLET\u00cdN ESTAD\u00cdSTICO PRECIOS INTERNACIONALES MAYO 2021<\/a><\/li>\n<li><a href=\"https:\/\/nube.ine.gob.bo\/index.php\/s\/kVFwHBl1tyYK8bm\/download\">BOLET\u00cdN ESTAD\u00cdSTICO PRECIOS INTERNACIONALES ABRIL 2021<\/a><\/li>\n<li><a href=\"https:\/\/nube.ine.gob.bo\/index.php\/s\/l9QCtiGegQwR6MK\/download\">BOLET\u00cdN ESTAD\u00cdSTICO PRECIOS INTERNACIONALES MARZO 2021<\/a><\/li>\n<li><a href=\"https:\/\/nimbus.ine.gob.bo\/index.php\/s\/z9zW55rHrneN7zz\/download\">BOLET\u00cdN ESTAD\u00cdSTICO PRECIOS INTERNACIONALES FEBRERO 2021<\/a><\/li>\n<li><a href=\"https:\/\/nimbus.ine.gob.bo\/index.php\/s\/owogLWcakFwCWbM\/download\">BOLET\u00cdN ESTAD\u00cdSTICO PRECIOS INTERNACIONALES ENERO 2021<\/a><\/li>\n<li><a href=\"https:\/\/nimbus.ine.gob.bo\/index.php\/s\/GD8M27ZK394emdr\/download\">BOLET\u00cdN ESTAD\u00cdSTICO PRECIOS INTERNACIONALES DICIEMBRE 2020<\/a><\/li>\n<li><a href=\"https:\/\/nube.ine.gob.bo\/index.php\/s\/QCSxYgFLwfAmLYQ\/download\">BOLET\u00cdN ESTAD\u00cdSTICO PRECIOS INTERNACIONALES NOVIEMBRE 2020<\/a><\/li>\n<li><a href=\"https:\/\/nimbus.ine.gob.bo\/index.php\/s\/fSnk5etZP2tGGnq\/download\">BOLET\u00cdN ESTAD\u00cdSTICO PRECIOS INTERNACIONALES AGOSTO 2020<\/a><\/li>\n<li><a href=\"https:\/\/nube.ine.gob.bo\/index.php\/s\/ClGR8A5qCeBfIiL\/download\">BOLET\u00cdN ESTAD\u00cdSTICO PRECIOS INTERNACIONALES JULIO 2020<\/a><\/li>\n<li><a href=\"https:\/\/nube.ine.gob.bo\/index.php\/s\/7XqCHF4wMRUN0Dm\/download\">BOLET\u00cdN ESTAD\u00cdSTICO PRECIOS INTERNACIONALES JUNIO DE 2020<\/a><\/li>\n<li><a href=\"https:\/\/nimbus.ine.gob.bo\/index.php\/s\/DjMAa9GfGHew45Q\/download\">BOLET\u00cdN ESTAD\u00cdSTICO PRECIOS INTERNACIONALES PRIMER TRIMESTRE 2020<\/a><\/li>\n<li><a href=\"https:\/\/nimbus.ine.gob.bo\/index.php\/s\/izrjyN9izBrSYT6\/download\">BOLET\u00cdN ESTAD\u00cdSTICO PRECIOS INTERNACIONALES CUARTO TRIMESTRE DE 2019<\/a><\/li>\n<li><a href=\"https:\/\/nimbus.ine.gob.bo\/index.php\/s\/5y2nADbE437Bx9N\/download\">BOLET\u00cdN ESTAD\u00cdSTICO PRECIOS INTERNACIONALES TERCER TRIMESTRE DE 2019<\/a><\/li>\n<li><a href=\"https:\/\/nube.ine.gob.bo\/index.php\/s\/MyqIFTaGfJQOpWP\/download\">BOLET\u00cdN ESTAD\u00cdSTICO PRECIOS INTERNACIONALES SEGUNDO TRIMESTRE DE 2019<\/a><\/li>\n<li><a href=\"https:\/\/www.ine.gob.bo\/index.php\/descarga\/364\/precios-internacionales-commodities\/41959\/comportamiento-de-los-precios-internacionales-de-los-principales-productos-de-exportacion-segundo-trimestre-2016-3.pdf\">COMPORTAMIENTO DE LOS PRECIOS INTERNACIONALES DE LOS PRINCIPALES PRODUCTOS DE EXPORTACIO\u0301N SEGUNDO TRIMESTRE 2016<\/a><\/li>\n<li><a href=\"https:\/\/www.ine.gob.bo\/index.php\/descarga\/364\/precios-internacionales-commodities\/41958\/comportamiento-de-los-precios-internacionales-de-los-principales-productos-de-exportacion-cuarto-trimestre-2015-2.pdf\">COMPORTAMIENTO DE LOS PRECIOS INTERNACIONALES DE LOS PRINCIPALES PRODUCTOS DE EXPORTACIO\u0301N CUARTO TRIMESTRE 2015<\/a><\/li>\n<li><a href=\"https:\/\/www.ine.gob.bo\/index.php\/descarga\/364\/precios-internacionales-commodities\/41957\/comportamiento-de-los-precios-internacionales-de-los-principales-productos-de-exportacion-tercer-trimestre-2015-3.pdf\">COMPORTAMIENTO DE LOS PRECIOS INTERNACIONALES DE LOS PRINCIPALES PRODUCTOS DE EXPORTACIO\u0301N TERCER TRIMESTRE 2015<\/a><\/li>\n<\/ul>\n<\/div>[\/vc_column][\/vc_row]<\/p>\n","protected":false},"excerpt":{"rendered":"<p>[vc_row][vc_column][vc_empty_space][vc_column_text] Boletines Estad\u00edsticos [\/vc_column_text][\/vc_column][\/vc_row]<\/p>\n","protected":false},"author":3,"featured_media":0,"parent":37255,"menu_order":0,"comment_status":"closed","ping_status":"closed","template":"","meta":[],"class_list":["post-47274","page","type-page","status-publish","hentry","description-off"],"yoast_head":"<!-- This site is optimized with the Yoast SEO plugin v23.2 - https:\/\/yoast.com\/wordpress\/plugins\/seo\/ -->\n<title>Precios Internacionales - INE<\/title>\n<meta name=\"description\" content=\"P\u00e1gina oficial del Instituto Nacional de Estadisticas INE, informaci\u00f3n estad\u00edstica, geogr\u00e1fica y econ\u00f3mica a nivel nacional.\" \/>\n<meta name=\"robots\" content=\"index, follow, max-snippet:-1, max-image-preview:large, max-video-preview:-1\" \/>\n<link rel=\"canonical\" href=\"https:\/\/www.ine.gob.bo\/index.php\/estadisticas-economicas\/comercio-exterior\/precios-internacionales-boletines-estadisticos\/\" \/>\n<meta property=\"og:locale\" content=\"es_ES\" \/>\n<meta property=\"og:type\" content=\"article\" \/>\n<meta property=\"og:title\" content=\"Precios Internacionales - INE\" \/>\n<meta property=\"og:description\" content=\"P\u00e1gina oficial del Instituto Nacional de Estadisticas INE, informaci\u00f3n estad\u00edstica, geogr\u00e1fica y econ\u00f3mica a nivel nacional.\" \/>\n<meta property=\"og:url\" content=\"https:\/\/www.ine.gob.bo\/index.php\/estadisticas-economicas\/comercio-exterior\/precios-internacionales-boletines-estadisticos\/\" \/>\n<meta property=\"og:site_name\" content=\"INE\" \/>\n<meta property=\"article:publisher\" content=\"https:\/\/www.facebook.com\/ineboliviaoficial\" \/>\n<meta property=\"article:modified_time\" content=\"2026-04-15T21:31:14+00:00\" \/>\n<meta name=\"twitter:card\" content=\"summary_large_image\" \/>\n<meta name=\"twitter:site\" content=\"@INE_Bolivia\" \/>\n<meta name=\"twitter:label1\" content=\"Tiempo de lectura\" \/>\n\t<meta name=\"twitter:data1\" content=\"3 minutos\" \/>\n<script type=\"application\/ld+json\" class=\"yoast-schema-graph\">{\"@context\":\"https:\/\/schema.org\",\"@graph\":[{\"@type\":\"WebPage\",\"@id\":\"https:\/\/www.ine.gob.bo\/index.php\/estadisticas-economicas\/comercio-exterior\/precios-internacionales-boletines-estadisticos\/\",\"url\":\"https:\/\/www.ine.gob.bo\/index.php\/estadisticas-economicas\/comercio-exterior\/precios-internacionales-boletines-estadisticos\/\",\"name\":\"Precios Internacionales - INE\",\"isPartOf\":{\"@id\":\"https:\/\/www.ine.gob.bo\/#website\"},\"datePublished\":\"2020-06-12T01:09:56+00:00\",\"dateModified\":\"2026-04-15T21:31:14+00:00\",\"description\":\"P\u00e1gina oficial del Instituto Nacional de Estadisticas INE, informaci\u00f3n estad\u00edstica, geogr\u00e1fica y econ\u00f3mica a nivel nacional.\",\"breadcrumb\":{\"@id\":\"https:\/\/www.ine.gob.bo\/index.php\/estadisticas-economicas\/comercio-exterior\/precios-internacionales-boletines-estadisticos\/#breadcrumb\"},\"inLanguage\":\"es\",\"potentialAction\":[{\"@type\":\"ReadAction\",\"target\":[\"https:\/\/www.ine.gob.bo\/index.php\/estadisticas-economicas\/comercio-exterior\/precios-internacionales-boletines-estadisticos\/\"]}]},{\"@type\":\"BreadcrumbList\",\"@id\":\"https:\/\/www.ine.gob.bo\/index.php\/estadisticas-economicas\/comercio-exterior\/precios-internacionales-boletines-estadisticos\/#breadcrumb\",\"itemListElement\":[{\"@type\":\"ListItem\",\"position\":1,\"name\":\"Portada\",\"item\":\"https:\/\/www.ine.gob.bo\/\"},{\"@type\":\"ListItem\",\"position\":2,\"name\":\"Estad\u00edsticas econ\u00f3micas\",\"item\":\"https:\/\/www.ine.gob.bo\/index.php\/estadisticas-economicas\/\"},{\"@type\":\"ListItem\",\"position\":3,\"name\":\"Estad\u00edsticas de Comercio Exterior\",\"item\":\"https:\/\/www.ine.gob.bo\/index.php\/estadisticas-economicas\/comercio-exterior\/\"},{\"@type\":\"ListItem\",\"position\":4,\"name\":\"Precios Internacionales\"}]},{\"@type\":\"WebSite\",\"@id\":\"https:\/\/www.ine.gob.bo\/#website\",\"url\":\"https:\/\/www.ine.gob.bo\/\",\"name\":\"INE\",\"description\":\"Instituto Nacional de Estad\u00edstica\",\"publisher\":{\"@id\":\"https:\/\/www.ine.gob.bo\/#organization\"},\"potentialAction\":[{\"@type\":\"SearchAction\",\"target\":{\"@type\":\"EntryPoint\",\"urlTemplate\":\"https:\/\/www.ine.gob.bo\/?s={search_term_string}\"},\"query-input\":\"required name=search_term_string\"}],\"inLanguage\":\"es\"},{\"@type\":\"Organization\",\"@id\":\"https:\/\/www.ine.gob.bo\/#organization\",\"name\":\"Instituto Nacional de Estad\u00edstica\",\"url\":\"https:\/\/www.ine.gob.bo\/\",\"logo\":{\"@type\":\"ImageObject\",\"inLanguage\":\"es\",\"@id\":\"https:\/\/www.ine.gob.bo\/#\/schema\/logo\/image\/\",\"url\":\"https:\/\/www.ine.gob.bo\/wp-content\/uploads\/2026\/02\/logo-ine.jpg\",\"contentUrl\":\"https:\/\/www.ine.gob.bo\/wp-content\/uploads\/2026\/02\/logo-ine.jpg\",\"width\":799,\"height\":453,\"caption\":\"Instituto Nacional de Estad\u00edstica\"},\"image\":{\"@id\":\"https:\/\/www.ine.gob.bo\/#\/schema\/logo\/image\/\"},\"sameAs\":[\"https:\/\/www.facebook.com\/ineboliviaoficial\",\"https:\/\/x.com\/INE_Bolivia\",\"https:\/\/www.instagram.com\/ineboliviaoficial\/\",\"https:\/\/www.youtube.com\/channel\/UCbIQXKLw414g5kWo1tAwqCg\"]}]}<\/script>\n<!-- \/ Yoast SEO plugin. -->","yoast_head_json":{"title":"Precios Internacionales - INE","description":"P\u00e1gina oficial del Instituto Nacional de Estadisticas INE, informaci\u00f3n estad\u00edstica, geogr\u00e1fica y econ\u00f3mica a nivel nacional.","robots":{"index":"index","follow":"follow","max-snippet":"max-snippet:-1","max-image-preview":"max-image-preview:large","max-video-preview":"max-video-preview:-1"},"canonical":"https:\/\/www.ine.gob.bo\/index.php\/estadisticas-economicas\/comercio-exterior\/precios-internacionales-boletines-estadisticos\/","og_locale":"es_ES","og_type":"article","og_title":"Precios Internacionales - INE","og_description":"P\u00e1gina oficial del Instituto Nacional de Estadisticas INE, informaci\u00f3n estad\u00edstica, geogr\u00e1fica y econ\u00f3mica a nivel nacional.","og_url":"https:\/\/www.ine.gob.bo\/index.php\/estadisticas-economicas\/comercio-exterior\/precios-internacionales-boletines-estadisticos\/","og_site_name":"INE","article_publisher":"https:\/\/www.facebook.com\/ineboliviaoficial","article_modified_time":"2026-04-15T21:31:14+00:00","twitter_card":"summary_large_image","twitter_site":"@INE_Bolivia","twitter_misc":{"Tiempo de lectura":"3 minutos"},"schema":{"@context":"https:\/\/schema.org","@graph":[{"@type":"WebPage","@id":"https:\/\/www.ine.gob.bo\/index.php\/estadisticas-economicas\/comercio-exterior\/precios-internacionales-boletines-estadisticos\/","url":"https:\/\/www.ine.gob.bo\/index.php\/estadisticas-economicas\/comercio-exterior\/precios-internacionales-boletines-estadisticos\/","name":"Precios Internacionales - INE","isPartOf":{"@id":"https:\/\/www.ine.gob.bo\/#website"},"datePublished":"2020-06-12T01:09:56+00:00","dateModified":"2026-04-15T21:31:14+00:00","description":"P\u00e1gina oficial del Instituto Nacional de Estadisticas INE, informaci\u00f3n estad\u00edstica, geogr\u00e1fica y econ\u00f3mica a nivel nacional.","breadcrumb":{"@id":"https:\/\/www.ine.gob.bo\/index.php\/estadisticas-economicas\/comercio-exterior\/precios-internacionales-boletines-estadisticos\/#breadcrumb"},"inLanguage":"es","potentialAction":[{"@type":"ReadAction","target":["https:\/\/www.ine.gob.bo\/index.php\/estadisticas-economicas\/comercio-exterior\/precios-internacionales-boletines-estadisticos\/"]}]},{"@type":"BreadcrumbList","@id":"https:\/\/www.ine.gob.bo\/index.php\/estadisticas-economicas\/comercio-exterior\/precios-internacionales-boletines-estadisticos\/#breadcrumb","itemListElement":[{"@type":"ListItem","position":1,"name":"Portada","item":"https:\/\/www.ine.gob.bo\/"},{"@type":"ListItem","position":2,"name":"Estad\u00edsticas econ\u00f3micas","item":"https:\/\/www.ine.gob.bo\/index.php\/estadisticas-economicas\/"},{"@type":"ListItem","position":3,"name":"Estad\u00edsticas de Comercio Exterior","item":"https:\/\/www.ine.gob.bo\/index.php\/estadisticas-economicas\/comercio-exterior\/"},{"@type":"ListItem","position":4,"name":"Precios Internacionales"}]},{"@type":"WebSite","@id":"https:\/\/www.ine.gob.bo\/#website","url":"https:\/\/www.ine.gob.bo\/","name":"INE","description":"Instituto Nacional de Estad\u00edstica","publisher":{"@id":"https:\/\/www.ine.gob.bo\/#organization"},"potentialAction":[{"@type":"SearchAction","target":{"@type":"EntryPoint","urlTemplate":"https:\/\/www.ine.gob.bo\/?s={search_term_string}"},"query-input":"required name=search_term_string"}],"inLanguage":"es"},{"@type":"Organization","@id":"https:\/\/www.ine.gob.bo\/#organization","name":"Instituto Nacional de Estad\u00edstica","url":"https:\/\/www.ine.gob.bo\/","logo":{"@type":"ImageObject","inLanguage":"es","@id":"https:\/\/www.ine.gob.bo\/#\/schema\/logo\/image\/","url":"https:\/\/www.ine.gob.bo\/wp-content\/uploads\/2026\/02\/logo-ine.jpg","contentUrl":"https:\/\/www.ine.gob.bo\/wp-content\/uploads\/2026\/02\/logo-ine.jpg","width":799,"height":453,"caption":"Instituto Nacional de Estad\u00edstica"},"image":{"@id":"https:\/\/www.ine.gob.bo\/#\/schema\/logo\/image\/"},"sameAs":["https:\/\/www.facebook.com\/ineboliviaoficial","https:\/\/x.com\/INE_Bolivia","https:\/\/www.instagram.com\/ineboliviaoficial\/","https:\/\/www.youtube.com\/channel\/UCbIQXKLw414g5kWo1tAwqCg"]}]}},"rttpg_featured_image_url":null,"rttpg_author":{"display_name":"Roberto Pablo Intimayta Llanque","author_link":"https:\/\/www.ine.gob.bo\/index.php\/author\/rintimayta\/"},"rttpg_comment":0,"rttpg_category":null,"rttpg_excerpt":"[vc_row][vc_column][vc_empty_space][vc_column_text] Boletines Estad\u00edsticos [\/vc_column_text][\/vc_column][\/vc_row]","_links":{"self":[{"href":"https:\/\/www.ine.gob.bo\/index.php\/wp-json\/wp\/v2\/pages\/47274","targetHints":{"allow":["GET"]}}],"collection":[{"href":"https:\/\/www.ine.gob.bo\/index.php\/wp-json\/wp\/v2\/pages"}],"about":[{"href":"https:\/\/www.ine.gob.bo\/index.php\/wp-json\/wp\/v2\/types\/page"}],"author":[{"embeddable":true,"href":"https:\/\/www.ine.gob.bo\/index.php\/wp-json\/wp\/v2\/users\/3"}],"replies":[{"embeddable":true,"href":"https:\/\/www.ine.gob.bo\/index.php\/wp-json\/wp\/v2\/comments?post=47274"}],"version-history":[{"count":1,"href":"https:\/\/www.ine.gob.bo\/index.php\/wp-json\/wp\/v2\/pages\/47274\/revisions"}],"predecessor-version":[{"id":73831,"href":"https:\/\/www.ine.gob.bo\/index.php\/wp-json\/wp\/v2\/pages\/47274\/revisions\/73831"}],"up":[{"embeddable":true,"href":"https:\/\/www.ine.gob.bo\/index.php\/wp-json\/wp\/v2\/pages\/37255"}],"wp:attachment":[{"href":"https:\/\/www.ine.gob.bo\/index.php\/wp-json\/wp\/v2\/media?parent=47274"}],"curies":[{"name":"wp","href":"https:\/\/api.w.org\/{rel}","templated":true}]}}