{"id":47235,"date":"2020-06-11T20:02:35","date_gmt":"2020-06-12T00:02:35","guid":{"rendered":"https:\/\/www.ine.gob.bo\/?page_id=47235"},"modified":"2020-06-18T13:59:45","modified_gmt":"2020-06-18T17:59:45","slug":"importacion","status":"publish","type":"page","link":"https:\/\/www.ine.gob.bo\/index.php\/estadisticas-economicas\/comercio-exterior\/importacion\/","title":{"rendered":"Importaciones"},"content":{"rendered":"<p>[vc_row][vc_column][vc_column_text]<meta http-equiv=\"content-type\" content=\"text\/html; charset=utf-8\">\r\n<style>\r\n  @import url(\"https:\/\/fonts.googleapis.com\/css2?family=Roboto+Condensed:wght@300&display=swap\");\r\n\r\nbody {\r\n  font-family: 'Roboto Condensed', sans-serif;\r\n}\r\n#amchart1 {\r\n  width: 100%;\r\n  height: 520px;\r\n}\r\n\r\n<\/style>\r\n\r\n<div id=\"amchart1\"><\/div>[\/vc_column_text][vc_column_text]El presente apartado tiene el prop\u00f3sito de poner a disposici\u00f3n de los usuarios, las estad\u00edsticas b\u00e1sicas de importaciones de mercanc\u00edas, en t\u00e9rminos de volumen y valor, aplicando estrictamente recomendaciones metodol\u00f3gicas de organismos internacionales, lo que permite su comparabilidad a nivel global.<\/p>\n<p>En general, las importaciones se consideran como el conjunto de bienes (productos) que al ingresar al territorio econ\u00f3mico del pa\u00eds y por tanto incrementan los recursos materiales, para consumo final o como insumos o bienes de capital que se incorporan en los procesos de producci\u00f3n.<\/p>\n<p>Estas estad\u00edsticas son \u00fatiles para el c\u00e1lculo de las Cuentas Nacionales y para Balanza de Pagos, como tambi\u00e9n para fines de pol\u00edticas p\u00fablicas en materia de negociaciones comerciales, an\u00e1lisis de estrategias y estudios empresariales de mercado y para fines de investigaciones entre otros.<\/p>\n<p>El Instituto Nacional de Estad\u00edstica (INE) pone a disposici\u00f3n de los usuarios estas estad\u00edsticas, de manera permanente y con actualizaciones mensuales, bajo distintos niveles de agregaci\u00f3n de las clasificaciones internacionales, adem\u00e1s de ofrecer un Sistema de Consulta de Comercio Exterior on line y 24\/7 a trav\u00e9s del siguiente enlace:\u00a0<a href=\"http:\/\/web3.ine.gob.bo:8082\/comex\/Main\">http:\/\/web3.ine.gob.bo:8082\/comex\/Main<\/a>[\/vc_column_text][\/vc_column][\/vc_row]<\/p>\n","protected":false},"excerpt":{"rendered":"<p>[vc_row][vc_column][vc_column_text][\/vc_column_text][vc_column_text]El presente apartado tiene el prop\u00f3sito de poner a disposici\u00f3n de los usuarios, las estad\u00edsticas b\u00e1sicas de importaciones de mercanc\u00edas, en t\u00e9rminos de volumen y valor, aplicando estrictamente recomendaciones metodol\u00f3gicas de organismos internacionales, lo que permite su comparabilidad a nivel global. En general, las importaciones se consideran como el conjunto de bienes (productos) que al&hellip;<\/p>\n","protected":false},"author":3,"featured_media":0,"parent":37255,"menu_order":0,"comment_status":"closed","ping_status":"closed","template":"","meta":[],"class_list":["post-47235","page","type-page","status-publish","hentry","description-off"],"yoast_head":"<!-- This site is optimized with the Yoast SEO plugin v23.2 - https:\/\/yoast.com\/wordpress\/plugins\/seo\/ -->\n<title>Importaciones - INE<\/title>\n<meta name=\"description\" content=\"P\u00e1gina oficial del Instituto Nacional de Estadisticas INE, informaci\u00f3n estad\u00edstica, geogr\u00e1fica y econ\u00f3mica a nivel nacional.\" \/>\n<meta name=\"robots\" content=\"index, follow, max-snippet:-1, max-image-preview:large, max-video-preview:-1\" \/>\n<link rel=\"canonical\" href=\"https:\/\/www.ine.gob.bo\/index.php\/estadisticas-economicas\/comercio-exterior\/importacion\/\" \/>\n<meta property=\"og:locale\" content=\"es_ES\" \/>\n<meta property=\"og:type\" content=\"article\" \/>\n<meta property=\"og:title\" content=\"Importaciones - INE\" \/>\n<meta property=\"og:description\" content=\"P\u00e1gina oficial del Instituto Nacional de Estadisticas INE, informaci\u00f3n estad\u00edstica, geogr\u00e1fica y econ\u00f3mica a nivel nacional.\" \/>\n<meta property=\"og:url\" content=\"https:\/\/www.ine.gob.bo\/index.php\/estadisticas-economicas\/comercio-exterior\/importacion\/\" \/>\n<meta property=\"og:site_name\" content=\"INE\" \/>\n<meta property=\"article:publisher\" content=\"https:\/\/www.facebook.com\/ineboliviaoficial\" \/>\n<meta property=\"article:modified_time\" content=\"2020-06-18T17:59:45+00:00\" \/>\n<meta name=\"twitter:card\" content=\"summary_large_image\" \/>\n<meta name=\"twitter:site\" content=\"@INE_Bolivia\" \/>\n<meta name=\"twitter:label1\" content=\"Tiempo de lectura\" \/>\n\t<meta name=\"twitter:data1\" content=\"1 minuto\" \/>\n<script type=\"application\/ld+json\" class=\"yoast-schema-graph\">{\"@context\":\"https:\/\/schema.org\",\"@graph\":[{\"@type\":\"WebPage\",\"@id\":\"https:\/\/www.ine.gob.bo\/index.php\/estadisticas-economicas\/comercio-exterior\/importacion\/\",\"url\":\"https:\/\/www.ine.gob.bo\/index.php\/estadisticas-economicas\/comercio-exterior\/importacion\/\",\"name\":\"Importaciones - INE\",\"isPartOf\":{\"@id\":\"https:\/\/www.ine.gob.bo\/#website\"},\"datePublished\":\"2020-06-12T00:02:35+00:00\",\"dateModified\":\"2020-06-18T17:59:45+00:00\",\"description\":\"P\u00e1gina oficial del Instituto Nacional de Estadisticas INE, informaci\u00f3n estad\u00edstica, geogr\u00e1fica y econ\u00f3mica a nivel nacional.\",\"breadcrumb\":{\"@id\":\"https:\/\/www.ine.gob.bo\/index.php\/estadisticas-economicas\/comercio-exterior\/importacion\/#breadcrumb\"},\"inLanguage\":\"es\",\"potentialAction\":[{\"@type\":\"ReadAction\",\"target\":[\"https:\/\/www.ine.gob.bo\/index.php\/estadisticas-economicas\/comercio-exterior\/importacion\/\"]}]},{\"@type\":\"BreadcrumbList\",\"@id\":\"https:\/\/www.ine.gob.bo\/index.php\/estadisticas-economicas\/comercio-exterior\/importacion\/#breadcrumb\",\"itemListElement\":[{\"@type\":\"ListItem\",\"position\":1,\"name\":\"Portada\",\"item\":\"https:\/\/www.ine.gob.bo\/\"},{\"@type\":\"ListItem\",\"position\":2,\"name\":\"Estad\u00edsticas econ\u00f3micas\",\"item\":\"https:\/\/www.ine.gob.bo\/index.php\/estadisticas-economicas\/\"},{\"@type\":\"ListItem\",\"position\":3,\"name\":\"Estad\u00edsticas de Comercio Exterior\",\"item\":\"https:\/\/www.ine.gob.bo\/index.php\/estadisticas-economicas\/comercio-exterior\/\"},{\"@type\":\"ListItem\",\"position\":4,\"name\":\"Importaciones\"}]},{\"@type\":\"WebSite\",\"@id\":\"https:\/\/www.ine.gob.bo\/#website\",\"url\":\"https:\/\/www.ine.gob.bo\/\",\"name\":\"INE\",\"description\":\"Instituto Nacional de Estad\u00edstica\",\"publisher\":{\"@id\":\"https:\/\/www.ine.gob.bo\/#organization\"},\"potentialAction\":[{\"@type\":\"SearchAction\",\"target\":{\"@type\":\"EntryPoint\",\"urlTemplate\":\"https:\/\/www.ine.gob.bo\/?s={search_term_string}\"},\"query-input\":\"required name=search_term_string\"}],\"inLanguage\":\"es\"},{\"@type\":\"Organization\",\"@id\":\"https:\/\/www.ine.gob.bo\/#organization\",\"name\":\"Instituto Nacional de Estad\u00edstica\",\"url\":\"https:\/\/www.ine.gob.bo\/\",\"logo\":{\"@type\":\"ImageObject\",\"inLanguage\":\"es\",\"@id\":\"https:\/\/www.ine.gob.bo\/#\/schema\/logo\/image\/\",\"url\":\"https:\/\/www.ine.gob.bo\/wp-content\/uploads\/2026\/02\/logo-ine.jpg\",\"contentUrl\":\"https:\/\/www.ine.gob.bo\/wp-content\/uploads\/2026\/02\/logo-ine.jpg\",\"width\":799,\"height\":453,\"caption\":\"Instituto Nacional de Estad\u00edstica\"},\"image\":{\"@id\":\"https:\/\/www.ine.gob.bo\/#\/schema\/logo\/image\/\"},\"sameAs\":[\"https:\/\/www.facebook.com\/ineboliviaoficial\",\"https:\/\/x.com\/INE_Bolivia\",\"https:\/\/www.instagram.com\/ineboliviaoficial\/\",\"https:\/\/www.youtube.com\/channel\/UCbIQXKLw414g5kWo1tAwqCg\"]}]}<\/script>\n<!-- \/ Yoast SEO plugin. -->","yoast_head_json":{"title":"Importaciones - INE","description":"P\u00e1gina oficial del Instituto Nacional de Estadisticas INE, informaci\u00f3n estad\u00edstica, geogr\u00e1fica y econ\u00f3mica a nivel nacional.","robots":{"index":"index","follow":"follow","max-snippet":"max-snippet:-1","max-image-preview":"max-image-preview:large","max-video-preview":"max-video-preview:-1"},"canonical":"https:\/\/www.ine.gob.bo\/index.php\/estadisticas-economicas\/comercio-exterior\/importacion\/","og_locale":"es_ES","og_type":"article","og_title":"Importaciones - INE","og_description":"P\u00e1gina oficial del Instituto Nacional de Estadisticas INE, informaci\u00f3n estad\u00edstica, geogr\u00e1fica y econ\u00f3mica a nivel nacional.","og_url":"https:\/\/www.ine.gob.bo\/index.php\/estadisticas-economicas\/comercio-exterior\/importacion\/","og_site_name":"INE","article_publisher":"https:\/\/www.facebook.com\/ineboliviaoficial","article_modified_time":"2020-06-18T17:59:45+00:00","twitter_card":"summary_large_image","twitter_site":"@INE_Bolivia","twitter_misc":{"Tiempo de lectura":"1 minuto"},"schema":{"@context":"https:\/\/schema.org","@graph":[{"@type":"WebPage","@id":"https:\/\/www.ine.gob.bo\/index.php\/estadisticas-economicas\/comercio-exterior\/importacion\/","url":"https:\/\/www.ine.gob.bo\/index.php\/estadisticas-economicas\/comercio-exterior\/importacion\/","name":"Importaciones - INE","isPartOf":{"@id":"https:\/\/www.ine.gob.bo\/#website"},"datePublished":"2020-06-12T00:02:35+00:00","dateModified":"2020-06-18T17:59:45+00:00","description":"P\u00e1gina oficial del Instituto Nacional de Estadisticas INE, informaci\u00f3n estad\u00edstica, geogr\u00e1fica y econ\u00f3mica a nivel nacional.","breadcrumb":{"@id":"https:\/\/www.ine.gob.bo\/index.php\/estadisticas-economicas\/comercio-exterior\/importacion\/#breadcrumb"},"inLanguage":"es","potentialAction":[{"@type":"ReadAction","target":["https:\/\/www.ine.gob.bo\/index.php\/estadisticas-economicas\/comercio-exterior\/importacion\/"]}]},{"@type":"BreadcrumbList","@id":"https:\/\/www.ine.gob.bo\/index.php\/estadisticas-economicas\/comercio-exterior\/importacion\/#breadcrumb","itemListElement":[{"@type":"ListItem","position":1,"name":"Portada","item":"https:\/\/www.ine.gob.bo\/"},{"@type":"ListItem","position":2,"name":"Estad\u00edsticas econ\u00f3micas","item":"https:\/\/www.ine.gob.bo\/index.php\/estadisticas-economicas\/"},{"@type":"ListItem","position":3,"name":"Estad\u00edsticas de Comercio Exterior","item":"https:\/\/www.ine.gob.bo\/index.php\/estadisticas-economicas\/comercio-exterior\/"},{"@type":"ListItem","position":4,"name":"Importaciones"}]},{"@type":"WebSite","@id":"https:\/\/www.ine.gob.bo\/#website","url":"https:\/\/www.ine.gob.bo\/","name":"INE","description":"Instituto Nacional de Estad\u00edstica","publisher":{"@id":"https:\/\/www.ine.gob.bo\/#organization"},"potentialAction":[{"@type":"SearchAction","target":{"@type":"EntryPoint","urlTemplate":"https:\/\/www.ine.gob.bo\/?s={search_term_string}"},"query-input":"required name=search_term_string"}],"inLanguage":"es"},{"@type":"Organization","@id":"https:\/\/www.ine.gob.bo\/#organization","name":"Instituto Nacional de Estad\u00edstica","url":"https:\/\/www.ine.gob.bo\/","logo":{"@type":"ImageObject","inLanguage":"es","@id":"https:\/\/www.ine.gob.bo\/#\/schema\/logo\/image\/","url":"https:\/\/www.ine.gob.bo\/wp-content\/uploads\/2026\/02\/logo-ine.jpg","contentUrl":"https:\/\/www.ine.gob.bo\/wp-content\/uploads\/2026\/02\/logo-ine.jpg","width":799,"height":453,"caption":"Instituto Nacional de Estad\u00edstica"},"image":{"@id":"https:\/\/www.ine.gob.bo\/#\/schema\/logo\/image\/"},"sameAs":["https:\/\/www.facebook.com\/ineboliviaoficial","https:\/\/x.com\/INE_Bolivia","https:\/\/www.instagram.com\/ineboliviaoficial\/","https:\/\/www.youtube.com\/channel\/UCbIQXKLw414g5kWo1tAwqCg"]}]}},"rttpg_featured_image_url":null,"rttpg_author":{"display_name":"Roberto Pablo Intimayta Llanque","author_link":"https:\/\/www.ine.gob.bo\/index.php\/author\/rintimayta\/"},"rttpg_comment":0,"rttpg_category":null,"rttpg_excerpt":"[vc_row][vc_column][vc_column_text][\/vc_column_text][vc_column_text]El presente apartado tiene el prop\u00f3sito de poner a disposici\u00f3n de los usuarios, las estad\u00edsticas b\u00e1sicas de importaciones de mercanc\u00edas, en t\u00e9rminos de volumen y valor, aplicando estrictamente recomendaciones metodol\u00f3gicas de organismos internacionales, lo que permite su comparabilidad a nivel global. En general, las importaciones se consideran como el conjunto de bienes (productos) que al&hellip;","_links":{"self":[{"href":"https:\/\/www.ine.gob.bo\/index.php\/wp-json\/wp\/v2\/pages\/47235","targetHints":{"allow":["GET"]}}],"collection":[{"href":"https:\/\/www.ine.gob.bo\/index.php\/wp-json\/wp\/v2\/pages"}],"about":[{"href":"https:\/\/www.ine.gob.bo\/index.php\/wp-json\/wp\/v2\/types\/page"}],"author":[{"embeddable":true,"href":"https:\/\/www.ine.gob.bo\/index.php\/wp-json\/wp\/v2\/users\/3"}],"replies":[{"embeddable":true,"href":"https:\/\/www.ine.gob.bo\/index.php\/wp-json\/wp\/v2\/comments?post=47235"}],"version-history":[{"count":0,"href":"https:\/\/www.ine.gob.bo\/index.php\/wp-json\/wp\/v2\/pages\/47235\/revisions"}],"up":[{"embeddable":true,"href":"https:\/\/www.ine.gob.bo\/index.php\/wp-json\/wp\/v2\/pages\/37255"}],"wp:attachment":[{"href":"https:\/\/www.ine.gob.bo\/index.php\/wp-json\/wp\/v2\/media?parent=47235"}],"curies":[{"name":"wp","href":"https:\/\/api.w.org\/{rel}","templated":true}]}}