{"id":47228,"date":"2020-06-11T19:53:12","date_gmt":"2020-06-11T23:53:12","guid":{"rendered":"https:\/\/www.ine.gob.bo\/?page_id=47228"},"modified":"2026-02-27T22:16:03","modified_gmt":"2026-02-28T02:16:03","slug":"saldo-comercial-boletines-estadisticos","status":"publish","type":"page","link":"https:\/\/www.ine.gob.bo\/index.php\/estadisticas-economicas\/comercio-exterior\/saldo-comercial-boletines-estadisticos\/","title":{"rendered":"Saldo Comercial"},"content":{"rendered":"<p>[vc_row][vc_column][vc_empty_space][vc_column_text]<\/p>\n<h3>Boletines Estad\u00edsticos<\/h3>\n<p>[\/vc_column_text]<div class=\"standard-arrow list-divider bullet-top\"><ul>\n<li><a href=\"https:\/\/nimbus.ine.gob.bo\/index.php\/s\/K7AiSi6yadeHWnt\/download\">BOLET\u00cdN ESTAD\u00cdSTICO COMEX ENERO 2026<\/a><\/li>\n<li><a href=\"https:\/\/nimbus.ine.gob.bo\/index.php\/s\/NSX4fegj2zmAAec\/download\">BOLET\u00cdN ESTAD\u00cdSTICO COMEX DICIEMBRE 2025<\/a><\/li>\n<li><a href=\"https:\/\/nimbus.ine.gob.bo\/index.php\/s\/3X2GYEoMExinDY6\/download\">BOLET\u00cdN ESTAD\u00cdSTICO COMEX NOVIEMBRE 2025<\/a><\/li>\n<li><a href=\"https:\/\/nimbus.ine.gob.bo\/index.php\/s\/CFWjpZ7ftx9y5CW\/download\">BOLET\u00cdN ESTAD\u00cdSTICO COMEX OCTUBRE 2025<\/a><\/li>\n<li><a href=\"https:\/\/nimbus.ine.gob.bo\/index.php\/s\/nSnFBr3sH32xwCF\/download\">BOLET\u00cdN ESTAD\u00cdSTICO COMEX SEPTIEMBRE 2025<\/a><\/li>\n<li><a href=\"https:\/\/nimbus.ine.gob.bo\/index.php\/s\/w7koL7PQSBREYfP\/download\">BOLET\u00cdN ESTAD\u00cdSTICO COMEX AGOSTO 2025<\/a><\/li>\n<li><a href=\"https:\/\/nimbus.ine.gob.bo\/index.php\/s\/NBFLidzqc5oNwsi\/download\">BOLET\u00cdN ESTAD\u00cdSTICO COMEX JULIO 2025<\/a><\/li>\n<li><a href=\"https:\/\/nimbus.ine.gob.bo\/index.php\/s\/7TZHDiQDjNmfLM6\/download\">BOLET\u00cdN ESTAD\u00cdSTICO COMEX JUNIO 2025<\/a><\/li>\n<li><a href=\"https:\/\/nimbus.ine.gob.bo\/index.php\/s\/knBcKPKsqDtHmsE\/download\">BOLET\u00cdN ESTAD\u00cdSTICO COMEX MAYO 2025<\/a><\/li>\n<li><a href=\"https:\/\/nimbus.ine.gob.bo\/index.php\/s\/rSYdDEYfNEbPmxC\/download\">BOLET\u00cdN ESTAD\u00cdSTICO COMEX ABRIL 2025<\/a><\/li>\n<li><a href=\"https:\/\/nimbus.ine.gob.bo\/index.php\/s\/7NrmDcbRaTr6HmG\/download\">BOLET\u00cdN ESTAD\u00cdSTICO COMEX MARZO 2025<\/a><\/li>\n<li><a href=\"https:\/\/nube.ine.gob.bo\/index.php\/s\/j79hylAip8QgTHt\/download\">BOLET\u00cdN ESTAD\u00cdSTICO COMEX FEBRERO 2025<\/a><\/li>\n<li><a href=\"https:\/\/nube.ine.gob.bo\/index.php\/s\/38kJRSLpk6jGVYS\/download\">BOLET\u00cdN ESTAD\u00cdSTICO COMEX ENERO 2025<\/a><\/li>\n<li><a href=\"https:\/\/nube.ine.gob.bo\/index.php\/s\/yTZGbQw8rBJOAHn\/download\">BOLET\u00cdN ESTAD\u00cdSTICO COMEX DICIEMBRE 2024<\/a><\/li>\n<li><a href=\"https:\/\/nube.ine.gob.bo\/index.php\/s\/4aEVTqijvHyR0in\/download\">BOLET\u00cdN ESTAD\u00cdSTICO COMEX NOVIEMBRE 2024<\/a><\/li>\n<li><a href=\"https:\/\/nube.ine.gob.bo\/index.php\/s\/6t2rwnGXbB4gHW0\/download\">BOLET\u00cdN ESTAD\u00cdSTICO COMEX SEPTIEMBRE 2024<\/a><\/li>\n<li><a href=\"https:\/\/nube.ine.gob.bo\/index.php\/s\/stlwNeqcojXvufk\/download\">BOLET\u00cdN ESTAD\u00cdSTICO COMEX AGOSTO 2024<\/a><\/li>\n<li><a href=\"https:\/\/nube.ine.gob.bo\/index.php\/s\/SC1XuXyHTIGcpqg\/download\">BOLET\u00cdN ESTAD\u00cdSTICO COMEX JUNIO 2024<\/a><\/li>\n<li><a href=\"https:\/\/nube.ine.gob.bo\/index.php\/s\/Ou0ypOwO3E2Jrx1\/download\">BOLET\u00cdN ESTAD\u00cdSTICO COMEX MAYO 2024<\/a><\/li>\n<li><a href=\"https:\/\/nube.ine.gob.bo\/index.php\/s\/jIGyV9RW6iZXvIE\/download\">BOLET\u00cdN ESTAD\u00cdSTICO COMEX ABRIL 2024<\/a><\/li>\n<li><a href=\"https:\/\/nube.ine.gob.bo\/index.php\/s\/7MPAgTFaVIAIvBl\/download\">BOLET\u00cdN ESTAD\u00cdSTICO COMEX MARZO 2024<\/a><\/li>\n<li><a href=\"https:\/\/nube.ine.gob.bo\/index.php\/s\/b0As6oGtQHymOwt\/download\">BOLET\u00cdN ESTAD\u00cdSTICO COMEX FEBRERO 2024<\/a><\/li>\n<li><a href=\"https:\/\/nube.ine.gob.bo\/index.php\/s\/DEFJN5GYGSmQu0l\/download\">BOLET\u00cdN ESTAD\u00cdSTICO COMEX ENERO 2024<\/a><\/li>\n<li><a href=\"https:\/\/nube.ine.gob.bo\/index.php\/s\/CHpwCVCLqqpbo54\/download\">BOLET\u00cdN ESTAD\u00cdSTICO COMEX DICIEMBRE 2023<\/a><\/li>\n<li><a href=\"https:\/\/nube.ine.gob.bo\/index.php\/s\/fiGbt4veCVJHxZc\/download\">BOLET\u00cdN ESTAD\u00cdSTICO COMEX NOVIEMBRE 2023<\/a><\/li>\n<li><a href=\"https:\/\/nube.ine.gob.bo\/index.php\/s\/DZumANbrw3Zg76O\/download\">BOLET\u00cdN ESTAD\u00cdSTICO COMEX OCTUBRE 2023<\/a><\/li>\n<li><a href=\"https:\/\/nube.ine.gob.bo\/index.php\/s\/MS26mBdxmovZgao\/download\">BOLET\u00cdN ESTAD\u00cdSTICO COMEX SEPTIEMBRE 2023<\/a><\/li>\n<li><a href=\"https:\/\/nube.ine.gob.bo\/index.php\/s\/YRHffyAzUx7oviX\/download\">BOLET\u00cdN ESTAD\u00cdSTICO COMEX AGOSTO 2023<\/a><\/li>\n<li><a href=\"https:\/\/nube.ine.gob.bo\/index.php\/s\/TUCcwGjtovesZxt\/download\">BOLET\u00cdN ESTAD\u00cdSTICO COMEX JULIO 2023<\/a><\/li>\n<li><a href=\"https:\/\/nube.ine.gob.bo\/index.php\/s\/ugrmB4pHKxVPG84\/download\">BOLET\u00cdN ESTAD\u00cdSTICO COMEX JUNIO 2023<\/a><\/li>\n<li><a href=\"https:\/\/nube.ine.gob.bo\/index.php\/s\/J7cpKRU61wmdbiP\/download\">BOLET\u00cdN ESTAD\u00cdSTICO COMEX MAYO 2023<\/a><\/li>\n<li><a href=\"https:\/\/nube.ine.gob.bo\/index.php\/s\/FStpBKkl54TNYap\/download\">BOLET\u00cdN ESTAD\u00cdSTICO COMEX ABRIL 2023<\/a><\/li>\n<li><a href=\"https:\/\/nube.ine.gob.bo\/index.php\/s\/qJ7zsGyyTiR2Zps\/download\">BOLET\u00cdN ESTAD\u00cdSTICO COMEX MARZO 2023<\/a><\/li>\n<li><a href=\"https:\/\/nube.ine.gob.bo\/index.php\/s\/fJNB8ScbUPGTZyX\/download\">BOLET\u00cdN ESTAD\u00cdSTICO COMEX ENERO 2023<\/a><\/li>\n<li><a href=\"https:\/\/nube.ine.gob.bo\/index.php\/s\/OIy6QN5VwW8sL7n\/download\">BOLET\u00cdN ESTAD\u00cdSTICO COMEX DICIEMBRE 2022<\/a><\/li>\n<li><a href=\"https:\/\/nube.ine.gob.bo\/index.php\/s\/tdpVbxAo7V0QwaF\/download\">BOLET\u00cdN ESTAD\u00cdSTICO COMEX NOVIEMBRE 2022<\/a><\/li>\n<li><a href=\"https:\/\/nube.ine.gob.bo\/index.php\/s\/mY8jt0lEzzhhafy\/download\">BOLET\u00cdN ESTAD\u00cdSTICO COMEX OCTUBRE 2022<\/a><\/li>\n<li><a href=\"https:\/\/nube.ine.gob.bo\/index.php\/s\/5SHHxbcb9NWVnyi\/download\">BOLET\u00cdN ESTAD\u00cdSTICO COMEX SEPTIEMBRE 2022<\/a><\/li>\n<li><a href=\"https:\/\/nube.ine.gob.bo\/index.php\/s\/CsV3zxp8fXR2b17\/download\">BOLET\u00cdN ESTAD\u00cdSTICO COMEX AGOSTO 2022<\/a><\/li>\n<li><a href=\"https:\/\/nube.ine.gob.bo\/index.php\/s\/gs7pgDEANXyCKC3\/download\">BOLET\u00cdN ESTAD\u00cdSTICO COMEX JULIO 2022<\/a><\/li>\n<li><a href=\"https:\/\/nube.ine.gob.bo\/index.php\/s\/532NkdUxRrIZYbZ\/download\">BOLET\u00cdN ESTAD\u00cdSTICO COMEX JUNIO 2022<\/a><\/li>\n<li><a href=\"https:\/\/nube.ine.gob.bo\/index.php\/s\/SLfM8OEfs7pQHnT\/download\">BOLET\u00cdN ESTAD\u00cdSTICO COMEX MAYO 2022<\/a><\/li>\n<li><a href=\"https:\/\/nube.ine.gob.bo\/index.php\/s\/oCsLvRepyB7EyRj\/download\">BOLET\u00cdN ESTAD\u00cdSTICO COMEX ABRIL 2022<\/a><\/li>\n<li><a href=\"https:\/\/nube.ine.gob.bo\/index.php\/s\/To0kIjRbkpCIFTO\/download\">BOLET\u00cdN ESTAD\u00cdSTICO COMEX MARZO 2022<\/a><\/li>\n<li><a href=\"https:\/\/nube.ine.gob.bo\/index.php\/s\/g0ayO4ZCFDNtIcd\/download\">BOLET\u00cdN ESTAD\u00cdSTICO COMEX FEBRERO 2022<\/a><\/li>\n<li><a href=\"https:\/\/nube.ine.gob.bo\/index.php\/s\/mjfan2ZsjKM3gS9\/download\">BOLET\u00cdN ESTAD\u00cdSTICO COMEX ENERO 2022<\/a><\/li>\n<li><a href=\"https:\/\/nube.ine.gob.bo\/index.php\/s\/aPQOVWVBH1ZoScu\/download\">BOLET\u00cdN ESTAD\u00cdSTICO COMEX DICIEMBRE 2021<\/a><\/li>\n<li><a href=\"https:\/\/nube.ine.gob.bo\/index.php\/s\/w4ubdSFjtGSprVP\/download\">BOLET\u00cdN ESTAD\u00cdSTICO COMEX NOVIEMBRE 2021<\/a><\/li>\n<li><a href=\"https:\/\/nimbus.ine.gob.bo\/index.php\/s\/fk6Xg4PaEG4cJ8w\/download\">BOLET\u00cdN ESTAD\u00cdSTICO COMEX OCTUBRE 2021<\/a><\/li>\n<li><a href=\"https:\/\/nimbus.ine.gob.bo\/index.php\/s\/qmisRdb7ixjx6ST\/download\">BOLET\u00cdN ESTAD\u00cdSTICO COMEX SEPTIEMBRE 2021<\/a><\/li>\n<li><a href=\"https:\/\/nube.ine.gob.bo\/index.php\/s\/33VfWg5IngvtTPn\/download\">BOLET\u00cdN ESTAD\u00cdSTICO COMEX AGOSTO 2021<\/a><\/li>\n<li><a href=\"https:\/\/nimbus.ine.gob.bo\/index.php\/s\/PLX6PbczrpMqtaP\/download\">BOLET\u00cdN ESTAD\u00cdSTICO COMEX JULIO 2021<\/a><\/li>\n<li><a href=\"https:\/\/nimbus.ine.gob.bo\/index.php\/s\/McdQH7sbcZNE2wt\/download\">BOLET\u00cdN ESTAD\u00cdSTICO COMEX JUNIO 2021<\/a><\/li>\n<li><a href=\"https:\/\/nimbus.ine.gob.bo\/index.php\/s\/NPWKjrdYnmHX3c5\/download\">BOLET\u00cdN ESTAD\u00cdSTICO COMEX MAYO 2021<\/a><\/li>\n<li><a href=\"https:\/\/nube.ine.gob.bo\/index.php\/s\/f3HIgngNFt8knR4\/download\">BOLET\u00cdN ESTAD\u00cdSTICO COMEX ABRIL 2021<\/a><\/li>\n<li><a href=\"https:\/\/nimbus.ine.gob.bo\/index.php\/s\/79CJS2kZf5QHwHm\/download\">BOLET\u00cdN ESTAD\u00cdSTICO COMEX MARZO 2021<\/a><\/li>\n<li><a href=\"https:\/\/nimbus.ine.gob.bo\/index.php\/s\/8kxra9d3FMqi8Qk\/download\">BOLET\u00cdN ESTAD\u00cdSTICO COMEX FEBRERO 2021<\/a><\/li>\n<li><a href=\"https:\/\/nimbus.ine.gob.bo\/index.php\/s\/s5jkyPKfJwgYgkA\/download\">BOLET\u00cdN ESTAD\u00cdSTICO COMEX ENERO 2021<\/a><\/li>\n<li><a href=\"https:\/\/nimbus.ine.gob.bo\/index.php\/s\/acZM2XG8Lnjs4xW\/download\">BOLET\u00cdN ESTAD\u00cdSTICO COMEX ENERO A DICIEMBRE 2020<\/a><\/li>\n<li><a href=\"https:\/\/nimbus.ine.gob.bo\/index.php\/s\/3Nsz9brFmJHcs6L\/download\">BOLET\u00cdN ESTAD\u00cdSTICO COMEX ENERO A NOVIEMBRE 2020<\/a><\/li>\n<li><a href=\"https:\/\/nimbus.ine.gob.bo\/index.php\/s\/2P99sAyobmHWgRT\/download\">BOLET\u00cdN ESTAD\u00cdSTICO COMEX ENERO A OCTUBRE 2020<\/a><\/li>\n<li><a href=\"https:\/\/nimbus.ine.gob.bo\/index.php\/s\/jek4NwtDni2pLFH\/download\">BOLET\u00cdN ESTAD\u00cdSTICO COMEX ENERO A SEPTIEMBRE 2020<\/a><\/li>\n<li><a href=\"https:\/\/nimbus.ine.gob.bo\/index.php\/s\/WiCfEq7XR68JQ8E\/download\">BOLET\u00cdN ESTAD\u00cdSTICO COMEX ENERO A AGOSTO 2020<\/a><\/li>\n<li class=\"page-title-breadcrumbs\"><a href=\"https:\/\/nimbus.ine.gob.bo\/index.php\/s\/92JzzsFRATRXEmb\/download\">BOLET\u00cdN ESTAD\u00cdSTICO COMEX ENERO A JULIO 2020<\/a><\/li>\n<li><a href=\"https:\/\/nimbus.ine.gob.bo\/index.php\/s\/ZcXJfX5JXEkaxLW\/download\">BOLET\u00cdN ESTAD\u00cdSTICO COMEX ENERO A MAYO 2020<\/a><\/li>\n<li><a href=\"https:\/\/nimbus.ine.gob.bo\/index.php\/s\/ciiBGaA7ow58xGF\/download\">BOLET\u00cdN ESTAD\u00cdSTICO COMEX ENERO A ABRIL 2020<\/a><\/li>\n<li><a href=\"https:\/\/inecloud.ine.gob.bo\/owncloud\/index.php\/s\/1i2enuBT0cqgCil\/download\">BOLET\u00cdN ESTAD\u00cdSTICO COMEX PRIMER TRIMESTRE 2020 CIFRAS PRELIMINARES<\/a><\/li>\n<li><a href=\"https:\/\/inecloud.ine.gob.bo\/owncloud\/index.php\/s\/meZi4OIPPM6ELqr\/download\">BOLET\u00cdN ESTAD\u00cdSTICO COMEX ENERO 2019 Y 2020 CIFRAS PRELIMINARES<\/a><\/li>\n<li><a href=\"https:\/\/nimbus.ine.gob.bo\/index.php\/s\/Hbk7JE9oSok4kN9\/download\">BOLET\u00cdN ESTAD\u00cdSTICO COMEX ENERO A DICIEMBRE 2018 Y 2019 CIFRAS PRELIMINARES<\/a><\/li>\n<li><a href=\"https:\/\/nimbus.ine.gob.bo\/index.php\/s\/RxEXGaD5pBLsei6\/download\">BOLET\u00cdN ESTAD\u00cdSTICO COMEX ENERO A NOVIEMBRE 2018 Y 2019 CIFRAS PRELIMINARES<\/a><\/li>\n<li><a href=\"https:\/\/nimbus.ine.gob.bo\/index.php\/s\/BXT6CHp7QBoD5Hb\/download\">BOLET\u00cdN ESTAD\u00cdSTICO COMEX ENERO A OCTUBRE 2018 Y 2019 CIFRAS PRELIMINARES<\/a><\/li>\n<li><a href=\"https:\/\/nimbus.ine.gob.bo\/index.php\/s\/i6g4XYLNPAA4EJ6\/download\">BOLET\u00cdN ESTAD\u00cdSTICO COMEX ENERO A SEPTIEMBRE 2018 Y 2019 CIFRAS PRELIMINARES<\/a><\/li>\n<li><a href=\"https:\/\/nimbus.ine.gob.bo\/index.php\/s\/eb9odQnL5t5KB5c\/download\">BOLET\u00cdN ESTAD\u00cdSTICO COMEX ENERO A AGOSTO 2018 Y 2019 CIFRAS PRELIMINARES<\/a><\/li>\n<li><a href=\"https:\/\/nimbus.ine.gob.bo\/index.php\/s\/yqNcaCsReCaJzcA\/download\">BOLET\u00cdN ESTAD\u00cdSTICO COMEX ENERO A JULIO 2018 Y 2019 CIFRAS PRELIMINARES AGOSTO 2019<\/a><\/li>\n<li><a href=\"https:\/\/nimbus.ine.gob.bo\/index.php\/s\/mzWz7YWGt8wr3MJ\/download\">BOLET\u00cdN ESTAD\u00cdSTICO COMEX COMERCIO EXTERIOR PRIMER SEMESTRE 2018 Y 2019 CIFRAS PRELIMINARES<\/a><\/li>\n<li><a href=\"https:\/\/nimbus.ine.gob.bo\/index.php\/s\/bbnS7amtHnrszjY\/download\">BOLET\u00cdN ESTAD\u00cdSTICO COMEX COMERCIO EXTERIOR ENERO A MAYO 2018 Y 2019<\/a><\/li>\n<li><a href=\"https:\/\/www.ine.gob.bo\/index.php\/descarga\/193\/exportaciones\/44223\/enero-a-abril-2018-y-2019-cifras-preliminares-exportaciones-2.pdf\">ENERO A ABRIL 2018 Y 2019 CIFRAS PRELIMINARES EXPORTACIONES<\/a><\/li>\n<li><a href=\"https:\/\/www.ine.gob.bo\/index.php\/descarga\/193\/exportaciones\/37714\/exportaciones-primer-trimestre-2018-y-2019-cifras-preliminares.pdf\">EXPORTACIONES PRIMER TRIMESTRE 2018 Y 2019 CIFRAS PRELIMINARES<\/a><\/li>\n<li><a href=\"https:\/\/www.ine.gob.bo\/index.php\/descarga\/193\/exportaciones\/37716\/enero-a-febrero-2018-y-2019-cifras-preliminares-exportaciones.pdf\">ENERO A FEBRERO 2018 Y 2019 CIFRAS PRELIMINARES EXPORTACIONES<\/a><\/li>\n<li><a href=\"https:\/\/www.ine.gob.bo\/index.php\/descarga\/193\/exportaciones\/37715\/enero-2018-y-2019-cifras-preliminares-exportaciones.pdf\">ENERO 2018 Y 2019 CIFRAS PRELIMINARES EXPORTACIONES<\/a><\/li>\n<\/ul>\n<\/div>[\/vc_column][\/vc_row]<\/p>\n","protected":false},"excerpt":{"rendered":"<p>[vc_row][vc_column][vc_empty_space][vc_column_text] Boletines Estad\u00edsticos [\/vc_column_text][\/vc_column][\/vc_row]<\/p>\n","protected":false},"author":3,"featured_media":0,"parent":37255,"menu_order":0,"comment_status":"closed","ping_status":"closed","template":"","meta":[],"class_list":["post-47228","page","type-page","status-publish","hentry","description-off"],"yoast_head":"<!-- This site is optimized with the Yoast SEO plugin v23.2 - https:\/\/yoast.com\/wordpress\/plugins\/seo\/ -->\n<title>Saldo Comercial - INE<\/title>\n<meta name=\"description\" content=\"P\u00e1gina oficial del Instituto Nacional de Estadisticas INE, informaci\u00f3n estad\u00edstica, geogr\u00e1fica y econ\u00f3mica a nivel nacional.\" \/>\n<meta name=\"robots\" content=\"index, follow, max-snippet:-1, max-image-preview:large, max-video-preview:-1\" \/>\n<link rel=\"canonical\" href=\"https:\/\/www.ine.gob.bo\/index.php\/estadisticas-economicas\/comercio-exterior\/saldo-comercial-boletines-estadisticos\/\" \/>\n<meta property=\"og:locale\" content=\"es_ES\" \/>\n<meta property=\"og:type\" content=\"article\" \/>\n<meta property=\"og:title\" content=\"Saldo Comercial - INE\" \/>\n<meta property=\"og:description\" content=\"P\u00e1gina oficial del Instituto Nacional de Estadisticas INE, informaci\u00f3n estad\u00edstica, geogr\u00e1fica y econ\u00f3mica a nivel nacional.\" \/>\n<meta property=\"og:url\" content=\"https:\/\/www.ine.gob.bo\/index.php\/estadisticas-economicas\/comercio-exterior\/saldo-comercial-boletines-estadisticos\/\" \/>\n<meta property=\"og:site_name\" content=\"INE\" \/>\n<meta property=\"article:publisher\" content=\"https:\/\/www.facebook.com\/ineboliviaoficial\" \/>\n<meta property=\"article:modified_time\" content=\"2026-02-28T02:16:03+00:00\" \/>\n<meta name=\"twitter:card\" content=\"summary_large_image\" \/>\n<meta name=\"twitter:site\" content=\"@INE_Bolivia\" \/>\n<meta name=\"twitter:label1\" content=\"Tiempo de lectura\" \/>\n\t<meta name=\"twitter:data1\" content=\"3 minutos\" \/>\n<script type=\"application\/ld+json\" class=\"yoast-schema-graph\">{\"@context\":\"https:\/\/schema.org\",\"@graph\":[{\"@type\":\"WebPage\",\"@id\":\"https:\/\/www.ine.gob.bo\/index.php\/estadisticas-economicas\/comercio-exterior\/saldo-comercial-boletines-estadisticos\/\",\"url\":\"https:\/\/www.ine.gob.bo\/index.php\/estadisticas-economicas\/comercio-exterior\/saldo-comercial-boletines-estadisticos\/\",\"name\":\"Saldo Comercial - INE\",\"isPartOf\":{\"@id\":\"https:\/\/www.ine.gob.bo\/#website\"},\"datePublished\":\"2020-06-11T23:53:12+00:00\",\"dateModified\":\"2026-02-28T02:16:03+00:00\",\"description\":\"P\u00e1gina oficial del Instituto Nacional de Estadisticas INE, informaci\u00f3n estad\u00edstica, geogr\u00e1fica y econ\u00f3mica a nivel nacional.\",\"breadcrumb\":{\"@id\":\"https:\/\/www.ine.gob.bo\/index.php\/estadisticas-economicas\/comercio-exterior\/saldo-comercial-boletines-estadisticos\/#breadcrumb\"},\"inLanguage\":\"es\",\"potentialAction\":[{\"@type\":\"ReadAction\",\"target\":[\"https:\/\/www.ine.gob.bo\/index.php\/estadisticas-economicas\/comercio-exterior\/saldo-comercial-boletines-estadisticos\/\"]}]},{\"@type\":\"BreadcrumbList\",\"@id\":\"https:\/\/www.ine.gob.bo\/index.php\/estadisticas-economicas\/comercio-exterior\/saldo-comercial-boletines-estadisticos\/#breadcrumb\",\"itemListElement\":[{\"@type\":\"ListItem\",\"position\":1,\"name\":\"Portada\",\"item\":\"https:\/\/www.ine.gob.bo\/\"},{\"@type\":\"ListItem\",\"position\":2,\"name\":\"Estad\u00edsticas econ\u00f3micas\",\"item\":\"https:\/\/www.ine.gob.bo\/index.php\/estadisticas-economicas\/\"},{\"@type\":\"ListItem\",\"position\":3,\"name\":\"Estad\u00edsticas de Comercio Exterior\",\"item\":\"https:\/\/www.ine.gob.bo\/index.php\/estadisticas-economicas\/comercio-exterior\/\"},{\"@type\":\"ListItem\",\"position\":4,\"name\":\"Saldo Comercial\"}]},{\"@type\":\"WebSite\",\"@id\":\"https:\/\/www.ine.gob.bo\/#website\",\"url\":\"https:\/\/www.ine.gob.bo\/\",\"name\":\"INE\",\"description\":\"Instituto Nacional de Estad\u00edstica\",\"publisher\":{\"@id\":\"https:\/\/www.ine.gob.bo\/#organization\"},\"potentialAction\":[{\"@type\":\"SearchAction\",\"target\":{\"@type\":\"EntryPoint\",\"urlTemplate\":\"https:\/\/www.ine.gob.bo\/?s={search_term_string}\"},\"query-input\":\"required name=search_term_string\"}],\"inLanguage\":\"es\"},{\"@type\":\"Organization\",\"@id\":\"https:\/\/www.ine.gob.bo\/#organization\",\"name\":\"Instituto Nacional de Estad\u00edstica\",\"url\":\"https:\/\/www.ine.gob.bo\/\",\"logo\":{\"@type\":\"ImageObject\",\"inLanguage\":\"es\",\"@id\":\"https:\/\/www.ine.gob.bo\/#\/schema\/logo\/image\/\",\"url\":\"https:\/\/www.ine.gob.bo\/wp-content\/uploads\/2026\/02\/logo-ine.jpg\",\"contentUrl\":\"https:\/\/www.ine.gob.bo\/wp-content\/uploads\/2026\/02\/logo-ine.jpg\",\"width\":799,\"height\":453,\"caption\":\"Instituto Nacional de Estad\u00edstica\"},\"image\":{\"@id\":\"https:\/\/www.ine.gob.bo\/#\/schema\/logo\/image\/\"},\"sameAs\":[\"https:\/\/www.facebook.com\/ineboliviaoficial\",\"https:\/\/x.com\/INE_Bolivia\",\"https:\/\/www.instagram.com\/ineboliviaoficial\/\",\"https:\/\/www.youtube.com\/channel\/UCbIQXKLw414g5kWo1tAwqCg\"]}]}<\/script>\n<!-- \/ Yoast SEO plugin. -->","yoast_head_json":{"title":"Saldo Comercial - INE","description":"P\u00e1gina oficial del Instituto Nacional de Estadisticas INE, informaci\u00f3n estad\u00edstica, geogr\u00e1fica y econ\u00f3mica a nivel nacional.","robots":{"index":"index","follow":"follow","max-snippet":"max-snippet:-1","max-image-preview":"max-image-preview:large","max-video-preview":"max-video-preview:-1"},"canonical":"https:\/\/www.ine.gob.bo\/index.php\/estadisticas-economicas\/comercio-exterior\/saldo-comercial-boletines-estadisticos\/","og_locale":"es_ES","og_type":"article","og_title":"Saldo Comercial - INE","og_description":"P\u00e1gina oficial del Instituto Nacional de Estadisticas INE, informaci\u00f3n estad\u00edstica, geogr\u00e1fica y econ\u00f3mica a nivel nacional.","og_url":"https:\/\/www.ine.gob.bo\/index.php\/estadisticas-economicas\/comercio-exterior\/saldo-comercial-boletines-estadisticos\/","og_site_name":"INE","article_publisher":"https:\/\/www.facebook.com\/ineboliviaoficial","article_modified_time":"2026-02-28T02:16:03+00:00","twitter_card":"summary_large_image","twitter_site":"@INE_Bolivia","twitter_misc":{"Tiempo de lectura":"3 minutos"},"schema":{"@context":"https:\/\/schema.org","@graph":[{"@type":"WebPage","@id":"https:\/\/www.ine.gob.bo\/index.php\/estadisticas-economicas\/comercio-exterior\/saldo-comercial-boletines-estadisticos\/","url":"https:\/\/www.ine.gob.bo\/index.php\/estadisticas-economicas\/comercio-exterior\/saldo-comercial-boletines-estadisticos\/","name":"Saldo Comercial - INE","isPartOf":{"@id":"https:\/\/www.ine.gob.bo\/#website"},"datePublished":"2020-06-11T23:53:12+00:00","dateModified":"2026-02-28T02:16:03+00:00","description":"P\u00e1gina oficial del Instituto Nacional de Estadisticas INE, informaci\u00f3n estad\u00edstica, geogr\u00e1fica y econ\u00f3mica a nivel nacional.","breadcrumb":{"@id":"https:\/\/www.ine.gob.bo\/index.php\/estadisticas-economicas\/comercio-exterior\/saldo-comercial-boletines-estadisticos\/#breadcrumb"},"inLanguage":"es","potentialAction":[{"@type":"ReadAction","target":["https:\/\/www.ine.gob.bo\/index.php\/estadisticas-economicas\/comercio-exterior\/saldo-comercial-boletines-estadisticos\/"]}]},{"@type":"BreadcrumbList","@id":"https:\/\/www.ine.gob.bo\/index.php\/estadisticas-economicas\/comercio-exterior\/saldo-comercial-boletines-estadisticos\/#breadcrumb","itemListElement":[{"@type":"ListItem","position":1,"name":"Portada","item":"https:\/\/www.ine.gob.bo\/"},{"@type":"ListItem","position":2,"name":"Estad\u00edsticas econ\u00f3micas","item":"https:\/\/www.ine.gob.bo\/index.php\/estadisticas-economicas\/"},{"@type":"ListItem","position":3,"name":"Estad\u00edsticas de Comercio Exterior","item":"https:\/\/www.ine.gob.bo\/index.php\/estadisticas-economicas\/comercio-exterior\/"},{"@type":"ListItem","position":4,"name":"Saldo Comercial"}]},{"@type":"WebSite","@id":"https:\/\/www.ine.gob.bo\/#website","url":"https:\/\/www.ine.gob.bo\/","name":"INE","description":"Instituto Nacional de Estad\u00edstica","publisher":{"@id":"https:\/\/www.ine.gob.bo\/#organization"},"potentialAction":[{"@type":"SearchAction","target":{"@type":"EntryPoint","urlTemplate":"https:\/\/www.ine.gob.bo\/?s={search_term_string}"},"query-input":"required name=search_term_string"}],"inLanguage":"es"},{"@type":"Organization","@id":"https:\/\/www.ine.gob.bo\/#organization","name":"Instituto Nacional de Estad\u00edstica","url":"https:\/\/www.ine.gob.bo\/","logo":{"@type":"ImageObject","inLanguage":"es","@id":"https:\/\/www.ine.gob.bo\/#\/schema\/logo\/image\/","url":"https:\/\/www.ine.gob.bo\/wp-content\/uploads\/2026\/02\/logo-ine.jpg","contentUrl":"https:\/\/www.ine.gob.bo\/wp-content\/uploads\/2026\/02\/logo-ine.jpg","width":799,"height":453,"caption":"Instituto Nacional de Estad\u00edstica"},"image":{"@id":"https:\/\/www.ine.gob.bo\/#\/schema\/logo\/image\/"},"sameAs":["https:\/\/www.facebook.com\/ineboliviaoficial","https:\/\/x.com\/INE_Bolivia","https:\/\/www.instagram.com\/ineboliviaoficial\/","https:\/\/www.youtube.com\/channel\/UCbIQXKLw414g5kWo1tAwqCg"]}]}},"rttpg_featured_image_url":null,"rttpg_author":{"display_name":"Roberto Pablo Intimayta Llanque","author_link":"https:\/\/www.ine.gob.bo\/index.php\/author\/rintimayta\/"},"rttpg_comment":0,"rttpg_category":null,"rttpg_excerpt":"[vc_row][vc_column][vc_empty_space][vc_column_text] Boletines Estad\u00edsticos [\/vc_column_text][\/vc_column][\/vc_row]","_links":{"self":[{"href":"https:\/\/www.ine.gob.bo\/index.php\/wp-json\/wp\/v2\/pages\/47228","targetHints":{"allow":["GET"]}}],"collection":[{"href":"https:\/\/www.ine.gob.bo\/index.php\/wp-json\/wp\/v2\/pages"}],"about":[{"href":"https:\/\/www.ine.gob.bo\/index.php\/wp-json\/wp\/v2\/types\/page"}],"author":[{"embeddable":true,"href":"https:\/\/www.ine.gob.bo\/index.php\/wp-json\/wp\/v2\/users\/3"}],"replies":[{"embeddable":true,"href":"https:\/\/www.ine.gob.bo\/index.php\/wp-json\/wp\/v2\/comments?post=47228"}],"version-history":[{"count":0,"href":"https:\/\/www.ine.gob.bo\/index.php\/wp-json\/wp\/v2\/pages\/47228\/revisions"}],"up":[{"embeddable":true,"href":"https:\/\/www.ine.gob.bo\/index.php\/wp-json\/wp\/v2\/pages\/37255"}],"wp:attachment":[{"href":"https:\/\/www.ine.gob.bo\/index.php\/wp-json\/wp\/v2\/media?parent=47228"}],"curies":[{"name":"wp","href":"https:\/\/api.w.org\/{rel}","templated":true}]}}