{"id":46490,"date":"2020-05-21T19:12:54","date_gmt":"2020-05-21T23:12:54","guid":{"rendered":"https:\/\/www.ine.gob.bo\/?page_id=46490"},"modified":"2025-12-16T15:23:28","modified_gmt":"2025-12-16T19:23:28","slug":"registros-administrativos-sociales","status":"publish","type":"page","link":"https:\/\/www.ine.gob.bo\/index.php\/registros-administrativos-sociales\/","title":{"rendered":"Poblaci\u00f3n y Hechos Vitales"},"content":{"rendered":"<p>[vc_row][vc_column][vc_empty_space]<div class=\"standard-arrow list-divider bullet-top\"><h3>Registros Administrativos<\/h3>\n<h4>Servicio de Registro C\u00edvico (SERECI) &#8211; \u00d3rgano Electoral Plurinacional<\/h4>\n<ul>\n<li><a href=\"https:\/\/nube.ine.gob.bo\/index.php\/s\/O3dIChXeEIUBKsw\/download\">BOLIVIA: N\u00daMERO DE PARTIDAS DE NACIMIENTO, POR A\u00d1O DE REGISTRO, SEG\u00daN DEPARTAMENTO DE REGISTRO Y SEXO, 2010-2024<\/a><\/li>\n<li><a href=\"https:\/\/nube.ine.gob.bo\/index.php\/s\/ihkMCPZLT4fYisG\/download\">BOLIVIA: N\u00daMERO DE PARTIDAS DE NACIMIENTOS INSCRITOS, POR A\u00d1O DE REGISTRO, SEG\u00daN DEPARTAMENTO Y GRUPO DE EDAD, 2010-2024<\/a><\/li>\n<li><a href=\"https:\/\/nube.ine.gob.bo\/index.php\/s\/fps0vBJBd7R0c34\/download\">BOLIVIA: N\u00daMERO DE PARTIDAS DE NACIMIENTO DE MENORES DE UN A\u00d1O, POR A\u00d1O DE REGISTRO, SEG\u00daN DEPARTAMENTO DE REGISTRO Y SEXO, 2010-2024<\/a><\/li>\n<li><a href=\"https:\/\/nube.ine.gob.bo\/index.php\/s\/rsEff8uqemAflsg\/download\">BOLIVIA: N\u00daMERO DE PARTIDAS DE NACIMIENTO POR A\u00d1O DE REGISTRO, SEG\u00daN DEPARTAMENTO DE REGISTRO Y ESTADO CIVIL DE LA MADRE, 2010-2024<\/a><\/li>\n<li><a href=\"https:\/\/nube.ine.gob.bo\/index.php\/s\/EA19m29HqjZPcii\/download\">BOLIVIA: N\u00daMERO DE PARTIDAS DE NACIMIENTO POR A\u00d1O DE REGISTRO, SEG\u00daN DEPARTAMENTO DE REGISTRO Y ESTADO CIVIL DEL PADRE, 2010-2024<\/a><\/li>\n<li><a href=\"https:\/\/nube.ine.gob.bo\/index.php\/s\/VcTQeR0MM7iXO5u\/download\">BOLIVIA: N\u00daMERO DE PARTIDAS DE MATRIMONIO REGISTRADOS POR A\u00d1O DE REGISTRO, SEG\u00daN DEPARTAMENTO, 2010-2024<\/a><\/li>\n<li><a href=\"https:\/\/nube.ine.gob.bo\/index.php\/s\/Lm8ctTFxrnMeyER\/download\">BOLIVIA: N\u00daMERO DE PARTIDAS DE MATRIMONIO REGISTRADOS POR A\u00d1O, SEG\u00daN DEPARTAMENTO, GRUPO DE EDAD Y SEXO DE LOS CONTRAYENTES, 2010-2024<\/a><\/li>\n<li><a href=\"https:\/\/nube.ine.gob.bo\/index.php\/s\/3lzkXu2Pc0iz9Zs\/download\">BOLIVIA: N\u00daMERO DE PARTIDAS DE MATRIMONIO REGISTRADOS POR A\u00d1O DE REGISTRO, SEG\u00daN DEPARTAMENTO, ESTADO CIVIL PREVIO AL MATRIMONIO Y SEXO, 2010-2024<\/a><\/li>\n<li><a href=\"https:\/\/nube.ine.gob.bo\/index.php\/s\/yzf5Fm3m22LmF2F\/download\">BOLIVIA: N\u00daMERO DE DIVORCIOS POR A\u00d1O DE REGISTRO, SEG\u00daN DEPARTAMENTO DE REGISTRO Y CATEGOR\u00cdA DEL DIVORCIO, 2010-2024<\/a><\/li>\n<li><a href=\"https:\/\/nube.ine.gob.bo\/index.php\/s\/4EkcUzBSWS6UHed\/download\">BOLIVIA: N\u00daMERO DE UNIONES LIBRES POR A\u00d1O DE REGISTRO, SEG\u00daN DEPARTAMENTO DE REGISTRO, 2016-2024<\/a><\/li>\n<li><a href=\"https:\/\/nube.ine.gob.bo\/index.php\/s\/Iz5cdXxKItKhsP3\/download\">BOLIVIA: N\u00daMERO DE DEFUNCIONES POR A\u00d1O DE REGISTRO, SEG\u00daN DEPARTAMENTO DE REGISTRO Y SEXO DEL FALLECIDO, 2010-2024<\/a><\/li>\n<li><a href=\"https:\/\/nube.ine.gob.bo\/index.php\/s\/hMObaQHfcaqyxRV\/download\">BOLIVIA: N\u00daMERO DE DEFUNCIONES POR A\u00d1O DE REGISTRO, SEG\u00daN DEPARTAMENTO Y GRUPO DE EDAD DEL FALLECIDO, 2010-2024<\/a><\/li>\n<li><a href=\"https:\/\/nube.ine.gob.bo\/index.php\/s\/Dgh73ZSfppPG5t0\/download\">BOLIVIA: N\u00daMERO DE DEFUNCIONES DE MENORES DE UN A\u00d1O, POR A\u00d1O, SEG\u00daN DEPARTAMENTO DE REGISTRO Y SEXO DEL FALLECIDO, 2010-2024<\/a><\/li>\n<\/ul>\n<\/div>[\/vc_column][\/vc_row]<\/p>\n","protected":false},"excerpt":{"rendered":"<p>[vc_row][vc_column][vc_empty_space][\/vc_column][\/vc_row]<\/p>\n","protected":false},"author":3,"featured_media":0,"parent":0,"menu_order":0,"comment_status":"closed","ping_status":"closed","template":"","meta":[],"class_list":["post-46490","page","type-page","status-publish","hentry","description-off"],"yoast_head":"<!-- This site is optimized with the Yoast SEO plugin v23.2 - https:\/\/yoast.com\/wordpress\/plugins\/seo\/ -->\n<title>Poblaci\u00f3n y Hechos Vitales - INE<\/title>\n<meta name=\"description\" content=\"P\u00e1gina oficial del Instituto Nacional de Estadisticas INE, informaci\u00f3n estad\u00edstica, geogr\u00e1fica y econ\u00f3mica a nivel nacional.\" \/>\n<meta name=\"robots\" content=\"index, follow, max-snippet:-1, max-image-preview:large, max-video-preview:-1\" \/>\n<link rel=\"canonical\" href=\"https:\/\/www.ine.gob.bo\/index.php\/registros-administrativos-sociales\/\" \/>\n<meta property=\"og:locale\" content=\"es_ES\" \/>\n<meta property=\"og:type\" content=\"article\" \/>\n<meta property=\"og:title\" content=\"Poblaci\u00f3n y Hechos Vitales - INE\" \/>\n<meta property=\"og:description\" content=\"P\u00e1gina oficial del Instituto Nacional de Estadisticas INE, informaci\u00f3n estad\u00edstica, geogr\u00e1fica y econ\u00f3mica a nivel nacional.\" \/>\n<meta property=\"og:url\" content=\"https:\/\/www.ine.gob.bo\/index.php\/registros-administrativos-sociales\/\" \/>\n<meta property=\"og:site_name\" content=\"INE\" \/>\n<meta property=\"article:publisher\" content=\"https:\/\/www.facebook.com\/ineboliviaoficial\" \/>\n<meta property=\"article:modified_time\" content=\"2025-12-16T19:23:28+00:00\" \/>\n<meta name=\"twitter:card\" content=\"summary_large_image\" \/>\n<meta name=\"twitter:site\" content=\"@INE_Bolivia\" \/>\n<meta name=\"twitter:label1\" content=\"Tiempo de lectura\" \/>\n\t<meta name=\"twitter:data1\" content=\"2 minutos\" \/>\n<script type=\"application\/ld+json\" class=\"yoast-schema-graph\">{\"@context\":\"https:\/\/schema.org\",\"@graph\":[{\"@type\":\"WebPage\",\"@id\":\"https:\/\/www.ine.gob.bo\/index.php\/registros-administrativos-sociales\/\",\"url\":\"https:\/\/www.ine.gob.bo\/index.php\/registros-administrativos-sociales\/\",\"name\":\"Poblaci\u00f3n y Hechos Vitales - INE\",\"isPartOf\":{\"@id\":\"https:\/\/www.ine.gob.bo\/#website\"},\"datePublished\":\"2020-05-21T23:12:54+00:00\",\"dateModified\":\"2025-12-16T19:23:28+00:00\",\"description\":\"P\u00e1gina oficial del Instituto Nacional de Estadisticas INE, informaci\u00f3n estad\u00edstica, geogr\u00e1fica y econ\u00f3mica a nivel nacional.\",\"breadcrumb\":{\"@id\":\"https:\/\/www.ine.gob.bo\/index.php\/registros-administrativos-sociales\/#breadcrumb\"},\"inLanguage\":\"es\",\"potentialAction\":[{\"@type\":\"ReadAction\",\"target\":[\"https:\/\/www.ine.gob.bo\/index.php\/registros-administrativos-sociales\/\"]}]},{\"@type\":\"BreadcrumbList\",\"@id\":\"https:\/\/www.ine.gob.bo\/index.php\/registros-administrativos-sociales\/#breadcrumb\",\"itemListElement\":[{\"@type\":\"ListItem\",\"position\":1,\"name\":\"Portada\",\"item\":\"https:\/\/www.ine.gob.bo\/\"},{\"@type\":\"ListItem\",\"position\":2,\"name\":\"Poblaci\u00f3n y Hechos Vitales\"}]},{\"@type\":\"WebSite\",\"@id\":\"https:\/\/www.ine.gob.bo\/#website\",\"url\":\"https:\/\/www.ine.gob.bo\/\",\"name\":\"INE\",\"description\":\"Instituto Nacional de Estad\u00edstica\",\"publisher\":{\"@id\":\"https:\/\/www.ine.gob.bo\/#organization\"},\"potentialAction\":[{\"@type\":\"SearchAction\",\"target\":{\"@type\":\"EntryPoint\",\"urlTemplate\":\"https:\/\/www.ine.gob.bo\/?s={search_term_string}\"},\"query-input\":\"required name=search_term_string\"}],\"inLanguage\":\"es\"},{\"@type\":\"Organization\",\"@id\":\"https:\/\/www.ine.gob.bo\/#organization\",\"name\":\"Instituto Nacional de Estad\u00edstica\",\"url\":\"https:\/\/www.ine.gob.bo\/\",\"logo\":{\"@type\":\"ImageObject\",\"inLanguage\":\"es\",\"@id\":\"https:\/\/www.ine.gob.bo\/#\/schema\/logo\/image\/\",\"url\":\"https:\/\/www.ine.gob.bo\/wp-content\/uploads\/2026\/02\/logo-ine.jpg\",\"contentUrl\":\"https:\/\/www.ine.gob.bo\/wp-content\/uploads\/2026\/02\/logo-ine.jpg\",\"width\":799,\"height\":453,\"caption\":\"Instituto Nacional de Estad\u00edstica\"},\"image\":{\"@id\":\"https:\/\/www.ine.gob.bo\/#\/schema\/logo\/image\/\"},\"sameAs\":[\"https:\/\/www.facebook.com\/ineboliviaoficial\",\"https:\/\/x.com\/INE_Bolivia\",\"https:\/\/www.instagram.com\/ineboliviaoficial\/\",\"https:\/\/www.youtube.com\/channel\/UCbIQXKLw414g5kWo1tAwqCg\"]}]}<\/script>\n<!-- \/ Yoast SEO plugin. -->","yoast_head_json":{"title":"Poblaci\u00f3n y Hechos Vitales - INE","description":"P\u00e1gina oficial del Instituto Nacional de Estadisticas INE, informaci\u00f3n estad\u00edstica, geogr\u00e1fica y econ\u00f3mica a nivel nacional.","robots":{"index":"index","follow":"follow","max-snippet":"max-snippet:-1","max-image-preview":"max-image-preview:large","max-video-preview":"max-video-preview:-1"},"canonical":"https:\/\/www.ine.gob.bo\/index.php\/registros-administrativos-sociales\/","og_locale":"es_ES","og_type":"article","og_title":"Poblaci\u00f3n y Hechos Vitales - INE","og_description":"P\u00e1gina oficial del Instituto Nacional de Estadisticas INE, informaci\u00f3n estad\u00edstica, geogr\u00e1fica y econ\u00f3mica a nivel nacional.","og_url":"https:\/\/www.ine.gob.bo\/index.php\/registros-administrativos-sociales\/","og_site_name":"INE","article_publisher":"https:\/\/www.facebook.com\/ineboliviaoficial","article_modified_time":"2025-12-16T19:23:28+00:00","twitter_card":"summary_large_image","twitter_site":"@INE_Bolivia","twitter_misc":{"Tiempo de lectura":"2 minutos"},"schema":{"@context":"https:\/\/schema.org","@graph":[{"@type":"WebPage","@id":"https:\/\/www.ine.gob.bo\/index.php\/registros-administrativos-sociales\/","url":"https:\/\/www.ine.gob.bo\/index.php\/registros-administrativos-sociales\/","name":"Poblaci\u00f3n y Hechos Vitales - INE","isPartOf":{"@id":"https:\/\/www.ine.gob.bo\/#website"},"datePublished":"2020-05-21T23:12:54+00:00","dateModified":"2025-12-16T19:23:28+00:00","description":"P\u00e1gina oficial del Instituto Nacional de Estadisticas INE, informaci\u00f3n estad\u00edstica, geogr\u00e1fica y econ\u00f3mica a nivel nacional.","breadcrumb":{"@id":"https:\/\/www.ine.gob.bo\/index.php\/registros-administrativos-sociales\/#breadcrumb"},"inLanguage":"es","potentialAction":[{"@type":"ReadAction","target":["https:\/\/www.ine.gob.bo\/index.php\/registros-administrativos-sociales\/"]}]},{"@type":"BreadcrumbList","@id":"https:\/\/www.ine.gob.bo\/index.php\/registros-administrativos-sociales\/#breadcrumb","itemListElement":[{"@type":"ListItem","position":1,"name":"Portada","item":"https:\/\/www.ine.gob.bo\/"},{"@type":"ListItem","position":2,"name":"Poblaci\u00f3n y Hechos Vitales"}]},{"@type":"WebSite","@id":"https:\/\/www.ine.gob.bo\/#website","url":"https:\/\/www.ine.gob.bo\/","name":"INE","description":"Instituto Nacional de Estad\u00edstica","publisher":{"@id":"https:\/\/www.ine.gob.bo\/#organization"},"potentialAction":[{"@type":"SearchAction","target":{"@type":"EntryPoint","urlTemplate":"https:\/\/www.ine.gob.bo\/?s={search_term_string}"},"query-input":"required name=search_term_string"}],"inLanguage":"es"},{"@type":"Organization","@id":"https:\/\/www.ine.gob.bo\/#organization","name":"Instituto Nacional de Estad\u00edstica","url":"https:\/\/www.ine.gob.bo\/","logo":{"@type":"ImageObject","inLanguage":"es","@id":"https:\/\/www.ine.gob.bo\/#\/schema\/logo\/image\/","url":"https:\/\/www.ine.gob.bo\/wp-content\/uploads\/2026\/02\/logo-ine.jpg","contentUrl":"https:\/\/www.ine.gob.bo\/wp-content\/uploads\/2026\/02\/logo-ine.jpg","width":799,"height":453,"caption":"Instituto Nacional de Estad\u00edstica"},"image":{"@id":"https:\/\/www.ine.gob.bo\/#\/schema\/logo\/image\/"},"sameAs":["https:\/\/www.facebook.com\/ineboliviaoficial","https:\/\/x.com\/INE_Bolivia","https:\/\/www.instagram.com\/ineboliviaoficial\/","https:\/\/www.youtube.com\/channel\/UCbIQXKLw414g5kWo1tAwqCg"]}]}},"rttpg_featured_image_url":null,"rttpg_author":{"display_name":"Roberto Pablo Intimayta Llanque","author_link":"https:\/\/www.ine.gob.bo\/index.php\/author\/rintimayta\/"},"rttpg_comment":0,"rttpg_category":null,"rttpg_excerpt":"[vc_row][vc_column][vc_empty_space][\/vc_column][\/vc_row]","_links":{"self":[{"href":"https:\/\/www.ine.gob.bo\/index.php\/wp-json\/wp\/v2\/pages\/46490","targetHints":{"allow":["GET"]}}],"collection":[{"href":"https:\/\/www.ine.gob.bo\/index.php\/wp-json\/wp\/v2\/pages"}],"about":[{"href":"https:\/\/www.ine.gob.bo\/index.php\/wp-json\/wp\/v2\/types\/page"}],"author":[{"embeddable":true,"href":"https:\/\/www.ine.gob.bo\/index.php\/wp-json\/wp\/v2\/users\/3"}],"replies":[{"embeddable":true,"href":"https:\/\/www.ine.gob.bo\/index.php\/wp-json\/wp\/v2\/comments?post=46490"}],"version-history":[{"count":0,"href":"https:\/\/www.ine.gob.bo\/index.php\/wp-json\/wp\/v2\/pages\/46490\/revisions"}],"wp:attachment":[{"href":"https:\/\/www.ine.gob.bo\/index.php\/wp-json\/wp\/v2\/media?parent=46490"}],"curies":[{"name":"wp","href":"https:\/\/api.w.org\/{rel}","templated":true}]}}