{"id":44261,"date":"2020-02-27T10:36:07","date_gmt":"2020-02-27T14:36:07","guid":{"rendered":"https:\/\/www.ine.gob.bo\/?page_id=44261"},"modified":"2026-02-04T15:47:28","modified_gmt":"2026-02-04T19:47:28","slug":"parque-automotor-publicaciones-anuales","status":"publish","type":"page","link":"https:\/\/www.ine.gob.bo\/index.php\/estadisticas-economicas\/transportes\/parque-automotor-publicaciones-anuales\/","title":{"rendered":"Parque Automotor"},"content":{"rendered":"<p>[vc_row][vc_column][vc_empty_space][vc_column_text]<\/p>\n<h3>Publicaciones Anuales<\/h3>\n<p>[\/vc_column_text]<div class=\"standard-arrow list-divider bullet-top\"><ul>\n<li><a href=\"https:\/\/nimbus.ine.gob.bo\/index.php\/s\/W8zS5n9CEjjgLJe\/download\">Estad\u00edsticas del Parque Automotor 2003 \u2013 2024<\/a><\/li>\n<li><a href=\"https:\/\/nimbus.ine.gob.bo\/index.php\/s\/dKimZaeGK7LwomW\/download\">Estad\u00edsticas del Parque Automotor 2003 \u2013 2023<\/a><\/li>\n<li><a href=\"https:\/\/nimbus.ine.gob.bo\/index.php\/s\/H6KAtnC9QfLfZ5o\/download\">Estad\u00edsticas del parque Automotor 2003 \u2013 2022<\/a><\/li>\n<li><a href=\"https:\/\/nimbus.ine.gob.bo\/index.php\/s\/iGSSt6SkXcrpBCe\/download\">Estad\u00edsticas del parque Automotor 2003 \u2013 2021<\/a><\/li>\n<li><a href=\"https:\/\/nimbus.ine.gob.bo\/index.php\/s\/ZWAs9jC35anqkkn\/download\">Estad\u00edsticas del Parque Automotor 2003 \u2013 2020<\/a><\/li>\n<li><a href=\"#\">Estad\u00edsticas del Parque Automotor 2005 &#8211; 2019<\/a><\/li>\n<li><a href=\"https:\/\/nimbus.ine.gob.bo\/index.php\/s\/jqRY9gpGnEcfCdA\/download\">Estad\u00edsticas del Parque Automotor 2004 &#8211; 2018<\/a><\/li>\n<li><a href=\"https:\/\/nimbus.ine.gob.bo\/index.php\/s\/4CptE7jCrB7RkF8\/download\">Estad\u00edsticas del Parque Automotor 2003 &#8211; 2017<\/a><\/li>\n<li><a href=\"https:\/\/nimbus.ine.gob.bo\/index.php\/s\/ws6E7KtZdeQT2EC\/download\">Estad\u00edsticas del Parque Automotor 2003 &#8211; 2016<\/a><\/li>\n<li><a href=\"https:\/\/nimbus.ine.gob.bo\/index.php\/s\/3kzPqr74KEnd3Gt\/download\">Estad\u00edsticas del Parque Automotor 2003 &#8211; 2015<\/a><\/li>\n<li><a href=\"#\">Estad\u00edsticas del Parque Automotor 2003 &#8211; 2014<\/a><\/li>\n<li><a href=\"https:\/\/nimbus.ine.gob.bo\/index.php\/s\/SqXbEsNBwsN86QF\/download\">Estad\u00edsticas del Parque Automotor 1998 &#8211; 2012<\/a><\/li>\n<li><a href=\"https:\/\/nimbus.ine.gob.bo\/index.php\/s\/8NacFgW6pBaxfyG\/download\">Estad\u00edsticas del Parque Automotor 1998 &#8211; 2010<\/a><\/li>\n<li><a href=\"https:\/\/nimbus.ine.gob.bo\/index.php\/s\/Qczb4HQwqHbDeDG\/download\">Estad\u00edsticas del Parque Automotor 1998 &#8211; 2009<\/a><\/li>\n<li><a href=\"https:\/\/nimbus.ine.gob.bo\/index.php\/s\/HFXsCPkk7YxLAAr\/download\">Estad\u00edsticas del Parque Automotor 1998 &#8211; 2008<\/a><\/li>\n<li><a href=\"https:\/\/nimbus.ine.gob.bo\/index.php\/s\/pwm9i4weAiSjdRy\/download\">Estad\u00edsticas del Parque Automotor 1998 &#8211; 2007<\/a><\/li>\n<li><a href=\"https:\/\/nimbus.ine.gob.bo\/index.php\/s\/rdGa7eDRfbF5xHE\/download\">Estad\u00edsticas del Parque Automotor 1998 &#8211; 2006<\/a><\/li>\n<li><a href=\"https:\/\/nimbus.ine.gob.bo\/index.php\/s\/HB69S59aEXx4E3G\/download\">Estad\u00edsticas del Parque Automotor 1998 &#8211; 2005<\/a><\/li>\n<\/ul>\n<\/div>[vc_empty_space][\/vc_column][\/vc_row]<\/p>\n","protected":false},"excerpt":{"rendered":"<p>[vc_row][vc_column][vc_empty_space][vc_column_text] Publicaciones Anuales [\/vc_column_text][vc_empty_space][\/vc_column][\/vc_row]<\/p>\n","protected":false},"author":3,"featured_media":0,"parent":44282,"menu_order":0,"comment_status":"closed","ping_status":"closed","template":"","meta":[],"class_list":["post-44261","page","type-page","status-publish","hentry","description-off"],"yoast_head":"<!-- This site is optimized with the Yoast SEO plugin v23.2 - https:\/\/yoast.com\/wordpress\/plugins\/seo\/ -->\n<title>Parque Automotor - INE<\/title>\n<meta name=\"description\" content=\"P\u00e1gina oficial del Instituto Nacional de Estadisticas INE, informaci\u00f3n estad\u00edstica, geogr\u00e1fica y econ\u00f3mica a nivel nacional.\" \/>\n<meta name=\"robots\" content=\"index, follow, max-snippet:-1, max-image-preview:large, max-video-preview:-1\" \/>\n<link rel=\"canonical\" href=\"https:\/\/www.ine.gob.bo\/index.php\/estadisticas-economicas\/transportes\/parque-automotor-publicaciones-anuales\/\" \/>\n<meta property=\"og:locale\" content=\"es_ES\" \/>\n<meta property=\"og:type\" content=\"article\" \/>\n<meta property=\"og:title\" content=\"Parque Automotor - INE\" \/>\n<meta property=\"og:description\" content=\"P\u00e1gina oficial del Instituto Nacional de Estadisticas INE, informaci\u00f3n estad\u00edstica, geogr\u00e1fica y econ\u00f3mica a nivel nacional.\" \/>\n<meta property=\"og:url\" content=\"https:\/\/www.ine.gob.bo\/index.php\/estadisticas-economicas\/transportes\/parque-automotor-publicaciones-anuales\/\" \/>\n<meta property=\"og:site_name\" content=\"INE\" \/>\n<meta property=\"article:publisher\" content=\"https:\/\/www.facebook.com\/ineboliviaoficial\" \/>\n<meta property=\"article:modified_time\" content=\"2026-02-04T19:47:28+00:00\" \/>\n<meta name=\"twitter:card\" content=\"summary_large_image\" \/>\n<meta name=\"twitter:site\" content=\"@INE_Bolivia\" \/>\n<meta name=\"twitter:label1\" content=\"Tiempo de lectura\" \/>\n\t<meta name=\"twitter:data1\" content=\"1 minuto\" \/>\n<script type=\"application\/ld+json\" class=\"yoast-schema-graph\">{\"@context\":\"https:\/\/schema.org\",\"@graph\":[{\"@type\":\"WebPage\",\"@id\":\"https:\/\/www.ine.gob.bo\/index.php\/estadisticas-economicas\/transportes\/parque-automotor-publicaciones-anuales\/\",\"url\":\"https:\/\/www.ine.gob.bo\/index.php\/estadisticas-economicas\/transportes\/parque-automotor-publicaciones-anuales\/\",\"name\":\"Parque Automotor - INE\",\"isPartOf\":{\"@id\":\"https:\/\/www.ine.gob.bo\/#website\"},\"datePublished\":\"2020-02-27T14:36:07+00:00\",\"dateModified\":\"2026-02-04T19:47:28+00:00\",\"description\":\"P\u00e1gina oficial del Instituto Nacional de Estadisticas INE, informaci\u00f3n estad\u00edstica, geogr\u00e1fica y econ\u00f3mica a nivel nacional.\",\"breadcrumb\":{\"@id\":\"https:\/\/www.ine.gob.bo\/index.php\/estadisticas-economicas\/transportes\/parque-automotor-publicaciones-anuales\/#breadcrumb\"},\"inLanguage\":\"es\",\"potentialAction\":[{\"@type\":\"ReadAction\",\"target\":[\"https:\/\/www.ine.gob.bo\/index.php\/estadisticas-economicas\/transportes\/parque-automotor-publicaciones-anuales\/\"]}]},{\"@type\":\"BreadcrumbList\",\"@id\":\"https:\/\/www.ine.gob.bo\/index.php\/estadisticas-economicas\/transportes\/parque-automotor-publicaciones-anuales\/#breadcrumb\",\"itemListElement\":[{\"@type\":\"ListItem\",\"position\":1,\"name\":\"Portada\",\"item\":\"https:\/\/www.ine.gob.bo\/\"},{\"@type\":\"ListItem\",\"position\":2,\"name\":\"Estad\u00edsticas econ\u00f3micas\",\"item\":\"https:\/\/www.ine.gob.bo\/index.php\/estadisticas-economicas\/\"},{\"@type\":\"ListItem\",\"position\":3,\"name\":\"Transporte\",\"item\":\"https:\/\/www.ine.gob.bo\/index.php\/estadisticas-economicas\/transportes\/\"},{\"@type\":\"ListItem\",\"position\":4,\"name\":\"Parque Automotor\"}]},{\"@type\":\"WebSite\",\"@id\":\"https:\/\/www.ine.gob.bo\/#website\",\"url\":\"https:\/\/www.ine.gob.bo\/\",\"name\":\"INE\",\"description\":\"Instituto Nacional de Estad\u00edstica\",\"publisher\":{\"@id\":\"https:\/\/www.ine.gob.bo\/#organization\"},\"potentialAction\":[{\"@type\":\"SearchAction\",\"target\":{\"@type\":\"EntryPoint\",\"urlTemplate\":\"https:\/\/www.ine.gob.bo\/?s={search_term_string}\"},\"query-input\":\"required name=search_term_string\"}],\"inLanguage\":\"es\"},{\"@type\":\"Organization\",\"@id\":\"https:\/\/www.ine.gob.bo\/#organization\",\"name\":\"Instituto Nacional de Estad\u00edstica\",\"url\":\"https:\/\/www.ine.gob.bo\/\",\"logo\":{\"@type\":\"ImageObject\",\"inLanguage\":\"es\",\"@id\":\"https:\/\/www.ine.gob.bo\/#\/schema\/logo\/image\/\",\"url\":\"https:\/\/www.ine.gob.bo\/wp-content\/uploads\/2026\/02\/logo-ine.jpg\",\"contentUrl\":\"https:\/\/www.ine.gob.bo\/wp-content\/uploads\/2026\/02\/logo-ine.jpg\",\"width\":799,\"height\":453,\"caption\":\"Instituto Nacional de Estad\u00edstica\"},\"image\":{\"@id\":\"https:\/\/www.ine.gob.bo\/#\/schema\/logo\/image\/\"},\"sameAs\":[\"https:\/\/www.facebook.com\/ineboliviaoficial\",\"https:\/\/x.com\/INE_Bolivia\",\"https:\/\/www.instagram.com\/ineboliviaoficial\/\",\"https:\/\/www.youtube.com\/channel\/UCbIQXKLw414g5kWo1tAwqCg\"]}]}<\/script>\n<!-- \/ Yoast SEO plugin. -->","yoast_head_json":{"title":"Parque Automotor - INE","description":"P\u00e1gina oficial del Instituto Nacional de Estadisticas INE, informaci\u00f3n estad\u00edstica, geogr\u00e1fica y econ\u00f3mica a nivel nacional.","robots":{"index":"index","follow":"follow","max-snippet":"max-snippet:-1","max-image-preview":"max-image-preview:large","max-video-preview":"max-video-preview:-1"},"canonical":"https:\/\/www.ine.gob.bo\/index.php\/estadisticas-economicas\/transportes\/parque-automotor-publicaciones-anuales\/","og_locale":"es_ES","og_type":"article","og_title":"Parque Automotor - INE","og_description":"P\u00e1gina oficial del Instituto Nacional de Estadisticas INE, informaci\u00f3n estad\u00edstica, geogr\u00e1fica y econ\u00f3mica a nivel nacional.","og_url":"https:\/\/www.ine.gob.bo\/index.php\/estadisticas-economicas\/transportes\/parque-automotor-publicaciones-anuales\/","og_site_name":"INE","article_publisher":"https:\/\/www.facebook.com\/ineboliviaoficial","article_modified_time":"2026-02-04T19:47:28+00:00","twitter_card":"summary_large_image","twitter_site":"@INE_Bolivia","twitter_misc":{"Tiempo de lectura":"1 minuto"},"schema":{"@context":"https:\/\/schema.org","@graph":[{"@type":"WebPage","@id":"https:\/\/www.ine.gob.bo\/index.php\/estadisticas-economicas\/transportes\/parque-automotor-publicaciones-anuales\/","url":"https:\/\/www.ine.gob.bo\/index.php\/estadisticas-economicas\/transportes\/parque-automotor-publicaciones-anuales\/","name":"Parque Automotor - INE","isPartOf":{"@id":"https:\/\/www.ine.gob.bo\/#website"},"datePublished":"2020-02-27T14:36:07+00:00","dateModified":"2026-02-04T19:47:28+00:00","description":"P\u00e1gina oficial del Instituto Nacional de Estadisticas INE, informaci\u00f3n estad\u00edstica, geogr\u00e1fica y econ\u00f3mica a nivel nacional.","breadcrumb":{"@id":"https:\/\/www.ine.gob.bo\/index.php\/estadisticas-economicas\/transportes\/parque-automotor-publicaciones-anuales\/#breadcrumb"},"inLanguage":"es","potentialAction":[{"@type":"ReadAction","target":["https:\/\/www.ine.gob.bo\/index.php\/estadisticas-economicas\/transportes\/parque-automotor-publicaciones-anuales\/"]}]},{"@type":"BreadcrumbList","@id":"https:\/\/www.ine.gob.bo\/index.php\/estadisticas-economicas\/transportes\/parque-automotor-publicaciones-anuales\/#breadcrumb","itemListElement":[{"@type":"ListItem","position":1,"name":"Portada","item":"https:\/\/www.ine.gob.bo\/"},{"@type":"ListItem","position":2,"name":"Estad\u00edsticas econ\u00f3micas","item":"https:\/\/www.ine.gob.bo\/index.php\/estadisticas-economicas\/"},{"@type":"ListItem","position":3,"name":"Transporte","item":"https:\/\/www.ine.gob.bo\/index.php\/estadisticas-economicas\/transportes\/"},{"@type":"ListItem","position":4,"name":"Parque Automotor"}]},{"@type":"WebSite","@id":"https:\/\/www.ine.gob.bo\/#website","url":"https:\/\/www.ine.gob.bo\/","name":"INE","description":"Instituto Nacional de Estad\u00edstica","publisher":{"@id":"https:\/\/www.ine.gob.bo\/#organization"},"potentialAction":[{"@type":"SearchAction","target":{"@type":"EntryPoint","urlTemplate":"https:\/\/www.ine.gob.bo\/?s={search_term_string}"},"query-input":"required name=search_term_string"}],"inLanguage":"es"},{"@type":"Organization","@id":"https:\/\/www.ine.gob.bo\/#organization","name":"Instituto Nacional de Estad\u00edstica","url":"https:\/\/www.ine.gob.bo\/","logo":{"@type":"ImageObject","inLanguage":"es","@id":"https:\/\/www.ine.gob.bo\/#\/schema\/logo\/image\/","url":"https:\/\/www.ine.gob.bo\/wp-content\/uploads\/2026\/02\/logo-ine.jpg","contentUrl":"https:\/\/www.ine.gob.bo\/wp-content\/uploads\/2026\/02\/logo-ine.jpg","width":799,"height":453,"caption":"Instituto Nacional de Estad\u00edstica"},"image":{"@id":"https:\/\/www.ine.gob.bo\/#\/schema\/logo\/image\/"},"sameAs":["https:\/\/www.facebook.com\/ineboliviaoficial","https:\/\/x.com\/INE_Bolivia","https:\/\/www.instagram.com\/ineboliviaoficial\/","https:\/\/www.youtube.com\/channel\/UCbIQXKLw414g5kWo1tAwqCg"]}]}},"rttpg_featured_image_url":null,"rttpg_author":{"display_name":"Roberto Pablo Intimayta Llanque","author_link":"https:\/\/www.ine.gob.bo\/index.php\/author\/rintimayta\/"},"rttpg_comment":0,"rttpg_category":null,"rttpg_excerpt":"[vc_row][vc_column][vc_empty_space][vc_column_text] Publicaciones Anuales [\/vc_column_text][vc_empty_space][\/vc_column][\/vc_row]","_links":{"self":[{"href":"https:\/\/www.ine.gob.bo\/index.php\/wp-json\/wp\/v2\/pages\/44261","targetHints":{"allow":["GET"]}}],"collection":[{"href":"https:\/\/www.ine.gob.bo\/index.php\/wp-json\/wp\/v2\/pages"}],"about":[{"href":"https:\/\/www.ine.gob.bo\/index.php\/wp-json\/wp\/v2\/types\/page"}],"author":[{"embeddable":true,"href":"https:\/\/www.ine.gob.bo\/index.php\/wp-json\/wp\/v2\/users\/3"}],"replies":[{"embeddable":true,"href":"https:\/\/www.ine.gob.bo\/index.php\/wp-json\/wp\/v2\/comments?post=44261"}],"version-history":[{"count":0,"href":"https:\/\/www.ine.gob.bo\/index.php\/wp-json\/wp\/v2\/pages\/44261\/revisions"}],"up":[{"embeddable":true,"href":"https:\/\/www.ine.gob.bo\/index.php\/wp-json\/wp\/v2\/pages\/44282"}],"wp:attachment":[{"href":"https:\/\/www.ine.gob.bo\/index.php\/wp-json\/wp\/v2\/media?parent=44261"}],"curies":[{"name":"wp","href":"https:\/\/api.w.org\/{rel}","templated":true}]}}