{"id":39590,"date":"2019-07-18T23:47:08","date_gmt":"2019-07-18T21:47:08","guid":{"rendered":"https:\/\/www.ine.gob.bo\/?page_id=39590"},"modified":"2025-07-28T16:32:04","modified_gmt":"2025-07-28T20:32:04","slug":"formacion-bruta-de-capital-fijo","status":"publish","type":"page","link":"https:\/\/www.ine.gob.bo\/index.php\/estadisticas-economicas\/pib-y-cuentas-nacionales\/formacion-bruta-de-capital-fijo\/","title":{"rendered":"Formaci\u00f3n Bruta de Capital Fijo"},"content":{"rendered":"<p>[vc_row][vc_column][vc_tta_tabs][vc_tta_section title=&#8221;Introducci\u00f3n&#8221; tab_id=&#8221;1588280207946-e0e3e510-e29f&#8221;][vc_column_text]<meta http-equiv=\"content-type\" content=\"text\/html; charset=utf-8\">\r\n<style>\r\n  @import url(\"https:\/\/fonts.googleapis.com\/css2?family=Roboto+Condensed:wght@300&display=swap\");\r\n\r\nbody {\r\n  font-family: 'Roboto Condensed', sans-serif;\r\n}\r\n#amchart1 {\r\n  width: 100%;\r\n  height: 520px;\r\n}\r\n\r\n<\/style>\r\n\r\n<div id=\"amchart1\"><\/div>\n<p><b>INTRODUCCI\u00d3N<\/b><\/p>\n<p>La Formaci\u00f3n Bruta de Capital Fijo (FBCF), representa el valor de los bienes duraderos adquiridos por las unidades de producci\u00f3n con el fin de ser utilizados durante por lo menos un a\u00f1o en el proceso de producci\u00f3n. Se define como el valor total de los activos fijos adquiridos menos los vendidos por las unidades de producci\u00f3n residentes. Comprende los activos fijos tangibles e intangibles que se obtienen como resultado de un proceso de producci\u00f3n en el pa\u00eds o en el exterior. Estos activos tienen la caracter\u00edstica de utilizarse repetida o continuamente en procesos de producci\u00f3n. Se consideran en la FBCF los bienes nuevos y los usados, cuando estos provienen del exterior o cambian de propietario.<\/p>\n<p>La informaci\u00f3n de la FBCF que se difunde son cuadros por producto agrupados seg\u00fan sector (p\u00fablico y privado) con datos de: valor constante, variaci\u00f3n (crecimiento), incidencia, valor corriente, participaci\u00f3n y deflactor impl\u00edcito.[\/vc_column_text][\/vc_tta_section][vc_tta_section title=&#8221;Cuadros Estad\u00edsticos&#8221; tab_id=&#8221;1588280664761-a85e2c29-67f8&#8243;][vc_column_text]<\/p>\n<h4>Precios Constantes<\/h4>\n<p>[\/vc_column_text]<div class=\"standard-arrow list-divider bullet-top\"><ul>\n<li><a href=\"https:\/\/nimbus.ine.gob.bo\/index.php\/s\/cLHcn4ss7YB55dC\/download\">BOLIVIA: FORMACI\u00d3N BRUTA DE CAPITAL FIJO A PRECIOS CONSTANTES SEG\u00daN PRODUCTO, 1988 \u2013 2024<\/a><\/li>\n<li><a href=\"https:\/\/nimbus.ine.gob.bo\/index.php\/s\/Ba9KrqcJ2AZcg4K\/download\">BOLIVIA: VARIACION DE LA FORMACI\u00d3N BRUTA CAPITAL FIJO A PRECIOS CONSTANTES SEG\u00daN PRODUCTO, 1989 \u2013 2024<\/a><\/li>\n<li><a href=\"https:\/\/nimbus.ine.gob.bo\/index.php\/s\/wpWQwSeKsYCTsHH\/download\">BOLIVIA: INCIDENCIA DE LA FORMACI\u00d3N BRUTA DE CAPITAL FIJO A PRECIOS CONSTANTES SEG\u00daN PRODUCTO, 1989 \u2013 2024<\/a><\/li>\n<\/ul>\n<\/div>[vc_column_text]<\/p>\n<h4>Precios Corrientes<\/h4>\n<p>[\/vc_column_text]<div class=\"standard-arrow list-divider bullet-top\"><ul>\n<li><a href=\"https:\/\/nimbus.ine.gob.bo\/index.php\/s\/tWBAK3jbzappZZD\/download\">BOLIVIA: FORMACI\u00d3N BRUTA DE CAPITAL FIJO A PRECIOS CORRIENTES SEG\u00daN PRODUCTO, 1988 \u2013 2024<\/a><\/li>\n<li><a href=\"https:\/\/nimbus.ine.gob.bo\/index.php\/s\/EYW87E2XgkwzCoT\/download\">BOLIVIA: PARTICIPACI\u00d3N DE LA FORMACI\u00d3N BRUTA DE CAPITAL FIJO A PRECIOS CORRIENTES SEG\u00daN PRODUCTO, 1988 \u2013 2024<\/a><\/li>\n<li><a href=\"https:\/\/nimbus.ine.gob.bo\/index.php\/s\/X8w6bMX9gpabw5m\/download\">BOLIVIA: DEFLACTOR IMPL\u00cdCITO DE LA FORMACI\u00d3N BRUTA DE CAPITAL FIJO SEG\u00daN PRODUCTO, 1988 \u2013 2024<\/a><\/li>\n<\/ul>\n<\/div>[\/vc_tta_section][vc_tta_section title=&#8221;Metodolog\u00eda&#8221; tab_id=&#8221;1588280207961-150832c7-4d1f&#8221;][vc_empty_space]<div class=\"standard-arrow list-divider bullet-top\"><ul>\n<li><a href=\"https:\/\/nube.ine.gob.bo\/index.php\/s\/qxLwHEhIJXc43oF\/download\">METODOLOG\u00cdA FBCF BASE 1990<\/a><\/li>\n<\/ul>\n<\/div>[\/vc_tta_section][\/vc_tta_tabs][\/vc_column][\/vc_row]<\/p>\n","protected":false},"excerpt":{"rendered":"<p>[vc_row][vc_column][vc_tta_tabs][vc_tta_section title=&#8221;Introducci\u00f3n&#8221; tab_id=&#8221;1588280207946-e0e3e510-e29f&#8221;][vc_column_text] INTRODUCCI\u00d3N La Formaci\u00f3n Bruta de Capital Fijo (FBCF), representa el valor de los bienes duraderos adquiridos por las unidades de producci\u00f3n con el fin de ser utilizados durante por lo menos un a\u00f1o en el proceso de producci\u00f3n. Se define como el valor total de los activos fijos adquiridos menos los vendidos&hellip;<\/p>\n","protected":false},"author":1,"featured_media":0,"parent":36804,"menu_order":0,"comment_status":"closed","ping_status":"closed","template":"","meta":[],"class_list":["post-39590","page","type-page","status-publish","hentry","description-off"],"yoast_head":"<!-- This site is optimized with the Yoast SEO plugin v23.2 - https:\/\/yoast.com\/wordpress\/plugins\/seo\/ -->\n<title>Formaci\u00f3n Bruta de Capital Fijo - INE<\/title>\n<meta name=\"description\" content=\"P\u00e1gina oficial del Instituto Nacional de Estadisticas INE, informaci\u00f3n estad\u00edstica, geogr\u00e1fica y econ\u00f3mica a nivel nacional.\" \/>\n<meta name=\"robots\" content=\"index, follow, max-snippet:-1, max-image-preview:large, max-video-preview:-1\" \/>\n<link rel=\"canonical\" href=\"https:\/\/www.ine.gob.bo\/index.php\/estadisticas-economicas\/pib-y-cuentas-nacionales\/formacion-bruta-de-capital-fijo\/\" \/>\n<meta property=\"og:locale\" content=\"es_ES\" \/>\n<meta property=\"og:type\" content=\"article\" \/>\n<meta property=\"og:title\" content=\"Formaci\u00f3n Bruta de Capital Fijo - INE\" \/>\n<meta property=\"og:description\" content=\"P\u00e1gina oficial del Instituto Nacional de Estadisticas INE, informaci\u00f3n estad\u00edstica, geogr\u00e1fica y econ\u00f3mica a nivel nacional.\" \/>\n<meta property=\"og:url\" content=\"https:\/\/www.ine.gob.bo\/index.php\/estadisticas-economicas\/pib-y-cuentas-nacionales\/formacion-bruta-de-capital-fijo\/\" \/>\n<meta property=\"og:site_name\" content=\"INE\" \/>\n<meta property=\"article:publisher\" content=\"https:\/\/www.facebook.com\/ineboliviaoficial\" \/>\n<meta property=\"article:modified_time\" content=\"2025-07-28T20:32:04+00:00\" \/>\n<meta name=\"twitter:card\" content=\"summary_large_image\" \/>\n<meta name=\"twitter:site\" content=\"@INE_Bolivia\" \/>\n<meta name=\"twitter:label1\" content=\"Tiempo de lectura\" \/>\n\t<meta name=\"twitter:data1\" content=\"2 minutos\" \/>\n<script type=\"application\/ld+json\" class=\"yoast-schema-graph\">{\"@context\":\"https:\/\/schema.org\",\"@graph\":[{\"@type\":\"WebPage\",\"@id\":\"https:\/\/www.ine.gob.bo\/index.php\/estadisticas-economicas\/pib-y-cuentas-nacionales\/formacion-bruta-de-capital-fijo\/\",\"url\":\"https:\/\/www.ine.gob.bo\/index.php\/estadisticas-economicas\/pib-y-cuentas-nacionales\/formacion-bruta-de-capital-fijo\/\",\"name\":\"Formaci\u00f3n Bruta de Capital Fijo - INE\",\"isPartOf\":{\"@id\":\"https:\/\/www.ine.gob.bo\/#website\"},\"datePublished\":\"2019-07-18T21:47:08+00:00\",\"dateModified\":\"2025-07-28T20:32:04+00:00\",\"description\":\"P\u00e1gina oficial del Instituto Nacional de Estadisticas INE, informaci\u00f3n estad\u00edstica, geogr\u00e1fica y econ\u00f3mica a nivel nacional.\",\"breadcrumb\":{\"@id\":\"https:\/\/www.ine.gob.bo\/index.php\/estadisticas-economicas\/pib-y-cuentas-nacionales\/formacion-bruta-de-capital-fijo\/#breadcrumb\"},\"inLanguage\":\"es\",\"potentialAction\":[{\"@type\":\"ReadAction\",\"target\":[\"https:\/\/www.ine.gob.bo\/index.php\/estadisticas-economicas\/pib-y-cuentas-nacionales\/formacion-bruta-de-capital-fijo\/\"]}]},{\"@type\":\"BreadcrumbList\",\"@id\":\"https:\/\/www.ine.gob.bo\/index.php\/estadisticas-economicas\/pib-y-cuentas-nacionales\/formacion-bruta-de-capital-fijo\/#breadcrumb\",\"itemListElement\":[{\"@type\":\"ListItem\",\"position\":1,\"name\":\"Portada\",\"item\":\"https:\/\/www.ine.gob.bo\/\"},{\"@type\":\"ListItem\",\"position\":2,\"name\":\"Estad\u00edsticas econ\u00f3micas\",\"item\":\"https:\/\/www.ine.gob.bo\/index.php\/estadisticas-economicas\/\"},{\"@type\":\"ListItem\",\"position\":3,\"name\":\"Cuentas Nacionales\",\"item\":\"https:\/\/www.ine.gob.bo\/index.php\/estadisticas-economicas\/pib-y-cuentas-nacionales\/\"},{\"@type\":\"ListItem\",\"position\":4,\"name\":\"Formaci\u00f3n Bruta de Capital Fijo\"}]},{\"@type\":\"WebSite\",\"@id\":\"https:\/\/www.ine.gob.bo\/#website\",\"url\":\"https:\/\/www.ine.gob.bo\/\",\"name\":\"INE\",\"description\":\"Instituto Nacional de Estad\u00edstica\",\"publisher\":{\"@id\":\"https:\/\/www.ine.gob.bo\/#organization\"},\"potentialAction\":[{\"@type\":\"SearchAction\",\"target\":{\"@type\":\"EntryPoint\",\"urlTemplate\":\"https:\/\/www.ine.gob.bo\/?s={search_term_string}\"},\"query-input\":\"required name=search_term_string\"}],\"inLanguage\":\"es\"},{\"@type\":\"Organization\",\"@id\":\"https:\/\/www.ine.gob.bo\/#organization\",\"name\":\"Instituto Nacional de Estad\u00edstica\",\"url\":\"https:\/\/www.ine.gob.bo\/\",\"logo\":{\"@type\":\"ImageObject\",\"inLanguage\":\"es\",\"@id\":\"https:\/\/www.ine.gob.bo\/#\/schema\/logo\/image\/\",\"url\":\"https:\/\/www.ine.gob.bo\/wp-content\/uploads\/2026\/02\/logo-ine.jpg\",\"contentUrl\":\"https:\/\/www.ine.gob.bo\/wp-content\/uploads\/2026\/02\/logo-ine.jpg\",\"width\":799,\"height\":453,\"caption\":\"Instituto Nacional de Estad\u00edstica\"},\"image\":{\"@id\":\"https:\/\/www.ine.gob.bo\/#\/schema\/logo\/image\/\"},\"sameAs\":[\"https:\/\/www.facebook.com\/ineboliviaoficial\",\"https:\/\/x.com\/INE_Bolivia\",\"https:\/\/www.instagram.com\/ineboliviaoficial\/\",\"https:\/\/www.youtube.com\/channel\/UCbIQXKLw414g5kWo1tAwqCg\"]}]}<\/script>\n<!-- \/ Yoast SEO plugin. -->","yoast_head_json":{"title":"Formaci\u00f3n Bruta de Capital Fijo - INE","description":"P\u00e1gina oficial del Instituto Nacional de Estadisticas INE, informaci\u00f3n estad\u00edstica, geogr\u00e1fica y econ\u00f3mica a nivel nacional.","robots":{"index":"index","follow":"follow","max-snippet":"max-snippet:-1","max-image-preview":"max-image-preview:large","max-video-preview":"max-video-preview:-1"},"canonical":"https:\/\/www.ine.gob.bo\/index.php\/estadisticas-economicas\/pib-y-cuentas-nacionales\/formacion-bruta-de-capital-fijo\/","og_locale":"es_ES","og_type":"article","og_title":"Formaci\u00f3n Bruta de Capital Fijo - INE","og_description":"P\u00e1gina oficial del Instituto Nacional de Estadisticas INE, informaci\u00f3n estad\u00edstica, geogr\u00e1fica y econ\u00f3mica a nivel nacional.","og_url":"https:\/\/www.ine.gob.bo\/index.php\/estadisticas-economicas\/pib-y-cuentas-nacionales\/formacion-bruta-de-capital-fijo\/","og_site_name":"INE","article_publisher":"https:\/\/www.facebook.com\/ineboliviaoficial","article_modified_time":"2025-07-28T20:32:04+00:00","twitter_card":"summary_large_image","twitter_site":"@INE_Bolivia","twitter_misc":{"Tiempo de lectura":"2 minutos"},"schema":{"@context":"https:\/\/schema.org","@graph":[{"@type":"WebPage","@id":"https:\/\/www.ine.gob.bo\/index.php\/estadisticas-economicas\/pib-y-cuentas-nacionales\/formacion-bruta-de-capital-fijo\/","url":"https:\/\/www.ine.gob.bo\/index.php\/estadisticas-economicas\/pib-y-cuentas-nacionales\/formacion-bruta-de-capital-fijo\/","name":"Formaci\u00f3n Bruta de Capital Fijo - INE","isPartOf":{"@id":"https:\/\/www.ine.gob.bo\/#website"},"datePublished":"2019-07-18T21:47:08+00:00","dateModified":"2025-07-28T20:32:04+00:00","description":"P\u00e1gina oficial del Instituto Nacional de Estadisticas INE, informaci\u00f3n estad\u00edstica, geogr\u00e1fica y econ\u00f3mica a nivel nacional.","breadcrumb":{"@id":"https:\/\/www.ine.gob.bo\/index.php\/estadisticas-economicas\/pib-y-cuentas-nacionales\/formacion-bruta-de-capital-fijo\/#breadcrumb"},"inLanguage":"es","potentialAction":[{"@type":"ReadAction","target":["https:\/\/www.ine.gob.bo\/index.php\/estadisticas-economicas\/pib-y-cuentas-nacionales\/formacion-bruta-de-capital-fijo\/"]}]},{"@type":"BreadcrumbList","@id":"https:\/\/www.ine.gob.bo\/index.php\/estadisticas-economicas\/pib-y-cuentas-nacionales\/formacion-bruta-de-capital-fijo\/#breadcrumb","itemListElement":[{"@type":"ListItem","position":1,"name":"Portada","item":"https:\/\/www.ine.gob.bo\/"},{"@type":"ListItem","position":2,"name":"Estad\u00edsticas econ\u00f3micas","item":"https:\/\/www.ine.gob.bo\/index.php\/estadisticas-economicas\/"},{"@type":"ListItem","position":3,"name":"Cuentas Nacionales","item":"https:\/\/www.ine.gob.bo\/index.php\/estadisticas-economicas\/pib-y-cuentas-nacionales\/"},{"@type":"ListItem","position":4,"name":"Formaci\u00f3n Bruta de Capital Fijo"}]},{"@type":"WebSite","@id":"https:\/\/www.ine.gob.bo\/#website","url":"https:\/\/www.ine.gob.bo\/","name":"INE","description":"Instituto Nacional de Estad\u00edstica","publisher":{"@id":"https:\/\/www.ine.gob.bo\/#organization"},"potentialAction":[{"@type":"SearchAction","target":{"@type":"EntryPoint","urlTemplate":"https:\/\/www.ine.gob.bo\/?s={search_term_string}"},"query-input":"required name=search_term_string"}],"inLanguage":"es"},{"@type":"Organization","@id":"https:\/\/www.ine.gob.bo\/#organization","name":"Instituto Nacional de Estad\u00edstica","url":"https:\/\/www.ine.gob.bo\/","logo":{"@type":"ImageObject","inLanguage":"es","@id":"https:\/\/www.ine.gob.bo\/#\/schema\/logo\/image\/","url":"https:\/\/www.ine.gob.bo\/wp-content\/uploads\/2026\/02\/logo-ine.jpg","contentUrl":"https:\/\/www.ine.gob.bo\/wp-content\/uploads\/2026\/02\/logo-ine.jpg","width":799,"height":453,"caption":"Instituto Nacional de Estad\u00edstica"},"image":{"@id":"https:\/\/www.ine.gob.bo\/#\/schema\/logo\/image\/"},"sameAs":["https:\/\/www.facebook.com\/ineboliviaoficial","https:\/\/x.com\/INE_Bolivia","https:\/\/www.instagram.com\/ineboliviaoficial\/","https:\/\/www.youtube.com\/channel\/UCbIQXKLw414g5kWo1tAwqCg"]}]}},"rttpg_featured_image_url":null,"rttpg_author":{"display_name":"4dmin-root","author_link":"https:\/\/www.ine.gob.bo\/index.php\/author\/4dmin-root\/"},"rttpg_comment":0,"rttpg_category":null,"rttpg_excerpt":"[vc_row][vc_column][vc_tta_tabs][vc_tta_section title=&#8221;Introducci\u00f3n&#8221; tab_id=&#8221;1588280207946-e0e3e510-e29f&#8221;][vc_column_text] INTRODUCCI\u00d3N La Formaci\u00f3n Bruta de Capital Fijo (FBCF), representa el valor de los bienes duraderos adquiridos por las unidades de producci\u00f3n con el fin de ser utilizados durante por lo menos un a\u00f1o en el proceso de producci\u00f3n. Se define como el valor total de los activos fijos adquiridos menos los vendidos&hellip;","_links":{"self":[{"href":"https:\/\/www.ine.gob.bo\/index.php\/wp-json\/wp\/v2\/pages\/39590","targetHints":{"allow":["GET"]}}],"collection":[{"href":"https:\/\/www.ine.gob.bo\/index.php\/wp-json\/wp\/v2\/pages"}],"about":[{"href":"https:\/\/www.ine.gob.bo\/index.php\/wp-json\/wp\/v2\/types\/page"}],"author":[{"embeddable":true,"href":"https:\/\/www.ine.gob.bo\/index.php\/wp-json\/wp\/v2\/users\/1"}],"replies":[{"embeddable":true,"href":"https:\/\/www.ine.gob.bo\/index.php\/wp-json\/wp\/v2\/comments?post=39590"}],"version-history":[{"count":0,"href":"https:\/\/www.ine.gob.bo\/index.php\/wp-json\/wp\/v2\/pages\/39590\/revisions"}],"up":[{"embeddable":true,"href":"https:\/\/www.ine.gob.bo\/index.php\/wp-json\/wp\/v2\/pages\/36804"}],"wp:attachment":[{"href":"https:\/\/www.ine.gob.bo\/index.php\/wp-json\/wp\/v2\/media?parent=39590"}],"curies":[{"name":"wp","href":"https:\/\/api.w.org\/{rel}","templated":true}]}}