{"id":39576,"date":"2019-07-18T23:23:52","date_gmt":"2019-07-19T03:23:52","guid":{"rendered":"https:\/\/www.ine.gob.bo\/?page_id=39576"},"modified":"2026-02-04T11:19:45","modified_gmt":"2026-02-04T15:19:45","slug":"producto-interno-bruto-departamental-introduccion","status":"publish","type":"page","link":"https:\/\/www.ine.gob.bo\/index.php\/estadisticas-economicas\/pib-y-cuentas-nacionales\/producto-interno-bruto-departamental\/producto-interno-bruto-departamental-introduccion\/","title":{"rendered":"Introducci\u00f3n"},"content":{"rendered":"<p>[vc_row][vc_column][vc_tta_tabs][vc_tta_section title=&#8221;Introducci\u00f3n&#8221; tab_id=&#8221;1559000613762-93bd70cb-ae37&#8243;][vc_column_text]<meta http-equiv=\"content-type\" content=\"text\/html; charset=utf-8\">\r\n<style>\r\n  @import url(\"https:\/\/fonts.googleapis.com\/css2?family=Roboto+Condensed:wght@300&display=swap\");\r\n\r\nbody {\r\n  font-family: 'Roboto Condensed', sans-serif;\r\n}\r\n#amchart1 {\r\n  width: 100%;\r\n  height: 520px;\r\n}\r\nselect {\r\n  font-size: 15px;\r\n  padding: 5px 10px;\r\n}\r\n<\/style>\r\n\r\n<div id=\"amchart1\"><\/div>\n<p>EL PIB departamental es la representaci\u00f3n del resultado final de la actividad productiva del total de las unidades de producci\u00f3n residente de los departamentos de Bolivia, en un tiempo determinado con la concurrencia de factores de la producci\u00f3n, propiedad de residentes y no residentes, y valorado en unidades monetarias.<\/p>\n<p>El PIB departamental nacional se caracteriza por ser un indicador que muestra la contribuci\u00f3n de cada departamento al PIB de Bolivia, y tiene un rezago de publicaci\u00f3n de aproximadamente de 105 d\u00edas, como consecuencia del proceso de recolecci\u00f3n de la informaci\u00f3n por departamento, de la producci\u00f3n de todas las unidades productivas en Bolivia.<\/p>\n<p>La informaci\u00f3n del PIB departamental que se difunde, son cuadros por actividad econ\u00f3mica seg\u00fan departamento, con los siguientes reportes: valor constante, variaci\u00f3n (crecimiento), valor corriente, participaci\u00f3n, deflactor impl\u00edcito y PIB per c\u00e1pita. Este ultimo nacional y por departamento, en bolivianos y d\u00f3lares[\/vc_column_text][\/vc_tta_section][vc_tta_section title=&#8221;Metodolog\u00eda&#8221; tab_id=&#8221;1559001527787-a88ab783-54b7&#8243;]<div class=\"standard-arrow list-divider bullet-top\"><ul>\n<li><a href=\"https:\/\/nimbus.ine.gob.bo\/index.php\/s\/R8PMaCiEcWeEbrf\/download\">METODOLOG\u00cdA PIB DEPARTAMENTAL<\/a><\/li>\n<\/ul>\n<\/div>[\/vc_tta_section][\/vc_tta_tabs][\/vc_column][\/vc_row]<\/p>\n","protected":false},"excerpt":{"rendered":"<p>[vc_row][vc_column][vc_tta_tabs][vc_tta_section title=&#8221;Introducci\u00f3n&#8221; tab_id=&#8221;1559000613762-93bd70cb-ae37&#8243;][vc_column_text] EL PIB departamental es la representaci\u00f3n del resultado final de la actividad productiva del total de las unidades de producci\u00f3n residente de los departamentos de Bolivia, en un tiempo determinado con la concurrencia de factores de la producci\u00f3n, propiedad de residentes y no residentes, y valorado en unidades monetarias. El PIB departamental&hellip;<\/p>\n","protected":false},"author":1,"featured_media":0,"parent":39573,"menu_order":0,"comment_status":"closed","ping_status":"closed","template":"","meta":[],"class_list":["post-39576","page","type-page","status-publish","hentry","description-off"],"yoast_head":"<!-- This site is optimized with the Yoast SEO plugin v23.2 - https:\/\/yoast.com\/wordpress\/plugins\/seo\/ -->\n<title>Introducci\u00f3n - INE<\/title>\n<meta name=\"description\" content=\"P\u00e1gina oficial del Instituto Nacional de Estadisticas INE, informaci\u00f3n estad\u00edstica, geogr\u00e1fica y econ\u00f3mica a nivel nacional.\" \/>\n<meta name=\"robots\" content=\"index, follow, max-snippet:-1, max-image-preview:large, max-video-preview:-1\" \/>\n<link rel=\"canonical\" href=\"https:\/\/www.ine.gob.bo\/index.php\/estadisticas-economicas\/pib-y-cuentas-nacionales\/producto-interno-bruto-departamental\/producto-interno-bruto-departamental-introduccion\/\" \/>\n<meta property=\"og:locale\" content=\"es_ES\" \/>\n<meta property=\"og:type\" content=\"article\" \/>\n<meta property=\"og:title\" content=\"Introducci\u00f3n - INE\" \/>\n<meta property=\"og:description\" content=\"P\u00e1gina oficial del Instituto Nacional de Estadisticas INE, informaci\u00f3n estad\u00edstica, geogr\u00e1fica y econ\u00f3mica a nivel nacional.\" \/>\n<meta property=\"og:url\" content=\"https:\/\/www.ine.gob.bo\/index.php\/estadisticas-economicas\/pib-y-cuentas-nacionales\/producto-interno-bruto-departamental\/producto-interno-bruto-departamental-introduccion\/\" \/>\n<meta property=\"og:site_name\" content=\"INE\" \/>\n<meta property=\"article:publisher\" content=\"https:\/\/www.facebook.com\/ineboliviaoficial\" \/>\n<meta property=\"article:modified_time\" content=\"2026-02-04T15:19:45+00:00\" \/>\n<meta name=\"twitter:card\" content=\"summary_large_image\" \/>\n<meta name=\"twitter:site\" content=\"@INE_Bolivia\" \/>\n<meta name=\"twitter:label1\" content=\"Tiempo de lectura\" \/>\n\t<meta name=\"twitter:data1\" content=\"1 minuto\" \/>\n<script type=\"application\/ld+json\" class=\"yoast-schema-graph\">{\"@context\":\"https:\/\/schema.org\",\"@graph\":[{\"@type\":\"WebPage\",\"@id\":\"https:\/\/www.ine.gob.bo\/index.php\/estadisticas-economicas\/pib-y-cuentas-nacionales\/producto-interno-bruto-departamental\/producto-interno-bruto-departamental-introduccion\/\",\"url\":\"https:\/\/www.ine.gob.bo\/index.php\/estadisticas-economicas\/pib-y-cuentas-nacionales\/producto-interno-bruto-departamental\/producto-interno-bruto-departamental-introduccion\/\",\"name\":\"Introducci\u00f3n - INE\",\"isPartOf\":{\"@id\":\"https:\/\/www.ine.gob.bo\/#website\"},\"datePublished\":\"2019-07-19T03:23:52+00:00\",\"dateModified\":\"2026-02-04T15:19:45+00:00\",\"description\":\"P\u00e1gina oficial del Instituto Nacional de Estadisticas INE, informaci\u00f3n estad\u00edstica, geogr\u00e1fica y econ\u00f3mica a nivel nacional.\",\"breadcrumb\":{\"@id\":\"https:\/\/www.ine.gob.bo\/index.php\/estadisticas-economicas\/pib-y-cuentas-nacionales\/producto-interno-bruto-departamental\/producto-interno-bruto-departamental-introduccion\/#breadcrumb\"},\"inLanguage\":\"es\",\"potentialAction\":[{\"@type\":\"ReadAction\",\"target\":[\"https:\/\/www.ine.gob.bo\/index.php\/estadisticas-economicas\/pib-y-cuentas-nacionales\/producto-interno-bruto-departamental\/producto-interno-bruto-departamental-introduccion\/\"]}]},{\"@type\":\"BreadcrumbList\",\"@id\":\"https:\/\/www.ine.gob.bo\/index.php\/estadisticas-economicas\/pib-y-cuentas-nacionales\/producto-interno-bruto-departamental\/producto-interno-bruto-departamental-introduccion\/#breadcrumb\",\"itemListElement\":[{\"@type\":\"ListItem\",\"position\":1,\"name\":\"Portada\",\"item\":\"https:\/\/www.ine.gob.bo\/\"},{\"@type\":\"ListItem\",\"position\":2,\"name\":\"Estad\u00edsticas econ\u00f3micas\",\"item\":\"https:\/\/www.ine.gob.bo\/index.php\/estadisticas-economicas\/\"},{\"@type\":\"ListItem\",\"position\":3,\"name\":\"Cuentas Nacionales\",\"item\":\"https:\/\/www.ine.gob.bo\/index.php\/estadisticas-economicas\/pib-y-cuentas-nacionales\/\"},{\"@type\":\"ListItem\",\"position\":4,\"name\":\"Producto Interno Bruto Departamental\",\"item\":\"https:\/\/www.ine.gob.bo\/index.php\/estadisticas-economicas\/pib-y-cuentas-nacionales\/producto-interno-bruto-departamental\/\"},{\"@type\":\"ListItem\",\"position\":5,\"name\":\"Introducci\u00f3n\"}]},{\"@type\":\"WebSite\",\"@id\":\"https:\/\/www.ine.gob.bo\/#website\",\"url\":\"https:\/\/www.ine.gob.bo\/\",\"name\":\"INE\",\"description\":\"Instituto Nacional de Estad\u00edstica\",\"publisher\":{\"@id\":\"https:\/\/www.ine.gob.bo\/#organization\"},\"potentialAction\":[{\"@type\":\"SearchAction\",\"target\":{\"@type\":\"EntryPoint\",\"urlTemplate\":\"https:\/\/www.ine.gob.bo\/?s={search_term_string}\"},\"query-input\":\"required name=search_term_string\"}],\"inLanguage\":\"es\"},{\"@type\":\"Organization\",\"@id\":\"https:\/\/www.ine.gob.bo\/#organization\",\"name\":\"Instituto Nacional de Estad\u00edstica\",\"url\":\"https:\/\/www.ine.gob.bo\/\",\"logo\":{\"@type\":\"ImageObject\",\"inLanguage\":\"es\",\"@id\":\"https:\/\/www.ine.gob.bo\/#\/schema\/logo\/image\/\",\"url\":\"https:\/\/www.ine.gob.bo\/wp-content\/uploads\/2026\/02\/logo-ine.jpg\",\"contentUrl\":\"https:\/\/www.ine.gob.bo\/wp-content\/uploads\/2026\/02\/logo-ine.jpg\",\"width\":799,\"height\":453,\"caption\":\"Instituto Nacional de Estad\u00edstica\"},\"image\":{\"@id\":\"https:\/\/www.ine.gob.bo\/#\/schema\/logo\/image\/\"},\"sameAs\":[\"https:\/\/www.facebook.com\/ineboliviaoficial\",\"https:\/\/x.com\/INE_Bolivia\",\"https:\/\/www.instagram.com\/ineboliviaoficial\/\",\"https:\/\/www.youtube.com\/channel\/UCbIQXKLw414g5kWo1tAwqCg\"]}]}<\/script>\n<!-- \/ Yoast SEO plugin. -->","yoast_head_json":{"title":"Introducci\u00f3n - INE","description":"P\u00e1gina oficial del Instituto Nacional de Estadisticas INE, informaci\u00f3n estad\u00edstica, geogr\u00e1fica y econ\u00f3mica a nivel nacional.","robots":{"index":"index","follow":"follow","max-snippet":"max-snippet:-1","max-image-preview":"max-image-preview:large","max-video-preview":"max-video-preview:-1"},"canonical":"https:\/\/www.ine.gob.bo\/index.php\/estadisticas-economicas\/pib-y-cuentas-nacionales\/producto-interno-bruto-departamental\/producto-interno-bruto-departamental-introduccion\/","og_locale":"es_ES","og_type":"article","og_title":"Introducci\u00f3n - INE","og_description":"P\u00e1gina oficial del Instituto Nacional de Estadisticas INE, informaci\u00f3n estad\u00edstica, geogr\u00e1fica y econ\u00f3mica a nivel nacional.","og_url":"https:\/\/www.ine.gob.bo\/index.php\/estadisticas-economicas\/pib-y-cuentas-nacionales\/producto-interno-bruto-departamental\/producto-interno-bruto-departamental-introduccion\/","og_site_name":"INE","article_publisher":"https:\/\/www.facebook.com\/ineboliviaoficial","article_modified_time":"2026-02-04T15:19:45+00:00","twitter_card":"summary_large_image","twitter_site":"@INE_Bolivia","twitter_misc":{"Tiempo de lectura":"1 minuto"},"schema":{"@context":"https:\/\/schema.org","@graph":[{"@type":"WebPage","@id":"https:\/\/www.ine.gob.bo\/index.php\/estadisticas-economicas\/pib-y-cuentas-nacionales\/producto-interno-bruto-departamental\/producto-interno-bruto-departamental-introduccion\/","url":"https:\/\/www.ine.gob.bo\/index.php\/estadisticas-economicas\/pib-y-cuentas-nacionales\/producto-interno-bruto-departamental\/producto-interno-bruto-departamental-introduccion\/","name":"Introducci\u00f3n - INE","isPartOf":{"@id":"https:\/\/www.ine.gob.bo\/#website"},"datePublished":"2019-07-19T03:23:52+00:00","dateModified":"2026-02-04T15:19:45+00:00","description":"P\u00e1gina oficial del Instituto Nacional de Estadisticas INE, informaci\u00f3n estad\u00edstica, geogr\u00e1fica y econ\u00f3mica a nivel nacional.","breadcrumb":{"@id":"https:\/\/www.ine.gob.bo\/index.php\/estadisticas-economicas\/pib-y-cuentas-nacionales\/producto-interno-bruto-departamental\/producto-interno-bruto-departamental-introduccion\/#breadcrumb"},"inLanguage":"es","potentialAction":[{"@type":"ReadAction","target":["https:\/\/www.ine.gob.bo\/index.php\/estadisticas-economicas\/pib-y-cuentas-nacionales\/producto-interno-bruto-departamental\/producto-interno-bruto-departamental-introduccion\/"]}]},{"@type":"BreadcrumbList","@id":"https:\/\/www.ine.gob.bo\/index.php\/estadisticas-economicas\/pib-y-cuentas-nacionales\/producto-interno-bruto-departamental\/producto-interno-bruto-departamental-introduccion\/#breadcrumb","itemListElement":[{"@type":"ListItem","position":1,"name":"Portada","item":"https:\/\/www.ine.gob.bo\/"},{"@type":"ListItem","position":2,"name":"Estad\u00edsticas econ\u00f3micas","item":"https:\/\/www.ine.gob.bo\/index.php\/estadisticas-economicas\/"},{"@type":"ListItem","position":3,"name":"Cuentas Nacionales","item":"https:\/\/www.ine.gob.bo\/index.php\/estadisticas-economicas\/pib-y-cuentas-nacionales\/"},{"@type":"ListItem","position":4,"name":"Producto Interno Bruto Departamental","item":"https:\/\/www.ine.gob.bo\/index.php\/estadisticas-economicas\/pib-y-cuentas-nacionales\/producto-interno-bruto-departamental\/"},{"@type":"ListItem","position":5,"name":"Introducci\u00f3n"}]},{"@type":"WebSite","@id":"https:\/\/www.ine.gob.bo\/#website","url":"https:\/\/www.ine.gob.bo\/","name":"INE","description":"Instituto Nacional de Estad\u00edstica","publisher":{"@id":"https:\/\/www.ine.gob.bo\/#organization"},"potentialAction":[{"@type":"SearchAction","target":{"@type":"EntryPoint","urlTemplate":"https:\/\/www.ine.gob.bo\/?s={search_term_string}"},"query-input":"required name=search_term_string"}],"inLanguage":"es"},{"@type":"Organization","@id":"https:\/\/www.ine.gob.bo\/#organization","name":"Instituto Nacional de Estad\u00edstica","url":"https:\/\/www.ine.gob.bo\/","logo":{"@type":"ImageObject","inLanguage":"es","@id":"https:\/\/www.ine.gob.bo\/#\/schema\/logo\/image\/","url":"https:\/\/www.ine.gob.bo\/wp-content\/uploads\/2026\/02\/logo-ine.jpg","contentUrl":"https:\/\/www.ine.gob.bo\/wp-content\/uploads\/2026\/02\/logo-ine.jpg","width":799,"height":453,"caption":"Instituto Nacional de Estad\u00edstica"},"image":{"@id":"https:\/\/www.ine.gob.bo\/#\/schema\/logo\/image\/"},"sameAs":["https:\/\/www.facebook.com\/ineboliviaoficial","https:\/\/x.com\/INE_Bolivia","https:\/\/www.instagram.com\/ineboliviaoficial\/","https:\/\/www.youtube.com\/channel\/UCbIQXKLw414g5kWo1tAwqCg"]}]}},"rttpg_featured_image_url":null,"rttpg_author":{"display_name":"4dmin-root","author_link":"https:\/\/www.ine.gob.bo\/index.php\/author\/4dmin-root\/"},"rttpg_comment":0,"rttpg_category":null,"rttpg_excerpt":"[vc_row][vc_column][vc_tta_tabs][vc_tta_section title=&#8221;Introducci\u00f3n&#8221; tab_id=&#8221;1559000613762-93bd70cb-ae37&#8243;][vc_column_text] EL PIB departamental es la representaci\u00f3n del resultado final de la actividad productiva del total de las unidades de producci\u00f3n residente de los departamentos de Bolivia, en un tiempo determinado con la concurrencia de factores de la producci\u00f3n, propiedad de residentes y no residentes, y valorado en unidades monetarias. El PIB departamental&hellip;","_links":{"self":[{"href":"https:\/\/www.ine.gob.bo\/index.php\/wp-json\/wp\/v2\/pages\/39576","targetHints":{"allow":["GET"]}}],"collection":[{"href":"https:\/\/www.ine.gob.bo\/index.php\/wp-json\/wp\/v2\/pages"}],"about":[{"href":"https:\/\/www.ine.gob.bo\/index.php\/wp-json\/wp\/v2\/types\/page"}],"author":[{"embeddable":true,"href":"https:\/\/www.ine.gob.bo\/index.php\/wp-json\/wp\/v2\/users\/1"}],"replies":[{"embeddable":true,"href":"https:\/\/www.ine.gob.bo\/index.php\/wp-json\/wp\/v2\/comments?post=39576"}],"version-history":[{"count":0,"href":"https:\/\/www.ine.gob.bo\/index.php\/wp-json\/wp\/v2\/pages\/39576\/revisions"}],"up":[{"embeddable":true,"href":"https:\/\/www.ine.gob.bo\/index.php\/wp-json\/wp\/v2\/pages\/39573"}],"wp:attachment":[{"href":"https:\/\/www.ine.gob.bo\/index.php\/wp-json\/wp\/v2\/media?parent=39576"}],"curies":[{"name":"wp","href":"https:\/\/api.w.org\/{rel}","templated":true}]}}