{"id":39126,"date":"2019-07-08T21:51:56","date_gmt":"2019-07-08T19:51:56","guid":{"rendered":"https:\/\/www.ine.gob.bo\/?page_id=39126"},"modified":"2019-07-18T16:31:50","modified_gmt":"2019-07-18T14:31:50","slug":"reportes-de-seguimiento-y-evaluacion-poa","status":"publish","type":"page","link":"https:\/\/www.ine.gob.bo\/index.php\/institucion\/planificacion\/planificacion-operativa-poa\/reportes-de-seguimiento-y-evaluacion-poa\/","title":{"rendered":"Reportes de Seguimiento y Evaluaci\u00f3n POA"},"content":{"rendered":"<script type=\"text\/x-handlebars-template\"        id=\"wpfd-template-table-categories-290\">    <div class=\"wpfd-categories\">{{#if category}}{{#with category}}<h2>{{name}}{{#if parent}}<a class=\"catlink wpfdcategory backcategory\" href=\"#\" data-idcat=\"{{parent}}\">                        <i class=\"zmdi zmdi-chevron-left\"><\/i>Atr\u00e1s<\/a>{{\/if}}<\/h2>{{\/with}}{{\/if}}{{#if categories}}{{#each categories}}<a class=\"wpfdcategory catlink\" style=\"margin : 5px 5px 5px 5px;\" href=\"#\" data-idcat=\"{{term_id}}\" title=\"{{name}}\">                                <span>{{name}}<\/span><i class=\"zmdi zmdi-folder wpfd-folder\"><\/i>                            <\/a>{{\/each}}{{\/if}}<\/div><\/script><script type=\"text\/x-handlebars-template\" id=\"wpfd-template-table-290\">    {{#if files}}    {{#each files}}    <tr class=\"file\" data-id=\"{{ID}}\" data-catid=\"{{catid}}\">    <td class=\"file_title\"><input class=\"cbox_file_download\" type=\"checkbox\" data-id=\"{{ID}}\" \/><a class=\"wpfd_downloadlink\" href=\"{{linkdownload}}\" title=\"{{post_title}}\"><span class=\"extcol\">{{#if file_custom_icon}}<span class=\"icon-custom\"><img decoding=\"async\" src=\"{{file_custom_icon}}\"><\/span>{{else}}<span class=\"ext {{ext}}\"><\/span>{{\/if}}<\/span>{{{crop_title}}}<\/a><\/td><td class=\"file_size\">{{bytesToSize size}}<\/td><td class=\"file_hits\">{{hits}}<\/td><td class=\"file_created\">{{created}}<\/td>                    <td class=\"col-download\">                <a class=\"downloadlink wpfd_downloadlink\" href=\"{{linkdownload}}\" style=\"background-color:#ef524a;color:#ffffff;\">Descargar<i class=\"zmdi zmdi-cloud-download wpfd-download\"><\/i><\/a>{{#if openpdflink}}<a class=\"openlink wpfdlightbox wpfd_previewlink\" href=\"{{openpdflink}}\" target=\"\">Vista previa                            <i class=\"zmdi zmdi-filter-center-focus wpfd-preview\"><\/i>                        <\/a>{{else}}{{#if viewerlink}}<a                            href=\"{{viewerlink}}\"                            class=\"openlink wpfdlightbox wpfd_previewlink\"                            target=\"\"                            data-id=\"{{ID}}\"                            data-catid=\"{{catid}}\"                            data-file-type=\"{{ext}}\">Vista previa<i class=\"zmdi zmdi-filter-center-focus wpfd-preview\"><\/i>                        <\/a>{{\/if}}{{\/if}}            <\/td>            <\/tr>    {{\/each}}    {{\/if}}<\/script><div class=\"wpfd-content wpfd-content-table wpfd-content-multi colstyle\" data-category=\"290\"><input type=\"hidden\" id=\"current_category\" value=\"290\" \/>                    <input type=\"hidden\" id=\"current_category_slug\" value=\"reportes-de-seguimiento-y-evaluacion-poa\" \/><a data-catid=\"\"                       class=\"table-download-category display-download-category\"                       href=\"https:\/\/www.ine.gob.bo\/index.php\/descarga\/wpfdcat\/290\/reportes-de-seguimiento-y-evaluacion-poa\">Descargar todo                        <i class=\"zmdi zmdi-check-all wpfd-download-category\"><\/i>                    <\/a><ul class=\"head-category-table\"><li>&nbsp;<\/li><\/ul><div class=\"wpfd-flex-container\">    <div class=\"wpfd-foldertree wpfd-foldertree-table \"><\/div>    <div class=\"wpfd-container-table  with_foldertree\">        <div class=\"wpfd-categories\"><\/div>        <table class=\"table table-bordered table-striped mediaTable\">            <thead>            <tr>                <th class=\"essential persist file_title\">T\u00edtulo<\/th><th class=\"optional file_size\">Tama\u00f1o<\/th><th class=\"optional file_hits\">Hits<\/th><th class=\"optional file_created\">Publicaci\u00f3n<\/th><th class=\"essential file_download\">Descargar<\/th>            <\/tr>            <\/thead>            <tbody>                        <\/tbody>        <\/table>    <\/div><\/div><\/div>\n","protected":false},"excerpt":{"rendered":"<p>Descargar todo &nbsp; T\u00edtuloTama\u00f1oHitsPublicaci\u00f3nDescargar<\/p>\n","protected":false},"author":1,"featured_media":0,"parent":39103,"menu_order":0,"comment_status":"closed","ping_status":"closed","template":"","meta":[],"class_list":["post-39126","page","type-page","status-publish","hentry","description-off"],"yoast_head":"<!-- This site is optimized with the Yoast SEO plugin v23.2 - https:\/\/yoast.com\/wordpress\/plugins\/seo\/ -->\n<title>Reportes de Seguimiento y Evaluaci\u00f3n POA - INE<\/title>\n<meta name=\"description\" content=\"P\u00e1gina oficial del Instituto Nacional de Estadisticas INE, informaci\u00f3n estad\u00edstica, geogr\u00e1fica y econ\u00f3mica a nivel nacional.\" \/>\n<meta name=\"robots\" content=\"index, follow, max-snippet:-1, max-image-preview:large, max-video-preview:-1\" \/>\n<link rel=\"canonical\" href=\"https:\/\/www.ine.gob.bo\/index.php\/institucion\/planificacion\/planificacion-operativa-poa\/reportes-de-seguimiento-y-evaluacion-poa\/\" \/>\n<meta property=\"og:locale\" content=\"es_ES\" \/>\n<meta property=\"og:type\" content=\"article\" \/>\n<meta property=\"og:title\" content=\"Reportes de Seguimiento y Evaluaci\u00f3n POA - INE\" \/>\n<meta property=\"og:description\" content=\"P\u00e1gina oficial del Instituto Nacional de Estadisticas INE, informaci\u00f3n estad\u00edstica, geogr\u00e1fica y econ\u00f3mica a nivel nacional.\" \/>\n<meta property=\"og:url\" content=\"https:\/\/www.ine.gob.bo\/index.php\/institucion\/planificacion\/planificacion-operativa-poa\/reportes-de-seguimiento-y-evaluacion-poa\/\" \/>\n<meta property=\"og:site_name\" content=\"INE\" \/>\n<meta property=\"article:publisher\" content=\"https:\/\/www.facebook.com\/ineboliviaoficial\" \/>\n<meta property=\"article:modified_time\" content=\"2019-07-18T14:31:50+00:00\" \/>\n<meta name=\"twitter:card\" content=\"summary_large_image\" \/>\n<meta name=\"twitter:site\" content=\"@INE_Bolivia\" \/>\n<script type=\"application\/ld+json\" class=\"yoast-schema-graph\">{\"@context\":\"https:\/\/schema.org\",\"@graph\":[{\"@type\":\"WebPage\",\"@id\":\"https:\/\/www.ine.gob.bo\/index.php\/institucion\/planificacion\/planificacion-operativa-poa\/reportes-de-seguimiento-y-evaluacion-poa\/\",\"url\":\"https:\/\/www.ine.gob.bo\/index.php\/institucion\/planificacion\/planificacion-operativa-poa\/reportes-de-seguimiento-y-evaluacion-poa\/\",\"name\":\"Reportes de Seguimiento y Evaluaci\u00f3n POA - INE\",\"isPartOf\":{\"@id\":\"https:\/\/www.ine.gob.bo\/#website\"},\"datePublished\":\"2019-07-08T19:51:56+00:00\",\"dateModified\":\"2019-07-18T14:31:50+00:00\",\"description\":\"P\u00e1gina oficial del Instituto Nacional de Estadisticas INE, informaci\u00f3n estad\u00edstica, geogr\u00e1fica y econ\u00f3mica a nivel nacional.\",\"breadcrumb\":{\"@id\":\"https:\/\/www.ine.gob.bo\/index.php\/institucion\/planificacion\/planificacion-operativa-poa\/reportes-de-seguimiento-y-evaluacion-poa\/#breadcrumb\"},\"inLanguage\":\"es\",\"potentialAction\":[{\"@type\":\"ReadAction\",\"target\":[\"https:\/\/www.ine.gob.bo\/index.php\/institucion\/planificacion\/planificacion-operativa-poa\/reportes-de-seguimiento-y-evaluacion-poa\/\"]}]},{\"@type\":\"BreadcrumbList\",\"@id\":\"https:\/\/www.ine.gob.bo\/index.php\/institucion\/planificacion\/planificacion-operativa-poa\/reportes-de-seguimiento-y-evaluacion-poa\/#breadcrumb\",\"itemListElement\":[{\"@type\":\"ListItem\",\"position\":1,\"name\":\"Portada\",\"item\":\"https:\/\/www.ine.gob.bo\/\"},{\"@type\":\"ListItem\",\"position\":2,\"name\":\"Instituci\u00f3n\",\"item\":\"https:\/\/www.ine.gob.bo\/index.php\/institucion\/\"},{\"@type\":\"ListItem\",\"position\":3,\"name\":\"Planificaci\u00f3n\",\"item\":\"https:\/\/www.ine.gob.bo\/index.php\/institucion\/planificacion\/\"},{\"@type\":\"ListItem\",\"position\":4,\"name\":\"Planificaci\u00f3n Operativa POA\",\"item\":\"https:\/\/www.ine.gob.bo\/index.php\/institucion\/planificacion\/planificacion-operativa-poa\/\"},{\"@type\":\"ListItem\",\"position\":5,\"name\":\"Reportes de Seguimiento y Evaluaci\u00f3n POA\"}]},{\"@type\":\"WebSite\",\"@id\":\"https:\/\/www.ine.gob.bo\/#website\",\"url\":\"https:\/\/www.ine.gob.bo\/\",\"name\":\"INE\",\"description\":\"Instituto Nacional de Estad\u00edstica\",\"publisher\":{\"@id\":\"https:\/\/www.ine.gob.bo\/#organization\"},\"potentialAction\":[{\"@type\":\"SearchAction\",\"target\":{\"@type\":\"EntryPoint\",\"urlTemplate\":\"https:\/\/www.ine.gob.bo\/?s={search_term_string}\"},\"query-input\":\"required name=search_term_string\"}],\"inLanguage\":\"es\"},{\"@type\":\"Organization\",\"@id\":\"https:\/\/www.ine.gob.bo\/#organization\",\"name\":\"Instituto Nacional de Estad\u00edstica\",\"url\":\"https:\/\/www.ine.gob.bo\/\",\"logo\":{\"@type\":\"ImageObject\",\"inLanguage\":\"es\",\"@id\":\"https:\/\/www.ine.gob.bo\/#\/schema\/logo\/image\/\",\"url\":\"https:\/\/www.ine.gob.bo\/wp-content\/uploads\/2026\/02\/logo-ine.jpg\",\"contentUrl\":\"https:\/\/www.ine.gob.bo\/wp-content\/uploads\/2026\/02\/logo-ine.jpg\",\"width\":799,\"height\":453,\"caption\":\"Instituto Nacional de Estad\u00edstica\"},\"image\":{\"@id\":\"https:\/\/www.ine.gob.bo\/#\/schema\/logo\/image\/\"},\"sameAs\":[\"https:\/\/www.facebook.com\/ineboliviaoficial\",\"https:\/\/x.com\/INE_Bolivia\",\"https:\/\/www.instagram.com\/ineboliviaoficial\/\",\"https:\/\/www.youtube.com\/channel\/UCbIQXKLw414g5kWo1tAwqCg\"]}]}<\/script>\n<!-- \/ Yoast SEO plugin. -->","yoast_head_json":{"title":"Reportes de Seguimiento y Evaluaci\u00f3n POA - INE","description":"P\u00e1gina oficial del Instituto Nacional de Estadisticas INE, informaci\u00f3n estad\u00edstica, geogr\u00e1fica y econ\u00f3mica a nivel nacional.","robots":{"index":"index","follow":"follow","max-snippet":"max-snippet:-1","max-image-preview":"max-image-preview:large","max-video-preview":"max-video-preview:-1"},"canonical":"https:\/\/www.ine.gob.bo\/index.php\/institucion\/planificacion\/planificacion-operativa-poa\/reportes-de-seguimiento-y-evaluacion-poa\/","og_locale":"es_ES","og_type":"article","og_title":"Reportes de Seguimiento y Evaluaci\u00f3n POA - INE","og_description":"P\u00e1gina oficial del Instituto Nacional de Estadisticas INE, informaci\u00f3n estad\u00edstica, geogr\u00e1fica y econ\u00f3mica a nivel nacional.","og_url":"https:\/\/www.ine.gob.bo\/index.php\/institucion\/planificacion\/planificacion-operativa-poa\/reportes-de-seguimiento-y-evaluacion-poa\/","og_site_name":"INE","article_publisher":"https:\/\/www.facebook.com\/ineboliviaoficial","article_modified_time":"2019-07-18T14:31:50+00:00","twitter_card":"summary_large_image","twitter_site":"@INE_Bolivia","schema":{"@context":"https:\/\/schema.org","@graph":[{"@type":"WebPage","@id":"https:\/\/www.ine.gob.bo\/index.php\/institucion\/planificacion\/planificacion-operativa-poa\/reportes-de-seguimiento-y-evaluacion-poa\/","url":"https:\/\/www.ine.gob.bo\/index.php\/institucion\/planificacion\/planificacion-operativa-poa\/reportes-de-seguimiento-y-evaluacion-poa\/","name":"Reportes de Seguimiento y Evaluaci\u00f3n POA - INE","isPartOf":{"@id":"https:\/\/www.ine.gob.bo\/#website"},"datePublished":"2019-07-08T19:51:56+00:00","dateModified":"2019-07-18T14:31:50+00:00","description":"P\u00e1gina oficial del Instituto Nacional de Estadisticas INE, informaci\u00f3n estad\u00edstica, geogr\u00e1fica y econ\u00f3mica a nivel nacional.","breadcrumb":{"@id":"https:\/\/www.ine.gob.bo\/index.php\/institucion\/planificacion\/planificacion-operativa-poa\/reportes-de-seguimiento-y-evaluacion-poa\/#breadcrumb"},"inLanguage":"es","potentialAction":[{"@type":"ReadAction","target":["https:\/\/www.ine.gob.bo\/index.php\/institucion\/planificacion\/planificacion-operativa-poa\/reportes-de-seguimiento-y-evaluacion-poa\/"]}]},{"@type":"BreadcrumbList","@id":"https:\/\/www.ine.gob.bo\/index.php\/institucion\/planificacion\/planificacion-operativa-poa\/reportes-de-seguimiento-y-evaluacion-poa\/#breadcrumb","itemListElement":[{"@type":"ListItem","position":1,"name":"Portada","item":"https:\/\/www.ine.gob.bo\/"},{"@type":"ListItem","position":2,"name":"Instituci\u00f3n","item":"https:\/\/www.ine.gob.bo\/index.php\/institucion\/"},{"@type":"ListItem","position":3,"name":"Planificaci\u00f3n","item":"https:\/\/www.ine.gob.bo\/index.php\/institucion\/planificacion\/"},{"@type":"ListItem","position":4,"name":"Planificaci\u00f3n Operativa POA","item":"https:\/\/www.ine.gob.bo\/index.php\/institucion\/planificacion\/planificacion-operativa-poa\/"},{"@type":"ListItem","position":5,"name":"Reportes de Seguimiento y Evaluaci\u00f3n POA"}]},{"@type":"WebSite","@id":"https:\/\/www.ine.gob.bo\/#website","url":"https:\/\/www.ine.gob.bo\/","name":"INE","description":"Instituto Nacional de Estad\u00edstica","publisher":{"@id":"https:\/\/www.ine.gob.bo\/#organization"},"potentialAction":[{"@type":"SearchAction","target":{"@type":"EntryPoint","urlTemplate":"https:\/\/www.ine.gob.bo\/?s={search_term_string}"},"query-input":"required name=search_term_string"}],"inLanguage":"es"},{"@type":"Organization","@id":"https:\/\/www.ine.gob.bo\/#organization","name":"Instituto Nacional de Estad\u00edstica","url":"https:\/\/www.ine.gob.bo\/","logo":{"@type":"ImageObject","inLanguage":"es","@id":"https:\/\/www.ine.gob.bo\/#\/schema\/logo\/image\/","url":"https:\/\/www.ine.gob.bo\/wp-content\/uploads\/2026\/02\/logo-ine.jpg","contentUrl":"https:\/\/www.ine.gob.bo\/wp-content\/uploads\/2026\/02\/logo-ine.jpg","width":799,"height":453,"caption":"Instituto Nacional de Estad\u00edstica"},"image":{"@id":"https:\/\/www.ine.gob.bo\/#\/schema\/logo\/image\/"},"sameAs":["https:\/\/www.facebook.com\/ineboliviaoficial","https:\/\/x.com\/INE_Bolivia","https:\/\/www.instagram.com\/ineboliviaoficial\/","https:\/\/www.youtube.com\/channel\/UCbIQXKLw414g5kWo1tAwqCg"]}]}},"rttpg_featured_image_url":null,"rttpg_author":{"display_name":"4dmin-root","author_link":"https:\/\/www.ine.gob.bo\/index.php\/author\/4dmin-root\/"},"rttpg_comment":0,"rttpg_category":null,"rttpg_excerpt":null,"_links":{"self":[{"href":"https:\/\/www.ine.gob.bo\/index.php\/wp-json\/wp\/v2\/pages\/39126","targetHints":{"allow":["GET"]}}],"collection":[{"href":"https:\/\/www.ine.gob.bo\/index.php\/wp-json\/wp\/v2\/pages"}],"about":[{"href":"https:\/\/www.ine.gob.bo\/index.php\/wp-json\/wp\/v2\/types\/page"}],"author":[{"embeddable":true,"href":"https:\/\/www.ine.gob.bo\/index.php\/wp-json\/wp\/v2\/users\/1"}],"replies":[{"embeddable":true,"href":"https:\/\/www.ine.gob.bo\/index.php\/wp-json\/wp\/v2\/comments?post=39126"}],"version-history":[{"count":0,"href":"https:\/\/www.ine.gob.bo\/index.php\/wp-json\/wp\/v2\/pages\/39126\/revisions"}],"up":[{"embeddable":true,"href":"https:\/\/www.ine.gob.bo\/index.php\/wp-json\/wp\/v2\/pages\/39103"}],"wp:attachment":[{"href":"https:\/\/www.ine.gob.bo\/index.php\/wp-json\/wp\/v2\/media?parent=39126"}],"curies":[{"name":"wp","href":"https:\/\/api.w.org\/{rel}","templated":true}]}}