{"id":37388,"date":"2019-05-30T00:25:27","date_gmt":"2019-05-29T22:25:27","guid":{"rendered":"https:\/\/www.ine.gob.bo\/?page_id=37388"},"modified":"2025-07-04T16:13:08","modified_gmt":"2025-07-04T20:13:08","slug":"valor-agregado-bruto-segun-actividad-economica","status":"publish","type":"page","link":"https:\/\/www.ine.gob.bo\/index.php\/estadisticas-economicas\/pib-y-cuentas-nacionales\/producto-interno-bruto-anual\/valor-agregado-bruto-segun-actividad-economica\/","title":{"rendered":"Valor Agregado Bruto seg\u00fan Actividad Econ\u00f3mica"},"content":{"rendered":"<p>[vc_row][vc_column][vc_tta_tabs][vc_tta_section title=&#8221;Cuadros Estad\u00edsticos&#8221; tab_id=&#8221;1589303714525-73a5d1f9-3241&#8243;]<div class=\"standard-arrow list-divider bullet-top\"><ul>\n<li><a href=\"https:\/\/nube.ine.gob.bo\/index.php\/s\/v5h4f7DS2MbQcFl\/download\">BOLIVIA: VALOR AGREGADO BRUTO A PRECIOS CONSTANTES SEG\u00daN ACTIVIDAD ECON\u00d3MICA, 1988 &#8211; 2024<\/a><\/li>\n<li><a href=\"https:\/\/nube.ine.gob.bo\/index.php\/s\/FOvbAJODHkEPbLE\/download\">BOLIVIA: VARIACION DEL VALOR AGREGADO BRUTO A PRECIOS CONSTANTES SEG\u00daN ACTIVIDAD ECON\u00d3MICA, 1989 &#8211; 2024<\/a><\/li>\n<li><a href=\"https:\/\/nube.ine.gob.bo\/index.php\/s\/4EwMAUfzxESyJFU\/download\">BOLIVIA: INCIDENCIA DE LAS ACTIVIDADES ECON\u00d3MICAS EN EL CRECIMIENTO DEL VALOR AGREGADO BRUTO A PRECIOS CONSTANTES, 1989- 2024<\/a><\/li>\n<li><a href=\"https:\/\/nube.ine.gob.bo\/index.php\/s\/oee1Le448PGgDlP\/download\">BOLIVIA: VALOR AGREGADO BRUTO A PRECIOS CORRIENTES SEG\u00daN ACTIVIDAD ECON\u00d3MICA, 1988 &#8211; 2024<\/a><\/li>\n<li><a href=\"https:\/\/nube.ine.gob.bo\/index.php\/s\/kPc4C0JddFgkeXg\/download\">BOLIVIA: PARTICIPACI\u00d3N DE LAS ACTIVIDADES ECON\u00d3MICAS EN EL VALOR AGREGADO BRUTO A PRECIOS CORRIENTES, 1988 &#8211; 2024<\/a><\/li>\n<li><a href=\"https:\/\/nube.ine.gob.bo\/index.php\/s\/9lboqt6ZfPxxtKR\/download\">BOLIVIA: DEFLACTOR IMPL\u00cdCITO DEL VALOR AGREGADO BRUTO SEG\u00daN ACTIVIDAD ECON\u00d3MICA, 1988 &#8211; 2024<\/a><\/li>\n<\/ul>\n<\/div>[\/vc_tta_section][\/vc_tta_tabs][\/vc_column][\/vc_row]<\/p>\n","protected":false},"excerpt":{"rendered":"<p>[vc_row][vc_column][vc_tta_tabs][vc_tta_section title=&#8221;Cuadros Estad\u00edsticos&#8221; tab_id=&#8221;1589303714525-73a5d1f9-3241&#8243;][\/vc_tta_section][\/vc_tta_tabs][\/vc_column][\/vc_row]<\/p>\n","protected":false},"author":1,"featured_media":0,"parent":39539,"menu_order":0,"comment_status":"closed","ping_status":"closed","template":"","meta":[],"class_list":["post-37388","page","type-page","status-publish","hentry","description-off"],"yoast_head":"<!-- This site is optimized with the Yoast SEO plugin v23.2 - https:\/\/yoast.com\/wordpress\/plugins\/seo\/ -->\n<title>Valor Agregado Bruto seg\u00fan Actividad Econ\u00f3mica - INE<\/title>\n<meta name=\"description\" content=\"P\u00e1gina oficial del Instituto Nacional de Estadisticas INE, informaci\u00f3n estad\u00edstica, geogr\u00e1fica y econ\u00f3mica a nivel nacional.\" \/>\n<meta name=\"robots\" content=\"index, follow, max-snippet:-1, max-image-preview:large, max-video-preview:-1\" \/>\n<link rel=\"canonical\" href=\"https:\/\/www.ine.gob.bo\/index.php\/estadisticas-economicas\/pib-y-cuentas-nacionales\/producto-interno-bruto-anual\/valor-agregado-bruto-segun-actividad-economica\/\" \/>\n<meta property=\"og:locale\" content=\"es_ES\" \/>\n<meta property=\"og:type\" content=\"article\" \/>\n<meta property=\"og:title\" content=\"Valor Agregado Bruto seg\u00fan Actividad Econ\u00f3mica - INE\" \/>\n<meta property=\"og:description\" content=\"P\u00e1gina oficial del Instituto Nacional de Estadisticas INE, informaci\u00f3n estad\u00edstica, geogr\u00e1fica y econ\u00f3mica a nivel nacional.\" \/>\n<meta property=\"og:url\" content=\"https:\/\/www.ine.gob.bo\/index.php\/estadisticas-economicas\/pib-y-cuentas-nacionales\/producto-interno-bruto-anual\/valor-agregado-bruto-segun-actividad-economica\/\" \/>\n<meta property=\"og:site_name\" content=\"INE\" \/>\n<meta property=\"article:publisher\" content=\"https:\/\/www.facebook.com\/ineboliviaoficial\" \/>\n<meta property=\"article:modified_time\" content=\"2025-07-04T20:13:08+00:00\" \/>\n<meta name=\"twitter:card\" content=\"summary_large_image\" \/>\n<meta name=\"twitter:site\" content=\"@INE_Bolivia\" \/>\n<meta name=\"twitter:label1\" content=\"Tiempo de lectura\" \/>\n\t<meta name=\"twitter:data1\" content=\"1 minuto\" \/>\n<script type=\"application\/ld+json\" class=\"yoast-schema-graph\">{\"@context\":\"https:\/\/schema.org\",\"@graph\":[{\"@type\":\"WebPage\",\"@id\":\"https:\/\/www.ine.gob.bo\/index.php\/estadisticas-economicas\/pib-y-cuentas-nacionales\/producto-interno-bruto-anual\/valor-agregado-bruto-segun-actividad-economica\/\",\"url\":\"https:\/\/www.ine.gob.bo\/index.php\/estadisticas-economicas\/pib-y-cuentas-nacionales\/producto-interno-bruto-anual\/valor-agregado-bruto-segun-actividad-economica\/\",\"name\":\"Valor Agregado Bruto seg\u00fan Actividad Econ\u00f3mica - INE\",\"isPartOf\":{\"@id\":\"https:\/\/www.ine.gob.bo\/#website\"},\"datePublished\":\"2019-05-29T22:25:27+00:00\",\"dateModified\":\"2025-07-04T20:13:08+00:00\",\"description\":\"P\u00e1gina oficial del Instituto Nacional de Estadisticas INE, informaci\u00f3n estad\u00edstica, geogr\u00e1fica y econ\u00f3mica a nivel nacional.\",\"breadcrumb\":{\"@id\":\"https:\/\/www.ine.gob.bo\/index.php\/estadisticas-economicas\/pib-y-cuentas-nacionales\/producto-interno-bruto-anual\/valor-agregado-bruto-segun-actividad-economica\/#breadcrumb\"},\"inLanguage\":\"es\",\"potentialAction\":[{\"@type\":\"ReadAction\",\"target\":[\"https:\/\/www.ine.gob.bo\/index.php\/estadisticas-economicas\/pib-y-cuentas-nacionales\/producto-interno-bruto-anual\/valor-agregado-bruto-segun-actividad-economica\/\"]}]},{\"@type\":\"BreadcrumbList\",\"@id\":\"https:\/\/www.ine.gob.bo\/index.php\/estadisticas-economicas\/pib-y-cuentas-nacionales\/producto-interno-bruto-anual\/valor-agregado-bruto-segun-actividad-economica\/#breadcrumb\",\"itemListElement\":[{\"@type\":\"ListItem\",\"position\":1,\"name\":\"Portada\",\"item\":\"https:\/\/www.ine.gob.bo\/\"},{\"@type\":\"ListItem\",\"position\":2,\"name\":\"Estad\u00edsticas econ\u00f3micas\",\"item\":\"https:\/\/www.ine.gob.bo\/index.php\/estadisticas-economicas\/\"},{\"@type\":\"ListItem\",\"position\":3,\"name\":\"Cuentas Nacionales\",\"item\":\"https:\/\/www.ine.gob.bo\/index.php\/estadisticas-economicas\/pib-y-cuentas-nacionales\/\"},{\"@type\":\"ListItem\",\"position\":4,\"name\":\"Producto Interno Bruto Anual\",\"item\":\"https:\/\/www.ine.gob.bo\/index.php\/estadisticas-economicas\/pib-y-cuentas-nacionales\/producto-interno-bruto-anual\/\"},{\"@type\":\"ListItem\",\"position\":5,\"name\":\"Valor Agregado Bruto seg\u00fan Actividad Econ\u00f3mica\"}]},{\"@type\":\"WebSite\",\"@id\":\"https:\/\/www.ine.gob.bo\/#website\",\"url\":\"https:\/\/www.ine.gob.bo\/\",\"name\":\"INE\",\"description\":\"Instituto Nacional de Estad\u00edstica\",\"publisher\":{\"@id\":\"https:\/\/www.ine.gob.bo\/#organization\"},\"potentialAction\":[{\"@type\":\"SearchAction\",\"target\":{\"@type\":\"EntryPoint\",\"urlTemplate\":\"https:\/\/www.ine.gob.bo\/?s={search_term_string}\"},\"query-input\":\"required name=search_term_string\"}],\"inLanguage\":\"es\"},{\"@type\":\"Organization\",\"@id\":\"https:\/\/www.ine.gob.bo\/#organization\",\"name\":\"Instituto Nacional de Estad\u00edstica\",\"url\":\"https:\/\/www.ine.gob.bo\/\",\"logo\":{\"@type\":\"ImageObject\",\"inLanguage\":\"es\",\"@id\":\"https:\/\/www.ine.gob.bo\/#\/schema\/logo\/image\/\",\"url\":\"https:\/\/www.ine.gob.bo\/wp-content\/uploads\/2026\/02\/logo-ine.jpg\",\"contentUrl\":\"https:\/\/www.ine.gob.bo\/wp-content\/uploads\/2026\/02\/logo-ine.jpg\",\"width\":799,\"height\":453,\"caption\":\"Instituto Nacional de Estad\u00edstica\"},\"image\":{\"@id\":\"https:\/\/www.ine.gob.bo\/#\/schema\/logo\/image\/\"},\"sameAs\":[\"https:\/\/www.facebook.com\/ineboliviaoficial\",\"https:\/\/x.com\/INE_Bolivia\",\"https:\/\/www.instagram.com\/ineboliviaoficial\/\",\"https:\/\/www.youtube.com\/channel\/UCbIQXKLw414g5kWo1tAwqCg\"]}]}<\/script>\n<!-- \/ Yoast SEO plugin. -->","yoast_head_json":{"title":"Valor Agregado Bruto seg\u00fan Actividad Econ\u00f3mica - INE","description":"P\u00e1gina oficial del Instituto Nacional de Estadisticas INE, informaci\u00f3n estad\u00edstica, geogr\u00e1fica y econ\u00f3mica a nivel nacional.","robots":{"index":"index","follow":"follow","max-snippet":"max-snippet:-1","max-image-preview":"max-image-preview:large","max-video-preview":"max-video-preview:-1"},"canonical":"https:\/\/www.ine.gob.bo\/index.php\/estadisticas-economicas\/pib-y-cuentas-nacionales\/producto-interno-bruto-anual\/valor-agregado-bruto-segun-actividad-economica\/","og_locale":"es_ES","og_type":"article","og_title":"Valor Agregado Bruto seg\u00fan Actividad Econ\u00f3mica - INE","og_description":"P\u00e1gina oficial del Instituto Nacional de Estadisticas INE, informaci\u00f3n estad\u00edstica, geogr\u00e1fica y econ\u00f3mica a nivel nacional.","og_url":"https:\/\/www.ine.gob.bo\/index.php\/estadisticas-economicas\/pib-y-cuentas-nacionales\/producto-interno-bruto-anual\/valor-agregado-bruto-segun-actividad-economica\/","og_site_name":"INE","article_publisher":"https:\/\/www.facebook.com\/ineboliviaoficial","article_modified_time":"2025-07-04T20:13:08+00:00","twitter_card":"summary_large_image","twitter_site":"@INE_Bolivia","twitter_misc":{"Tiempo de lectura":"1 minuto"},"schema":{"@context":"https:\/\/schema.org","@graph":[{"@type":"WebPage","@id":"https:\/\/www.ine.gob.bo\/index.php\/estadisticas-economicas\/pib-y-cuentas-nacionales\/producto-interno-bruto-anual\/valor-agregado-bruto-segun-actividad-economica\/","url":"https:\/\/www.ine.gob.bo\/index.php\/estadisticas-economicas\/pib-y-cuentas-nacionales\/producto-interno-bruto-anual\/valor-agregado-bruto-segun-actividad-economica\/","name":"Valor Agregado Bruto seg\u00fan Actividad Econ\u00f3mica - INE","isPartOf":{"@id":"https:\/\/www.ine.gob.bo\/#website"},"datePublished":"2019-05-29T22:25:27+00:00","dateModified":"2025-07-04T20:13:08+00:00","description":"P\u00e1gina oficial del Instituto Nacional de Estadisticas INE, informaci\u00f3n estad\u00edstica, geogr\u00e1fica y econ\u00f3mica a nivel nacional.","breadcrumb":{"@id":"https:\/\/www.ine.gob.bo\/index.php\/estadisticas-economicas\/pib-y-cuentas-nacionales\/producto-interno-bruto-anual\/valor-agregado-bruto-segun-actividad-economica\/#breadcrumb"},"inLanguage":"es","potentialAction":[{"@type":"ReadAction","target":["https:\/\/www.ine.gob.bo\/index.php\/estadisticas-economicas\/pib-y-cuentas-nacionales\/producto-interno-bruto-anual\/valor-agregado-bruto-segun-actividad-economica\/"]}]},{"@type":"BreadcrumbList","@id":"https:\/\/www.ine.gob.bo\/index.php\/estadisticas-economicas\/pib-y-cuentas-nacionales\/producto-interno-bruto-anual\/valor-agregado-bruto-segun-actividad-economica\/#breadcrumb","itemListElement":[{"@type":"ListItem","position":1,"name":"Portada","item":"https:\/\/www.ine.gob.bo\/"},{"@type":"ListItem","position":2,"name":"Estad\u00edsticas econ\u00f3micas","item":"https:\/\/www.ine.gob.bo\/index.php\/estadisticas-economicas\/"},{"@type":"ListItem","position":3,"name":"Cuentas Nacionales","item":"https:\/\/www.ine.gob.bo\/index.php\/estadisticas-economicas\/pib-y-cuentas-nacionales\/"},{"@type":"ListItem","position":4,"name":"Producto Interno Bruto Anual","item":"https:\/\/www.ine.gob.bo\/index.php\/estadisticas-economicas\/pib-y-cuentas-nacionales\/producto-interno-bruto-anual\/"},{"@type":"ListItem","position":5,"name":"Valor Agregado Bruto seg\u00fan Actividad Econ\u00f3mica"}]},{"@type":"WebSite","@id":"https:\/\/www.ine.gob.bo\/#website","url":"https:\/\/www.ine.gob.bo\/","name":"INE","description":"Instituto Nacional de Estad\u00edstica","publisher":{"@id":"https:\/\/www.ine.gob.bo\/#organization"},"potentialAction":[{"@type":"SearchAction","target":{"@type":"EntryPoint","urlTemplate":"https:\/\/www.ine.gob.bo\/?s={search_term_string}"},"query-input":"required name=search_term_string"}],"inLanguage":"es"},{"@type":"Organization","@id":"https:\/\/www.ine.gob.bo\/#organization","name":"Instituto Nacional de Estad\u00edstica","url":"https:\/\/www.ine.gob.bo\/","logo":{"@type":"ImageObject","inLanguage":"es","@id":"https:\/\/www.ine.gob.bo\/#\/schema\/logo\/image\/","url":"https:\/\/www.ine.gob.bo\/wp-content\/uploads\/2026\/02\/logo-ine.jpg","contentUrl":"https:\/\/www.ine.gob.bo\/wp-content\/uploads\/2026\/02\/logo-ine.jpg","width":799,"height":453,"caption":"Instituto Nacional de Estad\u00edstica"},"image":{"@id":"https:\/\/www.ine.gob.bo\/#\/schema\/logo\/image\/"},"sameAs":["https:\/\/www.facebook.com\/ineboliviaoficial","https:\/\/x.com\/INE_Bolivia","https:\/\/www.instagram.com\/ineboliviaoficial\/","https:\/\/www.youtube.com\/channel\/UCbIQXKLw414g5kWo1tAwqCg"]}]}},"rttpg_featured_image_url":null,"rttpg_author":{"display_name":"4dmin-root","author_link":"https:\/\/www.ine.gob.bo\/index.php\/author\/4dmin-root\/"},"rttpg_comment":0,"rttpg_category":null,"rttpg_excerpt":"[vc_row][vc_column][vc_tta_tabs][vc_tta_section title=&#8221;Cuadros Estad\u00edsticos&#8221; tab_id=&#8221;1589303714525-73a5d1f9-3241&#8243;][\/vc_tta_section][\/vc_tta_tabs][\/vc_column][\/vc_row]","_links":{"self":[{"href":"https:\/\/www.ine.gob.bo\/index.php\/wp-json\/wp\/v2\/pages\/37388","targetHints":{"allow":["GET"]}}],"collection":[{"href":"https:\/\/www.ine.gob.bo\/index.php\/wp-json\/wp\/v2\/pages"}],"about":[{"href":"https:\/\/www.ine.gob.bo\/index.php\/wp-json\/wp\/v2\/types\/page"}],"author":[{"embeddable":true,"href":"https:\/\/www.ine.gob.bo\/index.php\/wp-json\/wp\/v2\/users\/1"}],"replies":[{"embeddable":true,"href":"https:\/\/www.ine.gob.bo\/index.php\/wp-json\/wp\/v2\/comments?post=37388"}],"version-history":[{"count":0,"href":"https:\/\/www.ine.gob.bo\/index.php\/wp-json\/wp\/v2\/pages\/37388\/revisions"}],"up":[{"embeddable":true,"href":"https:\/\/www.ine.gob.bo\/index.php\/wp-json\/wp\/v2\/pages\/39539"}],"wp:attachment":[{"href":"https:\/\/www.ine.gob.bo\/index.php\/wp-json\/wp\/v2\/media?parent=37388"}],"curies":[{"name":"wp","href":"https:\/\/api.w.org\/{rel}","templated":true}]}}