{"id":36743,"date":"2019-05-24T10:13:44","date_gmt":"2019-05-24T08:13:44","guid":{"rendered":"https:\/\/www.ine.gob.bo\/?page_id=36743"},"modified":"2021-05-04T09:27:51","modified_gmt":"2021-05-04T13:27:51","slug":"aspectos-geograficos","status":"publish","type":"page","link":"https:\/\/www.ine.gob.bo\/index.php\/bolivia\/aspectos-geograficos\/","title":{"rendered":"Aspectos Geogr\u00e1ficos"},"content":{"rendered":"<p>[vc_row][vc_column][vc_column_text]<img loading=\"lazy\" decoding=\"async\" class=\"aligncenter wp-image-52933 \" src=\"https:\/\/www.ine.gob.bo\/wp-content\/uploads\/2021\/05\/GEO-1.png\" alt=\"\" width=\"591\" height=\"134\" srcset=\"https:\/\/www.ine.gob.bo\/wp-content\/uploads\/2021\/05\/GEO-1.png 1000w, https:\/\/www.ine.gob.bo\/wp-content\/uploads\/2021\/05\/GEO-1-300x68.png 300w, https:\/\/www.ine.gob.bo\/wp-content\/uploads\/2021\/05\/GEO-1-768x174.png 768w\" sizes=\"auto, (max-width: 591px) 100vw, 591px\" \/>[\/vc_column_text][\/vc_column][\/vc_row][vc_row][vc_column width=&#8221;1\/6&#8243;][vc_column_text]<img loading=\"lazy\" decoding=\"async\" class=\"alignnone wp-image-52934 \" src=\"https:\/\/www.ine.gob.bo\/wp-content\/uploads\/2021\/05\/GEO-2-300x287.png\" alt=\"\" width=\"148\" height=\"142\" srcset=\"https:\/\/www.ine.gob.bo\/wp-content\/uploads\/2021\/05\/GEO-2-300x287.png 300w, https:\/\/www.ine.gob.bo\/wp-content\/uploads\/2021\/05\/GEO-2.png 500w\" sizes=\"auto, (max-width: 148px) 100vw, 148px\" \/>[\/vc_column_text][\/vc_column][vc_column width=&#8221;1\/3&#8243;][vc_column_text]<span style=\"color: #1c335d;\"><strong>Ubicaci\u00f3n y extensi\u00f3n territorial<\/strong><\/span><\/p>\n<p><span style=\"color: #000000;\">Bolivia se sit\u00faa en el centro de Am\u00e9rica del Sur, entre los 57\u00ba26&#8242; y 69\u00ba38&#8242; de longitud occidental del meridiano de Greenwich y los paralelos 9\u00ba38&#8242; y 22\u00ba53&#8242; de latitud sur, abarca m\u00e1s de 13 grados geogr\u00e1\ufb01cos. Su extensi\u00f3n territorial es de 1.098.581 kil\u00f3metros cuadrados.<\/span>[\/vc_column_text][\/vc_column][vc_column width=&#8221;1\/6&#8243;][vc_column_text]<img loading=\"lazy\" decoding=\"async\" class=\"wp-image-52935 alignright\" src=\"https:\/\/www.ine.gob.bo\/wp-content\/uploads\/2021\/05\/GEO-3.png\" alt=\"\" width=\"76\" height=\"75\" srcset=\"https:\/\/www.ine.gob.bo\/wp-content\/uploads\/2021\/05\/GEO-3.png 300w, https:\/\/www.ine.gob.bo\/wp-content\/uploads\/2021\/05\/GEO-3-150x150.png 150w\" sizes=\"auto, (max-width: 76px) 100vw, 76px\" \/>[\/vc_column_text][\/vc_column][vc_column width=&#8221;1\/3&#8243;][vc_column_text]<strong><span style=\"color: #1c335d;\">L\u00edmites<\/span><\/strong><\/p>\n<p><span style=\"color: #000000;\">Limita al norte y este con Brasil, al sur con Argentina, al oeste con Per\u00fa, al sudeste con Paraguay y al sudoeste con Chile.<\/span>[\/vc_column_text][\/vc_column][\/vc_row][vc_row][vc_column width=&#8221;1\/6&#8243;][vc_column_text]<img loading=\"lazy\" decoding=\"async\" class=\"wp-image-52936 alignright\" src=\"https:\/\/www.ine.gob.bo\/wp-content\/uploads\/2021\/05\/GEO-4-288x300.png\" alt=\"\" width=\"81\" height=\"84\" srcset=\"https:\/\/www.ine.gob.bo\/wp-content\/uploads\/2021\/05\/GEO-4-288x300.png 288w, https:\/\/www.ine.gob.bo\/wp-content\/uploads\/2021\/05\/GEO-4.png 300w\" sizes=\"auto, (max-width: 81px) 100vw, 81px\" \/>[\/vc_column_text][\/vc_column][vc_column width=&#8221;5\/6&#8243;][vc_column_text]<span style=\"color: #1c335d;\"><strong>V\u00edas de comunicaci\u00f3n<\/strong><\/span><\/p>\n<p><span style=\"color: #000000;\">El sistema nacional de carreteras y su eje principal (La Paz &#8211; Oruro &#8211; Cochabamba &#8211; Santa Cruz) integran a todos los departamentos. En el \u00e1mbito internacional, a trav\u00e9s de la Red Occidental, Bolivia se vincula con las rep\u00fablicas de Chile, Per\u00fa y Argentina; mediante la Red Oriental su vinculaci\u00f3n es con las rep\u00fablicas de Brasil y Argentina. <\/span><\/p>\n<p><span style=\"color: #000000;\">El sistema ferroviario tambi\u00e9n est\u00e1 conformado por dos redes, una Oriental y otra Occidental. <\/span><\/p>\n<p><span style=\"color: #000000;\">Los aeropuertos internacionales m\u00e1s importantes son el de Viru Viru en Santa Cruz, el Internacional El Alto en La Paz y Jorge Wilstermann de Cochabamba.<\/span>[\/vc_column_text][\/vc_column][\/vc_row][vc_row][vc_column width=&#8221;1\/6&#8243;][vc_column_text]<img loading=\"lazy\" decoding=\"async\" class=\"wp-image-52937 alignright\" src=\"https:\/\/www.ine.gob.bo\/wp-content\/uploads\/2021\/05\/GEO-5-288x300.png\" alt=\"\" width=\"76\" height=\"79\" srcset=\"https:\/\/www.ine.gob.bo\/wp-content\/uploads\/2021\/05\/GEO-5-288x300.png 288w, https:\/\/www.ine.gob.bo\/wp-content\/uploads\/2021\/05\/GEO-5.png 300w\" sizes=\"auto, (max-width: 76px) 100vw, 76px\" \/>[\/vc_column_text][\/vc_column][vc_column width=&#8221;5\/6&#8243;][vc_column_text]<span style=\"color: #1c335d;\"><strong>Fisiograf\u00eda <\/strong><\/span><\/p>\n<p><span style=\"color: #000000;\">Se consideran en el territorio boliviano tres zonas geogr\u00e1\ufb01cas predominantes: <\/span><\/p>\n<ul>\n<li><span style=\"color: #1c335d;\"><strong>Andina: <\/strong><\/span><span style=\"color: #000000;\">Abarca 28% del territorio nacional con una extensi\u00f3n estimada de 307.000 kil\u00f3metros cuadrados. Esta zona se halla a m\u00e1s de 3.000 m.s.n.m. y est\u00e1 ubicada entre las cordilleras Occidental y Oriental o Real. Entre ambas se encuentra la meseta altipl\u00e1nica y algunas de las cumbres m\u00e1s elevadas de Am\u00e9rica, adem\u00e1s del Lago Titicaca, considerado el m\u00e1s alto del mundo por estar situado a 3.810 m.s.n.m., con una extensi\u00f3n de 8.100 kil\u00f3metros cuadrados y es navegable por embarcaciones de gran calado.<\/span><\/li>\n<li><span style=\"color: #1c335d;\"><strong>Subandina: <\/strong><\/span><span style=\"color: #000000;\"><span style=\"color: #6c274f;\"><span style=\"color: #000000;\">Regi\u00f3n intermedia entre el altiplano y los llanos orientales, abarca 13% del territorio. Comprende los valles y los yungas (valle subtropical), con una altura promedio de 2.500 m.s.n.m., se caracteriza por su actividad agr\u00edcola y su clima templado a c\u00e1lido (15\u00baC a 25\u00baC). <\/span><\/span><\/span><\/li>\n<li><span style=\"color: #1c335d;\"><strong>Llanos: <\/strong><\/span><span style=\"color: #000000;\"><span style=\"color: #6c274f;\"><span style=\"color: #000000;\">Abarca 59% del territorio, se ubica al norte de la Cordillera Oriental o Real y comprende las llanuras y extensas selvas, ricas en flora y fauna. Registra una temperatura media anual de 22\u00baC a 25\u00baC.<\/span><\/span><\/span><\/li>\n<\/ul>\n<p>[\/vc_column_text][\/vc_column][\/vc_row][vc_row][vc_column width=&#8221;1\/6&#8243;][vc_column_text]<img loading=\"lazy\" decoding=\"async\" class=\"wp-image-52938 alignright\" src=\"https:\/\/www.ine.gob.bo\/wp-content\/uploads\/2021\/05\/GEO-6-281x300.png\" alt=\"\" width=\"77\" height=\"82\" srcset=\"https:\/\/www.ine.gob.bo\/wp-content\/uploads\/2021\/05\/GEO-6-281x300.png 281w, https:\/\/www.ine.gob.bo\/wp-content\/uploads\/2021\/05\/GEO-6.png 300w\" sizes=\"auto, (max-width: 77px) 100vw, 77px\" \/>[\/vc_column_text][\/vc_column][vc_column width=&#8221;5\/6&#8243;][vc_row_inner][vc_column_inner width=&#8221;1\/2&#8243;][vc_column_text]<span style=\"color: #1c335d;\"><strong>Orograf\u00eda<\/strong><\/span><\/p>\n<p><span style=\"color: #000000;\">La Cordillera de los Andes al penetrar en territorio boliviano se bifurca en ramales, desde el norte en el nudo de Vilcanota o Apolobamba y forma la Cordillera Occidental o Volc\u00e1nica y la Cordillera Real o Central. La Cordillera Occidental se divide en tres secciones: Lacustre o del Norte, Central y Meridional o Volc\u00e1nica. La Cordillera Real se divide en seis distritos: Cordillera de Apolobamba, Cordillera de Mu\u00f1ecas, Cordillera Real o de La Paz, Cordillera Tres Cruces, Cordillera Santa Vera Cruz y Cordillera de Cochabamba. La Cordillera Central nace en la Real hacia el noreste-sudeste, y est\u00e1 formada por tres cordones: Septentrional o Cordillera de Azanaques, Central o Cordillera de Los Frailes y la Meridional, que comprende las cordilleras de Chichas y L\u00edpez.<\/span>[\/vc_column_text][\/vc_column_inner][vc_column_inner width=&#8221;1\/2&#8243;][vc_column_text]<span style=\"color: #1c335d;\"><strong>PRINCIPALES MONTA\u00d1AS MAYORES A 6.000 M.S.N.M.<\/strong><\/span>[\/vc_column_text][vc_single_image image=&#8221;52945&#8243; img_size=&#8221;large&#8221; alignment=&#8221;center&#8221; onclick=&#8221;link_image&#8221;][\/vc_column_inner][\/vc_row_inner][\/vc_column][\/vc_row][vc_row][vc_column width=&#8221;1\/6&#8243;][vc_column_text]<img loading=\"lazy\" decoding=\"async\" class=\"wp-image-52940 alignright\" src=\"https:\/\/www.ine.gob.bo\/wp-content\/uploads\/2021\/05\/GEO-7-294x300.png\" alt=\"\" width=\"79\" height=\"80\" srcset=\"https:\/\/www.ine.gob.bo\/wp-content\/uploads\/2021\/05\/GEO-7-294x300.png 294w, https:\/\/www.ine.gob.bo\/wp-content\/uploads\/2021\/05\/GEO-7-150x150.png 150w, https:\/\/www.ine.gob.bo\/wp-content\/uploads\/2021\/05\/GEO-7.png 300w\" sizes=\"auto, (max-width: 79px) 100vw, 79px\" \/>[\/vc_column_text][\/vc_column][vc_column width=&#8221;5\/6&#8243;][vc_row_inner][vc_column_inner width=&#8221;1\/2&#8243;][vc_column_text]<span style=\"color: #1c335d;\"><strong>Hidrograf\u00eda <\/strong><\/span><\/p>\n<p><span style=\"color: #000000;\">Bolivia posee tres sistemas hidrogr\u00e1\ufb01cos:<\/span><\/p>\n<ul>\n<li><span style=\"color: #1c335d;\"><strong>Cuenca del Norte o Amazonas: <\/strong><\/span><span style=\"color: #000000;\"><span style=\"color: #6c274f;\"><span style=\"color: #000000;\">Constituida principalmente por los r\u00edos (de este a oeste): Madre de Dios, Orthon, Abun\u00e1, Beni, Yata, Mamor\u00e9 e It\u00e9nez o Guapor\u00e9.<\/span><\/span><\/span><\/li>\n<li><span style=\"color: #1c335d;\"><strong>Cuenca Central o Lacustre: <\/strong><\/span><span style=\"color: #000000;\"><span style=\"color: #6c274f;\"><span style=\"color: #000000;\">Formada por los lagos Titicaca y Poop\u00f3, los salares de Coipasa y Uyuni y el r\u00edo Desaguadero.<\/span><\/span><\/span><\/li>\n<li><span style=\"color: #1c335d;\"><strong>Cuenca del Sur o de La Plata: <\/strong><\/span><span style=\"color: #000000;\"><span style=\"color: #6c274f;\"><span style=\"color: #000000;\">Compuesta principalmente por los r\u00edos Paraguay, Pilcomayo y Bermejo.<\/span><\/span><\/span><\/li>\n<\/ul>\n<p>[\/vc_column_text][\/vc_column_inner][vc_column_inner width=&#8221;1\/2&#8243;][vc_column_text]<span style=\"color: #1c335d;\"><strong>PRINCIPALES LAGOS Y SALARES POR EXTENSI\u00d3N Y DEPARTAMENTO<\/strong><\/span>[\/vc_column_text][vc_single_image image=&#8221;52946&#8243; img_size=&#8221;large&#8221; alignment=&#8221;center&#8221; onclick=&#8221;link_image&#8221;][\/vc_column_inner][\/vc_row_inner][\/vc_column][\/vc_row][vc_row][vc_column width=&#8221;1\/6&#8243;][\/vc_column][vc_column width=&#8221;5\/6&#8243;][vc_single_image image=&#8221;52947&#8243; img_size=&#8221;large&#8221; alignment=&#8221;center&#8221; onclick=&#8221;link_image&#8221;][\/vc_column][\/vc_row][vc_row][vc_column width=&#8221;1\/6&#8243;][vc_column_text]<img loading=\"lazy\" decoding=\"async\" class=\"wp-image-52941 alignright\" src=\"https:\/\/www.ine.gob.bo\/wp-content\/uploads\/2021\/05\/GEO-8.png\" alt=\"\" width=\"75\" height=\"75\" srcset=\"https:\/\/www.ine.gob.bo\/wp-content\/uploads\/2021\/05\/GEO-8.png 300w, https:\/\/www.ine.gob.bo\/wp-content\/uploads\/2021\/05\/GEO-8-150x150.png 150w\" sizes=\"auto, (max-width: 75px) 100vw, 75px\" \/>[\/vc_column_text][\/vc_column][vc_column width=&#8221;5\/6&#8243;][vc_column_text]<span style=\"color: #1c335d;\"><strong>Clima<\/strong><\/span><\/p>\n<p><span style=\"color: #000000;\">Aunque todo el territorio boliviano se sit\u00faa en el Tr\u00f3pico de Capricornio, Bolivia posee variedad de climas. Si en su topograf\u00eda s\u00f3lo existieran llanuras de escasa elevaci\u00f3n, el clima tender\u00eda a ser uniforme. Sin embargo, en Bolivia la temperatura ambiente no s\u00f3lo se regula por la latitud sino tambi\u00e9n por la altitud sobre el nivel del mar: a mayor altura menor temperatura y a menor altitud mayor temperatura.<br \/>\nA partir del nivel del mar y a medida que se asciende, la temperatura del aire baja 0,55\u00b0C por cada 100 metros adicionales de altitud. En la regi\u00f3n influenciada por la cordillera Real u Oriental y la Occidental o Volc\u00e1nica, hacia el occidente de Bolivia, el clima se regula por la altura. Ello explica que existan cumbres con nieves eternas y fr\u00edos polares y que sobre la misma latitud se extiendan llanuras con clima c\u00e1lido-tropical.<\/span><\/p>\n<p><span style=\"color: #1c335d;\"><strong>Temperatura promedio<\/strong><\/span>[\/vc_column_text][vc_single_image image=&#8221;52948&#8243; img_size=&#8221;large&#8221; alignment=&#8221;center&#8221; onclick=&#8221;link_image&#8221;][vc_column_text]<span style=\"color: #1c335d;\"><strong>Mapa de temperaturas<\/strong><\/span><\/p>\n<h5><span style=\"color: #000000;\">https:\/\/www.boliviaturismo.com.bo\/clima-temperatura.php<\/span><\/h5>\n<p>[\/vc_column_text][vc_single_image image=&#8221;45341&#8243; img_size=&#8221;large&#8221; alignment=&#8221;center&#8221; onclick=&#8221;link_image&#8221;][\/vc_column][\/vc_row][vc_row][vc_column][vc_single_image image=&#8221;52949&#8243; img_size=&#8221;full&#8221; alignment=&#8221;center&#8221;][\/vc_column][\/vc_row]<\/p>\n","protected":false},"excerpt":{"rendered":"<p>[vc_row][vc_column][vc_column_text][\/vc_column_text][\/vc_column][\/vc_row][vc_row][vc_column width=&#8221;1\/6&#8243;][vc_column_text][\/vc_column_text][\/vc_column][vc_column width=&#8221;1\/3&#8243;][vc_column_text]Ubicaci\u00f3n y extensi\u00f3n territorial Bolivia se sit\u00faa en el centro de Am\u00e9rica del Sur, entre los 57\u00ba26&#8242; y 69\u00ba38&#8242; de longitud occidental del meridiano de Greenwich y los paralelos 9\u00ba38&#8242; y 22\u00ba53&#8242; de latitud sur, abarca m\u00e1s de 13 grados geogr\u00e1\ufb01cos. Su extensi\u00f3n territorial es de 1.098.581 kil\u00f3metros cuadrados.[\/vc_column_text][\/vc_column][vc_column width=&#8221;1\/6&#8243;][vc_column_text][\/vc_column_text][\/vc_column][vc_column width=&#8221;1\/3&#8243;][vc_column_text]L\u00edmites Limita al&hellip;<\/p>\n","protected":false},"author":1,"featured_media":0,"parent":36724,"menu_order":0,"comment_status":"closed","ping_status":"closed","template":"","meta":[],"class_list":["post-36743","page","type-page","status-publish","hentry","description-off"],"yoast_head":"<!-- This site is optimized with the Yoast SEO plugin v23.2 - https:\/\/yoast.com\/wordpress\/plugins\/seo\/ -->\n<title>Aspectos Geogr\u00e1ficos - INE<\/title>\n<meta name=\"description\" content=\"P\u00e1gina oficial del Instituto Nacional de Estadisticas INE, informaci\u00f3n estad\u00edstica, geogr\u00e1fica y econ\u00f3mica a nivel nacional.\" \/>\n<meta name=\"robots\" content=\"index, follow, max-snippet:-1, max-image-preview:large, max-video-preview:-1\" \/>\n<link rel=\"canonical\" href=\"https:\/\/www.ine.gob.bo\/index.php\/bolivia\/aspectos-geograficos\/\" \/>\n<meta property=\"og:locale\" content=\"es_ES\" \/>\n<meta property=\"og:type\" content=\"article\" \/>\n<meta property=\"og:title\" content=\"Aspectos Geogr\u00e1ficos - INE\" \/>\n<meta property=\"og:description\" content=\"P\u00e1gina oficial del Instituto Nacional de Estadisticas INE, informaci\u00f3n estad\u00edstica, geogr\u00e1fica y econ\u00f3mica a nivel nacional.\" \/>\n<meta property=\"og:url\" content=\"https:\/\/www.ine.gob.bo\/index.php\/bolivia\/aspectos-geograficos\/\" \/>\n<meta property=\"og:site_name\" content=\"INE\" \/>\n<meta property=\"article:publisher\" content=\"https:\/\/www.facebook.com\/ineboliviaoficial\" \/>\n<meta property=\"article:modified_time\" content=\"2021-05-04T13:27:51+00:00\" \/>\n<meta property=\"og:image\" content=\"https:\/\/www.ine.gob.bo\/wp-content\/uploads\/2021\/05\/GEO-1.png\" \/>\n<meta name=\"twitter:card\" content=\"summary_large_image\" \/>\n<meta name=\"twitter:site\" content=\"@INE_Bolivia\" \/>\n<meta name=\"twitter:label1\" content=\"Tiempo de lectura\" \/>\n\t<meta name=\"twitter:data1\" content=\"5 minutos\" \/>\n<script type=\"application\/ld+json\" class=\"yoast-schema-graph\">{\"@context\":\"https:\/\/schema.org\",\"@graph\":[{\"@type\":\"WebPage\",\"@id\":\"https:\/\/www.ine.gob.bo\/index.php\/bolivia\/aspectos-geograficos\/\",\"url\":\"https:\/\/www.ine.gob.bo\/index.php\/bolivia\/aspectos-geograficos\/\",\"name\":\"Aspectos Geogr\u00e1ficos - INE\",\"isPartOf\":{\"@id\":\"https:\/\/www.ine.gob.bo\/#website\"},\"primaryImageOfPage\":{\"@id\":\"https:\/\/www.ine.gob.bo\/index.php\/bolivia\/aspectos-geograficos\/#primaryimage\"},\"image\":{\"@id\":\"https:\/\/www.ine.gob.bo\/index.php\/bolivia\/aspectos-geograficos\/#primaryimage\"},\"thumbnailUrl\":\"https:\/\/www.ine.gob.bo\/wp-content\/uploads\/2021\/05\/GEO-1.png\",\"datePublished\":\"2019-05-24T08:13:44+00:00\",\"dateModified\":\"2021-05-04T13:27:51+00:00\",\"description\":\"P\u00e1gina oficial del Instituto Nacional de Estadisticas INE, informaci\u00f3n estad\u00edstica, geogr\u00e1fica y econ\u00f3mica a nivel nacional.\",\"breadcrumb\":{\"@id\":\"https:\/\/www.ine.gob.bo\/index.php\/bolivia\/aspectos-geograficos\/#breadcrumb\"},\"inLanguage\":\"es\",\"potentialAction\":[{\"@type\":\"ReadAction\",\"target\":[\"https:\/\/www.ine.gob.bo\/index.php\/bolivia\/aspectos-geograficos\/\"]}]},{\"@type\":\"ImageObject\",\"inLanguage\":\"es\",\"@id\":\"https:\/\/www.ine.gob.bo\/index.php\/bolivia\/aspectos-geograficos\/#primaryimage\",\"url\":\"https:\/\/www.ine.gob.bo\/wp-content\/uploads\/2021\/05\/GEO-1.png\",\"contentUrl\":\"https:\/\/www.ine.gob.bo\/wp-content\/uploads\/2021\/05\/GEO-1.png\",\"width\":1000,\"height\":227},{\"@type\":\"BreadcrumbList\",\"@id\":\"https:\/\/www.ine.gob.bo\/index.php\/bolivia\/aspectos-geograficos\/#breadcrumb\",\"itemListElement\":[{\"@type\":\"ListItem\",\"position\":1,\"name\":\"Portada\",\"item\":\"https:\/\/www.ine.gob.bo\/\"},{\"@type\":\"ListItem\",\"position\":2,\"name\":\"Bolivia\",\"item\":\"https:\/\/www.ine.gob.bo\/index.php\/bolivia\/\"},{\"@type\":\"ListItem\",\"position\":3,\"name\":\"Aspectos Geogr\u00e1ficos\"}]},{\"@type\":\"WebSite\",\"@id\":\"https:\/\/www.ine.gob.bo\/#website\",\"url\":\"https:\/\/www.ine.gob.bo\/\",\"name\":\"INE\",\"description\":\"Instituto Nacional de Estad\u00edstica\",\"publisher\":{\"@id\":\"https:\/\/www.ine.gob.bo\/#organization\"},\"potentialAction\":[{\"@type\":\"SearchAction\",\"target\":{\"@type\":\"EntryPoint\",\"urlTemplate\":\"https:\/\/www.ine.gob.bo\/?s={search_term_string}\"},\"query-input\":\"required name=search_term_string\"}],\"inLanguage\":\"es\"},{\"@type\":\"Organization\",\"@id\":\"https:\/\/www.ine.gob.bo\/#organization\",\"name\":\"Instituto Nacional de Estad\u00edstica\",\"url\":\"https:\/\/www.ine.gob.bo\/\",\"logo\":{\"@type\":\"ImageObject\",\"inLanguage\":\"es\",\"@id\":\"https:\/\/www.ine.gob.bo\/#\/schema\/logo\/image\/\",\"url\":\"https:\/\/www.ine.gob.bo\/wp-content\/uploads\/2026\/02\/logo-ine.jpg\",\"contentUrl\":\"https:\/\/www.ine.gob.bo\/wp-content\/uploads\/2026\/02\/logo-ine.jpg\",\"width\":799,\"height\":453,\"caption\":\"Instituto Nacional de Estad\u00edstica\"},\"image\":{\"@id\":\"https:\/\/www.ine.gob.bo\/#\/schema\/logo\/image\/\"},\"sameAs\":[\"https:\/\/www.facebook.com\/ineboliviaoficial\",\"https:\/\/x.com\/INE_Bolivia\",\"https:\/\/www.instagram.com\/ineboliviaoficial\/\",\"https:\/\/www.youtube.com\/channel\/UCbIQXKLw414g5kWo1tAwqCg\"]}]}<\/script>\n<!-- \/ Yoast SEO plugin. -->","yoast_head_json":{"title":"Aspectos Geogr\u00e1ficos - INE","description":"P\u00e1gina oficial del Instituto Nacional de Estadisticas INE, informaci\u00f3n estad\u00edstica, geogr\u00e1fica y econ\u00f3mica a nivel nacional.","robots":{"index":"index","follow":"follow","max-snippet":"max-snippet:-1","max-image-preview":"max-image-preview:large","max-video-preview":"max-video-preview:-1"},"canonical":"https:\/\/www.ine.gob.bo\/index.php\/bolivia\/aspectos-geograficos\/","og_locale":"es_ES","og_type":"article","og_title":"Aspectos Geogr\u00e1ficos - INE","og_description":"P\u00e1gina oficial del Instituto Nacional de Estadisticas INE, informaci\u00f3n estad\u00edstica, geogr\u00e1fica y econ\u00f3mica a nivel nacional.","og_url":"https:\/\/www.ine.gob.bo\/index.php\/bolivia\/aspectos-geograficos\/","og_site_name":"INE","article_publisher":"https:\/\/www.facebook.com\/ineboliviaoficial","article_modified_time":"2021-05-04T13:27:51+00:00","og_image":[{"url":"https:\/\/www.ine.gob.bo\/wp-content\/uploads\/2021\/05\/GEO-1.png"}],"twitter_card":"summary_large_image","twitter_site":"@INE_Bolivia","twitter_misc":{"Tiempo de lectura":"5 minutos"},"schema":{"@context":"https:\/\/schema.org","@graph":[{"@type":"WebPage","@id":"https:\/\/www.ine.gob.bo\/index.php\/bolivia\/aspectos-geograficos\/","url":"https:\/\/www.ine.gob.bo\/index.php\/bolivia\/aspectos-geograficos\/","name":"Aspectos Geogr\u00e1ficos - INE","isPartOf":{"@id":"https:\/\/www.ine.gob.bo\/#website"},"primaryImageOfPage":{"@id":"https:\/\/www.ine.gob.bo\/index.php\/bolivia\/aspectos-geograficos\/#primaryimage"},"image":{"@id":"https:\/\/www.ine.gob.bo\/index.php\/bolivia\/aspectos-geograficos\/#primaryimage"},"thumbnailUrl":"https:\/\/www.ine.gob.bo\/wp-content\/uploads\/2021\/05\/GEO-1.png","datePublished":"2019-05-24T08:13:44+00:00","dateModified":"2021-05-04T13:27:51+00:00","description":"P\u00e1gina oficial del Instituto Nacional de Estadisticas INE, informaci\u00f3n estad\u00edstica, geogr\u00e1fica y econ\u00f3mica a nivel nacional.","breadcrumb":{"@id":"https:\/\/www.ine.gob.bo\/index.php\/bolivia\/aspectos-geograficos\/#breadcrumb"},"inLanguage":"es","potentialAction":[{"@type":"ReadAction","target":["https:\/\/www.ine.gob.bo\/index.php\/bolivia\/aspectos-geograficos\/"]}]},{"@type":"ImageObject","inLanguage":"es","@id":"https:\/\/www.ine.gob.bo\/index.php\/bolivia\/aspectos-geograficos\/#primaryimage","url":"https:\/\/www.ine.gob.bo\/wp-content\/uploads\/2021\/05\/GEO-1.png","contentUrl":"https:\/\/www.ine.gob.bo\/wp-content\/uploads\/2021\/05\/GEO-1.png","width":1000,"height":227},{"@type":"BreadcrumbList","@id":"https:\/\/www.ine.gob.bo\/index.php\/bolivia\/aspectos-geograficos\/#breadcrumb","itemListElement":[{"@type":"ListItem","position":1,"name":"Portada","item":"https:\/\/www.ine.gob.bo\/"},{"@type":"ListItem","position":2,"name":"Bolivia","item":"https:\/\/www.ine.gob.bo\/index.php\/bolivia\/"},{"@type":"ListItem","position":3,"name":"Aspectos Geogr\u00e1ficos"}]},{"@type":"WebSite","@id":"https:\/\/www.ine.gob.bo\/#website","url":"https:\/\/www.ine.gob.bo\/","name":"INE","description":"Instituto Nacional de Estad\u00edstica","publisher":{"@id":"https:\/\/www.ine.gob.bo\/#organization"},"potentialAction":[{"@type":"SearchAction","target":{"@type":"EntryPoint","urlTemplate":"https:\/\/www.ine.gob.bo\/?s={search_term_string}"},"query-input":"required name=search_term_string"}],"inLanguage":"es"},{"@type":"Organization","@id":"https:\/\/www.ine.gob.bo\/#organization","name":"Instituto Nacional de Estad\u00edstica","url":"https:\/\/www.ine.gob.bo\/","logo":{"@type":"ImageObject","inLanguage":"es","@id":"https:\/\/www.ine.gob.bo\/#\/schema\/logo\/image\/","url":"https:\/\/www.ine.gob.bo\/wp-content\/uploads\/2026\/02\/logo-ine.jpg","contentUrl":"https:\/\/www.ine.gob.bo\/wp-content\/uploads\/2026\/02\/logo-ine.jpg","width":799,"height":453,"caption":"Instituto Nacional de Estad\u00edstica"},"image":{"@id":"https:\/\/www.ine.gob.bo\/#\/schema\/logo\/image\/"},"sameAs":["https:\/\/www.facebook.com\/ineboliviaoficial","https:\/\/x.com\/INE_Bolivia","https:\/\/www.instagram.com\/ineboliviaoficial\/","https:\/\/www.youtube.com\/channel\/UCbIQXKLw414g5kWo1tAwqCg"]}]}},"rttpg_featured_image_url":null,"rttpg_author":{"display_name":"4dmin-root","author_link":"https:\/\/www.ine.gob.bo\/index.php\/author\/4dmin-root\/"},"rttpg_comment":0,"rttpg_category":null,"rttpg_excerpt":"[vc_row][vc_column][vc_column_text][\/vc_column_text][\/vc_column][\/vc_row][vc_row][vc_column width=&#8221;1\/6&#8243;][vc_column_text][\/vc_column_text][\/vc_column][vc_column width=&#8221;1\/3&#8243;][vc_column_text]Ubicaci\u00f3n y extensi\u00f3n territorial Bolivia se sit\u00faa en el centro de Am\u00e9rica del Sur, entre los 57\u00ba26&#8242; y 69\u00ba38&#8242; de longitud occidental del meridiano de Greenwich y los paralelos 9\u00ba38&#8242; y 22\u00ba53&#8242; de latitud sur, abarca m\u00e1s de 13 grados geogr\u00e1\ufb01cos. Su extensi\u00f3n territorial es de 1.098.581 kil\u00f3metros cuadrados.[\/vc_column_text][\/vc_column][vc_column width=&#8221;1\/6&#8243;][vc_column_text][\/vc_column_text][\/vc_column][vc_column width=&#8221;1\/3&#8243;][vc_column_text]L\u00edmites Limita al&hellip;","_links":{"self":[{"href":"https:\/\/www.ine.gob.bo\/index.php\/wp-json\/wp\/v2\/pages\/36743","targetHints":{"allow":["GET"]}}],"collection":[{"href":"https:\/\/www.ine.gob.bo\/index.php\/wp-json\/wp\/v2\/pages"}],"about":[{"href":"https:\/\/www.ine.gob.bo\/index.php\/wp-json\/wp\/v2\/types\/page"}],"author":[{"embeddable":true,"href":"https:\/\/www.ine.gob.bo\/index.php\/wp-json\/wp\/v2\/users\/1"}],"replies":[{"embeddable":true,"href":"https:\/\/www.ine.gob.bo\/index.php\/wp-json\/wp\/v2\/comments?post=36743"}],"version-history":[{"count":0,"href":"https:\/\/www.ine.gob.bo\/index.php\/wp-json\/wp\/v2\/pages\/36743\/revisions"}],"up":[{"embeddable":true,"href":"https:\/\/www.ine.gob.bo\/index.php\/wp-json\/wp\/v2\/pages\/36724"}],"wp:attachment":[{"href":"https:\/\/www.ine.gob.bo\/index.php\/wp-json\/wp\/v2\/media?parent=36743"}],"curies":[{"name":"wp","href":"https:\/\/api.w.org\/{rel}","templated":true}]}}