{"id":36726,"date":"2019-05-24T09:40:43","date_gmt":"2019-05-24T07:40:43","guid":{"rendered":"https:\/\/www.ine.gob.bo\/?page_id=36726"},"modified":"2021-05-04T09:16:23","modified_gmt":"2021-05-04T13:16:23","slug":"aspectos-politicos-y-administrativos","status":"publish","type":"page","link":"https:\/\/www.ine.gob.bo\/index.php\/bolivia\/aspectos-politicos-y-administrativos\/","title":{"rendered":"Aspectos Pol\u00edticos y Administrativos"},"content":{"rendered":"<p>[vc_row][vc_column][vc_column_text]<\/p>\n<p style=\"font-size: 17px;\"><span style=\"color: #000000;\"><img loading=\"lazy\" decoding=\"async\" class=\"aligncenter wp-image-52920 \" src=\"https:\/\/www.ine.gob.bo\/wp-content\/uploads\/2021\/05\/AD-1.png\" alt=\"\" width=\"656\" height=\"111\" srcset=\"https:\/\/www.ine.gob.bo\/wp-content\/uploads\/2021\/05\/AD-1.png 1000w, https:\/\/www.ine.gob.bo\/wp-content\/uploads\/2021\/05\/AD-1-300x51.png 300w, https:\/\/www.ine.gob.bo\/wp-content\/uploads\/2021\/05\/AD-1-768x131.png 768w\" sizes=\"auto, (max-width: 656px) 100vw, 656px\" \/><\/span><\/p>\n<p style=\"font-size: 17px;\"><span style=\"color: #000000;\">Bolivia se crea el 6 de agosto de 1825 como un Estado Republicano y desde enero de 2009 de\ufb01nido en la Constituci\u00f3n Pol\u00edtica del Estado como un Estado Unitario Social de Derecho Plurinacional Comunitario, libre, independiente, soberano, democr\u00e1tico, intercultural, descentralizado y con autonom\u00edas. Bolivia se funda en la pluralidad y el pluralismo pol\u00edtico, econ\u00f3mico, jur\u00eddico, cultural y ling\u00fc\u00edstico, dentro del proceso integrador del pa\u00eds.<\/span><\/p>\n<p>[\/vc_column_text][\/vc_column][\/vc_row][vc_row][vc_column width=&#8221;1\/3&#8243;][vc_single_image image=&#8221;52923&#8243; img_size=&#8221;large&#8221; onclick=&#8221;link_image&#8221;][\/vc_column][vc_column width=&#8221;2\/3&#8243;][vc_column_text]<\/p>\n<p style=\"font-size: 17px;\"><span style=\"color: #000000;\"><span style=\"color: #1c335d;\">S\u00edmbolos del Estado:<\/span> La bandera tricolor rojo, amarillo y verde; el himno boliviano; el escudo de armas; la wiphala; la escarapela; la flor de la kantuta y la flor del patuj\u00fa.<\/span><\/p>\n<p>[\/vc_column_text][vc_column_text]<\/p>\n<p style=\"font-size: 17px;\"><span style=\"color: #000000;\"><span style=\"color: #6c274f;\"><span style=\"color: #1c335d;\">Idiomas:<\/span> <span style=\"color: #000000;\">Castellano y todos los idiomas de las naciones y pueblos ind\u00edgena originario campesinos, que son el aymara, araona, baure, b\u00e9siro, canichana, cavine\u00f1o, cayubaba, ch\u00e1cobo, chim\u00e1n, ese ejja, guaran\u00ed, guarasu\u2019we, guarayu, itonama, leco, machajuyai-kallawaya, achineri, maropa, moje\u00f1o-trinitario, moje\u00f1o-ignaciano, mor\u00e9, moset\u00e9n, movima, pacawara, puquina, quechua, sirion\u00f3, tacana, tapiete, toromona, uru-chipaya, weenhayek, yaminawa, yuki, yuracar\u00e9 y zamuco.<\/span><\/span><\/span><\/p>\n<p>[\/vc_column_text][vc_column_text]<\/p>\n<p style=\"font-size: 17px;\"><span style=\"color: #000000;\"><span style=\"color: #6c274f;\"><span style=\"color: #1c335d;\">Estructura y organizaci\u00f3n territorial:<\/span> <span style=\"color: #000000;\">Bolivia se organiza territorialmente en departamentos, provincias, municipios y territorios ind\u00edgena originario campesinos.<\/span><\/span><\/span><\/p>\n<p>[\/vc_column_text][vc_column_text]<\/p>\n<p style=\"font-size: 17px;\"><span style=\"color: #000000;\"><span style=\"color: #6c274f;\"><span style=\"color: #1c335d;\">Religi\u00f3n:<\/span> <span style=\"color: #000000;\">El Estado respeta y garantiza la libertad de religi\u00f3n y de creencias espirituales de acuerdo con sus cosmovisiones. El Estado es independiente de la religi\u00f3n.<\/span><\/span><\/span><\/p>\n<p>[\/vc_column_text][\/vc_column][\/vc_row][vc_row][vc_column width=&#8221;1\/2&#8243;][vc_column_text]<\/p>\n<p style=\"font-size: 17px;\"><span style=\"color: #6c274f;\"><strong><span style=\"color: #1c335d;\">BOLIVIA: SUPERFICIE, N\u00daMERO DE PROVINCIAS Y MUNICIPIOS, SEG\u00daN DEPARTAMENTO, 2012<\/span><br \/>\n<\/strong><\/span><\/p>\n<p><img loading=\"lazy\" decoding=\"async\" class=\"aligncenter wp-image-52925 \" src=\"https:\/\/www.ine.gob.bo\/wp-content\/uploads\/2021\/05\/AD-3.png\" alt=\"\" width=\"928\" height=\"503\" srcset=\"https:\/\/www.ine.gob.bo\/wp-content\/uploads\/2021\/05\/AD-3.png 1000w, https:\/\/www.ine.gob.bo\/wp-content\/uploads\/2021\/05\/AD-3-300x163.png 300w, https:\/\/www.ine.gob.bo\/wp-content\/uploads\/2021\/05\/AD-3-768x416.png 768w\" sizes=\"auto, (max-width: 928px) 100vw, 928px\" \/>[\/vc_column_text][\/vc_column][vc_column width=&#8221;1\/2&#8243;][vc_column_text]<\/p>\n<p style=\"font-size: 17px; text-align: center;\"><span style=\"color: #1c335d;\"><strong>\u00a0 \u00a0 \u00a0BOLIVIA:\u00a0 CAPITALES\u00a0 Y\u00a0 ALTITUD,\u00a0 \u00a0S<\/strong><\/span><span style=\"color: #6c274f;\"><strong><span style=\"color: #1c335d;\">EG\u00daN\u00a0 \u00a0DEPARTAMENTO,\u00a0 \u00a02012<\/span><br \/>\n<\/strong><\/span><\/p>\n<p><img loading=\"lazy\" decoding=\"async\" class=\"aligncenter wp-image-52926 \" src=\"https:\/\/www.ine.gob.bo\/wp-content\/uploads\/2021\/05\/AD-4.png\" alt=\"\" width=\"489\" height=\"329\" srcset=\"https:\/\/www.ine.gob.bo\/wp-content\/uploads\/2021\/05\/AD-4.png 1000w, https:\/\/www.ine.gob.bo\/wp-content\/uploads\/2021\/05\/AD-4-300x202.png 300w, https:\/\/www.ine.gob.bo\/wp-content\/uploads\/2021\/05\/AD-4-768x517.png 768w\" sizes=\"auto, (max-width: 489px) 100vw, 489px\" \/>[\/vc_column_text][\/vc_column][\/vc_row][vc_row][vc_column][vc_column_text]<\/p>\n<p style=\"font-size: 17px;\"><span style=\"color: #000000;\">Los principios que rigen la organizaci\u00f3n territorial y las entidades territoriales descentralizadas y aut\u00f3nomas son: la unidad, voluntariedad, solidaridad, equidad, bien com\u00fan, autogobierno, igualdad, complementariedad, reciprocidad, equidad de g\u00e9nero, subsidiariedad, gradualidad, coordinaci\u00f3n y lealtad institucional, transparencia, participaci\u00f3n y control social, provisi\u00f3n de recursos econ\u00f3micos y preexistencia de las naciones y pueblos ind\u00edgena originario campesinos, en los t\u00e9rminos establecidos en esta Constituci\u00f3n.<\/span><\/p>\n<p>[\/vc_column_text][\/vc_column][\/vc_row][vc_row][vc_column width=&#8221;1\/6&#8243;][vc_single_image image=&#8221;52928&#8243;][\/vc_column][vc_column width=&#8221;5\/6&#8243;][vc_column_text]<\/p>\n<p style=\"font-size: 17px;\"><span style=\"color: #1c335d;\">Sistema de gobierno:<\/span> <span style=\"color: #000000;\">El pa\u00eds adopta para su gobierno la forma democr\u00e1tica participativa, representativa y comunitaria, con equivalencia de condiciones entre hombres y mujeres.<\/span><\/p>\n<p style=\"font-size: 17px;\"><span style=\"color: #000000;\">El Estado se organiza y estructura su poder p\u00fablico a trav\u00e9s de los \u00f3rganos Legislativo, Ejecutivo, Judicial y Electoral. La organizaci\u00f3n del Estado est\u00e1 fundamentada en la independencia, separaci\u00f3n, coordinaci\u00f3n y cooperaci\u00f3n de estos \u00f3rganos:<\/span><\/p>\n<p style=\"font-size: 17px;\"><span style=\"color: #000000;\">Son funciones estatales de Control, Defensa de la Sociedad y Defensa del Estado.<\/span><\/p>\n<p style=\"font-size: 17px;\"><span style=\"color: #000000;\">Las funciones de los \u00f3rganos p\u00fablicos no pueden ser reunidas en un solo \u00f3rgano ni son delegables entre s\u00ed.<\/span><\/p>\n<p>[\/vc_column_text][\/vc_column][\/vc_row][vc_row][vc_column width=&#8221;1\/6&#8243;][\/vc_column][vc_column width=&#8221;1\/5&#8243;][vc_column_text]<\/p>\n<p style=\"font-size: 17px; text-align: center;\"><span style=\"color: #1c335d;\"><strong>\u00d3rgano Ejecutivo<\/strong><\/span><\/p>\n<p style=\"font-size: 17px;\"><span style=\"color: #000000;\">Est\u00e1 compuesto por la Presidenta o el Presidente del Estado, la Vicepresidenta o el Vicepresidente del Estado, y las Ministras y los Ministros de Estado. Las determinaciones adoptadas en Consejo de Ministros son de responsabilidad solidaria. La Presidenta o el Presidente y la Vicepresidenta o el Vicepresidente del Estado ser\u00e1n elegidas o elegidos por sufragio universal, obligatorio, directo, libre y secreto.<\/span><\/p>\n<p>[\/vc_column_text][\/vc_column][vc_column width=&#8221;1\/5&#8243;][vc_column_text]<\/p>\n<p style=\"font-size: 17px; text-align: center;\"><span style=\"color: #1c335d;\"><strong>\u00d3rgano Judicial<\/strong><\/span><\/p>\n<p style=\"font-size: 17px;\"><span style=\"color: #000000;\">La jurisdicci\u00f3n ordinaria se ejerce por el Tribunal Supremo de Justicia, los tribunales departamentales de justicia, los tribunales de sentencia y los jueces; la jurisdicci\u00f3n agroambiental por el Tribunal y jueces agroambientales; la Jurisdicci\u00f3n Ind\u00edgena Originaria Campesina se ejerce por sus propias autoridades; existir\u00e1n jurisdicciones especializadas reguladas por la ley. La jurisdicci\u00f3n ordinaria y la jurisdicci\u00f3n ind\u00edgena originario campesina gozar\u00e1n de igual jerarqu\u00eda. La justicia constitucional se ejerce por el Tribunal Constitucional Plurinacional.<\/span><\/p>\n<p>[\/vc_column_text][\/vc_column][vc_column width=&#8221;1\/5&#8243;][vc_column_text]<\/p>\n<p style=\"font-size: 17px; text-align: center;\"><span style=\"color: #1c335d;\"><strong>\u00d3rgano Legislativo<\/strong><\/span><\/p>\n<p style=\"font-size: 17px;\"><span style=\"color: #000000;\">La Asamblea Legislativa Plurinacional est\u00e1 compuesta por dos c\u00e1maras, la C\u00e1mara de Diputados y la C\u00e1mara de Senadores, y es la \u00fanica con facultad de aprobar y sancionar leyes que rigen para todo el territorio boliviano. La C\u00e1mara de Diputados est\u00e1 conformada por 130 miembros y la C\u00e1mara de Senadores est\u00e1 conformada por un total de 36 miembros.<\/span><\/p>\n<p>[\/vc_column_text][\/vc_column][vc_column width=&#8221;1\/5&#8243;][vc_column_text]<\/p>\n<p style=\"font-size: 17px; text-align: center;\"><span style=\"color: #1c335d;\"><strong>\u00d3rgano Electoral Plurinacional<\/strong><\/span><\/p>\n<p style=\"font-size: 17px;\"><span style=\"color: #000000;\">Est\u00e1 compuesto por el Tribunal Supremo Electoral, los tribunales electorales departamentales, los juzgados electorales, los jurados de las mesas de sufragio y los notarios electorales.<\/span><\/p>\n<p>[\/vc_column_text][\/vc_column][\/vc_row][vc_row][vc_column width=&#8221;1\/6&#8243;][vc_single_image image=&#8221;52929&#8243;][\/vc_column][vc_column width=&#8221;5\/6&#8243;][vc_column_text]<\/p>\n<p style=\"font-size: 17px; text-align: left;\"><span style=\"color: #1c335d;\"><strong>Patrimonios Culturales de la Humanidad en Bolivia<\/strong><\/span><\/p>\n<p>[\/vc_column_text][vc_row_inner][vc_column_inner width=&#8221;2\/3&#8243;][vc_column_text]<\/p>\n<ul>\n<li style=\"font-size: 17px;\"><span style=\"color: #000000;\">Ciudad de Potos\u00ed<\/span><\/li>\n<li style=\"font-size: 17px;\"><span style=\"color: #000000;\">Misiones Jesu\u00edticas de Chiquitos<\/span><\/li>\n<li style=\"font-size: 17px;\"><span style=\"color: #000000;\">Ciudad Hist\u00f3rica de Sucre<\/span><\/li>\n<li style=\"font-size: 17px;\"><span style=\"color: #000000;\">Fuerte de Samaipata<\/span><\/li>\n<li style=\"font-size: 17px;\"><span style=\"color: #000000;\">Ruinas Arqueol\u00f3gicas de Tiwanacu<\/span><\/li>\n<li style=\"font-size: 17px;\"><span style=\"color: #000000;\">Parque Nacional Noel Kemp Mercado<\/span><\/li>\n<li style=\"font-size: 17px;\"><span style=\"color: #000000;\">Carnaval de Oruro<\/span><\/li>\n<li style=\"font-size: 17px;\"><span style=\"color: #000000;\">Cosmovisi\u00f3n Andina de los kallawayas<\/span><\/li>\n<li style=\"font-size: 17px;\"><span style=\"color: #000000;\">Ichapekene Piesta, Fiesta de San Ignacio de Moxos<\/span><\/li>\n<li style=\"font-size: 17px;\"><span style=\"color: #000000;\">Sistema Vial Andino Qhapaq \u00d1an<\/span><\/li>\n<li style=\"font-size: 17px;\"><span style=\"color: #000000;\">El Pujllay y el Ayachiri, m\u00fasicas y danzas de la Cultura Yampara<\/span><\/li>\n<li style=\"font-size: 17px;\"><span style=\"color: #000000;\">Feria de la Alasita<\/span><\/li>\n<li style=\"font-size: 17px;\"><span style=\"color: #000000;\">Festividad del Se\u00f1or del Gran Poder<\/span><\/li>\n<\/ul>\n<p>[\/vc_column_text][\/vc_column_inner][vc_column_inner width=&#8221;1\/3&#8243;][vc_column_text]<\/p>\n<ul>\n<li style=\"font-size: 17px;\"><span style=\"color: #000000;\">(Cultural 11\/12\/1987)<\/span><\/li>\n<li style=\"font-size: 17px;\"><span style=\"color: #000000;\">(Cultural 12\/12\/1990)<\/span><\/li>\n<li style=\"font-size: 17px;\"><span style=\"color: #000000;\">(Cultural 13\/12\/1991)<\/span><\/li>\n<li style=\"font-size: 17px;\"><span style=\"color: #000000;\">(Cultural 5\/12\/1998)<\/span><\/li>\n<li style=\"font-size: 17px;\"><span style=\"color: #000000;\">(Cultural 30\/12\/1987)<\/span><\/li>\n<li style=\"font-size: 17px;\"><span style=\"color: #000000;\">(Natural 13\/12\/1991)<\/span><\/li>\n<li style=\"font-size: 17px;\"><span style=\"color: #000000;\">(Oral e Intangible 18\/05\/2001)<\/span><\/li>\n<li style=\"font-size: 17px;\"><span style=\"color: #000000;\">(Cultural 2008)<\/span><\/li>\n<li style=\"font-size: 17px;\"><span style=\"color: #000000;\">(Cultural 2012)<\/span><\/li>\n<li style=\"font-size: 17px;\"><span style=\"color: #000000;\">(Cultural 2014)<\/span><\/li>\n<li style=\"font-size: 17px;\"><span style=\"color: #000000;\">(Cultural 2014)<\/span><\/li>\n<li style=\"font-size: 17px;\"><span style=\"color: #000000;\">(Cultural 2017) <\/span><\/li>\n<li style=\"font-size: 17px;\"><span style=\"color: #000000;\">(Cultural 2019)<\/span><\/li>\n<\/ul>\n<p>[\/vc_column_text][\/vc_column_inner][\/vc_row_inner][\/vc_column][\/vc_row][vc_row][vc_column][vc_single_image image=&#8221;52930&#8243; img_size=&#8221;full&#8221; alignment=&#8221;center&#8221;][\/vc_column][\/vc_row]<\/p>\n","protected":false},"excerpt":{"rendered":"<p>[vc_row][vc_column][vc_column_text] Bolivia se crea el 6 de agosto de 1825 como un Estado Republicano y desde enero de 2009 de\ufb01nido en la Constituci\u00f3n Pol\u00edtica del Estado como un Estado Unitario Social de Derecho Plurinacional Comunitario, libre, independiente, soberano, democr\u00e1tico, intercultural, descentralizado y con autonom\u00edas. Bolivia se funda en la pluralidad y el pluralismo pol\u00edtico, econ\u00f3mico,&hellip;<\/p>\n","protected":false},"author":1,"featured_media":0,"parent":36724,"menu_order":0,"comment_status":"closed","ping_status":"closed","template":"","meta":[],"class_list":["post-36726","page","type-page","status-publish","hentry","description-off"],"yoast_head":"<!-- This site is optimized with the Yoast SEO plugin v23.2 - https:\/\/yoast.com\/wordpress\/plugins\/seo\/ -->\n<title>Aspectos Pol\u00edticos y Administrativos - INE<\/title>\n<meta name=\"description\" content=\"P\u00e1gina oficial del Instituto Nacional de Estadisticas INE, informaci\u00f3n estad\u00edstica, geogr\u00e1fica y econ\u00f3mica a nivel nacional.\" \/>\n<meta name=\"robots\" content=\"index, follow, max-snippet:-1, max-image-preview:large, max-video-preview:-1\" \/>\n<link rel=\"canonical\" href=\"https:\/\/www.ine.gob.bo\/index.php\/bolivia\/aspectos-politicos-y-administrativos\/\" \/>\n<meta property=\"og:locale\" content=\"es_ES\" \/>\n<meta property=\"og:type\" content=\"article\" \/>\n<meta property=\"og:title\" content=\"Aspectos Pol\u00edticos y Administrativos - INE\" \/>\n<meta property=\"og:description\" content=\"P\u00e1gina oficial del Instituto Nacional de Estadisticas INE, informaci\u00f3n estad\u00edstica, geogr\u00e1fica y econ\u00f3mica a nivel nacional.\" \/>\n<meta property=\"og:url\" content=\"https:\/\/www.ine.gob.bo\/index.php\/bolivia\/aspectos-politicos-y-administrativos\/\" \/>\n<meta property=\"og:site_name\" content=\"INE\" \/>\n<meta property=\"article:publisher\" content=\"https:\/\/www.facebook.com\/ineboliviaoficial\" \/>\n<meta property=\"article:modified_time\" content=\"2021-05-04T13:16:23+00:00\" \/>\n<meta property=\"og:image\" content=\"https:\/\/www.ine.gob.bo\/wp-content\/uploads\/2021\/05\/AD-1.png\" \/>\n<meta name=\"twitter:card\" content=\"summary_large_image\" \/>\n<meta name=\"twitter:site\" content=\"@INE_Bolivia\" \/>\n<meta name=\"twitter:label1\" content=\"Tiempo de lectura\" \/>\n\t<meta name=\"twitter:data1\" content=\"4 minutos\" \/>\n<script type=\"application\/ld+json\" class=\"yoast-schema-graph\">{\"@context\":\"https:\/\/schema.org\",\"@graph\":[{\"@type\":\"WebPage\",\"@id\":\"https:\/\/www.ine.gob.bo\/index.php\/bolivia\/aspectos-politicos-y-administrativos\/\",\"url\":\"https:\/\/www.ine.gob.bo\/index.php\/bolivia\/aspectos-politicos-y-administrativos\/\",\"name\":\"Aspectos Pol\u00edticos y Administrativos - INE\",\"isPartOf\":{\"@id\":\"https:\/\/www.ine.gob.bo\/#website\"},\"primaryImageOfPage\":{\"@id\":\"https:\/\/www.ine.gob.bo\/index.php\/bolivia\/aspectos-politicos-y-administrativos\/#primaryimage\"},\"image\":{\"@id\":\"https:\/\/www.ine.gob.bo\/index.php\/bolivia\/aspectos-politicos-y-administrativos\/#primaryimage\"},\"thumbnailUrl\":\"https:\/\/www.ine.gob.bo\/wp-content\/uploads\/2021\/05\/AD-1.png\",\"datePublished\":\"2019-05-24T07:40:43+00:00\",\"dateModified\":\"2021-05-04T13:16:23+00:00\",\"description\":\"P\u00e1gina oficial del Instituto Nacional de Estadisticas INE, informaci\u00f3n estad\u00edstica, geogr\u00e1fica y econ\u00f3mica a nivel nacional.\",\"breadcrumb\":{\"@id\":\"https:\/\/www.ine.gob.bo\/index.php\/bolivia\/aspectos-politicos-y-administrativos\/#breadcrumb\"},\"inLanguage\":\"es\",\"potentialAction\":[{\"@type\":\"ReadAction\",\"target\":[\"https:\/\/www.ine.gob.bo\/index.php\/bolivia\/aspectos-politicos-y-administrativos\/\"]}]},{\"@type\":\"ImageObject\",\"inLanguage\":\"es\",\"@id\":\"https:\/\/www.ine.gob.bo\/index.php\/bolivia\/aspectos-politicos-y-administrativos\/#primaryimage\",\"url\":\"https:\/\/www.ine.gob.bo\/wp-content\/uploads\/2021\/05\/AD-1.png\",\"contentUrl\":\"https:\/\/www.ine.gob.bo\/wp-content\/uploads\/2021\/05\/AD-1.png\",\"width\":1000,\"height\":170},{\"@type\":\"BreadcrumbList\",\"@id\":\"https:\/\/www.ine.gob.bo\/index.php\/bolivia\/aspectos-politicos-y-administrativos\/#breadcrumb\",\"itemListElement\":[{\"@type\":\"ListItem\",\"position\":1,\"name\":\"Portada\",\"item\":\"https:\/\/www.ine.gob.bo\/\"},{\"@type\":\"ListItem\",\"position\":2,\"name\":\"Bolivia\",\"item\":\"https:\/\/www.ine.gob.bo\/index.php\/bolivia\/\"},{\"@type\":\"ListItem\",\"position\":3,\"name\":\"Aspectos Pol\u00edticos y Administrativos\"}]},{\"@type\":\"WebSite\",\"@id\":\"https:\/\/www.ine.gob.bo\/#website\",\"url\":\"https:\/\/www.ine.gob.bo\/\",\"name\":\"INE\",\"description\":\"Instituto Nacional de Estad\u00edstica\",\"publisher\":{\"@id\":\"https:\/\/www.ine.gob.bo\/#organization\"},\"potentialAction\":[{\"@type\":\"SearchAction\",\"target\":{\"@type\":\"EntryPoint\",\"urlTemplate\":\"https:\/\/www.ine.gob.bo\/?s={search_term_string}\"},\"query-input\":\"required name=search_term_string\"}],\"inLanguage\":\"es\"},{\"@type\":\"Organization\",\"@id\":\"https:\/\/www.ine.gob.bo\/#organization\",\"name\":\"Instituto Nacional de Estad\u00edstica\",\"url\":\"https:\/\/www.ine.gob.bo\/\",\"logo\":{\"@type\":\"ImageObject\",\"inLanguage\":\"es\",\"@id\":\"https:\/\/www.ine.gob.bo\/#\/schema\/logo\/image\/\",\"url\":\"https:\/\/www.ine.gob.bo\/wp-content\/uploads\/2026\/02\/logo-ine.jpg\",\"contentUrl\":\"https:\/\/www.ine.gob.bo\/wp-content\/uploads\/2026\/02\/logo-ine.jpg\",\"width\":799,\"height\":453,\"caption\":\"Instituto Nacional de Estad\u00edstica\"},\"image\":{\"@id\":\"https:\/\/www.ine.gob.bo\/#\/schema\/logo\/image\/\"},\"sameAs\":[\"https:\/\/www.facebook.com\/ineboliviaoficial\",\"https:\/\/x.com\/INE_Bolivia\",\"https:\/\/www.instagram.com\/ineboliviaoficial\/\",\"https:\/\/www.youtube.com\/channel\/UCbIQXKLw414g5kWo1tAwqCg\"]}]}<\/script>\n<!-- \/ Yoast SEO plugin. -->","yoast_head_json":{"title":"Aspectos Pol\u00edticos y Administrativos - INE","description":"P\u00e1gina oficial del Instituto Nacional de Estadisticas INE, informaci\u00f3n estad\u00edstica, geogr\u00e1fica y econ\u00f3mica a nivel nacional.","robots":{"index":"index","follow":"follow","max-snippet":"max-snippet:-1","max-image-preview":"max-image-preview:large","max-video-preview":"max-video-preview:-1"},"canonical":"https:\/\/www.ine.gob.bo\/index.php\/bolivia\/aspectos-politicos-y-administrativos\/","og_locale":"es_ES","og_type":"article","og_title":"Aspectos Pol\u00edticos y Administrativos - INE","og_description":"P\u00e1gina oficial del Instituto Nacional de Estadisticas INE, informaci\u00f3n estad\u00edstica, geogr\u00e1fica y econ\u00f3mica a nivel nacional.","og_url":"https:\/\/www.ine.gob.bo\/index.php\/bolivia\/aspectos-politicos-y-administrativos\/","og_site_name":"INE","article_publisher":"https:\/\/www.facebook.com\/ineboliviaoficial","article_modified_time":"2021-05-04T13:16:23+00:00","og_image":[{"url":"https:\/\/www.ine.gob.bo\/wp-content\/uploads\/2021\/05\/AD-1.png"}],"twitter_card":"summary_large_image","twitter_site":"@INE_Bolivia","twitter_misc":{"Tiempo de lectura":"4 minutos"},"schema":{"@context":"https:\/\/schema.org","@graph":[{"@type":"WebPage","@id":"https:\/\/www.ine.gob.bo\/index.php\/bolivia\/aspectos-politicos-y-administrativos\/","url":"https:\/\/www.ine.gob.bo\/index.php\/bolivia\/aspectos-politicos-y-administrativos\/","name":"Aspectos Pol\u00edticos y Administrativos - INE","isPartOf":{"@id":"https:\/\/www.ine.gob.bo\/#website"},"primaryImageOfPage":{"@id":"https:\/\/www.ine.gob.bo\/index.php\/bolivia\/aspectos-politicos-y-administrativos\/#primaryimage"},"image":{"@id":"https:\/\/www.ine.gob.bo\/index.php\/bolivia\/aspectos-politicos-y-administrativos\/#primaryimage"},"thumbnailUrl":"https:\/\/www.ine.gob.bo\/wp-content\/uploads\/2021\/05\/AD-1.png","datePublished":"2019-05-24T07:40:43+00:00","dateModified":"2021-05-04T13:16:23+00:00","description":"P\u00e1gina oficial del Instituto Nacional de Estadisticas INE, informaci\u00f3n estad\u00edstica, geogr\u00e1fica y econ\u00f3mica a nivel nacional.","breadcrumb":{"@id":"https:\/\/www.ine.gob.bo\/index.php\/bolivia\/aspectos-politicos-y-administrativos\/#breadcrumb"},"inLanguage":"es","potentialAction":[{"@type":"ReadAction","target":["https:\/\/www.ine.gob.bo\/index.php\/bolivia\/aspectos-politicos-y-administrativos\/"]}]},{"@type":"ImageObject","inLanguage":"es","@id":"https:\/\/www.ine.gob.bo\/index.php\/bolivia\/aspectos-politicos-y-administrativos\/#primaryimage","url":"https:\/\/www.ine.gob.bo\/wp-content\/uploads\/2021\/05\/AD-1.png","contentUrl":"https:\/\/www.ine.gob.bo\/wp-content\/uploads\/2021\/05\/AD-1.png","width":1000,"height":170},{"@type":"BreadcrumbList","@id":"https:\/\/www.ine.gob.bo\/index.php\/bolivia\/aspectos-politicos-y-administrativos\/#breadcrumb","itemListElement":[{"@type":"ListItem","position":1,"name":"Portada","item":"https:\/\/www.ine.gob.bo\/"},{"@type":"ListItem","position":2,"name":"Bolivia","item":"https:\/\/www.ine.gob.bo\/index.php\/bolivia\/"},{"@type":"ListItem","position":3,"name":"Aspectos Pol\u00edticos y Administrativos"}]},{"@type":"WebSite","@id":"https:\/\/www.ine.gob.bo\/#website","url":"https:\/\/www.ine.gob.bo\/","name":"INE","description":"Instituto Nacional de Estad\u00edstica","publisher":{"@id":"https:\/\/www.ine.gob.bo\/#organization"},"potentialAction":[{"@type":"SearchAction","target":{"@type":"EntryPoint","urlTemplate":"https:\/\/www.ine.gob.bo\/?s={search_term_string}"},"query-input":"required name=search_term_string"}],"inLanguage":"es"},{"@type":"Organization","@id":"https:\/\/www.ine.gob.bo\/#organization","name":"Instituto Nacional de Estad\u00edstica","url":"https:\/\/www.ine.gob.bo\/","logo":{"@type":"ImageObject","inLanguage":"es","@id":"https:\/\/www.ine.gob.bo\/#\/schema\/logo\/image\/","url":"https:\/\/www.ine.gob.bo\/wp-content\/uploads\/2026\/02\/logo-ine.jpg","contentUrl":"https:\/\/www.ine.gob.bo\/wp-content\/uploads\/2026\/02\/logo-ine.jpg","width":799,"height":453,"caption":"Instituto Nacional de Estad\u00edstica"},"image":{"@id":"https:\/\/www.ine.gob.bo\/#\/schema\/logo\/image\/"},"sameAs":["https:\/\/www.facebook.com\/ineboliviaoficial","https:\/\/x.com\/INE_Bolivia","https:\/\/www.instagram.com\/ineboliviaoficial\/","https:\/\/www.youtube.com\/channel\/UCbIQXKLw414g5kWo1tAwqCg"]}]}},"rttpg_featured_image_url":null,"rttpg_author":{"display_name":"4dmin-root","author_link":"https:\/\/www.ine.gob.bo\/index.php\/author\/4dmin-root\/"},"rttpg_comment":0,"rttpg_category":null,"rttpg_excerpt":"[vc_row][vc_column][vc_column_text] Bolivia se crea el 6 de agosto de 1825 como un Estado Republicano y desde enero de 2009 de\ufb01nido en la Constituci\u00f3n Pol\u00edtica del Estado como un Estado Unitario Social de Derecho Plurinacional Comunitario, libre, independiente, soberano, democr\u00e1tico, intercultural, descentralizado y con autonom\u00edas. Bolivia se funda en la pluralidad y el pluralismo pol\u00edtico, econ\u00f3mico,&hellip;","_links":{"self":[{"href":"https:\/\/www.ine.gob.bo\/index.php\/wp-json\/wp\/v2\/pages\/36726","targetHints":{"allow":["GET"]}}],"collection":[{"href":"https:\/\/www.ine.gob.bo\/index.php\/wp-json\/wp\/v2\/pages"}],"about":[{"href":"https:\/\/www.ine.gob.bo\/index.php\/wp-json\/wp\/v2\/types\/page"}],"author":[{"embeddable":true,"href":"https:\/\/www.ine.gob.bo\/index.php\/wp-json\/wp\/v2\/users\/1"}],"replies":[{"embeddable":true,"href":"https:\/\/www.ine.gob.bo\/index.php\/wp-json\/wp\/v2\/comments?post=36726"}],"version-history":[{"count":0,"href":"https:\/\/www.ine.gob.bo\/index.php\/wp-json\/wp\/v2\/pages\/36726\/revisions"}],"up":[{"embeddable":true,"href":"https:\/\/www.ine.gob.bo\/index.php\/wp-json\/wp\/v2\/pages\/36724"}],"wp:attachment":[{"href":"https:\/\/www.ine.gob.bo\/index.php\/wp-json\/wp\/v2\/media?parent=36726"}],"curies":[{"name":"wp","href":"https:\/\/api.w.org\/{rel}","templated":true}]}}